{"id":23747,"date":"2022-11-04T17:28:04","date_gmt":"2022-11-04T15:28:04","guid":{"rendered":"https:\/\/gozz4all.com\/?post_type=product&#038;p=23747"},"modified":"2022-11-04T17:31:23","modified_gmt":"2022-11-04T15:31:23","slug":"blouse-tuniek-dames-kant-zwart-tot-5-xl","status":"publish","type":"product","link":"https:\/\/gozz4all.com\/de\/product\/blouse-tuniek-dames-kant-zwart-tot-5-xl\/","title":{"rendered":"Bluse Tunika Damen Spitze Schwarz-Top 5 XL"},"content":{"rendered":"<p>Bluse Tunika Damen Spitze Schwarz-Top 5 XL <\/p>\n<p>Stilvolle Blusen von au\u00dfergew\u00f6hnlicher Qualit\u00e4t, mit hohem Tragekomfort und einfachem Anziehen.<\/p>\n<p>Klassisch und doch modern mit einem frischen Look!<\/p>\n<p>Aan de achterzijde is een opening met knopje voorzien om gemakkelijk aan en uit te kleden, en geeft een mooi detail.<\/p>\n<p>Recht los model en lange mouw<br \/>\nDieses Modell geht bis zu 5 XL<\/p>\n<p>95% Baumwolle<br \/>\n5% EA<br \/>\nWaschanleitung: 30\u00b0<\/p>","protected":false},"excerpt":{"rendered":"<p>Bluse Tunika Damen Spitze Schwarz-Top 5 XL <\/p>\n<p>Stilvolle Blusen von au\u00dfergew\u00f6hnlicher Qualit\u00e4t, mit hohem Tragekomfort und einfachem Anziehen.<\/p>\n<p>Klassisch und doch modern mit einem frischen Look!<\/p>\n<p>Aan de achterzijde is een opening met knopje voorzien om gemakkelijk aan en uit te kleden, en geeft een mooi detail.<br \/>\nGerade Passform<br \/>\nMet lange mouw<br \/>\nDieses Modell geht bis zu 5 XL<\/p>\n<p>95% Baumwolle<br \/>\n5% EA<br \/>\nWaschanleitung: 30\u00b0<\/p>","protected":false},"featured_media":23687,"template":"","meta":[],"product_brand":[],"product_cat":[613,662,445,455],"product_tag":[],"class_list":{"0":"post-23747","1":"product","2":"type-product","3":"status-publish","4":"has-post-thumbnail","6":"product_cat-volwassenen","7":"product_cat-kleding","8":"product_cat-new","9":"product_cat-bovenkledij","10":"pa_maat-extra-small","11":"pa_maat-xl-2-de","12":"pa_maat-4xl","13":"pa_maat-5xl","14":"pa_maat-small","15":"pa_maat-medium","16":"pa_maat-large","17":"pa_maat-2xl","18":"pa_maat-3xl","19":"pif-has-gallery","21":"first","22":"instock","23":"taxable","24":"shipping-taxable","25":"purchasable","26":"product-type-variable"},"yoast_head":"<!-- This site is optimized with the Yoast SEO plugin v27.2 - https:\/\/yoast.com\/product\/yoast-seo-wordpress\/ -->\n<title>Blouse-tuniek dames kant zwart-tot 5 XL | Gozz4All<\/title>\n<meta name=\"description\" content=\"Blouse-tuniek dames kant zwart-tot 5 XL. Klassiek maar toch eigentijds met een frisse uitstraling! uitzonderlijk goede kwaliteit, met veel draagcomfort! Gozz4all.com\" \/>\n<meta name=\"robots\" content=\"index, follow, max-snippet:-1, max-image-preview:large, max-video-preview:-1\" \/>\n<link rel=\"canonical\" href=\"https:\/\/gozz4all.com\/de\/volwassenen\/blouse-tuniek-dames-kant-rood-tot-5-xl-kopie\/\" \/>\n<meta property=\"og:locale\" content=\"de_DE\" \/>\n<meta property=\"og:type\" content=\"article\" \/>\n<meta property=\"og:title\" content=\"Blouse-tuniek dames kant zwart-tot 5 XL | Gozz4All\" \/>\n<meta property=\"og:description\" content=\"Blouse-tuniek dames kant zwart-tot 5 XL. Klassiek maar toch eigentijds met een frisse uitstraling! uitzonderlijk goede kwaliteit, met veel draagcomfort! Gozz4all.com\" \/>\n<meta property=\"og:url\" content=\"https:\/\/gozz4all.com\/de\/volwassenen\/blouse-tuniek-dames-kant-rood-tot-5-xl-kopie\/\" \/>\n<meta property=\"og:site_name\" content=\"Gozz4All\" \/>\n<meta property=\"article:publisher\" content=\"https:\/\/www.facebook.com\/gozz4all\/\" \/>\n<meta property=\"article:modified_time\" content=\"2022-11-04T15:31:23+00:00\" \/>\n<meta property=\"og:image\" content=\"https:\/\/gozz4all.com\/wp-content\/uploads\/2022\/11\/DSC_0893-1030x687.png\" \/>\n\t<meta property=\"og:image:width\" content=\"1030\" \/>\n\t<meta property=\"og:image:height\" content=\"687\" \/>\n\t<meta property=\"og:image:type\" content=\"image\/png\" \/>\n<meta name=\"twitter:card\" content=\"summary_large_image\" \/>\n<script type=\"application\/ld+json\" class=\"yoast-schema-graph\">{\"@context\":\"https:\/\/schema.org\",\"@graph\":[{\"@type\":\"WebPage\",\"@id\":\"https:\/\/gozz4all.com\/volwassenen\/blouse-tuniek-dames-kant-rood-tot-5-xl-kopie\/\",\"url\":\"https:\/\/gozz4all.com\/volwassenen\/blouse-tuniek-dames-kant-rood-tot-5-xl-kopie\/\",\"name\":\"Blouse-tuniek dames kant zwart-tot 5 XL | Gozz4All\",\"isPartOf\":{\"@id\":\"https:\/\/gozz4all.com\/fr\/#website\"},\"primaryImageOfPage\":{\"@id\":\"https:\/\/gozz4all.com\/volwassenen\/blouse-tuniek-dames-kant-rood-tot-5-xl-kopie\/#primaryimage\"},\"image\":{\"@id\":\"https:\/\/gozz4all.com\/volwassenen\/blouse-tuniek-dames-kant-rood-tot-5-xl-kopie\/#primaryimage\"},\"thumbnailUrl\":\"https:\/\/gozz4all.com\/wp-content\/uploads\/2022\/11\/DSC_0893.png\",\"datePublished\":\"2022-11-04T15:28:04+00:00\",\"dateModified\":\"2022-11-04T15:31:23+00:00\",\"description\":\"Blouse-tuniek dames kant zwart-tot 5 XL. Klassiek maar toch eigentijds met een frisse uitstraling! uitzonderlijk goede kwaliteit, met veel draagcomfort! Gozz4all.com\",\"breadcrumb\":{\"@id\":\"https:\/\/gozz4all.com\/volwassenen\/blouse-tuniek-dames-kant-rood-tot-5-xl-kopie\/#breadcrumb\"},\"inLanguage\":\"de\",\"potentialAction\":[{\"@type\":\"ReadAction\",\"target\":[\"https:\/\/gozz4all.com\/volwassenen\/blouse-tuniek-dames-kant-rood-tot-5-xl-kopie\/\"]}]},{\"@type\":\"ImageObject\",\"inLanguage\":\"de\",\"@id\":\"https:\/\/gozz4all.com\/volwassenen\/blouse-tuniek-dames-kant-rood-tot-5-xl-kopie\/#primaryimage\",\"url\":\"https:\/\/gozz4all.com\/wp-content\/uploads\/2022\/11\/DSC_0893.png\",\"contentUrl\":\"https:\/\/gozz4all.com\/wp-content\/uploads\/2022\/11\/DSC_0893.png\",\"width\":6000,\"height\":4000,\"caption\":\"Blouse-tuniek dames kant zwart-tot 5 XL\"},{\"@type\":\"BreadcrumbList\",\"@id\":\"https:\/\/gozz4all.com\/volwassenen\/blouse-tuniek-dames-kant-rood-tot-5-xl-kopie\/#breadcrumb\",\"itemListElement\":[{\"@type\":\"ListItem\",\"position\":1,\"name\":\"Home\",\"item\":\"https:\/\/gozz4all.com\/\"},{\"@type\":\"ListItem\",\"position\":2,\"name\":\"Producten\",\"item\":\"https:\/\/gozz4all.com\/shop\/\"},{\"@type\":\"ListItem\",\"position\":3,\"name\":\"Blouse-tuniek dames kant zwart-tot 5 XL\"}]},{\"@type\":\"WebSite\",\"@id\":\"https:\/\/gozz4all.com\/fr\/#website\",\"url\":\"https:\/\/gozz4all.com\/fr\/\",\"name\":\"Gozz4All\",\"description\":\"Gozz4All\",\"publisher\":{\"@id\":\"https:\/\/gozz4all.com\/fr\/#organization\"},\"potentialAction\":[{\"@type\":\"SearchAction\",\"target\":{\"@type\":\"EntryPoint\",\"urlTemplate\":\"https:\/\/gozz4all.com\/fr\/?s={search_term_string}\"},\"query-input\":{\"@type\":\"PropertyValueSpecification\",\"valueRequired\":true,\"valueName\":\"search_term_string\"}}],\"inLanguage\":\"de\"},{\"@type\":\"Organization\",\"@id\":\"https:\/\/gozz4all.com\/fr\/#organization\",\"name\":\"Gozz4all\",\"url\":\"https:\/\/gozz4all.com\/fr\/\",\"logo\":{\"@type\":\"ImageObject\",\"inLanguage\":\"de\",\"@id\":\"https:\/\/gozz4all.com\/fr\/#\/schema\/logo\/image\/\",\"url\":\"https:\/\/gozz4all.com\/wp-content\/uploads\/2020\/04\/Logo-ask-for-better-one.png\",\"contentUrl\":\"https:\/\/gozz4all.com\/wp-content\/uploads\/2020\/04\/Logo-ask-for-better-one.png\",\"width\":146,\"height\":60,\"caption\":\"Gozz4all\"},\"image\":{\"@id\":\"https:\/\/gozz4all.com\/fr\/#\/schema\/logo\/image\/\"},\"sameAs\":[\"https:\/\/www.facebook.com\/gozz4all\/\",\"https:\/\/www.instagram.com\/gozz4allfashion\/?hl=nl\"]}]}<\/script>\n<!-- \/ Yoast SEO plugin. -->","yoast_head_json":{"title":"Blouse-tuniek dames kant zwart-tot 5 XL | Gozz4All","description":"Blouse-tuniek dames kant zwart-tot 5 XL. Klassiek maar toch eigentijds met een frisse uitstraling! uitzonderlijk goede kwaliteit, met veel draagcomfort! Gozz4all.com","robots":{"index":"index","follow":"follow","max-snippet":"max-snippet:-1","max-image-preview":"max-image-preview:large","max-video-preview":"max-video-preview:-1"},"canonical":"https:\/\/gozz4all.com\/de\/volwassenen\/blouse-tuniek-dames-kant-rood-tot-5-xl-kopie\/","og_locale":"de_DE","og_type":"article","og_title":"Blouse-tuniek dames kant zwart-tot 5 XL | Gozz4All","og_description":"Blouse-tuniek dames kant zwart-tot 5 XL. Klassiek maar toch eigentijds met een frisse uitstraling! uitzonderlijk goede kwaliteit, met veel draagcomfort! Gozz4all.com","og_url":"https:\/\/gozz4all.com\/de\/volwassenen\/blouse-tuniek-dames-kant-rood-tot-5-xl-kopie\/","og_site_name":"Gozz4All","article_publisher":"https:\/\/www.facebook.com\/gozz4all\/","article_modified_time":"2022-11-04T15:31:23+00:00","og_image":[{"width":1030,"height":687,"url":"https:\/\/gozz4all.com\/wp-content\/uploads\/2022\/11\/DSC_0893-1030x687.png","type":"image\/png"}],"twitter_card":"summary_large_image","schema":{"@context":"https:\/\/schema.org","@graph":[{"@type":"WebPage","@id":"https:\/\/gozz4all.com\/volwassenen\/blouse-tuniek-dames-kant-rood-tot-5-xl-kopie\/","url":"https:\/\/gozz4all.com\/volwassenen\/blouse-tuniek-dames-kant-rood-tot-5-xl-kopie\/","name":"Blouse-tuniek dames kant zwart-tot 5 XL | Gozz4All","isPartOf":{"@id":"https:\/\/gozz4all.com\/fr\/#website"},"primaryImageOfPage":{"@id":"https:\/\/gozz4all.com\/volwassenen\/blouse-tuniek-dames-kant-rood-tot-5-xl-kopie\/#primaryimage"},"image":{"@id":"https:\/\/gozz4all.com\/volwassenen\/blouse-tuniek-dames-kant-rood-tot-5-xl-kopie\/#primaryimage"},"thumbnailUrl":"https:\/\/gozz4all.com\/wp-content\/uploads\/2022\/11\/DSC_0893.png","datePublished":"2022-11-04T15:28:04+00:00","dateModified":"2022-11-04T15:31:23+00:00","description":"Blouse-tuniek dames kant zwart-tot 5 XL. Klassiek maar toch eigentijds met een frisse uitstraling! uitzonderlijk goede kwaliteit, met veel draagcomfort! Gozz4all.com","breadcrumb":{"@id":"https:\/\/gozz4all.com\/volwassenen\/blouse-tuniek-dames-kant-rood-tot-5-xl-kopie\/#breadcrumb"},"inLanguage":"de","potentialAction":[{"@type":"ReadAction","target":["https:\/\/gozz4all.com\/volwassenen\/blouse-tuniek-dames-kant-rood-tot-5-xl-kopie\/"]}]},{"@type":"ImageObject","inLanguage":"de","@id":"https:\/\/gozz4all.com\/volwassenen\/blouse-tuniek-dames-kant-rood-tot-5-xl-kopie\/#primaryimage","url":"https:\/\/gozz4all.com\/wp-content\/uploads\/2022\/11\/DSC_0893.png","contentUrl":"https:\/\/gozz4all.com\/wp-content\/uploads\/2022\/11\/DSC_0893.png","width":6000,"height":4000,"caption":"Blouse-tuniek dames kant zwart-tot 5 XL"},{"@type":"BreadcrumbList","@id":"https:\/\/gozz4all.com\/volwassenen\/blouse-tuniek-dames-kant-rood-tot-5-xl-kopie\/#breadcrumb","itemListElement":[{"@type":"ListItem","position":1,"name":"Home","item":"https:\/\/gozz4all.com\/"},{"@type":"ListItem","position":2,"name":"Producten","item":"https:\/\/gozz4all.com\/shop\/"},{"@type":"ListItem","position":3,"name":"Blouse-tuniek dames kant zwart-tot 5 XL"}]},{"@type":"WebSite","@id":"https:\/\/gozz4all.com\/fr\/#website","url":"https:\/\/gozz4all.com\/fr\/","name":"Gozz4All","description":"Gozz4All","publisher":{"@id":"https:\/\/gozz4all.com\/fr\/#organization"},"potentialAction":[{"@type":"SearchAction","target":{"@type":"EntryPoint","urlTemplate":"https:\/\/gozz4all.com\/fr\/?s={search_term_string}"},"query-input":{"@type":"PropertyValueSpecification","valueRequired":true,"valueName":"search_term_string"}}],"inLanguage":"de"},{"@type":"Organization","@id":"https:\/\/gozz4all.com\/fr\/#organization","name":"Gozz4all","url":"https:\/\/gozz4all.com\/fr\/","logo":{"@type":"ImageObject","inLanguage":"de","@id":"https:\/\/gozz4all.com\/fr\/#\/schema\/logo\/image\/","url":"https:\/\/gozz4all.com\/wp-content\/uploads\/2020\/04\/Logo-ask-for-better-one.png","contentUrl":"https:\/\/gozz4all.com\/wp-content\/uploads\/2020\/04\/Logo-ask-for-better-one.png","width":146,"height":60,"caption":"Gozz4all"},"image":{"@id":"https:\/\/gozz4all.com\/fr\/#\/schema\/logo\/image\/"},"sameAs":["https:\/\/www.facebook.com\/gozz4all\/","https:\/\/www.instagram.com\/gozz4allfashion\/?hl=nl"]}]}},"_links":{"self":[{"href":"https:\/\/gozz4all.com\/de\/wp-json\/wp\/v2\/product\/23747","targetHints":{"allow":["GET"]}}],"collection":[{"href":"https:\/\/gozz4all.com\/de\/wp-json\/wp\/v2\/product"}],"about":[{"href":"https:\/\/gozz4all.com\/de\/wp-json\/wp\/v2\/types\/product"}],"wp:featuredmedia":[{"embeddable":true,"href":"https:\/\/gozz4all.com\/de\/wp-json\/wp\/v2\/media\/23687"}],"wp:attachment":[{"href":"https:\/\/gozz4all.com\/de\/wp-json\/wp\/v2\/media?parent=23747"}],"wp:term":[{"taxonomy":"product_brand","embeddable":true,"href":"https:\/\/gozz4all.com\/de\/wp-json\/wp\/v2\/product_brand?post=23747"},{"taxonomy":"product_cat","embeddable":true,"href":"https:\/\/gozz4all.com\/de\/wp-json\/wp\/v2\/product_cat?post=23747"},{"taxonomy":"product_tag","embeddable":true,"href":"https:\/\/gozz4all.com\/de\/wp-json\/wp\/v2\/product_tag?post=23747"}],"curies":[{"name":"wp","href":"https:\/\/api.w.org\/{rel}","templated":true}]}}