{"id":22053,"date":"2022-09-28T15:40:58","date_gmt":"2022-09-28T13:40:58","guid":{"rendered":"https:\/\/gozz4all.com\/?post_type=product&#038;p=22053"},"modified":"2023-01-21T14:32:09","modified_gmt":"2023-01-21T12:32:09","slug":"pyjama-huispak-plukpak-met-verschoningsrits","status":"publish","type":"product","link":"https:\/\/gozz4all.com\/de\/product\/pyjama-huispak-plukpak-met-verschoningsrits\/","title":{"rendered":"Pyjama-huispak-plukpak met verschoningsrits"},"content":{"rendered":"<p><strong>Beschreibung<\/strong><br \/>\nPyjama-huispak-plukpak met verschoningsrits<br \/>\nEen comfortabel huispak\/onesie\/jumpy!<\/p>\n<p>Dies ist ein guter Zwischenschritt f\u00fcr Personen, die sich ausziehen und schmieren.<\/p>\n<p>Doordat de rits loopt van de voorzijde ter hoogte van de navel helemaal door over de rug, kan de persoon zich niet zelfstandig uitkleden. Maar maakt het toch gemakkelijker om de persoon te verschonen.<\/p>\n<p>Over de ritssluiting zit een stukje stof-flapje bovenaan de rug, dat eerst weg geklapt moet worden voordat je de pyjama kan openen. Dit zorgt ervoor dat de rits moeilijker te openen is.<\/p>\n<p>Au\u00dferdem sorgt dieses St\u00fcck Stoff daf\u00fcr, dass der Rei\u00dfverschluss den Hals nicht reizt. Er verursacht kein Unbehagen, wenn man darauf liegt.<\/p>\n<p>Hergestellt aus einem angenehmen Jersey-Stoff aus 95%-Baumwolle, mit dem Oeko-Qualit\u00e4tslabel. Dieser ist daher dehnbar.<\/p>\n<p>F\u00fcr Menschen, die wirklich rei\u00dfen, ist dies nicht geeignet. (Sie k\u00f6nnen Kleidung und Werkzeuge f\u00fcr diese auf der Anti-Tearing-Seite auf dieser Website finden)<\/p>\n<p>Es bietet zus\u00e4tzlichen Platz f\u00fcr Inkontinenzmaterial und ist daher sehr bequem zu tragen. Besonders geeignet f\u00fcr Menschen mit impulsivem Verhalten, wie z. B. Menschen mit Alzheimer oder Demenz, da es den Zugang zu Inkontinenzmaterialien verhindert und unerw\u00fcnschtes Entkleiden verhindert.<\/p>\n<p><strong>Geeignet f\u00fcr\u00a0<\/strong><\/p>\n<ul>\n<li>Menschen mit Entkleidungsverhalten<\/li>\n<li>Menschen mit geistigen Behinderungen<\/li>\n<li>Menschen mit Inkontinenzproblemen<\/li>\n<\/ul>\n<p><strong>Zusammensetzung:<\/strong><br \/>\n95% Baumwolle, 5% Elastan<\/p>\n<p><strong>Geeignet f\u00fcr\u00a0<\/strong><\/p>\n<ul>\n<li>Menschen mit Entkleidungsverhalten<\/li>\n<li>Menschen mit geistigen Behinderungen<\/li>\n<li>Menschen mit Inkontinenzproblemen<\/li>\n<\/ul>","protected":false},"excerpt":{"rendered":"<p><strong>Beschreibung<\/strong><br \/>\nPyjama-huispak-plukpak met verschoningsrits<br \/>\nEen comfortabel huispak\/onesie\/jumpy!<\/p>\n<p>Dies ist ein guter Zwischenschritt f\u00fcr Personen, die sich ausziehen und schmieren.<\/p>\n<p>Doordat de rits loopt van de voorzijde ter hoogte van de navel helemaal door over de rug, kan de persoon zich niet zelfstandig uitkleden. Maar maakt het toch gemakkelijker om de persoon te verschonen.<\/p>\n<p>Over de ritssluiting zit een stukje stof-flapje, bovenaan de achterzijde van de rug, dat eerst weg geklapt moet worden voordat je de pyjama kan openen. Dit zorgt ervoor dat de rits moeilijker te openen is.<\/p>\n<p>Au\u00dferdem sorgt dieses St\u00fcck Stoff daf\u00fcr, dass der Rei\u00dfverschluss den Hals nicht reizt. Er verursacht kein Unbehagen, wenn man darauf liegt.<\/p>\n<p>Hergestellt aus einem angenehmen Jersey-Stoff aus 95%-Baumwolle, mit dem Oeko-Qualit\u00e4tslabel. Dieser ist daher dehnbar.<\/p>\n<p>F\u00fcr Menschen, die wirklich rei\u00dfen, ist dies nicht geeignet. (Sie k\u00f6nnen Kleidung und Werkzeuge f\u00fcr diese auf der Anti-Tearing-Seite auf dieser Website finden)<\/p>\n<p>Es bietet zus\u00e4tzlichen Platz f\u00fcr Inkontinenzmaterial und ist daher sehr bequem zu tragen. Besonders geeignet f\u00fcr Menschen mit impulsivem Verhalten, wie z. B. Menschen mit Alzheimer oder Demenz, da es den Zugang zu Inkontinenzmaterialien verhindert und unerw\u00fcnschtes Entkleiden verhindert.<\/p>\n<p><strong>Geeignet f\u00fcr\u00a0<\/strong><\/p>\n<ul>\n<li>Menschen mit Entkleidungsverhalten<\/li>\n<li>Menschen mit geistigen Behinderungen<\/li>\n<li>Menschen mit Inkontinenzproblemen<\/li>\n<\/ul>\n<p><strong>Zusammensetzung:<\/strong><br \/>\n95% Baumwolle, 5% Elastan<\/p>\n<p><strong>Geeignet f\u00fcr\u00a0<\/strong><\/p>\n<ul>\n<li>Menschen mit Entkleidungsverhalten<\/li>\n<li>Menschen mit geistigen Behinderungen<\/li>\n<li>Menschen mit Inkontinenzproblemen<\/li>\n<\/ul>","protected":false},"featured_media":22066,"template":"","meta":[],"product_brand":[],"product_cat":[618,455],"product_tag":[],"class_list":{"0":"post-22053","1":"product","2":"type-product","3":"status-publish","4":"has-post-thumbnail","6":"product_cat-hansop-jumpys-huispak","7":"product_cat-bovenkledij","8":"pa_maat-s-2","9":"pa_maat-3xl","10":"pa_maat-m-2","11":"pa_maat-92-98","12":"pa_maat-xl-2","13":"pa_maat-104-110-2","14":"pa_maat-116-122-2","15":"pa_maat-128-134-2","16":"pa_maat-140-146-2","17":"pa_maat-152-158-2","18":"pa_maat-xxl","19":"pa_maat-164-170-2","20":"pa_maat-l-2-fr","21":"pa_maat-176-182-2","22":"pa_maat-188-2","23":"pa_uitvoering-regular","24":"pa_uitvoering-sonde","25":"pa_uitvoering-stoma","26":"pa_uitvoering-side-open","27":"pa_uitvoering-verschoningsrits-tussen-de-benen","28":"pif-has-gallery","30":"first","31":"instock","32":"featured","33":"taxable","34":"shipping-taxable","35":"purchasable","36":"product-type-variable","37":"has-default-attributes"},"yoast_head":"<!-- This site is optimized with the Yoast SEO plugin v27.2 - https:\/\/yoast.com\/product\/yoast-seo-wordpress\/ -->\n<title>Pyjama-huispak-plukpak met verschoningsrits | Gozz4All<\/title>\n<meta name=\"description\" content=\"Pyjama-huispak-plukpak met verschoningsrits-smeer en uitkleedgedrag-incontinentie-dementie-aangepaste kleding-rits op de rug-Gozz4all\" \/>\n<meta name=\"robots\" content=\"index, follow, max-snippet:-1, max-image-preview:large, max-video-preview:-1\" \/>\n<link rel=\"canonical\" href=\"https:\/\/gozz4all.com\/de\/slaapkledij-hansop-jumpy-onesie-huispak-anti-uitkleed-kleding\/pyjama-huispak-met-rits-tussen-de-benen-kopie\/\" \/>\n<meta property=\"og:locale\" content=\"de_DE\" \/>\n<meta property=\"og:type\" content=\"article\" \/>\n<meta property=\"og:title\" content=\"Pyjama-huispak-plukpak met verschoningsrits | Gozz4All\" \/>\n<meta property=\"og:description\" content=\"Pyjama-huispak-plukpak met verschoningsrits-smeer en uitkleedgedrag-incontinentie-dementie-aangepaste kleding-rits op de rug-Gozz4all\" \/>\n<meta property=\"og:url\" content=\"https:\/\/gozz4all.com\/de\/slaapkledij-hansop-jumpy-onesie-huispak-anti-uitkleed-kleding\/pyjama-huispak-met-rits-tussen-de-benen-kopie\/\" \/>\n<meta property=\"og:site_name\" content=\"Gozz4All\" \/>\n<meta property=\"article:publisher\" content=\"https:\/\/www.facebook.com\/gozz4all\/\" \/>\n<meta property=\"article:modified_time\" content=\"2023-01-21T12:32:09+00:00\" \/>\n<meta property=\"og:image\" content=\"https:\/\/gozz4all.com\/wp-content\/uploads\/2022\/09\/DSC_0409-scaled.jpg\" \/>\n\t<meta property=\"og:image:width\" content=\"1707\" \/>\n\t<meta property=\"og:image:height\" content=\"2560\" \/>\n\t<meta property=\"og:image:type\" content=\"image\/jpeg\" \/>\n<meta name=\"twitter:card\" content=\"summary_large_image\" \/>\n<meta name=\"twitter:label1\" content=\"Gesch\u00e4tzte Lesezeit\" \/>\n\t<meta name=\"twitter:data1\" content=\"1\u00a0Minute\" \/>\n<script type=\"application\/ld+json\" class=\"yoast-schema-graph\">{\"@context\":\"https:\/\/schema.org\",\"@graph\":[{\"@type\":\"WebPage\",\"@id\":\"https:\/\/gozz4all.com\/slaapkledij-hansop-jumpy-onesie-huispak-anti-uitkleed-kleding\/pyjama-huispak-met-rits-tussen-de-benen-kopie\/\",\"url\":\"https:\/\/gozz4all.com\/slaapkledij-hansop-jumpy-onesie-huispak-anti-uitkleed-kleding\/pyjama-huispak-met-rits-tussen-de-benen-kopie\/\",\"name\":\"Pyjama-huispak-plukpak met verschoningsrits | Gozz4All\",\"isPartOf\":{\"@id\":\"https:\/\/gozz4all.com\/fr\/#website\"},\"primaryImageOfPage\":{\"@id\":\"https:\/\/gozz4all.com\/slaapkledij-hansop-jumpy-onesie-huispak-anti-uitkleed-kleding\/pyjama-huispak-met-rits-tussen-de-benen-kopie\/#primaryimage\"},\"image\":{\"@id\":\"https:\/\/gozz4all.com\/slaapkledij-hansop-jumpy-onesie-huispak-anti-uitkleed-kleding\/pyjama-huispak-met-rits-tussen-de-benen-kopie\/#primaryimage\"},\"thumbnailUrl\":\"https:\/\/gozz4all.com\/wp-content\/uploads\/2022\/09\/DSC_0409-scaled.jpg\",\"datePublished\":\"2022-09-28T13:40:58+00:00\",\"dateModified\":\"2023-01-21T12:32:09+00:00\",\"description\":\"Pyjama-huispak-plukpak met verschoningsrits-smeer en uitkleedgedrag-incontinentie-dementie-aangepaste kleding-rits op de rug-Gozz4all\",\"breadcrumb\":{\"@id\":\"https:\/\/gozz4all.com\/slaapkledij-hansop-jumpy-onesie-huispak-anti-uitkleed-kleding\/pyjama-huispak-met-rits-tussen-de-benen-kopie\/#breadcrumb\"},\"inLanguage\":\"de\",\"potentialAction\":[{\"@type\":\"ReadAction\",\"target\":[\"https:\/\/gozz4all.com\/slaapkledij-hansop-jumpy-onesie-huispak-anti-uitkleed-kleding\/pyjama-huispak-met-rits-tussen-de-benen-kopie\/\"]}]},{\"@type\":\"ImageObject\",\"inLanguage\":\"de\",\"@id\":\"https:\/\/gozz4all.com\/slaapkledij-hansop-jumpy-onesie-huispak-anti-uitkleed-kleding\/pyjama-huispak-met-rits-tussen-de-benen-kopie\/#primaryimage\",\"url\":\"https:\/\/gozz4all.com\/wp-content\/uploads\/2022\/09\/DSC_0409-scaled.jpg\",\"contentUrl\":\"https:\/\/gozz4all.com\/wp-content\/uploads\/2022\/09\/DSC_0409-scaled.jpg\",\"width\":1707,\"height\":2560,\"caption\":\"Pyjama-huispak-plukpak met verschoningsrits-smeer en uitkleedgedrag-incontinentie-dementie-aangepaste kleding-rits op de rug-Gozz4all\"},{\"@type\":\"BreadcrumbList\",\"@id\":\"https:\/\/gozz4all.com\/slaapkledij-hansop-jumpy-onesie-huispak-anti-uitkleed-kleding\/pyjama-huispak-met-rits-tussen-de-benen-kopie\/#breadcrumb\",\"itemListElement\":[{\"@type\":\"ListItem\",\"position\":1,\"name\":\"Home\",\"item\":\"https:\/\/gozz4all.com\/\"},{\"@type\":\"ListItem\",\"position\":2,\"name\":\"Producten\",\"item\":\"https:\/\/gozz4all.com\/shop\/\"},{\"@type\":\"ListItem\",\"position\":3,\"name\":\"Pyjama-huispak-plukpak met verschoningsrits\"}]},{\"@type\":\"WebSite\",\"@id\":\"https:\/\/gozz4all.com\/fr\/#website\",\"url\":\"https:\/\/gozz4all.com\/fr\/\",\"name\":\"Gozz4All\",\"description\":\"Gozz4All\",\"publisher\":{\"@id\":\"https:\/\/gozz4all.com\/fr\/#organization\"},\"potentialAction\":[{\"@type\":\"SearchAction\",\"target\":{\"@type\":\"EntryPoint\",\"urlTemplate\":\"https:\/\/gozz4all.com\/fr\/?s={search_term_string}\"},\"query-input\":{\"@type\":\"PropertyValueSpecification\",\"valueRequired\":true,\"valueName\":\"search_term_string\"}}],\"inLanguage\":\"de\"},{\"@type\":\"Organization\",\"@id\":\"https:\/\/gozz4all.com\/fr\/#organization\",\"name\":\"Gozz4all\",\"url\":\"https:\/\/gozz4all.com\/fr\/\",\"logo\":{\"@type\":\"ImageObject\",\"inLanguage\":\"de\",\"@id\":\"https:\/\/gozz4all.com\/fr\/#\/schema\/logo\/image\/\",\"url\":\"https:\/\/gozz4all.com\/wp-content\/uploads\/2020\/04\/Logo-ask-for-better-one.png\",\"contentUrl\":\"https:\/\/gozz4all.com\/wp-content\/uploads\/2020\/04\/Logo-ask-for-better-one.png\",\"width\":146,\"height\":60,\"caption\":\"Gozz4all\"},\"image\":{\"@id\":\"https:\/\/gozz4all.com\/fr\/#\/schema\/logo\/image\/\"},\"sameAs\":[\"https:\/\/www.facebook.com\/gozz4all\/\",\"https:\/\/www.instagram.com\/gozz4allfashion\/?hl=nl\"]}]}<\/script>\n<!-- \/ Yoast SEO plugin. -->","yoast_head_json":{"title":"Pyjama-huispak-plukpak met verschoningsrits | Gozz4All","description":"Pyjama-huispak-plukpak met verschoningsrits-smeer en uitkleedgedrag-incontinentie-dementie-aangepaste kleding-rits op de rug-Gozz4all","robots":{"index":"index","follow":"follow","max-snippet":"max-snippet:-1","max-image-preview":"max-image-preview:large","max-video-preview":"max-video-preview:-1"},"canonical":"https:\/\/gozz4all.com\/de\/slaapkledij-hansop-jumpy-onesie-huispak-anti-uitkleed-kleding\/pyjama-huispak-met-rits-tussen-de-benen-kopie\/","og_locale":"de_DE","og_type":"article","og_title":"Pyjama-huispak-plukpak met verschoningsrits | Gozz4All","og_description":"Pyjama-huispak-plukpak met verschoningsrits-smeer en uitkleedgedrag-incontinentie-dementie-aangepaste kleding-rits op de rug-Gozz4all","og_url":"https:\/\/gozz4all.com\/de\/slaapkledij-hansop-jumpy-onesie-huispak-anti-uitkleed-kleding\/pyjama-huispak-met-rits-tussen-de-benen-kopie\/","og_site_name":"Gozz4All","article_publisher":"https:\/\/www.facebook.com\/gozz4all\/","article_modified_time":"2023-01-21T12:32:09+00:00","og_image":[{"width":1707,"height":2560,"url":"https:\/\/gozz4all.com\/wp-content\/uploads\/2022\/09\/DSC_0409-scaled.jpg","type":"image\/jpeg"}],"twitter_card":"summary_large_image","twitter_misc":{"Gesch\u00e4tzte Lesezeit":"1\u00a0Minute"},"schema":{"@context":"https:\/\/schema.org","@graph":[{"@type":"WebPage","@id":"https:\/\/gozz4all.com\/slaapkledij-hansop-jumpy-onesie-huispak-anti-uitkleed-kleding\/pyjama-huispak-met-rits-tussen-de-benen-kopie\/","url":"https:\/\/gozz4all.com\/slaapkledij-hansop-jumpy-onesie-huispak-anti-uitkleed-kleding\/pyjama-huispak-met-rits-tussen-de-benen-kopie\/","name":"Pyjama-huispak-plukpak met verschoningsrits | Gozz4All","isPartOf":{"@id":"https:\/\/gozz4all.com\/fr\/#website"},"primaryImageOfPage":{"@id":"https:\/\/gozz4all.com\/slaapkledij-hansop-jumpy-onesie-huispak-anti-uitkleed-kleding\/pyjama-huispak-met-rits-tussen-de-benen-kopie\/#primaryimage"},"image":{"@id":"https:\/\/gozz4all.com\/slaapkledij-hansop-jumpy-onesie-huispak-anti-uitkleed-kleding\/pyjama-huispak-met-rits-tussen-de-benen-kopie\/#primaryimage"},"thumbnailUrl":"https:\/\/gozz4all.com\/wp-content\/uploads\/2022\/09\/DSC_0409-scaled.jpg","datePublished":"2022-09-28T13:40:58+00:00","dateModified":"2023-01-21T12:32:09+00:00","description":"Pyjama-huispak-plukpak met verschoningsrits-smeer en uitkleedgedrag-incontinentie-dementie-aangepaste kleding-rits op de rug-Gozz4all","breadcrumb":{"@id":"https:\/\/gozz4all.com\/slaapkledij-hansop-jumpy-onesie-huispak-anti-uitkleed-kleding\/pyjama-huispak-met-rits-tussen-de-benen-kopie\/#breadcrumb"},"inLanguage":"de","potentialAction":[{"@type":"ReadAction","target":["https:\/\/gozz4all.com\/slaapkledij-hansop-jumpy-onesie-huispak-anti-uitkleed-kleding\/pyjama-huispak-met-rits-tussen-de-benen-kopie\/"]}]},{"@type":"ImageObject","inLanguage":"de","@id":"https:\/\/gozz4all.com\/slaapkledij-hansop-jumpy-onesie-huispak-anti-uitkleed-kleding\/pyjama-huispak-met-rits-tussen-de-benen-kopie\/#primaryimage","url":"https:\/\/gozz4all.com\/wp-content\/uploads\/2022\/09\/DSC_0409-scaled.jpg","contentUrl":"https:\/\/gozz4all.com\/wp-content\/uploads\/2022\/09\/DSC_0409-scaled.jpg","width":1707,"height":2560,"caption":"Pyjama-huispak-plukpak met verschoningsrits-smeer en uitkleedgedrag-incontinentie-dementie-aangepaste kleding-rits op de rug-Gozz4all"},{"@type":"BreadcrumbList","@id":"https:\/\/gozz4all.com\/slaapkledij-hansop-jumpy-onesie-huispak-anti-uitkleed-kleding\/pyjama-huispak-met-rits-tussen-de-benen-kopie\/#breadcrumb","itemListElement":[{"@type":"ListItem","position":1,"name":"Home","item":"https:\/\/gozz4all.com\/"},{"@type":"ListItem","position":2,"name":"Producten","item":"https:\/\/gozz4all.com\/shop\/"},{"@type":"ListItem","position":3,"name":"Pyjama-huispak-plukpak met verschoningsrits"}]},{"@type":"WebSite","@id":"https:\/\/gozz4all.com\/fr\/#website","url":"https:\/\/gozz4all.com\/fr\/","name":"Gozz4All","description":"Gozz4All","publisher":{"@id":"https:\/\/gozz4all.com\/fr\/#organization"},"potentialAction":[{"@type":"SearchAction","target":{"@type":"EntryPoint","urlTemplate":"https:\/\/gozz4all.com\/fr\/?s={search_term_string}"},"query-input":{"@type":"PropertyValueSpecification","valueRequired":true,"valueName":"search_term_string"}}],"inLanguage":"de"},{"@type":"Organization","@id":"https:\/\/gozz4all.com\/fr\/#organization","name":"Gozz4all","url":"https:\/\/gozz4all.com\/fr\/","logo":{"@type":"ImageObject","inLanguage":"de","@id":"https:\/\/gozz4all.com\/fr\/#\/schema\/logo\/image\/","url":"https:\/\/gozz4all.com\/wp-content\/uploads\/2020\/04\/Logo-ask-for-better-one.png","contentUrl":"https:\/\/gozz4all.com\/wp-content\/uploads\/2020\/04\/Logo-ask-for-better-one.png","width":146,"height":60,"caption":"Gozz4all"},"image":{"@id":"https:\/\/gozz4all.com\/fr\/#\/schema\/logo\/image\/"},"sameAs":["https:\/\/www.facebook.com\/gozz4all\/","https:\/\/www.instagram.com\/gozz4allfashion\/?hl=nl"]}]}},"_links":{"self":[{"href":"https:\/\/gozz4all.com\/de\/wp-json\/wp\/v2\/product\/22053","targetHints":{"allow":["GET"]}}],"collection":[{"href":"https:\/\/gozz4all.com\/de\/wp-json\/wp\/v2\/product"}],"about":[{"href":"https:\/\/gozz4all.com\/de\/wp-json\/wp\/v2\/types\/product"}],"wp:featuredmedia":[{"embeddable":true,"href":"https:\/\/gozz4all.com\/de\/wp-json\/wp\/v2\/media\/22066"}],"wp:attachment":[{"href":"https:\/\/gozz4all.com\/de\/wp-json\/wp\/v2\/media?parent=22053"}],"wp:term":[{"taxonomy":"product_brand","embeddable":true,"href":"https:\/\/gozz4all.com\/de\/wp-json\/wp\/v2\/product_brand?post=22053"},{"taxonomy":"product_cat","embeddable":true,"href":"https:\/\/gozz4all.com\/de\/wp-json\/wp\/v2\/product_cat?post=22053"},{"taxonomy":"product_tag","embeddable":true,"href":"https:\/\/gozz4all.com\/de\/wp-json\/wp\/v2\/product_tag?post=22053"}],"curies":[{"name":"wp","href":"https:\/\/api.w.org\/{rel}","templated":true}]}}