{"id":21468,"date":"2022-09-27T14:10:19","date_gmt":"2022-09-27T12:10:19","guid":{"rendered":"https:\/\/gozz4all.com\/?post_type=product&#038;p=21468"},"modified":"2022-09-27T14:23:16","modified_gmt":"2022-09-27T12:23:16","slug":"heren-pyjama-vrolijkstreep-grote-maten","status":"publish","type":"product","link":"https:\/\/gozz4all.com\/de\/product\/heren-pyjama-vrolijkstreep-grote-maten\/","title":{"rendered":"Herren-Pyjama-fr\u00f6hlich&amp;gestreift-gro\u00dfe Gr\u00f6\u00dfen"},"content":{"rendered":"<p>Heren pyjama-vrolijk&#038;streep-grote maten:<\/p>\n<p>Dieser zweiteilige Schlafanzug besteht aus einem T-Shirt mit Druckkn\u00f6pfen an der Vorderseite, so dass er leicht \u00fcber den Kopf gezogen werden kann.<\/p>\n<p>Wahlweise mit langen oder kurzen \u00c4rmeln, je nachdem, in was Sie schlafen m\u00f6chten.<\/p>\n<p>Die Hose dieses Schlafanzugs hat oben einen Gummizug und kann mit langen oder kurzen Beinen hergestellt werden.<\/p>\n<p>Ebenso k\u00f6nnen einige \u00c4nderungen gew\u00e4hlt werden, wie zum Beispiel: Rei\u00dfverschluss zwischen den Beinen.<\/p>\n<p>Der Pyjama ist aus einem weichen, \u00d6ko-zertifizierten Jersey-Stoff aus 95% Baumwolle mit 5 % Elastan hergestellt.<\/p>\n<p>Anwendbar f\u00fcr: - Alle Altersgruppen<\/p>\n<p>- Menschen mit k\u00f6rperlichen Behinderungen<\/p>\n<p>- Jeder, der gerne gem\u00fctlich schl\u00e4ft :-)<\/p>\n<p>Haben Sie Fragen zu m\u00f6glichen Anpassungen? <a href=\"mailto:info@gozz4all.be\">info@gozz4all.be<\/a>wir helfen Ihnen gerne weiter!<\/p>\n<p>Waschbar 60% und kann h\u00e4ufig gewaschen werden.<\/p>\n<p>Ber\u00fccksichtigen Sie eine Schrumpfung von 3%.<\/p>","protected":false},"excerpt":{"rendered":"<p>Heren pyjama-knoop&amp;streep:<\/p>\n<p>Dieser zweiteilige Schlafanzug besteht aus einem T-Shirt mit Druckkn\u00f6pfen an der Vorderseite, so dass er leicht \u00fcber den Kopf gezogen werden kann.<\/p>\n<p>Wahlweise mit langen oder kurzen \u00c4rmeln, je nachdem, in was Sie schlafen m\u00f6chten.<\/p>\n<p>Die Hose dieses Schlafanzugs hat oben einen Gummizug und kann mit langen oder kurzen Beinen hergestellt werden.<\/p>\n<p>Ebenso k\u00f6nnen einige \u00c4nderungen gew\u00e4hlt werden, wie zum Beispiel: Rei\u00dfverschluss zwischen den Beinen.<\/p>\n<p>Der Pyjama ist aus einem weichen, \u00d6ko-zertifizierten Jersey-Stoff aus 95% Baumwolle mit 5 % Elastan hergestellt.<\/p>\n<p>Anwendbar f\u00fcr: - Alle Altersgruppen<\/p>\n<p>- Menschen mit k\u00f6rperlichen Behinderungen<\/p>\n<p>- Jeder, der gerne gem\u00fctlich schl\u00e4ft :-)<\/p>\n<p>Waschbar 60% und kann h\u00e4ufig gewaschen werden.<\/p>\n<p>Ber\u00fccksichtigen Sie eine Schrumpfung von 3%.<\/p>","protected":false},"featured_media":21549,"template":"","meta":[],"product_brand":[],"product_cat":[611,612,613,619,45],"product_tag":[],"class_list":{"0":"post-21468","1":"product","2":"type-product","3":"status-publish","4":"has-post-thumbnail","6":"product_cat-kids","7":"product_cat-ouderen-dementie","8":"product_cat-volwassenen","9":"product_cat-slaapkleding","10":"product_cat-slaapkledij-hansop-jumpy-onesie-huispak-anti-uitkleed-kleding","11":"pa_maat-146-152-2","12":"pa_maat-152-158-2","13":"pa_maat-2xl","14":"pa_maat-128-134-2-en","15":"pa_maat-3xl","16":"pa_maat-164-170-2-en","17":"pa_maat-small","18":"pa_maat-medium","19":"pa_maat-large","20":"pa_maat-extra-large","21":"pa_sluiting-standaard","22":"pa_sluiting-rits-tussen-de-benen","23":"pa_uitvoering-lange-broek","24":"pa_uitvoering-korte-broek","26":"first","27":"instock","28":"taxable","29":"shipping-taxable","30":"purchasable","31":"product-type-variable"},"yoast_head":"<!-- This site is optimized with the Yoast SEO plugin v27.2 - https:\/\/yoast.com\/product\/yoast-seo-wordpress\/ -->\n<title>Heren pyjama-vrolijk&amp;streep-grote maten | Gozz4All<\/title>\n<meta name=\"description\" content=\"Heren pyjama-vrolijk&amp;streep-grote maten: voor elke leeftijd-2delig-Gozz4all kan de nodige aanpassingen voorzien-lange of korte mouwen-korte of lange pijpen\" \/>\n<meta name=\"robots\" content=\"index, follow, max-snippet:-1, max-image-preview:large, max-video-preview:-1\" \/>\n<link rel=\"canonical\" href=\"https:\/\/gozz4all.com\/de\/slaapkledij-hansop-jumpy-onesie-huispak-anti-uitkleed-kleding\/heren-pyjama-beigestreep-grote-maten-kopie\/\" \/>\n<meta property=\"og:locale\" content=\"de_DE\" \/>\n<meta property=\"og:type\" content=\"article\" \/>\n<meta property=\"og:title\" content=\"Heren pyjama-vrolijk&amp;streep-grote maten | Gozz4All\" \/>\n<meta property=\"og:description\" content=\"Heren pyjama-vrolijk&amp;streep-grote maten: voor elke leeftijd-2delig-Gozz4all kan de nodige aanpassingen voorzien-lange of korte mouwen-korte of lange pijpen\" \/>\n<meta property=\"og:url\" content=\"https:\/\/gozz4all.com\/de\/slaapkledij-hansop-jumpy-onesie-huispak-anti-uitkleed-kleding\/heren-pyjama-beigestreep-grote-maten-kopie\/\" \/>\n<meta property=\"og:site_name\" content=\"Gozz4All\" \/>\n<meta property=\"article:publisher\" content=\"https:\/\/www.facebook.com\/gozz4all\/\" \/>\n<meta property=\"article:modified_time\" content=\"2022-09-27T12:23:16+00:00\" \/>\n<meta property=\"og:image\" content=\"https:\/\/gozz4all.com\/wp-content\/uploads\/2022\/09\/DSC_0631-scaled.jpg\" \/>\n\t<meta property=\"og:image:width\" content=\"1707\" \/>\n\t<meta property=\"og:image:height\" content=\"2560\" \/>\n\t<meta property=\"og:image:type\" content=\"image\/jpeg\" \/>\n<meta name=\"twitter:card\" content=\"summary_large_image\" \/>\n<meta name=\"twitter:label1\" content=\"Gesch\u00e4tzte Lesezeit\" \/>\n\t<meta name=\"twitter:data1\" content=\"1\u00a0Minute\" \/>\n<script type=\"application\/ld+json\" class=\"yoast-schema-graph\">{\"@context\":\"https:\/\/schema.org\",\"@graph\":[{\"@type\":\"WebPage\",\"@id\":\"https:\/\/gozz4all.com\/slaapkledij-hansop-jumpy-onesie-huispak-anti-uitkleed-kleding\/heren-pyjama-beigestreep-grote-maten-kopie\/\",\"url\":\"https:\/\/gozz4all.com\/slaapkledij-hansop-jumpy-onesie-huispak-anti-uitkleed-kleding\/heren-pyjama-beigestreep-grote-maten-kopie\/\",\"name\":\"Heren pyjama-vrolijk&streep-grote maten | Gozz4All\",\"isPartOf\":{\"@id\":\"https:\/\/gozz4all.com\/fr\/#website\"},\"primaryImageOfPage\":{\"@id\":\"https:\/\/gozz4all.com\/slaapkledij-hansop-jumpy-onesie-huispak-anti-uitkleed-kleding\/heren-pyjama-beigestreep-grote-maten-kopie\/#primaryimage\"},\"image\":{\"@id\":\"https:\/\/gozz4all.com\/slaapkledij-hansop-jumpy-onesie-huispak-anti-uitkleed-kleding\/heren-pyjama-beigestreep-grote-maten-kopie\/#primaryimage\"},\"thumbnailUrl\":\"https:\/\/gozz4all.com\/wp-content\/uploads\/2022\/09\/DSC_0631-scaled.jpg\",\"datePublished\":\"2022-09-27T12:10:19+00:00\",\"dateModified\":\"2022-09-27T12:23:16+00:00\",\"description\":\"Heren pyjama-vrolijk&streep-grote maten: voor elke leeftijd-2delig-Gozz4all kan de nodige aanpassingen voorzien-lange of korte mouwen-korte of lange pijpen\",\"breadcrumb\":{\"@id\":\"https:\/\/gozz4all.com\/slaapkledij-hansop-jumpy-onesie-huispak-anti-uitkleed-kleding\/heren-pyjama-beigestreep-grote-maten-kopie\/#breadcrumb\"},\"inLanguage\":\"de\",\"potentialAction\":[{\"@type\":\"ReadAction\",\"target\":[\"https:\/\/gozz4all.com\/slaapkledij-hansop-jumpy-onesie-huispak-anti-uitkleed-kleding\/heren-pyjama-beigestreep-grote-maten-kopie\/\"]}]},{\"@type\":\"ImageObject\",\"inLanguage\":\"de\",\"@id\":\"https:\/\/gozz4all.com\/slaapkledij-hansop-jumpy-onesie-huispak-anti-uitkleed-kleding\/heren-pyjama-beigestreep-grote-maten-kopie\/#primaryimage\",\"url\":\"https:\/\/gozz4all.com\/wp-content\/uploads\/2022\/09\/DSC_0631-scaled.jpg\",\"contentUrl\":\"https:\/\/gozz4all.com\/wp-content\/uploads\/2022\/09\/DSC_0631-scaled.jpg\",\"width\":1707,\"height\":2560,\"caption\":\"Heren pyjama-vrolijk&streep-grote maten: voor elke leeftijd-2delig-Gozz4all kan de nodige aanpassingen voorzien-lange of korte mouwen-korte of lange pijpen\"},{\"@type\":\"BreadcrumbList\",\"@id\":\"https:\/\/gozz4all.com\/slaapkledij-hansop-jumpy-onesie-huispak-anti-uitkleed-kleding\/heren-pyjama-beigestreep-grote-maten-kopie\/#breadcrumb\",\"itemListElement\":[{\"@type\":\"ListItem\",\"position\":1,\"name\":\"Home\",\"item\":\"https:\/\/gozz4all.com\/\"},{\"@type\":\"ListItem\",\"position\":2,\"name\":\"Producten\",\"item\":\"https:\/\/gozz4all.com\/shop\/\"},{\"@type\":\"ListItem\",\"position\":3,\"name\":\"Heren pyjama-vrolijk&#038;streep-grote maten\"}]},{\"@type\":\"WebSite\",\"@id\":\"https:\/\/gozz4all.com\/fr\/#website\",\"url\":\"https:\/\/gozz4all.com\/fr\/\",\"name\":\"Gozz4All\",\"description\":\"Gozz4All\",\"publisher\":{\"@id\":\"https:\/\/gozz4all.com\/fr\/#organization\"},\"potentialAction\":[{\"@type\":\"SearchAction\",\"target\":{\"@type\":\"EntryPoint\",\"urlTemplate\":\"https:\/\/gozz4all.com\/fr\/?s={search_term_string}\"},\"query-input\":{\"@type\":\"PropertyValueSpecification\",\"valueRequired\":true,\"valueName\":\"search_term_string\"}}],\"inLanguage\":\"de\"},{\"@type\":\"Organization\",\"@id\":\"https:\/\/gozz4all.com\/fr\/#organization\",\"name\":\"Gozz4all\",\"url\":\"https:\/\/gozz4all.com\/fr\/\",\"logo\":{\"@type\":\"ImageObject\",\"inLanguage\":\"de\",\"@id\":\"https:\/\/gozz4all.com\/fr\/#\/schema\/logo\/image\/\",\"url\":\"https:\/\/gozz4all.com\/wp-content\/uploads\/2020\/04\/Logo-ask-for-better-one.png\",\"contentUrl\":\"https:\/\/gozz4all.com\/wp-content\/uploads\/2020\/04\/Logo-ask-for-better-one.png\",\"width\":146,\"height\":60,\"caption\":\"Gozz4all\"},\"image\":{\"@id\":\"https:\/\/gozz4all.com\/fr\/#\/schema\/logo\/image\/\"},\"sameAs\":[\"https:\/\/www.facebook.com\/gozz4all\/\",\"https:\/\/www.instagram.com\/gozz4allfashion\/?hl=nl\"]}]}<\/script>\n<!-- \/ Yoast SEO plugin. -->","yoast_head_json":{"title":"Heren pyjama-vrolijk&streep-grote maten | Gozz4All","description":"Heren pyjama-vrolijk&streep-grote maten: voor elke leeftijd-2delig-Gozz4all kan de nodige aanpassingen voorzien-lange of korte mouwen-korte of lange pijpen","robots":{"index":"index","follow":"follow","max-snippet":"max-snippet:-1","max-image-preview":"max-image-preview:large","max-video-preview":"max-video-preview:-1"},"canonical":"https:\/\/gozz4all.com\/de\/slaapkledij-hansop-jumpy-onesie-huispak-anti-uitkleed-kleding\/heren-pyjama-beigestreep-grote-maten-kopie\/","og_locale":"de_DE","og_type":"article","og_title":"Heren pyjama-vrolijk&streep-grote maten | Gozz4All","og_description":"Heren pyjama-vrolijk&streep-grote maten: voor elke leeftijd-2delig-Gozz4all kan de nodige aanpassingen voorzien-lange of korte mouwen-korte of lange pijpen","og_url":"https:\/\/gozz4all.com\/de\/slaapkledij-hansop-jumpy-onesie-huispak-anti-uitkleed-kleding\/heren-pyjama-beigestreep-grote-maten-kopie\/","og_site_name":"Gozz4All","article_publisher":"https:\/\/www.facebook.com\/gozz4all\/","article_modified_time":"2022-09-27T12:23:16+00:00","og_image":[{"width":1707,"height":2560,"url":"https:\/\/gozz4all.com\/wp-content\/uploads\/2022\/09\/DSC_0631-scaled.jpg","type":"image\/jpeg"}],"twitter_card":"summary_large_image","twitter_misc":{"Gesch\u00e4tzte Lesezeit":"1\u00a0Minute"},"schema":{"@context":"https:\/\/schema.org","@graph":[{"@type":"WebPage","@id":"https:\/\/gozz4all.com\/slaapkledij-hansop-jumpy-onesie-huispak-anti-uitkleed-kleding\/heren-pyjama-beigestreep-grote-maten-kopie\/","url":"https:\/\/gozz4all.com\/slaapkledij-hansop-jumpy-onesie-huispak-anti-uitkleed-kleding\/heren-pyjama-beigestreep-grote-maten-kopie\/","name":"Heren pyjama-vrolijk&streep-grote maten | Gozz4All","isPartOf":{"@id":"https:\/\/gozz4all.com\/fr\/#website"},"primaryImageOfPage":{"@id":"https:\/\/gozz4all.com\/slaapkledij-hansop-jumpy-onesie-huispak-anti-uitkleed-kleding\/heren-pyjama-beigestreep-grote-maten-kopie\/#primaryimage"},"image":{"@id":"https:\/\/gozz4all.com\/slaapkledij-hansop-jumpy-onesie-huispak-anti-uitkleed-kleding\/heren-pyjama-beigestreep-grote-maten-kopie\/#primaryimage"},"thumbnailUrl":"https:\/\/gozz4all.com\/wp-content\/uploads\/2022\/09\/DSC_0631-scaled.jpg","datePublished":"2022-09-27T12:10:19+00:00","dateModified":"2022-09-27T12:23:16+00:00","description":"Heren pyjama-vrolijk&streep-grote maten: voor elke leeftijd-2delig-Gozz4all kan de nodige aanpassingen voorzien-lange of korte mouwen-korte of lange pijpen","breadcrumb":{"@id":"https:\/\/gozz4all.com\/slaapkledij-hansop-jumpy-onesie-huispak-anti-uitkleed-kleding\/heren-pyjama-beigestreep-grote-maten-kopie\/#breadcrumb"},"inLanguage":"de","potentialAction":[{"@type":"ReadAction","target":["https:\/\/gozz4all.com\/slaapkledij-hansop-jumpy-onesie-huispak-anti-uitkleed-kleding\/heren-pyjama-beigestreep-grote-maten-kopie\/"]}]},{"@type":"ImageObject","inLanguage":"de","@id":"https:\/\/gozz4all.com\/slaapkledij-hansop-jumpy-onesie-huispak-anti-uitkleed-kleding\/heren-pyjama-beigestreep-grote-maten-kopie\/#primaryimage","url":"https:\/\/gozz4all.com\/wp-content\/uploads\/2022\/09\/DSC_0631-scaled.jpg","contentUrl":"https:\/\/gozz4all.com\/wp-content\/uploads\/2022\/09\/DSC_0631-scaled.jpg","width":1707,"height":2560,"caption":"Heren pyjama-vrolijk&streep-grote maten: voor elke leeftijd-2delig-Gozz4all kan de nodige aanpassingen voorzien-lange of korte mouwen-korte of lange pijpen"},{"@type":"BreadcrumbList","@id":"https:\/\/gozz4all.com\/slaapkledij-hansop-jumpy-onesie-huispak-anti-uitkleed-kleding\/heren-pyjama-beigestreep-grote-maten-kopie\/#breadcrumb","itemListElement":[{"@type":"ListItem","position":1,"name":"Home","item":"https:\/\/gozz4all.com\/"},{"@type":"ListItem","position":2,"name":"Producten","item":"https:\/\/gozz4all.com\/shop\/"},{"@type":"ListItem","position":3,"name":"Heren pyjama-vrolijk&#038;streep-grote maten"}]},{"@type":"WebSite","@id":"https:\/\/gozz4all.com\/fr\/#website","url":"https:\/\/gozz4all.com\/fr\/","name":"Gozz4All","description":"Gozz4All","publisher":{"@id":"https:\/\/gozz4all.com\/fr\/#organization"},"potentialAction":[{"@type":"SearchAction","target":{"@type":"EntryPoint","urlTemplate":"https:\/\/gozz4all.com\/fr\/?s={search_term_string}"},"query-input":{"@type":"PropertyValueSpecification","valueRequired":true,"valueName":"search_term_string"}}],"inLanguage":"de"},{"@type":"Organization","@id":"https:\/\/gozz4all.com\/fr\/#organization","name":"Gozz4all","url":"https:\/\/gozz4all.com\/fr\/","logo":{"@type":"ImageObject","inLanguage":"de","@id":"https:\/\/gozz4all.com\/fr\/#\/schema\/logo\/image\/","url":"https:\/\/gozz4all.com\/wp-content\/uploads\/2020\/04\/Logo-ask-for-better-one.png","contentUrl":"https:\/\/gozz4all.com\/wp-content\/uploads\/2020\/04\/Logo-ask-for-better-one.png","width":146,"height":60,"caption":"Gozz4all"},"image":{"@id":"https:\/\/gozz4all.com\/fr\/#\/schema\/logo\/image\/"},"sameAs":["https:\/\/www.facebook.com\/gozz4all\/","https:\/\/www.instagram.com\/gozz4allfashion\/?hl=nl"]}]}},"_links":{"self":[{"href":"https:\/\/gozz4all.com\/de\/wp-json\/wp\/v2\/product\/21468","targetHints":{"allow":["GET"]}}],"collection":[{"href":"https:\/\/gozz4all.com\/de\/wp-json\/wp\/v2\/product"}],"about":[{"href":"https:\/\/gozz4all.com\/de\/wp-json\/wp\/v2\/types\/product"}],"wp:featuredmedia":[{"embeddable":true,"href":"https:\/\/gozz4all.com\/de\/wp-json\/wp\/v2\/media\/21549"}],"wp:attachment":[{"href":"https:\/\/gozz4all.com\/de\/wp-json\/wp\/v2\/media?parent=21468"}],"wp:term":[{"taxonomy":"product_brand","embeddable":true,"href":"https:\/\/gozz4all.com\/de\/wp-json\/wp\/v2\/product_brand?post=21468"},{"taxonomy":"product_cat","embeddable":true,"href":"https:\/\/gozz4all.com\/de\/wp-json\/wp\/v2\/product_cat?post=21468"},{"taxonomy":"product_tag","embeddable":true,"href":"https:\/\/gozz4all.com\/de\/wp-json\/wp\/v2\/product_tag?post=21468"}],"curies":[{"name":"wp","href":"https:\/\/api.w.org\/{rel}","templated":true}]}}