{"id":20031,"date":"2022-09-06T17:00:32","date_gmt":"2022-09-06T15:00:32","guid":{"rendered":"https:\/\/gozz4all.com\/?post_type=product&#038;p=20031"},"modified":"2022-09-21T14:15:12","modified_gmt":"2022-09-21T12:15:12","slug":"fixatie-vest-stoel-universeel-fysieke-en-psychische-problemen-dementie-evenwicht-problemen-wegloop-drang-veiligheid","status":"publish","type":"product","link":"https:\/\/gozz4all.com\/de\/product\/fixatie-vest-stoel-universeel-fysieke-en-psychische-problemen-dementie-evenwicht-problemen-wegloop-drang-veiligheid\/","title":{"rendered":"Fixierweste universal"},"content":{"rendered":"<p>Diese Fixierweste ist speziell f\u00fcr Personen gedacht, die Schwierigkeiten haben, aufrecht im Rollstuhl oder Stuhl zu sitzen. Sie wird auch zum Schutz von Personen bei Ausrei\u00dfversuchen verwendet. Sie gibt ein sicheres Gef\u00fchl und hat eine beruhigende Wirkung. Sie verhindert, dass eine Person durch unkontrollierte Bewegungen das Gleichgewicht verliert oder sich verletzt, wenn sie versucht, den Sitz\/Stuhl oder Rollstuhl zu verlassen, obwohl sie physisch und psychisch nicht mehr dazu in der Lage ist.<\/p>\n<p>Diese Fixierweste \/ T-Shirt wird wie ein T-Shirt \u00fcber den Kopf angezogen und sieht auch so aus. Diese Fixierung Kleidungsst\u00fcck schlie\u00dft auf der R\u00fcckseite mit einem Rei\u00dfverschluss und kann an 3 verschiedenen Punkten befestigt werden, je nach dem Stuhl, Rollstuhl sie in sind. So kann dies auf oder in mehreren St\u00fchlen verwendet werden.<\/p>\n<p>Das Produkt ist aus einem kr\u00e4ftigen Jersey-Stoff gefertigt, der sich auch mit dehnt und so noch eingeschr\u00e4nkte Bewegungsfreiheit bietet.<\/p>\n<p><strong>Au\u00dferdem sieht es auch in modischen Farben gut aus. Das Fixier-T-Shirt kann auch aus Cordura\/Anti-Rei\u00df hergestellt werden. <\/strong><strong>Wenn Sie eine Abrei\u00dfsicherung oder eine andere \u00c4nderung ben\u00f6tigen, senden Sie bitte eine E-Mail mit weiteren Informationen an info@gozz.be.<\/strong><\/p>\n<p>Verwendet bei Personen mit:<\/p>\n<ul>\n<li>Physische Probleme<\/li>\n<li>Psychologische Probleme<\/li>\n<li>Drang zur Flucht<\/li>\n<li>Gleichgewichtsprobleme<\/li>\n<li>Demenz<\/li>\n<\/ul>\n<h2>Spezifikationen<\/h2>\n<ul>\n<li>Waschbar bei 60\u00b0<\/li>\n<li>Gurt zur Befestigung um den Sitz =<\/li>\n<li>Position 1: 62,5 cm<\/li>\n<li>Position 2: 56,5 cm<\/li>\n<li>Position 3: 50,5 cm<\/li>\n<li>Erh\u00e4ltlich in verschiedenen Gr\u00f6\u00dfen und Farben<\/li>\n<\/ul>","protected":false},"excerpt":{"rendered":"<p>Deze fixatievest is speciaal gemaakt voor personen die het moeilijk hebben om recht in de rolstoel of op de stoel te kunnen blijven zitten.<\/p>\n<p>Teven wordt deze ook gebruikt om personen te beschermen bij wegloop drang.<\/p>\n<p>Het geeft een veilig gevoel en werkt rustgevend.<\/p>\n<p>Dit hulpmiddel zal ervoor\u00a0 zorgen dat een persoon op een veilige manier kan blijven zitten, zodat vermeden wordt dat hij\/zij door ongecontroleerde bewegingen zijn\/haar evenwicht verliest of dat men zich kwetst bij het proberen verlaten van zetel\/stoel of rolstoel wanneer men hiervoor niet meer over de juiste fysieke en psychische capaciteiten beschikt.<\/p>\n<p>Dit vestje &#8211; T-shirt, wordt aangedaan over het hoofd zoals een T-shirt en ziet er ook zo uit.<\/p>\n<p>Deze fixatie vest sluit aan de achterzijde met een rits. en kan op 3 verschillende punten worden vastgemaakt, naargelang de stoel, rolstoel waarin ze zitten. Deze is dus op of in meerdere stoelen te gebruiken.<\/p>\n<p>Gemaakt uit een sterke Jersey stof, dat ook mee stretcht. dus nog een beperkte bewegingsmogelijkheid geeft.<\/p>\n<p>Ziet er ook nog leuk uit in modieuze kleuren.<\/p>\n<p><strong>Kan ook gemaakt worden in Cordura\/anti-scheur.<\/strong><\/p>\n<p><strong>Wenn Sie eine Abrei\u00dfsicherung oder eine andere \u00c4nderung ben\u00f6tigen, senden Sie bitte eine E-Mail mit weiteren Informationen an info@gozz.be.<\/strong><\/p>\n<p>Gebruikt bij personen met :<\/p>\n<ul>\n<li>Physische Probleme<\/li>\n<li>Psychologische Probleme<\/li>\n<li>Drang zur Flucht<\/li>\n<li>Gleichgewichtsprobleme<\/li>\n<li>Demenz<\/li>\n<\/ul>\n<p>Waschbar bei 60\u00b0<\/p>\n<p>Gurt zur Befestigung um den Sitz =<\/p>\n<p>Position 1: 62,5 cm<\/p>\n<p>Position 2: 56,5 cm<\/p>\n<p>Position 3: 50,5 cm<\/p>\n<p>In verschillende maten\u00a0 en kleuren verkrijgbaar.<\/p>","protected":false},"featured_media":20106,"template":"","meta":[],"product_brand":[],"product_cat":[611,612,613,709,445,254],"product_tag":[],"class_list":{"0":"post-20031","1":"product","2":"type-product","3":"status-publish","4":"has-post-thumbnail","6":"product_cat-kids","7":"product_cat-ouderen-dementie","8":"product_cat-volwassenen","9":"product_cat-fixatie","10":"product_cat-new","11":"product_cat-hulpmiddelen","12":"pa_kleur-appelgroen-donkergroen","13":"pa_kleur-oker-choco","14":"pa_kleur-brique-oker","15":"pa_kleur-felgroen-donkermint","16":"pa_maat-large","17":"pa_maat-146-152-2","18":"pa_maat-164-170-2","19":"pa_maat-176-182-2","20":"pa_maat-xl-2","21":"pa_maat-xxl-en","22":"pa_maat-134-140","23":"pa_maat-small","24":"pa_maat-medium","25":"pif-has-gallery","27":"first","28":"instock","29":"taxable","30":"shipping-taxable","31":"purchasable","32":"product-type-variable"},"yoast_head":"<!-- This site is optimized with the Yoast SEO plugin v27.2 - https:\/\/yoast.com\/product\/yoast-seo-wordpress\/ -->\n<title>Fixatie vest universeel | Gozz4All<\/title>\n<meta name=\"description\" content=\"fixatie-vest-stoel-Universeel- Fysieke en psychische problemen-dementie-evenwicht problemen-wegloop drang-veiligheid-Gozz4all-universeel gebruik\" \/>\n<meta name=\"robots\" content=\"index, follow, max-snippet:-1, max-image-preview:large, max-video-preview:-1\" \/>\n<link rel=\"canonical\" href=\"https:\/\/gozz4all.com\/de\/volwassenen\/fixatie-vest-stoel-universeel-fysieke-en-psychische-problemen-dementie-evenwicht-problemen-wegloop-drang-veiligheid\/\" \/>\n<meta property=\"og:locale\" content=\"de_DE\" \/>\n<meta property=\"og:type\" content=\"article\" \/>\n<meta property=\"og:title\" content=\"Fixatie vest universeel | Gozz4All\" \/>\n<meta property=\"og:description\" content=\"fixatie-vest-stoel-Universeel- Fysieke en psychische problemen-dementie-evenwicht problemen-wegloop drang-veiligheid-Gozz4all-universeel gebruik\" \/>\n<meta property=\"og:url\" content=\"https:\/\/gozz4all.com\/de\/volwassenen\/fixatie-vest-stoel-universeel-fysieke-en-psychische-problemen-dementie-evenwicht-problemen-wegloop-drang-veiligheid\/\" \/>\n<meta property=\"og:site_name\" content=\"Gozz4All\" \/>\n<meta property=\"article:publisher\" content=\"https:\/\/www.facebook.com\/gozz4all\/\" \/>\n<meta property=\"article:modified_time\" content=\"2022-09-21T12:15:12+00:00\" \/>\n<meta property=\"og:image\" content=\"https:\/\/gozz4all.com\/wp-content\/uploads\/2022\/09\/DSC_0909-scaled.jpg\" \/>\n\t<meta property=\"og:image:width\" content=\"2560\" \/>\n\t<meta property=\"og:image:height\" content=\"1707\" \/>\n\t<meta property=\"og:image:type\" content=\"image\/jpeg\" \/>\n<meta name=\"twitter:card\" content=\"summary_large_image\" \/>\n<meta name=\"twitter:label1\" content=\"Gesch\u00e4tzte Lesezeit\" \/>\n\t<meta name=\"twitter:data1\" content=\"1\u00a0Minute\" \/>\n<script type=\"application\/ld+json\" class=\"yoast-schema-graph\">{\"@context\":\"https:\/\/schema.org\",\"@graph\":[{\"@type\":\"WebPage\",\"@id\":\"https:\/\/gozz4all.com\/volwassenen\/fixatie-vest-stoel-universeel-fysieke-en-psychische-problemen-dementie-evenwicht-problemen-wegloop-drang-veiligheid\/\",\"url\":\"https:\/\/gozz4all.com\/volwassenen\/fixatie-vest-stoel-universeel-fysieke-en-psychische-problemen-dementie-evenwicht-problemen-wegloop-drang-veiligheid\/\",\"name\":\"Fixatie vest universeel | Gozz4All\",\"isPartOf\":{\"@id\":\"https:\/\/gozz4all.com\/fr\/#website\"},\"primaryImageOfPage\":{\"@id\":\"https:\/\/gozz4all.com\/volwassenen\/fixatie-vest-stoel-universeel-fysieke-en-psychische-problemen-dementie-evenwicht-problemen-wegloop-drang-veiligheid\/#primaryimage\"},\"image\":{\"@id\":\"https:\/\/gozz4all.com\/volwassenen\/fixatie-vest-stoel-universeel-fysieke-en-psychische-problemen-dementie-evenwicht-problemen-wegloop-drang-veiligheid\/#primaryimage\"},\"thumbnailUrl\":\"https:\/\/gozz4all.com\/wp-content\/uploads\/2022\/09\/DSC_0909-scaled.jpg\",\"datePublished\":\"2022-09-06T15:00:32+00:00\",\"dateModified\":\"2022-09-21T12:15:12+00:00\",\"description\":\"fixatie-vest-stoel-Universeel- Fysieke en psychische problemen-dementie-evenwicht problemen-wegloop drang-veiligheid-Gozz4all-universeel gebruik\",\"breadcrumb\":{\"@id\":\"https:\/\/gozz4all.com\/volwassenen\/fixatie-vest-stoel-universeel-fysieke-en-psychische-problemen-dementie-evenwicht-problemen-wegloop-drang-veiligheid\/#breadcrumb\"},\"inLanguage\":\"de\",\"potentialAction\":[{\"@type\":\"ReadAction\",\"target\":[\"https:\/\/gozz4all.com\/volwassenen\/fixatie-vest-stoel-universeel-fysieke-en-psychische-problemen-dementie-evenwicht-problemen-wegloop-drang-veiligheid\/\"]}]},{\"@type\":\"ImageObject\",\"inLanguage\":\"de\",\"@id\":\"https:\/\/gozz4all.com\/volwassenen\/fixatie-vest-stoel-universeel-fysieke-en-psychische-problemen-dementie-evenwicht-problemen-wegloop-drang-veiligheid\/#primaryimage\",\"url\":\"https:\/\/gozz4all.com\/wp-content\/uploads\/2022\/09\/DSC_0909-scaled.jpg\",\"contentUrl\":\"https:\/\/gozz4all.com\/wp-content\/uploads\/2022\/09\/DSC_0909-scaled.jpg\",\"width\":2560,\"height\":1707},{\"@type\":\"BreadcrumbList\",\"@id\":\"https:\/\/gozz4all.com\/volwassenen\/fixatie-vest-stoel-universeel-fysieke-en-psychische-problemen-dementie-evenwicht-problemen-wegloop-drang-veiligheid\/#breadcrumb\",\"itemListElement\":[{\"@type\":\"ListItem\",\"position\":1,\"name\":\"Home\",\"item\":\"https:\/\/gozz4all.com\/\"},{\"@type\":\"ListItem\",\"position\":2,\"name\":\"Producten\",\"item\":\"https:\/\/gozz4all.com\/shop\/\"},{\"@type\":\"ListItem\",\"position\":3,\"name\":\"Fixatie vest universeel\"}]},{\"@type\":\"WebSite\",\"@id\":\"https:\/\/gozz4all.com\/fr\/#website\",\"url\":\"https:\/\/gozz4all.com\/fr\/\",\"name\":\"Gozz4All\",\"description\":\"Gozz4All\",\"publisher\":{\"@id\":\"https:\/\/gozz4all.com\/fr\/#organization\"},\"potentialAction\":[{\"@type\":\"SearchAction\",\"target\":{\"@type\":\"EntryPoint\",\"urlTemplate\":\"https:\/\/gozz4all.com\/fr\/?s={search_term_string}\"},\"query-input\":{\"@type\":\"PropertyValueSpecification\",\"valueRequired\":true,\"valueName\":\"search_term_string\"}}],\"inLanguage\":\"de\"},{\"@type\":\"Organization\",\"@id\":\"https:\/\/gozz4all.com\/fr\/#organization\",\"name\":\"Gozz4all\",\"url\":\"https:\/\/gozz4all.com\/fr\/\",\"logo\":{\"@type\":\"ImageObject\",\"inLanguage\":\"de\",\"@id\":\"https:\/\/gozz4all.com\/fr\/#\/schema\/logo\/image\/\",\"url\":\"https:\/\/gozz4all.com\/wp-content\/uploads\/2020\/04\/Logo-ask-for-better-one.png\",\"contentUrl\":\"https:\/\/gozz4all.com\/wp-content\/uploads\/2020\/04\/Logo-ask-for-better-one.png\",\"width\":146,\"height\":60,\"caption\":\"Gozz4all\"},\"image\":{\"@id\":\"https:\/\/gozz4all.com\/fr\/#\/schema\/logo\/image\/\"},\"sameAs\":[\"https:\/\/www.facebook.com\/gozz4all\/\",\"https:\/\/www.instagram.com\/gozz4allfashion\/?hl=nl\"]}]}<\/script>\n<!-- \/ Yoast SEO plugin. -->","yoast_head_json":{"title":"Fixatie vest universeel | Gozz4All","description":"fixatie-vest-stoel-Universeel- Fysieke en psychische problemen-dementie-evenwicht problemen-wegloop drang-veiligheid-Gozz4all-universeel gebruik","robots":{"index":"index","follow":"follow","max-snippet":"max-snippet:-1","max-image-preview":"max-image-preview:large","max-video-preview":"max-video-preview:-1"},"canonical":"https:\/\/gozz4all.com\/de\/volwassenen\/fixatie-vest-stoel-universeel-fysieke-en-psychische-problemen-dementie-evenwicht-problemen-wegloop-drang-veiligheid\/","og_locale":"de_DE","og_type":"article","og_title":"Fixatie vest universeel | Gozz4All","og_description":"fixatie-vest-stoel-Universeel- Fysieke en psychische problemen-dementie-evenwicht problemen-wegloop drang-veiligheid-Gozz4all-universeel gebruik","og_url":"https:\/\/gozz4all.com\/de\/volwassenen\/fixatie-vest-stoel-universeel-fysieke-en-psychische-problemen-dementie-evenwicht-problemen-wegloop-drang-veiligheid\/","og_site_name":"Gozz4All","article_publisher":"https:\/\/www.facebook.com\/gozz4all\/","article_modified_time":"2022-09-21T12:15:12+00:00","og_image":[{"width":2560,"height":1707,"url":"https:\/\/gozz4all.com\/wp-content\/uploads\/2022\/09\/DSC_0909-scaled.jpg","type":"image\/jpeg"}],"twitter_card":"summary_large_image","twitter_misc":{"Gesch\u00e4tzte Lesezeit":"1\u00a0Minute"},"schema":{"@context":"https:\/\/schema.org","@graph":[{"@type":"WebPage","@id":"https:\/\/gozz4all.com\/volwassenen\/fixatie-vest-stoel-universeel-fysieke-en-psychische-problemen-dementie-evenwicht-problemen-wegloop-drang-veiligheid\/","url":"https:\/\/gozz4all.com\/volwassenen\/fixatie-vest-stoel-universeel-fysieke-en-psychische-problemen-dementie-evenwicht-problemen-wegloop-drang-veiligheid\/","name":"Fixatie vest universeel | Gozz4All","isPartOf":{"@id":"https:\/\/gozz4all.com\/fr\/#website"},"primaryImageOfPage":{"@id":"https:\/\/gozz4all.com\/volwassenen\/fixatie-vest-stoel-universeel-fysieke-en-psychische-problemen-dementie-evenwicht-problemen-wegloop-drang-veiligheid\/#primaryimage"},"image":{"@id":"https:\/\/gozz4all.com\/volwassenen\/fixatie-vest-stoel-universeel-fysieke-en-psychische-problemen-dementie-evenwicht-problemen-wegloop-drang-veiligheid\/#primaryimage"},"thumbnailUrl":"https:\/\/gozz4all.com\/wp-content\/uploads\/2022\/09\/DSC_0909-scaled.jpg","datePublished":"2022-09-06T15:00:32+00:00","dateModified":"2022-09-21T12:15:12+00:00","description":"fixatie-vest-stoel-Universeel- Fysieke en psychische problemen-dementie-evenwicht problemen-wegloop drang-veiligheid-Gozz4all-universeel gebruik","breadcrumb":{"@id":"https:\/\/gozz4all.com\/volwassenen\/fixatie-vest-stoel-universeel-fysieke-en-psychische-problemen-dementie-evenwicht-problemen-wegloop-drang-veiligheid\/#breadcrumb"},"inLanguage":"de","potentialAction":[{"@type":"ReadAction","target":["https:\/\/gozz4all.com\/volwassenen\/fixatie-vest-stoel-universeel-fysieke-en-psychische-problemen-dementie-evenwicht-problemen-wegloop-drang-veiligheid\/"]}]},{"@type":"ImageObject","inLanguage":"de","@id":"https:\/\/gozz4all.com\/volwassenen\/fixatie-vest-stoel-universeel-fysieke-en-psychische-problemen-dementie-evenwicht-problemen-wegloop-drang-veiligheid\/#primaryimage","url":"https:\/\/gozz4all.com\/wp-content\/uploads\/2022\/09\/DSC_0909-scaled.jpg","contentUrl":"https:\/\/gozz4all.com\/wp-content\/uploads\/2022\/09\/DSC_0909-scaled.jpg","width":2560,"height":1707},{"@type":"BreadcrumbList","@id":"https:\/\/gozz4all.com\/volwassenen\/fixatie-vest-stoel-universeel-fysieke-en-psychische-problemen-dementie-evenwicht-problemen-wegloop-drang-veiligheid\/#breadcrumb","itemListElement":[{"@type":"ListItem","position":1,"name":"Home","item":"https:\/\/gozz4all.com\/"},{"@type":"ListItem","position":2,"name":"Producten","item":"https:\/\/gozz4all.com\/shop\/"},{"@type":"ListItem","position":3,"name":"Fixatie vest universeel"}]},{"@type":"WebSite","@id":"https:\/\/gozz4all.com\/fr\/#website","url":"https:\/\/gozz4all.com\/fr\/","name":"Gozz4All","description":"Gozz4All","publisher":{"@id":"https:\/\/gozz4all.com\/fr\/#organization"},"potentialAction":[{"@type":"SearchAction","target":{"@type":"EntryPoint","urlTemplate":"https:\/\/gozz4all.com\/fr\/?s={search_term_string}"},"query-input":{"@type":"PropertyValueSpecification","valueRequired":true,"valueName":"search_term_string"}}],"inLanguage":"de"},{"@type":"Organization","@id":"https:\/\/gozz4all.com\/fr\/#organization","name":"Gozz4all","url":"https:\/\/gozz4all.com\/fr\/","logo":{"@type":"ImageObject","inLanguage":"de","@id":"https:\/\/gozz4all.com\/fr\/#\/schema\/logo\/image\/","url":"https:\/\/gozz4all.com\/wp-content\/uploads\/2020\/04\/Logo-ask-for-better-one.png","contentUrl":"https:\/\/gozz4all.com\/wp-content\/uploads\/2020\/04\/Logo-ask-for-better-one.png","width":146,"height":60,"caption":"Gozz4all"},"image":{"@id":"https:\/\/gozz4all.com\/fr\/#\/schema\/logo\/image\/"},"sameAs":["https:\/\/www.facebook.com\/gozz4all\/","https:\/\/www.instagram.com\/gozz4allfashion\/?hl=nl"]}]}},"_links":{"self":[{"href":"https:\/\/gozz4all.com\/de\/wp-json\/wp\/v2\/product\/20031","targetHints":{"allow":["GET"]}}],"collection":[{"href":"https:\/\/gozz4all.com\/de\/wp-json\/wp\/v2\/product"}],"about":[{"href":"https:\/\/gozz4all.com\/de\/wp-json\/wp\/v2\/types\/product"}],"wp:featuredmedia":[{"embeddable":true,"href":"https:\/\/gozz4all.com\/de\/wp-json\/wp\/v2\/media\/20106"}],"wp:attachment":[{"href":"https:\/\/gozz4all.com\/de\/wp-json\/wp\/v2\/media?parent=20031"}],"wp:term":[{"taxonomy":"product_brand","embeddable":true,"href":"https:\/\/gozz4all.com\/de\/wp-json\/wp\/v2\/product_brand?post=20031"},{"taxonomy":"product_cat","embeddable":true,"href":"https:\/\/gozz4all.com\/de\/wp-json\/wp\/v2\/product_cat?post=20031"},{"taxonomy":"product_tag","embeddable":true,"href":"https:\/\/gozz4all.com\/de\/wp-json\/wp\/v2\/product_tag?post=20031"}],"curies":[{"name":"wp","href":"https:\/\/api.w.org\/{rel}","templated":true}]}}