{"id":19798,"date":"2022-08-30T12:45:09","date_gmt":"2022-08-30T10:45:09","guid":{"rendered":"https:\/\/gozz4all.com\/?post_type=product&#038;p=19798"},"modified":"2022-09-02T14:32:47","modified_gmt":"2022-09-02T12:32:47","slug":"verzwaringsdeken-therapeutisch-deken-antischeur-cordura-7-kg-ontspanning-rustgevend","status":"publish","type":"product","link":"https:\/\/gozz4all.com\/de\/product\/verzwaringsdeken-therapeutisch-deken-antischeur-cordura-7-kg-ontspanning-rustgevend\/","title":{"rendered":"Verschlimmerungsdecke\/Therapiedecke\/Anti-Riss 7kg"},"content":{"rendered":"<p>Sicherlich ist ein guter Schlaf wichtig, sowohl f\u00fcr die Person, die Probleme damit hat, als auch f\u00fcr das Pflegepersonal\/ die Betreuungsperson.<\/p>\n<p>Denn schon ein paar Stunden Ruhe am Tag k\u00f6nnen den Unterschied ausmachen.<\/p>\n<p>Diese Decke besteht aus Glasperlen, die als Polsterung dienen und gut verteilt sind, so dass sie Sie beim Schlafen nicht st\u00f6ren.<\/p>\n<p>Das Ergebnis ist ein sehr angenehmes Gef\u00fchl von Sicherheit, Ruhe und Entspannung.<\/p>\n<p>Um diese Decke herum ist eine H\u00fclle aus Cordura.  Dieser Stoff ist sehr stark und macht es Personen mit zwanghaftem Rei\u00dfverhalten schwer, ihn zu zerrei\u00dfen.<\/p>\n<p>Die Cordura-Gewebe werden aus einem <a title=\"Nylon\" href=\"https:\/\/nl.wikipedia.org\/wiki\/Nylon\">Nylon 6.6<\/a>&#8211;<a class=\"mw-redirect\" title=\"Textilrohstoffe\" href=\"https:\/\/nl.wikipedia.org\/wiki\/Textiele_grondstoffen\">Fasern<\/a>\u00a0hergestellt, und die allgemeine Eigenschaft ist, dass das Gewebe schweren Belastungen standh\u00e4lt.<\/p>\n<p>Der Stoff wird f\u00fcr Koffer, Rucks\u00e4cke, Schuhe und Milit\u00e4rkleidung verwendet. Das Material ist abriebfest (Abrieb), rei\u00dffest und widerstandsf\u00e4hig gegen raue Behandlung.<\/p>\n<p>Dieser ist f\u00fcr zus\u00e4tzliche Festigkeit doppelt gen\u00e4ht und daher auch an der Decke befestigt.<\/p>\n<p><strong>Merkmale:<\/strong><\/p>\n<p>Produktion von Serotonin und Melatonin<br \/>\nWeich und bequem<br \/>\nAngenehm bei Muskelschmerzen<br \/>\nSorgt f\u00fcr optimale Entspannung<br \/>\n4 Jahreszeiten<br \/>\nHypoallergen<\/p>\n<p><strong>Bew\u00e4hrte Vorteile:<\/strong><\/p>\n<p>Eine beschwerte Decke hat nachweislich eine Reihe von Vorteilen. Durch das Beschweren k\u00f6nnen Sie sich besser entspannen und Ihr K\u00f6rper produziert Serotonin und Melatonin. Serotonin ist ein Gl\u00fcckshormon und reduziert \u00c4ngste, Melatonin macht schl\u00e4frig, wenn es dunkel wird.<\/p>\n<p>Gr\u00f6\u00dfe: 200 x 140 cm<\/p>\n<p>7KG<\/p>\n<p>Sie ist f\u00fcr jede Jahreszeit geeignet, da sie aus Polyester- und Baumwollfasern hergestellt ist. Dadurch bleibt die Decke atmungsaktiv und luftig.<\/p>\n<p>Waschanleitung: 30\u00b0 und nat\u00fcrliches Trocknen<\/p>\n<p><strong>\u00a0<\/strong><\/p>","protected":false},"excerpt":{"rendered":"<p>Sicherlich ist ein guter Schlaf wichtig, sowohl f\u00fcr die Person, die Probleme damit hat, als auch f\u00fcr das Pflegepersonal\/ die Betreuungsperson.<\/p>\n<p>Denn schon ein paar Stunden Ruhe am Tag k\u00f6nnen den Unterschied ausmachen.<\/p>\n<p>Diese Decke besteht aus Glasperlen, die als Polsterung dienen und gut verteilt sind, so dass sie Sie beim Schlafen nicht st\u00f6ren.<\/p>\n<p>Das Ergebnis ist ein sehr angenehmes Gef\u00fchl von Sicherheit, Ruhe und Entspannung.<\/p>\n<p>Rond deze deken is een hoes van Cordura gemaakt? deze stof is zeer sterk en maakt het moeilijk voor personen met een dwangmatig scheurgedrag om het te plukken en of te scheuren.<\/p>\n<p>Die Cordura-Gewebe werden aus einem <a title=\"Nylon\" href=\"https:\/\/nl.wikipedia.org\/wiki\/Nylon\">Nylon 6.6<\/a>&#8211;<a class=\"mw-redirect\" title=\"Textilrohstoffe\" href=\"https:\/\/nl.wikipedia.org\/wiki\/Textiele_grondstoffen\">Fasern<\/a>\u00a0hergestellt, und die allgemeine Eigenschaft ist, dass das Gewebe schweren Belastungen standh\u00e4lt.<\/p>\n<p>Der Stoff wird f\u00fcr Koffer, Rucks\u00e4cke, Schuhe und Milit\u00e4rkleidung verwendet. Das Material ist abriebfest (Abrieb), rei\u00dffest und widerstandsf\u00e4hig gegen raue Behandlung.<\/p>\n<p>Dieser ist f\u00fcr zus\u00e4tzliche Festigkeit doppelt gen\u00e4ht und daher auch an der Decke befestigt.<\/p>\n<p><strong>Merkmale:<\/strong><\/p>\n<p>Produktion von Serotonin und Melatonin<br \/>\nWeich und bequem<br \/>\nAngenehm bei Muskelschmerzen<br \/>\nSorgt f\u00fcr optimale Entspannung<br \/>\nAll-season<br \/>\nHypoallergen<\/p>\n<p><strong>Bew\u00e4hrte Vorteile:<\/strong><\/p>\n<p>Eine beschwerte Decke hat nachweislich eine Reihe von Vorteilen. Durch das Beschweren k\u00f6nnen Sie sich besser entspannen und Ihr K\u00f6rper produziert Serotonin und Melatonin. Serotonin ist ein Gl\u00fcckshormon und reduziert \u00c4ngste, Melatonin macht schl\u00e4frig, wenn es dunkel wird.<\/p>\n<p>Gr\u00f6\u00dfe: 200 x 140 cm<\/p>\n<p>7KG<\/p>\n<p>Sie ist f\u00fcr jede Jahreszeit geeignet, da sie aus Polyester- und Baumwollfasern hergestellt ist. Dadurch bleibt die Decke atmungsaktiv und luftig.<\/p>\n<p>Waschanleitung: 30\u00b0 und nat\u00fcrliches Trocknen<\/p>","protected":false},"featured_media":19799,"template":"","meta":[],"product_brand":[],"product_cat":[613,611,612,445,471,254],"product_tag":[],"class_list":{"0":"post-19798","1":"product","2":"type-product","3":"status-publish","4":"has-post-thumbnail","6":"product_cat-volwassenen","7":"product_cat-kids","8":"product_cat-ouderen-dementie","9":"product_cat-new","10":"product_cat-anti-scheur-assortiment","11":"product_cat-hulpmiddelen","12":"pif-has-gallery","14":"first","15":"instock","16":"taxable","17":"shipping-taxable","18":"purchasable","19":"product-type-simple"},"yoast_head":"<!-- This site is optimized with the Yoast SEO plugin v27.2 - https:\/\/yoast.com\/product\/yoast-seo-wordpress\/ -->\n<title>Verzwaringsdeken\/therapeutisch deken\/anti scheur 7kg | Gozz4All<\/title>\n<meta name=\"description\" content=\"verzwaringsdeken- therapeutisch deken- antischeur- 7 kg-ontspanning\/rust- hoes in Cordura stof-anti scheur-smeer gedrag-anti pluk- autoagressie-Gozz4all\" \/>\n<meta name=\"robots\" content=\"index, follow, max-snippet:-1, max-image-preview:large, max-video-preview:-1\" \/>\n<link rel=\"canonical\" href=\"https:\/\/gozz4all.com\/de\/volwassenen\/verzwaringsdeken-therapeutisch-deken-antischeur-cordura-7-kg-ontspanning-rustgevend\/\" \/>\n<meta property=\"og:locale\" content=\"de_DE\" \/>\n<meta property=\"og:type\" content=\"article\" \/>\n<meta property=\"og:title\" content=\"Verzwaringsdeken\/therapeutisch deken\/anti scheur 7kg | Gozz4All\" \/>\n<meta property=\"og:description\" content=\"verzwaringsdeken- therapeutisch deken- antischeur- 7 kg-ontspanning\/rust- hoes in Cordura stof-anti scheur-smeer gedrag-anti pluk- autoagressie-Gozz4all\" \/>\n<meta property=\"og:url\" content=\"https:\/\/gozz4all.com\/de\/volwassenen\/verzwaringsdeken-therapeutisch-deken-antischeur-cordura-7-kg-ontspanning-rustgevend\/\" \/>\n<meta property=\"og:site_name\" content=\"Gozz4All\" \/>\n<meta property=\"article:publisher\" content=\"https:\/\/www.facebook.com\/gozz4all\/\" \/>\n<meta property=\"article:modified_time\" content=\"2022-09-02T12:32:47+00:00\" \/>\n<meta property=\"og:image\" content=\"https:\/\/gozz4all.com\/wp-content\/uploads\/2022\/08\/DSC_1166-scaled.jpg\" \/>\n\t<meta property=\"og:image:width\" content=\"2560\" \/>\n\t<meta property=\"og:image:height\" content=\"1707\" \/>\n\t<meta property=\"og:image:type\" content=\"image\/jpeg\" \/>\n<meta name=\"twitter:card\" content=\"summary_large_image\" \/>\n<meta name=\"twitter:label1\" content=\"Gesch\u00e4tzte Lesezeit\" \/>\n\t<meta name=\"twitter:data1\" content=\"1\u00a0Minute\" \/>\n<script type=\"application\/ld+json\" class=\"yoast-schema-graph\">{\"@context\":\"https:\/\/schema.org\",\"@graph\":[{\"@type\":\"WebPage\",\"@id\":\"https:\/\/gozz4all.com\/volwassenen\/verzwaringsdeken-therapeutisch-deken-antischeur-cordura-7-kg-ontspanning-rustgevend\/\",\"url\":\"https:\/\/gozz4all.com\/volwassenen\/verzwaringsdeken-therapeutisch-deken-antischeur-cordura-7-kg-ontspanning-rustgevend\/\",\"name\":\"Verzwaringsdeken\/therapeutisch deken\/anti scheur 7kg | Gozz4All\",\"isPartOf\":{\"@id\":\"https:\/\/gozz4all.com\/fr\/#website\"},\"primaryImageOfPage\":{\"@id\":\"https:\/\/gozz4all.com\/volwassenen\/verzwaringsdeken-therapeutisch-deken-antischeur-cordura-7-kg-ontspanning-rustgevend\/#primaryimage\"},\"image\":{\"@id\":\"https:\/\/gozz4all.com\/volwassenen\/verzwaringsdeken-therapeutisch-deken-antischeur-cordura-7-kg-ontspanning-rustgevend\/#primaryimage\"},\"thumbnailUrl\":\"https:\/\/gozz4all.com\/wp-content\/uploads\/2022\/08\/DSC_1166-scaled.jpg\",\"datePublished\":\"2022-08-30T10:45:09+00:00\",\"dateModified\":\"2022-09-02T12:32:47+00:00\",\"description\":\"verzwaringsdeken- therapeutisch deken- antischeur- 7 kg-ontspanning\/rust- hoes in Cordura stof-anti scheur-smeer gedrag-anti pluk- autoagressie-Gozz4all\",\"breadcrumb\":{\"@id\":\"https:\/\/gozz4all.com\/volwassenen\/verzwaringsdeken-therapeutisch-deken-antischeur-cordura-7-kg-ontspanning-rustgevend\/#breadcrumb\"},\"inLanguage\":\"de\",\"potentialAction\":[{\"@type\":\"ReadAction\",\"target\":[\"https:\/\/gozz4all.com\/volwassenen\/verzwaringsdeken-therapeutisch-deken-antischeur-cordura-7-kg-ontspanning-rustgevend\/\"]}]},{\"@type\":\"ImageObject\",\"inLanguage\":\"de\",\"@id\":\"https:\/\/gozz4all.com\/volwassenen\/verzwaringsdeken-therapeutisch-deken-antischeur-cordura-7-kg-ontspanning-rustgevend\/#primaryimage\",\"url\":\"https:\/\/gozz4all.com\/wp-content\/uploads\/2022\/08\/DSC_1166-scaled.jpg\",\"contentUrl\":\"https:\/\/gozz4all.com\/wp-content\/uploads\/2022\/08\/DSC_1166-scaled.jpg\",\"width\":2560,\"height\":1707},{\"@type\":\"BreadcrumbList\",\"@id\":\"https:\/\/gozz4all.com\/volwassenen\/verzwaringsdeken-therapeutisch-deken-antischeur-cordura-7-kg-ontspanning-rustgevend\/#breadcrumb\",\"itemListElement\":[{\"@type\":\"ListItem\",\"position\":1,\"name\":\"Home\",\"item\":\"https:\/\/gozz4all.com\/\"},{\"@type\":\"ListItem\",\"position\":2,\"name\":\"Producten\",\"item\":\"https:\/\/gozz4all.com\/shop\/\"},{\"@type\":\"ListItem\",\"position\":3,\"name\":\"Verzwaringsdeken\/therapeutisch deken\/anti scheur 7kg\"}]},{\"@type\":\"WebSite\",\"@id\":\"https:\/\/gozz4all.com\/fr\/#website\",\"url\":\"https:\/\/gozz4all.com\/fr\/\",\"name\":\"Gozz4All\",\"description\":\"Gozz4All\",\"publisher\":{\"@id\":\"https:\/\/gozz4all.com\/fr\/#organization\"},\"potentialAction\":[{\"@type\":\"SearchAction\",\"target\":{\"@type\":\"EntryPoint\",\"urlTemplate\":\"https:\/\/gozz4all.com\/fr\/?s={search_term_string}\"},\"query-input\":{\"@type\":\"PropertyValueSpecification\",\"valueRequired\":true,\"valueName\":\"search_term_string\"}}],\"inLanguage\":\"de\"},{\"@type\":\"Organization\",\"@id\":\"https:\/\/gozz4all.com\/fr\/#organization\",\"name\":\"Gozz4all\",\"url\":\"https:\/\/gozz4all.com\/fr\/\",\"logo\":{\"@type\":\"ImageObject\",\"inLanguage\":\"de\",\"@id\":\"https:\/\/gozz4all.com\/fr\/#\/schema\/logo\/image\/\",\"url\":\"https:\/\/gozz4all.com\/wp-content\/uploads\/2020\/04\/Logo-ask-for-better-one.png\",\"contentUrl\":\"https:\/\/gozz4all.com\/wp-content\/uploads\/2020\/04\/Logo-ask-for-better-one.png\",\"width\":146,\"height\":60,\"caption\":\"Gozz4all\"},\"image\":{\"@id\":\"https:\/\/gozz4all.com\/fr\/#\/schema\/logo\/image\/\"},\"sameAs\":[\"https:\/\/www.facebook.com\/gozz4all\/\",\"https:\/\/www.instagram.com\/gozz4allfashion\/?hl=nl\"]}]}<\/script>\n<!-- \/ Yoast SEO plugin. -->","yoast_head_json":{"title":"Verzwaringsdeken\/therapeutisch deken\/anti scheur 7kg | Gozz4All","description":"verzwaringsdeken- therapeutisch deken- antischeur- 7 kg-ontspanning\/rust- hoes in Cordura stof-anti scheur-smeer gedrag-anti pluk- autoagressie-Gozz4all","robots":{"index":"index","follow":"follow","max-snippet":"max-snippet:-1","max-image-preview":"max-image-preview:large","max-video-preview":"max-video-preview:-1"},"canonical":"https:\/\/gozz4all.com\/de\/volwassenen\/verzwaringsdeken-therapeutisch-deken-antischeur-cordura-7-kg-ontspanning-rustgevend\/","og_locale":"de_DE","og_type":"article","og_title":"Verzwaringsdeken\/therapeutisch deken\/anti scheur 7kg | Gozz4All","og_description":"verzwaringsdeken- therapeutisch deken- antischeur- 7 kg-ontspanning\/rust- hoes in Cordura stof-anti scheur-smeer gedrag-anti pluk- autoagressie-Gozz4all","og_url":"https:\/\/gozz4all.com\/de\/volwassenen\/verzwaringsdeken-therapeutisch-deken-antischeur-cordura-7-kg-ontspanning-rustgevend\/","og_site_name":"Gozz4All","article_publisher":"https:\/\/www.facebook.com\/gozz4all\/","article_modified_time":"2022-09-02T12:32:47+00:00","og_image":[{"width":2560,"height":1707,"url":"https:\/\/gozz4all.com\/wp-content\/uploads\/2022\/08\/DSC_1166-scaled.jpg","type":"image\/jpeg"}],"twitter_card":"summary_large_image","twitter_misc":{"Gesch\u00e4tzte Lesezeit":"1\u00a0Minute"},"schema":{"@context":"https:\/\/schema.org","@graph":[{"@type":"WebPage","@id":"https:\/\/gozz4all.com\/volwassenen\/verzwaringsdeken-therapeutisch-deken-antischeur-cordura-7-kg-ontspanning-rustgevend\/","url":"https:\/\/gozz4all.com\/volwassenen\/verzwaringsdeken-therapeutisch-deken-antischeur-cordura-7-kg-ontspanning-rustgevend\/","name":"Verzwaringsdeken\/therapeutisch deken\/anti scheur 7kg | Gozz4All","isPartOf":{"@id":"https:\/\/gozz4all.com\/fr\/#website"},"primaryImageOfPage":{"@id":"https:\/\/gozz4all.com\/volwassenen\/verzwaringsdeken-therapeutisch-deken-antischeur-cordura-7-kg-ontspanning-rustgevend\/#primaryimage"},"image":{"@id":"https:\/\/gozz4all.com\/volwassenen\/verzwaringsdeken-therapeutisch-deken-antischeur-cordura-7-kg-ontspanning-rustgevend\/#primaryimage"},"thumbnailUrl":"https:\/\/gozz4all.com\/wp-content\/uploads\/2022\/08\/DSC_1166-scaled.jpg","datePublished":"2022-08-30T10:45:09+00:00","dateModified":"2022-09-02T12:32:47+00:00","description":"verzwaringsdeken- therapeutisch deken- antischeur- 7 kg-ontspanning\/rust- hoes in Cordura stof-anti scheur-smeer gedrag-anti pluk- autoagressie-Gozz4all","breadcrumb":{"@id":"https:\/\/gozz4all.com\/volwassenen\/verzwaringsdeken-therapeutisch-deken-antischeur-cordura-7-kg-ontspanning-rustgevend\/#breadcrumb"},"inLanguage":"de","potentialAction":[{"@type":"ReadAction","target":["https:\/\/gozz4all.com\/volwassenen\/verzwaringsdeken-therapeutisch-deken-antischeur-cordura-7-kg-ontspanning-rustgevend\/"]}]},{"@type":"ImageObject","inLanguage":"de","@id":"https:\/\/gozz4all.com\/volwassenen\/verzwaringsdeken-therapeutisch-deken-antischeur-cordura-7-kg-ontspanning-rustgevend\/#primaryimage","url":"https:\/\/gozz4all.com\/wp-content\/uploads\/2022\/08\/DSC_1166-scaled.jpg","contentUrl":"https:\/\/gozz4all.com\/wp-content\/uploads\/2022\/08\/DSC_1166-scaled.jpg","width":2560,"height":1707},{"@type":"BreadcrumbList","@id":"https:\/\/gozz4all.com\/volwassenen\/verzwaringsdeken-therapeutisch-deken-antischeur-cordura-7-kg-ontspanning-rustgevend\/#breadcrumb","itemListElement":[{"@type":"ListItem","position":1,"name":"Home","item":"https:\/\/gozz4all.com\/"},{"@type":"ListItem","position":2,"name":"Producten","item":"https:\/\/gozz4all.com\/shop\/"},{"@type":"ListItem","position":3,"name":"Verzwaringsdeken\/therapeutisch deken\/anti scheur 7kg"}]},{"@type":"WebSite","@id":"https:\/\/gozz4all.com\/fr\/#website","url":"https:\/\/gozz4all.com\/fr\/","name":"Gozz4All","description":"Gozz4All","publisher":{"@id":"https:\/\/gozz4all.com\/fr\/#organization"},"potentialAction":[{"@type":"SearchAction","target":{"@type":"EntryPoint","urlTemplate":"https:\/\/gozz4all.com\/fr\/?s={search_term_string}"},"query-input":{"@type":"PropertyValueSpecification","valueRequired":true,"valueName":"search_term_string"}}],"inLanguage":"de"},{"@type":"Organization","@id":"https:\/\/gozz4all.com\/fr\/#organization","name":"Gozz4all","url":"https:\/\/gozz4all.com\/fr\/","logo":{"@type":"ImageObject","inLanguage":"de","@id":"https:\/\/gozz4all.com\/fr\/#\/schema\/logo\/image\/","url":"https:\/\/gozz4all.com\/wp-content\/uploads\/2020\/04\/Logo-ask-for-better-one.png","contentUrl":"https:\/\/gozz4all.com\/wp-content\/uploads\/2020\/04\/Logo-ask-for-better-one.png","width":146,"height":60,"caption":"Gozz4all"},"image":{"@id":"https:\/\/gozz4all.com\/fr\/#\/schema\/logo\/image\/"},"sameAs":["https:\/\/www.facebook.com\/gozz4all\/","https:\/\/www.instagram.com\/gozz4allfashion\/?hl=nl"]}]}},"_links":{"self":[{"href":"https:\/\/gozz4all.com\/de\/wp-json\/wp\/v2\/product\/19798","targetHints":{"allow":["GET"]}}],"collection":[{"href":"https:\/\/gozz4all.com\/de\/wp-json\/wp\/v2\/product"}],"about":[{"href":"https:\/\/gozz4all.com\/de\/wp-json\/wp\/v2\/types\/product"}],"wp:featuredmedia":[{"embeddable":true,"href":"https:\/\/gozz4all.com\/de\/wp-json\/wp\/v2\/media\/19799"}],"wp:attachment":[{"href":"https:\/\/gozz4all.com\/de\/wp-json\/wp\/v2\/media?parent=19798"}],"wp:term":[{"taxonomy":"product_brand","embeddable":true,"href":"https:\/\/gozz4all.com\/de\/wp-json\/wp\/v2\/product_brand?post=19798"},{"taxonomy":"product_cat","embeddable":true,"href":"https:\/\/gozz4all.com\/de\/wp-json\/wp\/v2\/product_cat?post=19798"},{"taxonomy":"product_tag","embeddable":true,"href":"https:\/\/gozz4all.com\/de\/wp-json\/wp\/v2\/product_tag?post=19798"}],"curies":[{"name":"wp","href":"https:\/\/api.w.org\/{rel}","templated":true}]}}