{"id":19039,"date":"2022-08-01T17:29:52","date_gmt":"2022-08-01T15:29:52","guid":{"rendered":"https:\/\/gozz4all.com\/?post_type=product&#038;p=19039"},"modified":"2025-01-21T12:15:21","modified_gmt":"2025-01-21T10:15:21","slug":"slabsjaal-vrolijk","status":"publish","type":"product","link":"https:\/\/gozz4all.com\/de\/product\/slabsjaal-vrolijk\/","title":{"rendered":"Slabsjaal vrolijk"},"content":{"rendered":"<p>Schlabberschal: Sch\u00f6ner Schal, mit dem man sich sehen lassen kann! Wasserdichte R\u00fcckseite, so dass keine Feuchtigkeit durchdringen kann, die Flecken auf der Kleidung verursacht.<\/p>\n<p><b>Sch\u00f6ner Schal, saugf\u00e4hige und wasserdichte R\u00fcckseite<\/b><br \/>\n-&gt; reizt nicht<br \/>\n-&gt; Mehrfach waschbar bei 60\u00b0C<br \/>\n-&gt; In verschiedenen Gr\u00f6\u00dfen erh\u00e4ltlich<\/p>\n<p>Die R\u00fcckseite ist wasserdicht und dennoch sehr weich auf der Haut<\/p>\n<p>Verschluss: 2 Druckkn\u00f6pfe auf der R\u00fcckseite<\/p>\n<p><strong>Zusammensetzung:<br \/>\n<\/strong>Voorzijde: 100%katoen<\/p>","protected":false},"excerpt":{"rendered":"<p><b>Sch\u00f6ner Schal, saugf\u00e4hige und wasserdichte R\u00fcckseite<\/b><br \/>\n-&gt; reizt nicht<br \/>\n-&gt; Mehrfach waschbar bei 60\u00b0C<br \/>\n-&gt; In verschiedenen Gr\u00f6\u00dfen erh\u00e4ltlich<\/p>\n<p>Die R\u00fcckseite ist wasserdicht und dennoch sehr weich auf der Haut<\/p>\n<p>Verschluss: 2 Druckkn\u00f6pfe auf der R\u00fcckseite<\/p>\n<p><strong>Zusammensetzung:<br \/>\n<\/strong>Voorzijde: 100%katoen<\/p>\n<p>Achterzijde: 100 % waterproof<\/p>","protected":false},"featured_media":19044,"template":"","meta":[],"product_brand":[],"product_cat":[611,612,613,445,47],"product_tag":[],"class_list":{"0":"post-19039","1":"product","2":"type-product","3":"status-publish","4":"has-post-thumbnail","6":"product_cat-kids","7":"product_cat-ouderen-dementie","8":"product_cat-volwassenen","9":"product_cat-new","10":"product_cat-slabbetjes","11":"pa_maat-s-2","12":"pa_maat-m-2","13":"pa_maat-l-2","14":"pif-has-gallery","16":"first","17":"outofstock","18":"taxable","19":"shipping-taxable","20":"product-type-simple"},"yoast_head":"<!-- This site is optimized with the Yoast SEO plugin v27.2 - https:\/\/yoast.com\/product\/yoast-seo-wordpress\/ -->\n<title>Slabsjaal vrolijk | Gozz4All<\/title>\n<meta name=\"description\" content=\"slabsjaal: mooie sjaal waarmee je gezien mag worden! Waterproof achterzijde, waardoor er geen vocht door kan dat plekken maakt op de kleding.\" \/>\n<meta name=\"robots\" content=\"index, follow, max-snippet:-1, max-image-preview:large, max-video-preview:-1\" \/>\n<link rel=\"canonical\" href=\"https:\/\/gozz4all.com\/de\/produkt\/slabsjaal-vrolijk\/\" \/>\n<meta property=\"og:locale\" content=\"de_DE\" \/>\n<meta property=\"og:type\" content=\"article\" \/>\n<meta property=\"og:title\" content=\"Slabsjaal vrolijk | Gozz4All\" \/>\n<meta property=\"og:description\" content=\"slabsjaal: mooie sjaal waarmee je gezien mag worden! Waterproof achterzijde, waardoor er geen vocht door kan dat plekken maakt op de kleding.\" \/>\n<meta property=\"og:url\" content=\"https:\/\/gozz4all.com\/de\/produkt\/slabsjaal-vrolijk\/\" \/>\n<meta property=\"og:site_name\" content=\"Gozz4All\" \/>\n<meta property=\"article:publisher\" content=\"https:\/\/www.facebook.com\/gozz4all\/\" \/>\n<meta property=\"article:modified_time\" content=\"2025-01-21T10:15:21+00:00\" \/>\n<meta property=\"og:image\" content=\"https:\/\/gozz4all.com\/wp-content\/uploads\/2022\/08\/DSC_1026-scaled.jpg\" \/>\n\t<meta property=\"og:image:width\" content=\"2560\" \/>\n\t<meta property=\"og:image:height\" content=\"1707\" \/>\n\t<meta property=\"og:image:type\" content=\"image\/jpeg\" \/>\n<meta name=\"twitter:card\" content=\"summary_large_image\" \/>\n<script type=\"application\/ld+json\" class=\"yoast-schema-graph\">{\"@context\":\"https:\/\/schema.org\",\"@graph\":[{\"@type\":\"WebPage\",\"@id\":\"https:\/\/gozz4all.com\/product\/slabsjaal-vrolijk\/\",\"url\":\"https:\/\/gozz4all.com\/product\/slabsjaal-vrolijk\/\",\"name\":\"Slabsjaal vrolijk | Gozz4All\",\"isPartOf\":{\"@id\":\"https:\/\/gozz4all.com\/fr\/#website\"},\"primaryImageOfPage\":{\"@id\":\"https:\/\/gozz4all.com\/product\/slabsjaal-vrolijk\/#primaryimage\"},\"image\":{\"@id\":\"https:\/\/gozz4all.com\/product\/slabsjaal-vrolijk\/#primaryimage\"},\"thumbnailUrl\":\"https:\/\/gozz4all.com\/wp-content\/uploads\/2022\/08\/DSC_1026-scaled.jpg\",\"datePublished\":\"2022-08-01T15:29:52+00:00\",\"dateModified\":\"2025-01-21T10:15:21+00:00\",\"description\":\"slabsjaal: mooie sjaal waarmee je gezien mag worden! Waterproof achterzijde, waardoor er geen vocht door kan dat plekken maakt op de kleding.\",\"breadcrumb\":{\"@id\":\"https:\/\/gozz4all.com\/product\/slabsjaal-vrolijk\/#breadcrumb\"},\"inLanguage\":\"de\",\"potentialAction\":[{\"@type\":\"ReadAction\",\"target\":[\"https:\/\/gozz4all.com\/product\/slabsjaal-vrolijk\/\"]}]},{\"@type\":\"ImageObject\",\"inLanguage\":\"de\",\"@id\":\"https:\/\/gozz4all.com\/product\/slabsjaal-vrolijk\/#primaryimage\",\"url\":\"https:\/\/gozz4all.com\/wp-content\/uploads\/2022\/08\/DSC_1026-scaled.jpg\",\"contentUrl\":\"https:\/\/gozz4all.com\/wp-content\/uploads\/2022\/08\/DSC_1026-scaled.jpg\",\"width\":2560,\"height\":1707},{\"@type\":\"BreadcrumbList\",\"@id\":\"https:\/\/gozz4all.com\/product\/slabsjaal-vrolijk\/#breadcrumb\",\"itemListElement\":[{\"@type\":\"ListItem\",\"position\":1,\"name\":\"Home\",\"item\":\"https:\/\/gozz4all.com\/\"},{\"@type\":\"ListItem\",\"position\":2,\"name\":\"Producten\",\"item\":\"https:\/\/gozz4all.com\/shop\/\"},{\"@type\":\"ListItem\",\"position\":3,\"name\":\"Slabsjaal vrolijk\"}]},{\"@type\":\"WebSite\",\"@id\":\"https:\/\/gozz4all.com\/fr\/#website\",\"url\":\"https:\/\/gozz4all.com\/fr\/\",\"name\":\"Gozz4All\",\"description\":\"Gozz4All\",\"publisher\":{\"@id\":\"https:\/\/gozz4all.com\/fr\/#organization\"},\"potentialAction\":[{\"@type\":\"SearchAction\",\"target\":{\"@type\":\"EntryPoint\",\"urlTemplate\":\"https:\/\/gozz4all.com\/fr\/?s={search_term_string}\"},\"query-input\":{\"@type\":\"PropertyValueSpecification\",\"valueRequired\":true,\"valueName\":\"search_term_string\"}}],\"inLanguage\":\"de\"},{\"@type\":\"Organization\",\"@id\":\"https:\/\/gozz4all.com\/fr\/#organization\",\"name\":\"Gozz4all\",\"url\":\"https:\/\/gozz4all.com\/fr\/\",\"logo\":{\"@type\":\"ImageObject\",\"inLanguage\":\"de\",\"@id\":\"https:\/\/gozz4all.com\/fr\/#\/schema\/logo\/image\/\",\"url\":\"https:\/\/gozz4all.com\/wp-content\/uploads\/2020\/04\/Logo-ask-for-better-one.png\",\"contentUrl\":\"https:\/\/gozz4all.com\/wp-content\/uploads\/2020\/04\/Logo-ask-for-better-one.png\",\"width\":146,\"height\":60,\"caption\":\"Gozz4all\"},\"image\":{\"@id\":\"https:\/\/gozz4all.com\/fr\/#\/schema\/logo\/image\/\"},\"sameAs\":[\"https:\/\/www.facebook.com\/gozz4all\/\",\"https:\/\/www.instagram.com\/gozz4allfashion\/?hl=nl\"]}]}<\/script>\n<!-- \/ Yoast SEO plugin. -->","yoast_head_json":{"title":"Slabsjaal vrolijk | Gozz4All","description":"slabsjaal: mooie sjaal waarmee je gezien mag worden! Waterproof achterzijde, waardoor er geen vocht door kan dat plekken maakt op de kleding.","robots":{"index":"index","follow":"follow","max-snippet":"max-snippet:-1","max-image-preview":"max-image-preview:large","max-video-preview":"max-video-preview:-1"},"canonical":"https:\/\/gozz4all.com\/de\/produkt\/slabsjaal-vrolijk\/","og_locale":"de_DE","og_type":"article","og_title":"Slabsjaal vrolijk | Gozz4All","og_description":"slabsjaal: mooie sjaal waarmee je gezien mag worden! Waterproof achterzijde, waardoor er geen vocht door kan dat plekken maakt op de kleding.","og_url":"https:\/\/gozz4all.com\/de\/produkt\/slabsjaal-vrolijk\/","og_site_name":"Gozz4All","article_publisher":"https:\/\/www.facebook.com\/gozz4all\/","article_modified_time":"2025-01-21T10:15:21+00:00","og_image":[{"width":2560,"height":1707,"url":"https:\/\/gozz4all.com\/wp-content\/uploads\/2022\/08\/DSC_1026-scaled.jpg","type":"image\/jpeg"}],"twitter_card":"summary_large_image","schema":{"@context":"https:\/\/schema.org","@graph":[{"@type":"WebPage","@id":"https:\/\/gozz4all.com\/product\/slabsjaal-vrolijk\/","url":"https:\/\/gozz4all.com\/product\/slabsjaal-vrolijk\/","name":"Slabsjaal vrolijk | Gozz4All","isPartOf":{"@id":"https:\/\/gozz4all.com\/fr\/#website"},"primaryImageOfPage":{"@id":"https:\/\/gozz4all.com\/product\/slabsjaal-vrolijk\/#primaryimage"},"image":{"@id":"https:\/\/gozz4all.com\/product\/slabsjaal-vrolijk\/#primaryimage"},"thumbnailUrl":"https:\/\/gozz4all.com\/wp-content\/uploads\/2022\/08\/DSC_1026-scaled.jpg","datePublished":"2022-08-01T15:29:52+00:00","dateModified":"2025-01-21T10:15:21+00:00","description":"slabsjaal: mooie sjaal waarmee je gezien mag worden! Waterproof achterzijde, waardoor er geen vocht door kan dat plekken maakt op de kleding.","breadcrumb":{"@id":"https:\/\/gozz4all.com\/product\/slabsjaal-vrolijk\/#breadcrumb"},"inLanguage":"de","potentialAction":[{"@type":"ReadAction","target":["https:\/\/gozz4all.com\/product\/slabsjaal-vrolijk\/"]}]},{"@type":"ImageObject","inLanguage":"de","@id":"https:\/\/gozz4all.com\/product\/slabsjaal-vrolijk\/#primaryimage","url":"https:\/\/gozz4all.com\/wp-content\/uploads\/2022\/08\/DSC_1026-scaled.jpg","contentUrl":"https:\/\/gozz4all.com\/wp-content\/uploads\/2022\/08\/DSC_1026-scaled.jpg","width":2560,"height":1707},{"@type":"BreadcrumbList","@id":"https:\/\/gozz4all.com\/product\/slabsjaal-vrolijk\/#breadcrumb","itemListElement":[{"@type":"ListItem","position":1,"name":"Home","item":"https:\/\/gozz4all.com\/"},{"@type":"ListItem","position":2,"name":"Producten","item":"https:\/\/gozz4all.com\/shop\/"},{"@type":"ListItem","position":3,"name":"Slabsjaal vrolijk"}]},{"@type":"WebSite","@id":"https:\/\/gozz4all.com\/fr\/#website","url":"https:\/\/gozz4all.com\/fr\/","name":"Gozz4All","description":"Gozz4All","publisher":{"@id":"https:\/\/gozz4all.com\/fr\/#organization"},"potentialAction":[{"@type":"SearchAction","target":{"@type":"EntryPoint","urlTemplate":"https:\/\/gozz4all.com\/fr\/?s={search_term_string}"},"query-input":{"@type":"PropertyValueSpecification","valueRequired":true,"valueName":"search_term_string"}}],"inLanguage":"de"},{"@type":"Organization","@id":"https:\/\/gozz4all.com\/fr\/#organization","name":"Gozz4all","url":"https:\/\/gozz4all.com\/fr\/","logo":{"@type":"ImageObject","inLanguage":"de","@id":"https:\/\/gozz4all.com\/fr\/#\/schema\/logo\/image\/","url":"https:\/\/gozz4all.com\/wp-content\/uploads\/2020\/04\/Logo-ask-for-better-one.png","contentUrl":"https:\/\/gozz4all.com\/wp-content\/uploads\/2020\/04\/Logo-ask-for-better-one.png","width":146,"height":60,"caption":"Gozz4all"},"image":{"@id":"https:\/\/gozz4all.com\/fr\/#\/schema\/logo\/image\/"},"sameAs":["https:\/\/www.facebook.com\/gozz4all\/","https:\/\/www.instagram.com\/gozz4allfashion\/?hl=nl"]}]}},"_links":{"self":[{"href":"https:\/\/gozz4all.com\/de\/wp-json\/wp\/v2\/product\/19039","targetHints":{"allow":["GET"]}}],"collection":[{"href":"https:\/\/gozz4all.com\/de\/wp-json\/wp\/v2\/product"}],"about":[{"href":"https:\/\/gozz4all.com\/de\/wp-json\/wp\/v2\/types\/product"}],"wp:featuredmedia":[{"embeddable":true,"href":"https:\/\/gozz4all.com\/de\/wp-json\/wp\/v2\/media\/19044"}],"wp:attachment":[{"href":"https:\/\/gozz4all.com\/de\/wp-json\/wp\/v2\/media?parent=19039"}],"wp:term":[{"taxonomy":"product_brand","embeddable":true,"href":"https:\/\/gozz4all.com\/de\/wp-json\/wp\/v2\/product_brand?post=19039"},{"taxonomy":"product_cat","embeddable":true,"href":"https:\/\/gozz4all.com\/de\/wp-json\/wp\/v2\/product_cat?post=19039"},{"taxonomy":"product_tag","embeddable":true,"href":"https:\/\/gozz4all.com\/de\/wp-json\/wp\/v2\/product_tag?post=19039"}],"curies":[{"name":"wp","href":"https:\/\/api.w.org\/{rel}","templated":true}]}}