{"id":18820,"date":"2022-06-22T16:21:13","date_gmt":"2022-06-22T14:21:13","guid":{"rendered":"https:\/\/gozz4all.com\/?post_type=product&#038;p=18820"},"modified":"2022-06-22T16:35:41","modified_gmt":"2022-06-22T14:35:41","slug":"vast-hoeslaken-enkel-bovendeel","status":"publish","type":"product","link":"https:\/\/gozz4all.com\/de\/product\/vast-hoeslaken-enkel-bovendeel\/","title":{"rendered":"Festes Spannbetttuch einzelnes Oberteil"},"content":{"rendered":"<p>Dieses feste Spannbetttuch kann komplett um die Matratze gelegt werden.<\/p>\n<p>Dieses Spannbetttuch dient der Patientensicherheit.<\/p>\n<p><span style=\"font-size: 16px; font-style: normal; font-weight: 400;\">Diese<\/span><span style=\"font-size: 16px; font-style: normal; font-weight: 400;\"> verhindert das Entfernen des Spannbetttuches und die Selbstverst\u00fcmmelung\u00a0<\/span><\/p>\n<p><span style=\"font-size: 16px; font-style: normal; font-weight: 400;\">Ein ideales Gleichgewicht zwischen Schutz und Vermeidung von Reizen\u00a0<\/span><\/p>\n<p>Bitte beachten Sie, dass Sie f\u00fcr den Wechsel von Oberteilen auch ein Unterteil ben\u00f6tigen. Dadurch haben Sie ein Ersatzoberteil zum Wechseln und Waschen, so dass Sie nicht zwei komplette zweiteilige Sets kaufen m\u00fcssen.<\/p>\n<p>Erh\u00e4ltlich in verschiedenen Gr\u00f6\u00dfen.<\/p>\n<p><strong><span style=\"font-size: 16px; font-style: normal;\">Geeignet f\u00fcr:\u00a0<\/span><\/strong><\/p>\n<ul>\n<li><span style=\"font-size: 16px; font-style: normal; font-weight: 400;\">o<\/span><span style=\"font-size: 16px; font-style: normal; font-weight: 400;\">unruhige Schl\u00e4fer <\/span><\/li>\n<li>Menschen mit geistigen Behinderungen.<\/li>\n<li>Personen mit Demenz<\/li>\n<\/ul>\n<p><strong>Allgemeine Merkmale<\/strong><\/p>\n<ul>\n<li>Es handelt sich um ein Spannbetttuch, das vollst\u00e4ndig um die Matratze herum befestigt werden kann.<\/li>\n<li>Ober- und Unterteil k\u00f6nnen durch einen starken Rei\u00dfverschluss auf der R\u00fcckseite vollst\u00e4ndig getrennt werden.<\/li>\n<li>Der untere Teil kann dann m\u00f6glicherweise erhalten bleiben, wenn Sie den oberen Teil aktualisieren.<\/li>\n<li>F\u00fcr Personen, die in unruhigen N\u00e4chten alles aus dem Bett holen.<\/li>\n<\/ul>\n<p><strong>Produktmerkmale<\/strong><\/p>\n<ul>\n<li>Abmessungen: 90 cm x 200 cm<\/li>\n<li>Zusammensetzung 95% Baumwolle und 5% Elastan<\/li>\n<li>Waschbar bei 60\u00b0C.<\/li>\n<\/ul>\n<p>&nbsp;<\/p>\n<p>&nbsp;<\/p>","protected":false},"excerpt":{"rendered":"<p>Dieses Spannbetttuch dient der Patientensicherheit.<\/p>\n<p><span style=\"font-size: 16px; font-style: normal; font-weight: 400;\">Diese<\/span><span style=\"font-size: 16px; font-style: normal; font-weight: 400;\"> verhindert das Entfernen des Spannbetttuches und die Selbstverst\u00fcmmelung\u00a0<\/span><\/p>\n<p><span style=\"font-size: 16px; font-style: normal; font-weight: 400;\">Ein ideales Gleichgewicht zwischen Schutz und Vermeidung von Reizen\u00a0<\/span><\/p>\n<p>Erh\u00e4ltlich in verschiedenen Gr\u00f6\u00dfen.<\/p>\n<p>Bitte beachten Sie, dass Sie f\u00fcr den Wechsel von Oberteilen auch ein Unterteil ben\u00f6tigen. Dadurch haben Sie ein Ersatzoberteil zum Wechseln und Waschen, so dass Sie nicht zwei komplette zweiteilige Sets kaufen m\u00fcssen.<\/p>\n<p><strong><span style=\"font-size: 16px; font-style: normal;\">Geeignet f\u00fcr:\u00a0<\/span><\/strong><\/p>\n<ul>\n<li><span style=\"font-size: 16px; font-style: normal; font-weight: 400;\">o<\/span><span style=\"font-size: 16px; font-style: normal; font-weight: 400;\">unruhige Schl\u00e4fer <\/span><\/li>\n<li>Menschen mit geistigen Behinderungen.<\/li>\n<li>Personen mit Demenz<\/li>\n<\/ul>\n<p><strong>Allgemeine Merkmale<\/strong><\/p>\n<ul>\n<li>Es handelt sich um ein Spannbetttuch, das vollst\u00e4ndig um die Matratze herum befestigt werden kann.<\/li>\n<li>De boven en onderzijde kan volledig van elkaar dmv sterke rits aan de achterzijde<\/li>\n<li>Der untere Teil kann dann m\u00f6glicherweise erhalten bleiben, wenn Sie den oberen Teil aktualisieren.<\/li>\n<li>F\u00fcr Personen, die in unruhigen N\u00e4chten alles aus dem Bett holen.<\/li>\n<\/ul>\n<p><strong>Produktmerkmale<\/strong><\/p>\n<ul>\n<li>Abmessungen: 90 cm x 200 cm<\/li>\n<li>Zusammensetzung 95% Baumwolle und 5% Elastan<\/li>\n<li>Waschbar bei 60\u00b0C.<\/li>\n<\/ul>","protected":false},"featured_media":18815,"template":"","meta":[],"product_brand":[],"product_cat":[611,612,613,445,254],"product_tag":[],"class_list":{"0":"post-18820","1":"product","2":"type-product","3":"status-publish","4":"has-post-thumbnail","6":"product_cat-kids","7":"product_cat-ouderen-dementie","8":"product_cat-volwassenen","9":"product_cat-new","10":"product_cat-hulpmiddelen","11":"pa_kleur-felgroen","12":"pa_kleur-brique","13":"pa_kleur-oker","14":"pa_kleur-appelgroen","15":"pa_kleur-choco","16":"pa_kleur-lichtmint","17":"pa_kleur-azuurblauw","18":"pa_kleur-donkermint","19":"pa_kleur-donkergroen","21":"first","22":"instock","23":"taxable","24":"shipping-taxable","25":"purchasable","26":"product-type-variable"},"yoast_head":"<!-- This site is optimized with the Yoast SEO plugin v27.2 - https:\/\/yoast.com\/product\/yoast-seo-wordpress\/ -->\n<title>Vast hoeslaken enkel bovendeel | Gozz4All<\/title>\n<meta name=\"description\" content=\"Dit voorkomt zelfverminking en scheuren van lakens, geeft minder prikkels, dus kan meer rust geven.\" \/>\n<meta name=\"robots\" content=\"index, follow, max-snippet:-1, max-image-preview:large, max-video-preview:-1\" \/>\n<link rel=\"canonical\" href=\"https:\/\/gozz4all.com\/de\/hulpmiddelen\/vast-hoeslaken-enkel-bovendeel\/\" \/>\n<meta property=\"og:locale\" content=\"de_DE\" \/>\n<meta property=\"og:type\" content=\"article\" \/>\n<meta property=\"og:title\" content=\"Vast hoeslaken enkel bovendeel | Gozz4All\" \/>\n<meta property=\"og:description\" content=\"Dit voorkomt zelfverminking en scheuren van lakens, geeft minder prikkels, dus kan meer rust geven.\" \/>\n<meta property=\"og:url\" content=\"https:\/\/gozz4all.com\/de\/hulpmiddelen\/vast-hoeslaken-enkel-bovendeel\/\" \/>\n<meta property=\"og:site_name\" content=\"Gozz4All\" \/>\n<meta property=\"article:publisher\" content=\"https:\/\/www.facebook.com\/gozz4all\/\" \/>\n<meta property=\"article:modified_time\" content=\"2022-06-22T14:35:41+00:00\" \/>\n<meta property=\"og:image\" content=\"https:\/\/gozz4all.com\/wp-content\/uploads\/2022\/06\/DSC_0788.jpg\" \/>\n\t<meta property=\"og:image:width\" content=\"800\" \/>\n\t<meta property=\"og:image:height\" content=\"1200\" \/>\n\t<meta property=\"og:image:type\" content=\"image\/jpeg\" \/>\n<meta name=\"twitter:card\" content=\"summary_large_image\" \/>\n<meta name=\"twitter:label1\" content=\"Gesch\u00e4tzte Lesezeit\" \/>\n\t<meta name=\"twitter:data1\" content=\"1\u00a0Minute\" \/>\n<script type=\"application\/ld+json\" class=\"yoast-schema-graph\">{\"@context\":\"https:\/\/schema.org\",\"@graph\":[{\"@type\":\"WebPage\",\"@id\":\"https:\/\/gozz4all.com\/hulpmiddelen\/vast-hoeslaken-enkel-bovendeel\/\",\"url\":\"https:\/\/gozz4all.com\/hulpmiddelen\/vast-hoeslaken-enkel-bovendeel\/\",\"name\":\"Vast hoeslaken enkel bovendeel | Gozz4All\",\"isPartOf\":{\"@id\":\"https:\/\/gozz4all.com\/fr\/#website\"},\"primaryImageOfPage\":{\"@id\":\"https:\/\/gozz4all.com\/hulpmiddelen\/vast-hoeslaken-enkel-bovendeel\/#primaryimage\"},\"image\":{\"@id\":\"https:\/\/gozz4all.com\/hulpmiddelen\/vast-hoeslaken-enkel-bovendeel\/#primaryimage\"},\"thumbnailUrl\":\"https:\/\/gozz4all.com\/wp-content\/uploads\/2022\/06\/DSC_0788.jpg\",\"datePublished\":\"2022-06-22T14:21:13+00:00\",\"dateModified\":\"2022-06-22T14:35:41+00:00\",\"description\":\"Dit voorkomt zelfverminking en scheuren van lakens, geeft minder prikkels, dus kan meer rust geven.\",\"breadcrumb\":{\"@id\":\"https:\/\/gozz4all.com\/hulpmiddelen\/vast-hoeslaken-enkel-bovendeel\/#breadcrumb\"},\"inLanguage\":\"de\",\"potentialAction\":[{\"@type\":\"ReadAction\",\"target\":[\"https:\/\/gozz4all.com\/hulpmiddelen\/vast-hoeslaken-enkel-bovendeel\/\"]}]},{\"@type\":\"ImageObject\",\"inLanguage\":\"de\",\"@id\":\"https:\/\/gozz4all.com\/hulpmiddelen\/vast-hoeslaken-enkel-bovendeel\/#primaryimage\",\"url\":\"https:\/\/gozz4all.com\/wp-content\/uploads\/2022\/06\/DSC_0788.jpg\",\"contentUrl\":\"https:\/\/gozz4all.com\/wp-content\/uploads\/2022\/06\/DSC_0788.jpg\",\"width\":800,\"height\":1200},{\"@type\":\"BreadcrumbList\",\"@id\":\"https:\/\/gozz4all.com\/hulpmiddelen\/vast-hoeslaken-enkel-bovendeel\/#breadcrumb\",\"itemListElement\":[{\"@type\":\"ListItem\",\"position\":1,\"name\":\"Home\",\"item\":\"https:\/\/gozz4all.com\/\"},{\"@type\":\"ListItem\",\"position\":2,\"name\":\"Producten\",\"item\":\"https:\/\/gozz4all.com\/shop\/\"},{\"@type\":\"ListItem\",\"position\":3,\"name\":\"Vast hoeslaken enkel bovendeel\"}]},{\"@type\":\"WebSite\",\"@id\":\"https:\/\/gozz4all.com\/fr\/#website\",\"url\":\"https:\/\/gozz4all.com\/fr\/\",\"name\":\"Gozz4All\",\"description\":\"Gozz4All\",\"publisher\":{\"@id\":\"https:\/\/gozz4all.com\/fr\/#organization\"},\"potentialAction\":[{\"@type\":\"SearchAction\",\"target\":{\"@type\":\"EntryPoint\",\"urlTemplate\":\"https:\/\/gozz4all.com\/fr\/?s={search_term_string}\"},\"query-input\":{\"@type\":\"PropertyValueSpecification\",\"valueRequired\":true,\"valueName\":\"search_term_string\"}}],\"inLanguage\":\"de\"},{\"@type\":\"Organization\",\"@id\":\"https:\/\/gozz4all.com\/fr\/#organization\",\"name\":\"Gozz4all\",\"url\":\"https:\/\/gozz4all.com\/fr\/\",\"logo\":{\"@type\":\"ImageObject\",\"inLanguage\":\"de\",\"@id\":\"https:\/\/gozz4all.com\/fr\/#\/schema\/logo\/image\/\",\"url\":\"https:\/\/gozz4all.com\/wp-content\/uploads\/2020\/04\/Logo-ask-for-better-one.png\",\"contentUrl\":\"https:\/\/gozz4all.com\/wp-content\/uploads\/2020\/04\/Logo-ask-for-better-one.png\",\"width\":146,\"height\":60,\"caption\":\"Gozz4all\"},\"image\":{\"@id\":\"https:\/\/gozz4all.com\/fr\/#\/schema\/logo\/image\/\"},\"sameAs\":[\"https:\/\/www.facebook.com\/gozz4all\/\",\"https:\/\/www.instagram.com\/gozz4allfashion\/?hl=nl\"]}]}<\/script>\n<!-- \/ Yoast SEO plugin. -->","yoast_head_json":{"title":"Vast hoeslaken enkel bovendeel | Gozz4All","description":"Dit voorkomt zelfverminking en scheuren van lakens, geeft minder prikkels, dus kan meer rust geven.","robots":{"index":"index","follow":"follow","max-snippet":"max-snippet:-1","max-image-preview":"max-image-preview:large","max-video-preview":"max-video-preview:-1"},"canonical":"https:\/\/gozz4all.com\/de\/hulpmiddelen\/vast-hoeslaken-enkel-bovendeel\/","og_locale":"de_DE","og_type":"article","og_title":"Vast hoeslaken enkel bovendeel | Gozz4All","og_description":"Dit voorkomt zelfverminking en scheuren van lakens, geeft minder prikkels, dus kan meer rust geven.","og_url":"https:\/\/gozz4all.com\/de\/hulpmiddelen\/vast-hoeslaken-enkel-bovendeel\/","og_site_name":"Gozz4All","article_publisher":"https:\/\/www.facebook.com\/gozz4all\/","article_modified_time":"2022-06-22T14:35:41+00:00","og_image":[{"width":800,"height":1200,"url":"https:\/\/gozz4all.com\/wp-content\/uploads\/2022\/06\/DSC_0788.jpg","type":"image\/jpeg"}],"twitter_card":"summary_large_image","twitter_misc":{"Gesch\u00e4tzte Lesezeit":"1\u00a0Minute"},"schema":{"@context":"https:\/\/schema.org","@graph":[{"@type":"WebPage","@id":"https:\/\/gozz4all.com\/hulpmiddelen\/vast-hoeslaken-enkel-bovendeel\/","url":"https:\/\/gozz4all.com\/hulpmiddelen\/vast-hoeslaken-enkel-bovendeel\/","name":"Vast hoeslaken enkel bovendeel | Gozz4All","isPartOf":{"@id":"https:\/\/gozz4all.com\/fr\/#website"},"primaryImageOfPage":{"@id":"https:\/\/gozz4all.com\/hulpmiddelen\/vast-hoeslaken-enkel-bovendeel\/#primaryimage"},"image":{"@id":"https:\/\/gozz4all.com\/hulpmiddelen\/vast-hoeslaken-enkel-bovendeel\/#primaryimage"},"thumbnailUrl":"https:\/\/gozz4all.com\/wp-content\/uploads\/2022\/06\/DSC_0788.jpg","datePublished":"2022-06-22T14:21:13+00:00","dateModified":"2022-06-22T14:35:41+00:00","description":"Dit voorkomt zelfverminking en scheuren van lakens, geeft minder prikkels, dus kan meer rust geven.","breadcrumb":{"@id":"https:\/\/gozz4all.com\/hulpmiddelen\/vast-hoeslaken-enkel-bovendeel\/#breadcrumb"},"inLanguage":"de","potentialAction":[{"@type":"ReadAction","target":["https:\/\/gozz4all.com\/hulpmiddelen\/vast-hoeslaken-enkel-bovendeel\/"]}]},{"@type":"ImageObject","inLanguage":"de","@id":"https:\/\/gozz4all.com\/hulpmiddelen\/vast-hoeslaken-enkel-bovendeel\/#primaryimage","url":"https:\/\/gozz4all.com\/wp-content\/uploads\/2022\/06\/DSC_0788.jpg","contentUrl":"https:\/\/gozz4all.com\/wp-content\/uploads\/2022\/06\/DSC_0788.jpg","width":800,"height":1200},{"@type":"BreadcrumbList","@id":"https:\/\/gozz4all.com\/hulpmiddelen\/vast-hoeslaken-enkel-bovendeel\/#breadcrumb","itemListElement":[{"@type":"ListItem","position":1,"name":"Home","item":"https:\/\/gozz4all.com\/"},{"@type":"ListItem","position":2,"name":"Producten","item":"https:\/\/gozz4all.com\/shop\/"},{"@type":"ListItem","position":3,"name":"Vast hoeslaken enkel bovendeel"}]},{"@type":"WebSite","@id":"https:\/\/gozz4all.com\/fr\/#website","url":"https:\/\/gozz4all.com\/fr\/","name":"Gozz4All","description":"Gozz4All","publisher":{"@id":"https:\/\/gozz4all.com\/fr\/#organization"},"potentialAction":[{"@type":"SearchAction","target":{"@type":"EntryPoint","urlTemplate":"https:\/\/gozz4all.com\/fr\/?s={search_term_string}"},"query-input":{"@type":"PropertyValueSpecification","valueRequired":true,"valueName":"search_term_string"}}],"inLanguage":"de"},{"@type":"Organization","@id":"https:\/\/gozz4all.com\/fr\/#organization","name":"Gozz4all","url":"https:\/\/gozz4all.com\/fr\/","logo":{"@type":"ImageObject","inLanguage":"de","@id":"https:\/\/gozz4all.com\/fr\/#\/schema\/logo\/image\/","url":"https:\/\/gozz4all.com\/wp-content\/uploads\/2020\/04\/Logo-ask-for-better-one.png","contentUrl":"https:\/\/gozz4all.com\/wp-content\/uploads\/2020\/04\/Logo-ask-for-better-one.png","width":146,"height":60,"caption":"Gozz4all"},"image":{"@id":"https:\/\/gozz4all.com\/fr\/#\/schema\/logo\/image\/"},"sameAs":["https:\/\/www.facebook.com\/gozz4all\/","https:\/\/www.instagram.com\/gozz4allfashion\/?hl=nl"]}]}},"_links":{"self":[{"href":"https:\/\/gozz4all.com\/de\/wp-json\/wp\/v2\/product\/18820","targetHints":{"allow":["GET"]}}],"collection":[{"href":"https:\/\/gozz4all.com\/de\/wp-json\/wp\/v2\/product"}],"about":[{"href":"https:\/\/gozz4all.com\/de\/wp-json\/wp\/v2\/types\/product"}],"wp:featuredmedia":[{"embeddable":true,"href":"https:\/\/gozz4all.com\/de\/wp-json\/wp\/v2\/media\/18815"}],"wp:attachment":[{"href":"https:\/\/gozz4all.com\/de\/wp-json\/wp\/v2\/media?parent=18820"}],"wp:term":[{"taxonomy":"product_brand","embeddable":true,"href":"https:\/\/gozz4all.com\/de\/wp-json\/wp\/v2\/product_brand?post=18820"},{"taxonomy":"product_cat","embeddable":true,"href":"https:\/\/gozz4all.com\/de\/wp-json\/wp\/v2\/product_cat?post=18820"},{"taxonomy":"product_tag","embeddable":true,"href":"https:\/\/gozz4all.com\/de\/wp-json\/wp\/v2\/product_tag?post=18820"}],"curies":[{"name":"wp","href":"https:\/\/api.w.org\/{rel}","templated":true}]}}