{"id":18796,"date":"2022-06-21T16:35:34","date_gmt":"2022-06-21T14:35:34","guid":{"rendered":"https:\/\/gozz4all.com\/?post_type=product&#038;p=18796"},"modified":"2023-02-15T11:56:07","modified_gmt":"2023-02-15T09:56:07","slug":"verpleegdeken-fixatiedeken-oker","status":"publish","type":"product","link":"https:\/\/gozz4all.com\/de\/product\/verpleegdeken-fixatiedeken-oker\/","title":{"rendered":"Pflegedecke - Fixierdecke - ocker"},"content":{"rendered":"<p>Diese Krabbeldecke dient als <strong>Lichtfixiermittel<\/strong>.<\/p>\n<p><span style=\"font-size: 16px; font-style: normal; font-weight: 400;\">Die Person liegt unter dem Spannbetttuch, kann sich einigerma\u00dfen frei bewegen, aber nicht herauskommen. Dies<\/span><span style=\"font-size: 16px; font-style: normal; font-weight: 400;\"> verhindert Entbl\u00f6\u00dfen, Herausfallen aus dem Bett, Selbstverst\u00fcmmelung, Zerrei\u00dfen von Inkontinenzmaterial und ungewolltes Verlassen des Bettes. <\/span><\/p>\n<p><span style=\"font-size: 16px; font-style: normal; font-weight: 400;\">Ein ideales Gleichgewicht zwischen Schutz und Bewegungsfreiheit.\u00a0<\/span><\/p>\n<p>Erh\u00e4ltlich in verschiedenen Gr\u00f6\u00dfen<\/p>\n<p><strong><span style=\"font-size: 16px; font-style: normal;\">Geeignet f\u00fcr:\u00a0<\/span><\/strong><\/p>\n<ul>\n<li><span style=\"font-size: 16px; font-style: normal; font-weight: 400;\">o<\/span><span style=\"font-size: 16px; font-style: normal; font-weight: 400;\">unruhige Schl\u00e4fer <\/span><\/li>\n<li>Menschen mit geistigen Behinderungen.<\/li>\n<li>Personen mit Demenz<\/li>\n<\/ul>\n<p><strong>Allgemeine Merkmale<\/strong><\/p>\n<ul>\n<li>Es ist ein Spannbetttuch, das in einen Pullover \u00fcberl\u00e4uft.<\/li>\n<li>Die Schutzdecke ist mit einem starken Rei\u00dfverschluss am Fu\u00dfende ausgestattet.<\/li>\n<li>Seitliche \u00d6ffnungen erm\u00f6glichen die Verwendung von Sonden und Schl\u00e4uchen.<\/li>\n<li><span style=\"font-size: 16px; font-style: normal; font-weight: 400;\">Er ist unten mit B\u00e4ndern versehen.<\/span><\/li>\n<\/ul>\n<p><strong>Produktmerkmale<\/strong><\/p>\n<ul>\n<li>Abmessungen: 90 cm x 200 cm<\/li>\n<li>Zusammensetzung 95% Baumwolle und 5% Elastan<\/li>\n<li>Waschbar bei 60\u00b0C.<\/li>\n<\/ul>","protected":false},"excerpt":{"rendered":"<p>Diese Krabbeldecke dient als <strong>Lichtfixiermittel<\/strong>.<\/p>\n<p><span style=\"font-size: 16px; font-style: normal; font-weight: 400;\">De persoon ligt onder het hoeslaken, heeft redelijk wat bewegingsvrijheid, maar kan er niet uit. <\/span><\/p>\n<p><span style=\"font-size: 16px; font-style: normal; font-weight: 400;\">Diese<\/span><span style=\"font-size: 16px; font-style: normal; font-weight: 400;\"> verhindert Entbl\u00f6\u00dfen, Herausfallen aus dem Bett, Selbstverst\u00fcmmelung, Zerrei\u00dfen von Inkontinenzmaterial und ungewolltes Verlassen des Bettes. <\/span><\/p>\n<p><span style=\"font-size: 16px; font-style: normal; font-weight: 400;\">Ein ideales Gleichgewicht zwischen Schutz und Bewegungsfreiheit.\u00a0<\/span><\/p>\n<p>Erh\u00e4ltlich in verschiedenen Gr\u00f6\u00dfen.<\/p>\n<p><strong><span style=\"font-size: 16px; font-style: normal;\">Geeignet f\u00fcr:\u00a0<\/span><\/strong><\/p>\n<ul>\n<li><span style=\"font-size: 16px; font-style: normal; font-weight: 400;\">o<\/span><span style=\"font-size: 16px; font-style: normal; font-weight: 400;\">unruhige Schl\u00e4fer <\/span><\/li>\n<li>Menschen mit geistigen Behinderungen.<\/li>\n<li>Personen mit Demenz<\/li>\n<\/ul>\n<p><strong>Allgemeine Merkmale<\/strong><\/p>\n<ul>\n<li>Es ist ein Spannbetttuch, das in einen Pullover \u00fcberl\u00e4uft.<\/li>\n<li>Die Schutzdecke ist mit einem starken Rei\u00dfverschluss am Fu\u00dfende ausgestattet.<\/li>\n<li>Seitliche \u00d6ffnungen erm\u00f6glichen die Verwendung von Sonden und Schl\u00e4uchen.<\/li>\n<li><span style=\"font-size: 16px; font-style: normal; font-weight: 400;\">Er ist unten mit B\u00e4ndern versehen.<\/span><\/li>\n<\/ul>\n<p><strong>Produktmerkmale<\/strong><\/p>\n<ul>\n<li>Abmessungen: 90 cm x 200 cm<\/li>\n<li>Zusammensetzung 95% Baumwolle und 5% Elastan<\/li>\n<li>Waschbar bei 60\u00b0C.<\/li>\n<\/ul>","protected":false},"featured_media":18797,"template":"","meta":[],"product_brand":[],"product_cat":[613,684,611,612,445,254],"product_tag":[],"class_list":{"0":"post-18796","1":"product","2":"type-product","3":"status-publish","4":"has-post-thumbnail","6":"product_cat-volwassenen","7":"product_cat-verpleegdeken","8":"product_cat-kids","9":"product_cat-ouderen-dementie","10":"product_cat-new","11":"product_cat-hulpmiddelen","12":"pa_maat-164-170-2","13":"pa_maat-xl-2","14":"pa_maat-140-146-2-fr","15":"pa_maat-l-2-en","16":"pa_maat-m-2-en","17":"pa_maat-s-2-en","18":"pa_maat-xxl-fr","19":"pa_maat-152-158-2","20":"pif-has-gallery","22":"first","23":"instock","24":"taxable","25":"shipping-taxable","26":"purchasable","27":"product-type-variable"},"yoast_head":"<!-- This site is optimized with the Yoast SEO plugin v27.2 - https:\/\/yoast.com\/product\/yoast-seo-wordpress\/ -->\n<title>Verpleegdeken- fixatiedeken - oker<\/title>\n<meta name=\"description\" content=\"Verpleegdeken- fixatiedeken - oker. Dit licht fixatiemiddel voorkomt uit bed vallen, zelfverminking, ongewenst uit bed gaan\" \/>\n<meta name=\"robots\" content=\"index, follow, max-snippet:-1, max-image-preview:large, max-video-preview:-1\" \/>\n<link rel=\"canonical\" href=\"https:\/\/gozz4all.com\/de\/hulpmiddelen\/verpleegdeken\/verpleegdeken-oker\/\" \/>\n<meta property=\"og:locale\" content=\"de_DE\" \/>\n<meta property=\"og:type\" content=\"article\" \/>\n<meta property=\"og:title\" content=\"Verpleegdeken- fixatiedeken - oker\" \/>\n<meta property=\"og:description\" content=\"Verpleegdeken- fixatiedeken - oker. Dit licht fixatiemiddel voorkomt uit bed vallen, zelfverminking, ongewenst uit bed gaan\" \/>\n<meta property=\"og:url\" content=\"https:\/\/gozz4all.com\/de\/hulpmiddelen\/verpleegdeken\/verpleegdeken-oker\/\" \/>\n<meta property=\"og:site_name\" content=\"Gozz4All\" \/>\n<meta property=\"article:publisher\" content=\"https:\/\/www.facebook.com\/gozz4all\/\" \/>\n<meta property=\"article:modified_time\" content=\"2023-02-15T09:56:07+00:00\" \/>\n<meta property=\"og:image\" content=\"https:\/\/gozz4all.com\/wp-content\/uploads\/2022\/06\/DSC_0756.jpg\" \/>\n\t<meta property=\"og:image:width\" content=\"800\" \/>\n\t<meta property=\"og:image:height\" content=\"1200\" \/>\n\t<meta property=\"og:image:type\" content=\"image\/jpeg\" \/>\n<meta name=\"twitter:card\" content=\"summary_large_image\" \/>\n<meta name=\"twitter:label1\" content=\"Gesch\u00e4tzte Lesezeit\" \/>\n\t<meta name=\"twitter:data1\" content=\"1\u00a0Minute\" \/>\n<script type=\"application\/ld+json\" class=\"yoast-schema-graph\">{\"@context\":\"https:\/\/schema.org\",\"@graph\":[{\"@type\":\"WebPage\",\"@id\":\"https:\/\/gozz4all.com\/hulpmiddelen\/verpleegdeken\/verpleegdeken-oker\/\",\"url\":\"https:\/\/gozz4all.com\/hulpmiddelen\/verpleegdeken\/verpleegdeken-oker\/\",\"name\":\"Verpleegdeken- fixatiedeken - oker\",\"isPartOf\":{\"@id\":\"https:\/\/gozz4all.com\/fr\/#website\"},\"primaryImageOfPage\":{\"@id\":\"https:\/\/gozz4all.com\/hulpmiddelen\/verpleegdeken\/verpleegdeken-oker\/#primaryimage\"},\"image\":{\"@id\":\"https:\/\/gozz4all.com\/hulpmiddelen\/verpleegdeken\/verpleegdeken-oker\/#primaryimage\"},\"thumbnailUrl\":\"https:\/\/gozz4all.com\/wp-content\/uploads\/2022\/06\/DSC_0756.jpg\",\"datePublished\":\"2022-06-21T14:35:34+00:00\",\"dateModified\":\"2023-02-15T09:56:07+00:00\",\"description\":\"Verpleegdeken- fixatiedeken - oker. Dit licht fixatiemiddel voorkomt uit bed vallen, zelfverminking, ongewenst uit bed gaan\",\"breadcrumb\":{\"@id\":\"https:\/\/gozz4all.com\/hulpmiddelen\/verpleegdeken\/verpleegdeken-oker\/#breadcrumb\"},\"inLanguage\":\"de\",\"potentialAction\":[{\"@type\":\"ReadAction\",\"target\":[\"https:\/\/gozz4all.com\/hulpmiddelen\/verpleegdeken\/verpleegdeken-oker\/\"]}]},{\"@type\":\"ImageObject\",\"inLanguage\":\"de\",\"@id\":\"https:\/\/gozz4all.com\/hulpmiddelen\/verpleegdeken\/verpleegdeken-oker\/#primaryimage\",\"url\":\"https:\/\/gozz4all.com\/wp-content\/uploads\/2022\/06\/DSC_0756.jpg\",\"contentUrl\":\"https:\/\/gozz4all.com\/wp-content\/uploads\/2022\/06\/DSC_0756.jpg\",\"width\":800,\"height\":1200,\"caption\":\"Verpleegdeken- fixatiedeken - oker. Dit licht fixatiemiddel voorkomt uit bed vallen, zelfverminking, ongewenst uit bed gaan\"},{\"@type\":\"BreadcrumbList\",\"@id\":\"https:\/\/gozz4all.com\/hulpmiddelen\/verpleegdeken\/verpleegdeken-oker\/#breadcrumb\",\"itemListElement\":[{\"@type\":\"ListItem\",\"position\":1,\"name\":\"Home\",\"item\":\"https:\/\/gozz4all.com\/\"},{\"@type\":\"ListItem\",\"position\":2,\"name\":\"Producten\",\"item\":\"https:\/\/gozz4all.com\/shop\/\"},{\"@type\":\"ListItem\",\"position\":3,\"name\":\"Verpleegdeken- fixatiedeken &#8211; oker\"}]},{\"@type\":\"WebSite\",\"@id\":\"https:\/\/gozz4all.com\/fr\/#website\",\"url\":\"https:\/\/gozz4all.com\/fr\/\",\"name\":\"Gozz4All\",\"description\":\"Gozz4All\",\"publisher\":{\"@id\":\"https:\/\/gozz4all.com\/fr\/#organization\"},\"potentialAction\":[{\"@type\":\"SearchAction\",\"target\":{\"@type\":\"EntryPoint\",\"urlTemplate\":\"https:\/\/gozz4all.com\/fr\/?s={search_term_string}\"},\"query-input\":{\"@type\":\"PropertyValueSpecification\",\"valueRequired\":true,\"valueName\":\"search_term_string\"}}],\"inLanguage\":\"de\"},{\"@type\":\"Organization\",\"@id\":\"https:\/\/gozz4all.com\/fr\/#organization\",\"name\":\"Gozz4all\",\"url\":\"https:\/\/gozz4all.com\/fr\/\",\"logo\":{\"@type\":\"ImageObject\",\"inLanguage\":\"de\",\"@id\":\"https:\/\/gozz4all.com\/fr\/#\/schema\/logo\/image\/\",\"url\":\"https:\/\/gozz4all.com\/wp-content\/uploads\/2020\/04\/Logo-ask-for-better-one.png\",\"contentUrl\":\"https:\/\/gozz4all.com\/wp-content\/uploads\/2020\/04\/Logo-ask-for-better-one.png\",\"width\":146,\"height\":60,\"caption\":\"Gozz4all\"},\"image\":{\"@id\":\"https:\/\/gozz4all.com\/fr\/#\/schema\/logo\/image\/\"},\"sameAs\":[\"https:\/\/www.facebook.com\/gozz4all\/\",\"https:\/\/www.instagram.com\/gozz4allfashion\/?hl=nl\"]}]}<\/script>\n<!-- \/ Yoast SEO plugin. -->","yoast_head_json":{"title":"Verpleegdeken- fixatiedeken - oker","description":"Verpleegdeken- fixatiedeken - oker. Dit licht fixatiemiddel voorkomt uit bed vallen, zelfverminking, ongewenst uit bed gaan","robots":{"index":"index","follow":"follow","max-snippet":"max-snippet:-1","max-image-preview":"max-image-preview:large","max-video-preview":"max-video-preview:-1"},"canonical":"https:\/\/gozz4all.com\/de\/hulpmiddelen\/verpleegdeken\/verpleegdeken-oker\/","og_locale":"de_DE","og_type":"article","og_title":"Verpleegdeken- fixatiedeken - oker","og_description":"Verpleegdeken- fixatiedeken - oker. Dit licht fixatiemiddel voorkomt uit bed vallen, zelfverminking, ongewenst uit bed gaan","og_url":"https:\/\/gozz4all.com\/de\/hulpmiddelen\/verpleegdeken\/verpleegdeken-oker\/","og_site_name":"Gozz4All","article_publisher":"https:\/\/www.facebook.com\/gozz4all\/","article_modified_time":"2023-02-15T09:56:07+00:00","og_image":[{"width":800,"height":1200,"url":"https:\/\/gozz4all.com\/wp-content\/uploads\/2022\/06\/DSC_0756.jpg","type":"image\/jpeg"}],"twitter_card":"summary_large_image","twitter_misc":{"Gesch\u00e4tzte Lesezeit":"1\u00a0Minute"},"schema":{"@context":"https:\/\/schema.org","@graph":[{"@type":"WebPage","@id":"https:\/\/gozz4all.com\/hulpmiddelen\/verpleegdeken\/verpleegdeken-oker\/","url":"https:\/\/gozz4all.com\/hulpmiddelen\/verpleegdeken\/verpleegdeken-oker\/","name":"Verpleegdeken- fixatiedeken - oker","isPartOf":{"@id":"https:\/\/gozz4all.com\/fr\/#website"},"primaryImageOfPage":{"@id":"https:\/\/gozz4all.com\/hulpmiddelen\/verpleegdeken\/verpleegdeken-oker\/#primaryimage"},"image":{"@id":"https:\/\/gozz4all.com\/hulpmiddelen\/verpleegdeken\/verpleegdeken-oker\/#primaryimage"},"thumbnailUrl":"https:\/\/gozz4all.com\/wp-content\/uploads\/2022\/06\/DSC_0756.jpg","datePublished":"2022-06-21T14:35:34+00:00","dateModified":"2023-02-15T09:56:07+00:00","description":"Verpleegdeken- fixatiedeken - oker. Dit licht fixatiemiddel voorkomt uit bed vallen, zelfverminking, ongewenst uit bed gaan","breadcrumb":{"@id":"https:\/\/gozz4all.com\/hulpmiddelen\/verpleegdeken\/verpleegdeken-oker\/#breadcrumb"},"inLanguage":"de","potentialAction":[{"@type":"ReadAction","target":["https:\/\/gozz4all.com\/hulpmiddelen\/verpleegdeken\/verpleegdeken-oker\/"]}]},{"@type":"ImageObject","inLanguage":"de","@id":"https:\/\/gozz4all.com\/hulpmiddelen\/verpleegdeken\/verpleegdeken-oker\/#primaryimage","url":"https:\/\/gozz4all.com\/wp-content\/uploads\/2022\/06\/DSC_0756.jpg","contentUrl":"https:\/\/gozz4all.com\/wp-content\/uploads\/2022\/06\/DSC_0756.jpg","width":800,"height":1200,"caption":"Verpleegdeken- fixatiedeken - oker. Dit licht fixatiemiddel voorkomt uit bed vallen, zelfverminking, ongewenst uit bed gaan"},{"@type":"BreadcrumbList","@id":"https:\/\/gozz4all.com\/hulpmiddelen\/verpleegdeken\/verpleegdeken-oker\/#breadcrumb","itemListElement":[{"@type":"ListItem","position":1,"name":"Home","item":"https:\/\/gozz4all.com\/"},{"@type":"ListItem","position":2,"name":"Producten","item":"https:\/\/gozz4all.com\/shop\/"},{"@type":"ListItem","position":3,"name":"Verpleegdeken- fixatiedeken &#8211; oker"}]},{"@type":"WebSite","@id":"https:\/\/gozz4all.com\/fr\/#website","url":"https:\/\/gozz4all.com\/fr\/","name":"Gozz4All","description":"Gozz4All","publisher":{"@id":"https:\/\/gozz4all.com\/fr\/#organization"},"potentialAction":[{"@type":"SearchAction","target":{"@type":"EntryPoint","urlTemplate":"https:\/\/gozz4all.com\/fr\/?s={search_term_string}"},"query-input":{"@type":"PropertyValueSpecification","valueRequired":true,"valueName":"search_term_string"}}],"inLanguage":"de"},{"@type":"Organization","@id":"https:\/\/gozz4all.com\/fr\/#organization","name":"Gozz4all","url":"https:\/\/gozz4all.com\/fr\/","logo":{"@type":"ImageObject","inLanguage":"de","@id":"https:\/\/gozz4all.com\/fr\/#\/schema\/logo\/image\/","url":"https:\/\/gozz4all.com\/wp-content\/uploads\/2020\/04\/Logo-ask-for-better-one.png","contentUrl":"https:\/\/gozz4all.com\/wp-content\/uploads\/2020\/04\/Logo-ask-for-better-one.png","width":146,"height":60,"caption":"Gozz4all"},"image":{"@id":"https:\/\/gozz4all.com\/fr\/#\/schema\/logo\/image\/"},"sameAs":["https:\/\/www.facebook.com\/gozz4all\/","https:\/\/www.instagram.com\/gozz4allfashion\/?hl=nl"]}]}},"_links":{"self":[{"href":"https:\/\/gozz4all.com\/de\/wp-json\/wp\/v2\/product\/18796","targetHints":{"allow":["GET"]}}],"collection":[{"href":"https:\/\/gozz4all.com\/de\/wp-json\/wp\/v2\/product"}],"about":[{"href":"https:\/\/gozz4all.com\/de\/wp-json\/wp\/v2\/types\/product"}],"wp:featuredmedia":[{"embeddable":true,"href":"https:\/\/gozz4all.com\/de\/wp-json\/wp\/v2\/media\/18797"}],"wp:attachment":[{"href":"https:\/\/gozz4all.com\/de\/wp-json\/wp\/v2\/media?parent=18796"}],"wp:term":[{"taxonomy":"product_brand","embeddable":true,"href":"https:\/\/gozz4all.com\/de\/wp-json\/wp\/v2\/product_brand?post=18796"},{"taxonomy":"product_cat","embeddable":true,"href":"https:\/\/gozz4all.com\/de\/wp-json\/wp\/v2\/product_cat?post=18796"},{"taxonomy":"product_tag","embeddable":true,"href":"https:\/\/gozz4all.com\/de\/wp-json\/wp\/v2\/product_tag?post=18796"}],"curies":[{"name":"wp","href":"https:\/\/api.w.org\/{rel}","templated":true}]}}