{"id":18743,"date":"2022-06-21T15:50:27","date_gmt":"2022-06-21T13:50:27","guid":{"rendered":"https:\/\/gozz4all.com\/?post_type=product&#038;p=18743"},"modified":"2025-06-27T15:58:43","modified_gmt":"2025-06-27T13:58:43","slug":"incontinentie-zwemshort-blauw","status":"publish","type":"product","link":"https:\/\/gozz4all.com\/de\/product\/incontinentie-zwemshort-blauw\/","title":{"rendered":"Inkontinenz-Badeshorts Blau"},"content":{"rendered":"<p>Schwimmen ohne Stress f\u00fcr Unbehagen! Und das auch noch in tollen Trendfarben!<\/p>\n<p>Unsere wasserdichten Badeshorts sind so konzipiert, dass innen ein spezielles H\u00f6schen angebracht ist. Es ist daher nicht zu bemerken, dass sie inkontinent sind.<\/p>\n<p>Genie\u00dfen Sie es von nun an nur noch beim Schwimmen.<\/p>\n<p>Diese kann auch mit einem gew\u00f6hnlichen Innenslip (aus Jersey-Stoff), also ohne Netz, ausgef\u00fchrt werden, so dass es sicher nicht zu Unf\u00e4llen kommen kann.<\/p>\n<p>Das Obermaterial ist ebenfalls aus Stretch-Baumwolle: 98% Baumwolle mit 2 % El<\/p>","protected":false},"excerpt":{"rendered":"<p>Schwimmen ohne Stress f\u00fcr Unbehagen! Und das auch noch in tollen Trendfarben!<\/p>\n<p>Unsere wasserdichten Badeshorts sind so konzipiert, dass innen ein spezielles H\u00f6schen angebracht ist. Es ist daher nicht zu bemerken, dass sie inkontinent sind.<\/p>\n<p>Genie\u00dfen Sie es von nun an nur noch beim Schwimmen.<\/p>\n<p>Diese kann auch mit einem gew\u00f6hnlichen Innenslip (aus Jersey-Stoff), also ohne Netz, ausgef\u00fchrt werden, so dass es sicher nicht zu Unf\u00e4llen kommen kann.<\/p>\n<p>Das Obermaterial ist ebenfalls aus Stretch-Baumwolle: 98% Baumwolle mit 2 % El<\/p>","protected":false},"featured_media":18752,"template":"","meta":[],"product_brand":[],"product_cat":[611,612,613,445,51],"product_tag":[],"class_list":{"0":"post-18743","1":"product","2":"type-product","3":"status-publish","4":"has-post-thumbnail","6":"product_cat-kids","7":"product_cat-ouderen-dementie","8":"product_cat-volwassenen","9":"product_cat-new","10":"product_cat-zwemkledij","11":"pa_kleur-beige-streepjes","12":"pa_kleur-effen-bruin","13":"pa_kleur-effen-kobalt","14":"pa_maat-188-2","15":"pa_maat-s-2","16":"pa_maat-m-2","17":"pa_maat-l-2-en","18":"pa_maat-xl-2-fr","19":"pa_maat-xxl-en","20":"pa_maat-128-134-2","21":"pa_maat-140-146-2","22":"pa_maat-152-158-2","23":"pa_maat-164-170-2","24":"pa_maat-176-182-2","25":"pa_uitvoering-binnen-broekje-incontinentie","26":"pa_uitvoering-binnen-broekje-normaal","27":"pif-has-gallery","29":"first","30":"instock","31":"taxable","32":"shipping-taxable","33":"purchasable","34":"product-type-variable"},"yoast_head":"<!-- This site is optimized with the Yoast SEO plugin v27.2 - https:\/\/yoast.com\/product\/yoast-seo-wordpress\/ -->\n<title>Incontinentie zwemshort Blauw | Gozz4All<\/title>\n<meta name=\"description\" content=\"zwemshort-blauw-incontinentie-waterplezier zonder stress-waterproof binnenbroek-Gozz4all-aangepaste kleding-voorkomt ongelukjes in het water\" \/>\n<meta name=\"robots\" content=\"index, follow, max-snippet:-1, max-image-preview:large, max-video-preview:-1\" \/>\n<link rel=\"canonical\" href=\"https:\/\/gozz4all.com\/de\/produkt\/incontinentie-zwemshort-blauw\/\" \/>\n<meta property=\"og:locale\" content=\"de_DE\" \/>\n<meta property=\"og:type\" content=\"article\" \/>\n<meta property=\"og:title\" content=\"Incontinentie zwemshort Blauw | Gozz4All\" \/>\n<meta property=\"og:description\" content=\"zwemshort-blauw-incontinentie-waterplezier zonder stress-waterproof binnenbroek-Gozz4all-aangepaste kleding-voorkomt ongelukjes in het water\" \/>\n<meta property=\"og:url\" content=\"https:\/\/gozz4all.com\/de\/produkt\/incontinentie-zwemshort-blauw\/\" \/>\n<meta property=\"og:site_name\" content=\"Gozz4All\" \/>\n<meta property=\"article:publisher\" content=\"https:\/\/www.facebook.com\/gozz4all\/\" \/>\n<meta property=\"article:modified_time\" content=\"2025-06-27T13:58:43+00:00\" \/>\n<meta property=\"og:image\" content=\"https:\/\/gozz4all.com\/wp-content\/uploads\/2022\/06\/DSC_0836.jpg\" \/>\n\t<meta property=\"og:image:width\" content=\"1200\" \/>\n\t<meta property=\"og:image:height\" content=\"800\" \/>\n\t<meta property=\"og:image:type\" content=\"image\/jpeg\" \/>\n<meta name=\"twitter:card\" content=\"summary_large_image\" \/>\n<meta name=\"twitter:label1\" content=\"Gesch\u00e4tzte Lesezeit\" \/>\n\t<meta name=\"twitter:data1\" content=\"1\u00a0Minute\" \/>\n<script type=\"application\/ld+json\" class=\"yoast-schema-graph\">{\"@context\":\"https:\/\/schema.org\",\"@graph\":[{\"@type\":\"WebPage\",\"@id\":\"https:\/\/gozz4all.com\/product\/incontinentie-zwemshort-blauw\/\",\"url\":\"https:\/\/gozz4all.com\/product\/incontinentie-zwemshort-blauw\/\",\"name\":\"Incontinentie zwemshort Blauw | Gozz4All\",\"isPartOf\":{\"@id\":\"https:\/\/gozz4all.com\/fr\/#website\"},\"primaryImageOfPage\":{\"@id\":\"https:\/\/gozz4all.com\/product\/incontinentie-zwemshort-blauw\/#primaryimage\"},\"image\":{\"@id\":\"https:\/\/gozz4all.com\/product\/incontinentie-zwemshort-blauw\/#primaryimage\"},\"thumbnailUrl\":\"https:\/\/gozz4all.com\/wp-content\/uploads\/2022\/06\/DSC_0836.jpg\",\"datePublished\":\"2022-06-21T13:50:27+00:00\",\"dateModified\":\"2025-06-27T13:58:43+00:00\",\"description\":\"zwemshort-blauw-incontinentie-waterplezier zonder stress-waterproof binnenbroek-Gozz4all-aangepaste kleding-voorkomt ongelukjes in het water\",\"breadcrumb\":{\"@id\":\"https:\/\/gozz4all.com\/product\/incontinentie-zwemshort-blauw\/#breadcrumb\"},\"inLanguage\":\"de\",\"potentialAction\":[{\"@type\":\"ReadAction\",\"target\":[\"https:\/\/gozz4all.com\/product\/incontinentie-zwemshort-blauw\/\"]}]},{\"@type\":\"ImageObject\",\"inLanguage\":\"de\",\"@id\":\"https:\/\/gozz4all.com\/product\/incontinentie-zwemshort-blauw\/#primaryimage\",\"url\":\"https:\/\/gozz4all.com\/wp-content\/uploads\/2022\/06\/DSC_0836.jpg\",\"contentUrl\":\"https:\/\/gozz4all.com\/wp-content\/uploads\/2022\/06\/DSC_0836.jpg\",\"width\":1200,\"height\":800},{\"@type\":\"BreadcrumbList\",\"@id\":\"https:\/\/gozz4all.com\/product\/incontinentie-zwemshort-blauw\/#breadcrumb\",\"itemListElement\":[{\"@type\":\"ListItem\",\"position\":1,\"name\":\"Home\",\"item\":\"https:\/\/gozz4all.com\/\"},{\"@type\":\"ListItem\",\"position\":2,\"name\":\"Producten\",\"item\":\"https:\/\/gozz4all.com\/shop\/\"},{\"@type\":\"ListItem\",\"position\":3,\"name\":\"Incontinentie zwemshort Blauw\"}]},{\"@type\":\"WebSite\",\"@id\":\"https:\/\/gozz4all.com\/fr\/#website\",\"url\":\"https:\/\/gozz4all.com\/fr\/\",\"name\":\"Gozz4All\",\"description\":\"Gozz4All\",\"publisher\":{\"@id\":\"https:\/\/gozz4all.com\/fr\/#organization\"},\"potentialAction\":[{\"@type\":\"SearchAction\",\"target\":{\"@type\":\"EntryPoint\",\"urlTemplate\":\"https:\/\/gozz4all.com\/fr\/?s={search_term_string}\"},\"query-input\":{\"@type\":\"PropertyValueSpecification\",\"valueRequired\":true,\"valueName\":\"search_term_string\"}}],\"inLanguage\":\"de\"},{\"@type\":\"Organization\",\"@id\":\"https:\/\/gozz4all.com\/fr\/#organization\",\"name\":\"Gozz4all\",\"url\":\"https:\/\/gozz4all.com\/fr\/\",\"logo\":{\"@type\":\"ImageObject\",\"inLanguage\":\"de\",\"@id\":\"https:\/\/gozz4all.com\/fr\/#\/schema\/logo\/image\/\",\"url\":\"https:\/\/gozz4all.com\/wp-content\/uploads\/2020\/04\/Logo-ask-for-better-one.png\",\"contentUrl\":\"https:\/\/gozz4all.com\/wp-content\/uploads\/2020\/04\/Logo-ask-for-better-one.png\",\"width\":146,\"height\":60,\"caption\":\"Gozz4all\"},\"image\":{\"@id\":\"https:\/\/gozz4all.com\/fr\/#\/schema\/logo\/image\/\"},\"sameAs\":[\"https:\/\/www.facebook.com\/gozz4all\/\",\"https:\/\/www.instagram.com\/gozz4allfashion\/?hl=nl\"]}]}<\/script>\n<!-- \/ Yoast SEO plugin. -->","yoast_head_json":{"title":"Incontinentie zwemshort Blauw | Gozz4All","description":"zwemshort-blauw-incontinentie-waterplezier zonder stress-waterproof binnenbroek-Gozz4all-aangepaste kleding-voorkomt ongelukjes in het water","robots":{"index":"index","follow":"follow","max-snippet":"max-snippet:-1","max-image-preview":"max-image-preview:large","max-video-preview":"max-video-preview:-1"},"canonical":"https:\/\/gozz4all.com\/de\/produkt\/incontinentie-zwemshort-blauw\/","og_locale":"de_DE","og_type":"article","og_title":"Incontinentie zwemshort Blauw | Gozz4All","og_description":"zwemshort-blauw-incontinentie-waterplezier zonder stress-waterproof binnenbroek-Gozz4all-aangepaste kleding-voorkomt ongelukjes in het water","og_url":"https:\/\/gozz4all.com\/de\/produkt\/incontinentie-zwemshort-blauw\/","og_site_name":"Gozz4All","article_publisher":"https:\/\/www.facebook.com\/gozz4all\/","article_modified_time":"2025-06-27T13:58:43+00:00","og_image":[{"width":1200,"height":800,"url":"https:\/\/gozz4all.com\/wp-content\/uploads\/2022\/06\/DSC_0836.jpg","type":"image\/jpeg"}],"twitter_card":"summary_large_image","twitter_misc":{"Gesch\u00e4tzte Lesezeit":"1\u00a0Minute"},"schema":{"@context":"https:\/\/schema.org","@graph":[{"@type":"WebPage","@id":"https:\/\/gozz4all.com\/product\/incontinentie-zwemshort-blauw\/","url":"https:\/\/gozz4all.com\/product\/incontinentie-zwemshort-blauw\/","name":"Incontinentie zwemshort Blauw | Gozz4All","isPartOf":{"@id":"https:\/\/gozz4all.com\/fr\/#website"},"primaryImageOfPage":{"@id":"https:\/\/gozz4all.com\/product\/incontinentie-zwemshort-blauw\/#primaryimage"},"image":{"@id":"https:\/\/gozz4all.com\/product\/incontinentie-zwemshort-blauw\/#primaryimage"},"thumbnailUrl":"https:\/\/gozz4all.com\/wp-content\/uploads\/2022\/06\/DSC_0836.jpg","datePublished":"2022-06-21T13:50:27+00:00","dateModified":"2025-06-27T13:58:43+00:00","description":"zwemshort-blauw-incontinentie-waterplezier zonder stress-waterproof binnenbroek-Gozz4all-aangepaste kleding-voorkomt ongelukjes in het water","breadcrumb":{"@id":"https:\/\/gozz4all.com\/product\/incontinentie-zwemshort-blauw\/#breadcrumb"},"inLanguage":"de","potentialAction":[{"@type":"ReadAction","target":["https:\/\/gozz4all.com\/product\/incontinentie-zwemshort-blauw\/"]}]},{"@type":"ImageObject","inLanguage":"de","@id":"https:\/\/gozz4all.com\/product\/incontinentie-zwemshort-blauw\/#primaryimage","url":"https:\/\/gozz4all.com\/wp-content\/uploads\/2022\/06\/DSC_0836.jpg","contentUrl":"https:\/\/gozz4all.com\/wp-content\/uploads\/2022\/06\/DSC_0836.jpg","width":1200,"height":800},{"@type":"BreadcrumbList","@id":"https:\/\/gozz4all.com\/product\/incontinentie-zwemshort-blauw\/#breadcrumb","itemListElement":[{"@type":"ListItem","position":1,"name":"Home","item":"https:\/\/gozz4all.com\/"},{"@type":"ListItem","position":2,"name":"Producten","item":"https:\/\/gozz4all.com\/shop\/"},{"@type":"ListItem","position":3,"name":"Incontinentie zwemshort Blauw"}]},{"@type":"WebSite","@id":"https:\/\/gozz4all.com\/fr\/#website","url":"https:\/\/gozz4all.com\/fr\/","name":"Gozz4All","description":"Gozz4All","publisher":{"@id":"https:\/\/gozz4all.com\/fr\/#organization"},"potentialAction":[{"@type":"SearchAction","target":{"@type":"EntryPoint","urlTemplate":"https:\/\/gozz4all.com\/fr\/?s={search_term_string}"},"query-input":{"@type":"PropertyValueSpecification","valueRequired":true,"valueName":"search_term_string"}}],"inLanguage":"de"},{"@type":"Organization","@id":"https:\/\/gozz4all.com\/fr\/#organization","name":"Gozz4all","url":"https:\/\/gozz4all.com\/fr\/","logo":{"@type":"ImageObject","inLanguage":"de","@id":"https:\/\/gozz4all.com\/fr\/#\/schema\/logo\/image\/","url":"https:\/\/gozz4all.com\/wp-content\/uploads\/2020\/04\/Logo-ask-for-better-one.png","contentUrl":"https:\/\/gozz4all.com\/wp-content\/uploads\/2020\/04\/Logo-ask-for-better-one.png","width":146,"height":60,"caption":"Gozz4all"},"image":{"@id":"https:\/\/gozz4all.com\/fr\/#\/schema\/logo\/image\/"},"sameAs":["https:\/\/www.facebook.com\/gozz4all\/","https:\/\/www.instagram.com\/gozz4allfashion\/?hl=nl"]}]}},"_links":{"self":[{"href":"https:\/\/gozz4all.com\/de\/wp-json\/wp\/v2\/product\/18743","targetHints":{"allow":["GET"]}}],"collection":[{"href":"https:\/\/gozz4all.com\/de\/wp-json\/wp\/v2\/product"}],"about":[{"href":"https:\/\/gozz4all.com\/de\/wp-json\/wp\/v2\/types\/product"}],"wp:featuredmedia":[{"embeddable":true,"href":"https:\/\/gozz4all.com\/de\/wp-json\/wp\/v2\/media\/18752"}],"wp:attachment":[{"href":"https:\/\/gozz4all.com\/de\/wp-json\/wp\/v2\/media?parent=18743"}],"wp:term":[{"taxonomy":"product_brand","embeddable":true,"href":"https:\/\/gozz4all.com\/de\/wp-json\/wp\/v2\/product_brand?post=18743"},{"taxonomy":"product_cat","embeddable":true,"href":"https:\/\/gozz4all.com\/de\/wp-json\/wp\/v2\/product_cat?post=18743"},{"taxonomy":"product_tag","embeddable":true,"href":"https:\/\/gozz4all.com\/de\/wp-json\/wp\/v2\/product_tag?post=18743"}],"curies":[{"name":"wp","href":"https:\/\/api.w.org\/{rel}","templated":true}]}}