{"id":18624,"date":"2022-06-12T15:15:11","date_gmt":"2022-06-12T13:15:11","guid":{"rendered":"https:\/\/gozz4all.com\/?post_type=product&#038;p=18624"},"modified":"2025-07-07T10:03:16","modified_gmt":"2025-07-07T08:03:16","slug":"broek-rolstoel-navy-ritsen-zijkant","status":"publish","type":"product","link":"https:\/\/gozz4all.com\/de\/product\/broek-rolstoel-navy-ritsen-zijkant\/","title":{"rendered":"Hose - Rollstuhl - Navy Rei\u00dfverschl\u00fcsse an der Seite"},"content":{"rendered":"<p><a href=\"https:\/\/gozz4all.com\/de\/kleding\/broeken\/stretch-broek-navy-ritsen-zijkant\/\">Hose - Rollstuhl - Navy Rei\u00dfverschl\u00fcsse an der Seite<\/a><br \/>\nHose - Rollstuhl - Navy Rei\u00dfverschl\u00fcsse an der Seite<\/p>\n<p>Weiche Stretch-Hose mit erh\u00f6htem R\u00fccken. Sie hat einen verstellbaren Gummibund an der Innenseite.<\/p>\n<p>Mit 2 seitlichen Rei\u00dfverschl\u00fcssen, die das An- und Ausziehen erleichtern. Kann auch mit einer Blasensonde verwendet werden.<\/p>\n<p>An der Innenseite des Hosenbeins befindet sich unten ein Rei\u00dfverschluss, der das Anziehen \u00fcber F\u00fc\u00dfe und Kn\u00f6chel erleichtert. Kann auch \u00fcber Schienen oder h\u00f6heren orthop\u00e4dischen Schuhen getragen werden.<\/p>\n<p>Wenn Sie noch eine \u00c4nderung ben\u00f6tigen oder eine Frage haben, vielleicht eine andere Farbe... fragen Sie uns einfach per E-Mail an: info@gozz.be<br \/>\nKann h\u00e4ufig bei 40\u00b0 und bei Bedarf bei 60\u00b0 gewaschen werden<\/p>\n<p>92umwolle<\/p>\n<p>8%el<\/p>","protected":false},"excerpt":{"rendered":"<p>Zachte stretch broek met verhoogde achterkant. Deze heeft een elastiek in de tailleband.<\/p>\n<p>2 ritsen aan de zijkant voorzien, zodanig dat het gemakkelijker aan en uit gaat.<\/p>\n<p>Onderaan de broekspijp is aan de binnenzijde een rits voorzien.<\/p>\n<p>92umwolle<\/p>\n<p>8%el<\/p>\n<p>&nbsp;<\/p>","protected":false},"featured_media":24793,"template":"","meta":[],"product_brand":[],"product_cat":[613,612,48],"product_tag":[],"class_list":{"0":"post-18624","1":"product","2":"type-product","3":"status-publish","4":"has-post-thumbnail","6":"product_cat-volwassenen","7":"product_cat-ouderen-dementie","8":"product_cat-broeken","9":"pa_maat-152-158-2","10":"pa_maat-164-170-2","11":"pa_maat-176-182-2","12":"pa_maat-188-2","13":"pa_maat-s-2","14":"pa_maat-m-2","15":"pa_maat-92-98","16":"pa_maat-xl-2","17":"pa_maat-104-110-2","18":"pa_maat-xxl","19":"pa_maat-116-122-2","20":"pa_maat-l-2-fr","21":"pa_maat-128-134-2","22":"pa_maat-140-146-2","23":"pif-has-gallery","25":"first","26":"instock","27":"taxable","28":"shipping-taxable","29":"purchasable","30":"product-type-variable"},"yoast_head":"<!-- This site is optimized with the Yoast SEO plugin v27.2 - https:\/\/yoast.com\/product\/yoast-seo-wordpress\/ -->\n<title>Broek - rolstoel - Navy ritsen zijkant | Gozz4All<\/title>\n<meta name=\"description\" content=\"Broek - rolstoel - Navy ritsen zijkant. Zachte stretch broek met verhoogde achterkant. Ritsen aan de zijkant. Gemakkelijk aan en uit te doen.\" \/>\n<meta name=\"robots\" content=\"index, follow, max-snippet:-1, max-image-preview:large, max-video-preview:-1\" \/>\n<link rel=\"canonical\" href=\"https:\/\/gozz4all.com\/de\/produkt\/broek-rolstoel-navy-ritsen-zijkant\/\" \/>\n<meta property=\"og:locale\" content=\"de_DE\" \/>\n<meta property=\"og:type\" content=\"article\" \/>\n<meta property=\"og:title\" content=\"Broek - rolstoel - Navy ritsen zijkant | Gozz4All\" \/>\n<meta property=\"og:description\" content=\"Broek - rolstoel - Navy ritsen zijkant. Zachte stretch broek met verhoogde achterkant. Ritsen aan de zijkant. Gemakkelijk aan en uit te doen.\" \/>\n<meta property=\"og:url\" content=\"https:\/\/gozz4all.com\/de\/produkt\/broek-rolstoel-navy-ritsen-zijkant\/\" \/>\n<meta property=\"og:site_name\" content=\"Gozz4All\" \/>\n<meta property=\"article:publisher\" content=\"https:\/\/www.facebook.com\/gozz4all\/\" \/>\n<meta property=\"article:modified_time\" content=\"2025-07-07T08:03:16+00:00\" \/>\n<meta property=\"og:image\" content=\"https:\/\/gozz4all.com\/wp-content\/uploads\/2022\/06\/DSC_0992-scaled.jpg\" \/>\n\t<meta property=\"og:image:width\" content=\"1707\" \/>\n\t<meta property=\"og:image:height\" content=\"2560\" \/>\n\t<meta property=\"og:image:type\" content=\"image\/jpeg\" \/>\n<meta name=\"twitter:card\" content=\"summary_large_image\" \/>\n<script type=\"application\/ld+json\" class=\"yoast-schema-graph\">{\"@context\":\"https:\/\/schema.org\",\"@graph\":[{\"@type\":\"WebPage\",\"@id\":\"https:\/\/gozz4all.com\/product\/broek-rolstoel-navy-ritsen-zijkant\/\",\"url\":\"https:\/\/gozz4all.com\/product\/broek-rolstoel-navy-ritsen-zijkant\/\",\"name\":\"Broek - rolstoel - Navy ritsen zijkant | Gozz4All\",\"isPartOf\":{\"@id\":\"https:\/\/gozz4all.com\/fr\/#website\"},\"primaryImageOfPage\":{\"@id\":\"https:\/\/gozz4all.com\/product\/broek-rolstoel-navy-ritsen-zijkant\/#primaryimage\"},\"image\":{\"@id\":\"https:\/\/gozz4all.com\/product\/broek-rolstoel-navy-ritsen-zijkant\/#primaryimage\"},\"thumbnailUrl\":\"https:\/\/gozz4all.com\/wp-content\/uploads\/2022\/06\/DSC_0992-scaled.jpg\",\"datePublished\":\"2022-06-12T13:15:11+00:00\",\"dateModified\":\"2025-07-07T08:03:16+00:00\",\"description\":\"Broek - rolstoel - Navy ritsen zijkant. Zachte stretch broek met verhoogde achterkant. Ritsen aan de zijkant. Gemakkelijk aan en uit te doen.\",\"breadcrumb\":{\"@id\":\"https:\/\/gozz4all.com\/product\/broek-rolstoel-navy-ritsen-zijkant\/#breadcrumb\"},\"inLanguage\":\"de\",\"potentialAction\":[{\"@type\":\"ReadAction\",\"target\":[\"https:\/\/gozz4all.com\/product\/broek-rolstoel-navy-ritsen-zijkant\/\"]}]},{\"@type\":\"ImageObject\",\"inLanguage\":\"de\",\"@id\":\"https:\/\/gozz4all.com\/product\/broek-rolstoel-navy-ritsen-zijkant\/#primaryimage\",\"url\":\"https:\/\/gozz4all.com\/wp-content\/uploads\/2022\/06\/DSC_0992-scaled.jpg\",\"contentUrl\":\"https:\/\/gozz4all.com\/wp-content\/uploads\/2022\/06\/DSC_0992-scaled.jpg\",\"width\":1707,\"height\":2560,\"caption\":\"Broek - rolstoel - Navy ritsen zijkant. Zachte stretch broek met verhoogde achterkant. Ritsen aan de zijkant. Gemakkelijk aan en uit te doen.\"},{\"@type\":\"BreadcrumbList\",\"@id\":\"https:\/\/gozz4all.com\/product\/broek-rolstoel-navy-ritsen-zijkant\/#breadcrumb\",\"itemListElement\":[{\"@type\":\"ListItem\",\"position\":1,\"name\":\"Home\",\"item\":\"https:\/\/gozz4all.com\/\"},{\"@type\":\"ListItem\",\"position\":2,\"name\":\"Producten\",\"item\":\"https:\/\/gozz4all.com\/shop\/\"},{\"@type\":\"ListItem\",\"position\":3,\"name\":\"Broek &#8211; rolstoel &#8211; Navy ritsen zijkant\"}]},{\"@type\":\"WebSite\",\"@id\":\"https:\/\/gozz4all.com\/fr\/#website\",\"url\":\"https:\/\/gozz4all.com\/fr\/\",\"name\":\"Gozz4All\",\"description\":\"Gozz4All\",\"publisher\":{\"@id\":\"https:\/\/gozz4all.com\/fr\/#organization\"},\"potentialAction\":[{\"@type\":\"SearchAction\",\"target\":{\"@type\":\"EntryPoint\",\"urlTemplate\":\"https:\/\/gozz4all.com\/fr\/?s={search_term_string}\"},\"query-input\":{\"@type\":\"PropertyValueSpecification\",\"valueRequired\":true,\"valueName\":\"search_term_string\"}}],\"inLanguage\":\"de\"},{\"@type\":\"Organization\",\"@id\":\"https:\/\/gozz4all.com\/fr\/#organization\",\"name\":\"Gozz4all\",\"url\":\"https:\/\/gozz4all.com\/fr\/\",\"logo\":{\"@type\":\"ImageObject\",\"inLanguage\":\"de\",\"@id\":\"https:\/\/gozz4all.com\/fr\/#\/schema\/logo\/image\/\",\"url\":\"https:\/\/gozz4all.com\/wp-content\/uploads\/2020\/04\/Logo-ask-for-better-one.png\",\"contentUrl\":\"https:\/\/gozz4all.com\/wp-content\/uploads\/2020\/04\/Logo-ask-for-better-one.png\",\"width\":146,\"height\":60,\"caption\":\"Gozz4all\"},\"image\":{\"@id\":\"https:\/\/gozz4all.com\/fr\/#\/schema\/logo\/image\/\"},\"sameAs\":[\"https:\/\/www.facebook.com\/gozz4all\/\",\"https:\/\/www.instagram.com\/gozz4allfashion\/?hl=nl\"]}]}<\/script>\n<!-- \/ Yoast SEO plugin. -->","yoast_head_json":{"title":"Broek - rolstoel - Navy ritsen zijkant | Gozz4All","description":"Broek - rolstoel - Navy ritsen zijkant. Zachte stretch broek met verhoogde achterkant. Ritsen aan de zijkant. Gemakkelijk aan en uit te doen.","robots":{"index":"index","follow":"follow","max-snippet":"max-snippet:-1","max-image-preview":"max-image-preview:large","max-video-preview":"max-video-preview:-1"},"canonical":"https:\/\/gozz4all.com\/de\/produkt\/broek-rolstoel-navy-ritsen-zijkant\/","og_locale":"de_DE","og_type":"article","og_title":"Broek - rolstoel - Navy ritsen zijkant | Gozz4All","og_description":"Broek - rolstoel - Navy ritsen zijkant. Zachte stretch broek met verhoogde achterkant. Ritsen aan de zijkant. Gemakkelijk aan en uit te doen.","og_url":"https:\/\/gozz4all.com\/de\/produkt\/broek-rolstoel-navy-ritsen-zijkant\/","og_site_name":"Gozz4All","article_publisher":"https:\/\/www.facebook.com\/gozz4all\/","article_modified_time":"2025-07-07T08:03:16+00:00","og_image":[{"width":1707,"height":2560,"url":"https:\/\/gozz4all.com\/wp-content\/uploads\/2022\/06\/DSC_0992-scaled.jpg","type":"image\/jpeg"}],"twitter_card":"summary_large_image","schema":{"@context":"https:\/\/schema.org","@graph":[{"@type":"WebPage","@id":"https:\/\/gozz4all.com\/product\/broek-rolstoel-navy-ritsen-zijkant\/","url":"https:\/\/gozz4all.com\/product\/broek-rolstoel-navy-ritsen-zijkant\/","name":"Broek - rolstoel - Navy ritsen zijkant | Gozz4All","isPartOf":{"@id":"https:\/\/gozz4all.com\/fr\/#website"},"primaryImageOfPage":{"@id":"https:\/\/gozz4all.com\/product\/broek-rolstoel-navy-ritsen-zijkant\/#primaryimage"},"image":{"@id":"https:\/\/gozz4all.com\/product\/broek-rolstoel-navy-ritsen-zijkant\/#primaryimage"},"thumbnailUrl":"https:\/\/gozz4all.com\/wp-content\/uploads\/2022\/06\/DSC_0992-scaled.jpg","datePublished":"2022-06-12T13:15:11+00:00","dateModified":"2025-07-07T08:03:16+00:00","description":"Broek - rolstoel - Navy ritsen zijkant. Zachte stretch broek met verhoogde achterkant. Ritsen aan de zijkant. Gemakkelijk aan en uit te doen.","breadcrumb":{"@id":"https:\/\/gozz4all.com\/product\/broek-rolstoel-navy-ritsen-zijkant\/#breadcrumb"},"inLanguage":"de","potentialAction":[{"@type":"ReadAction","target":["https:\/\/gozz4all.com\/product\/broek-rolstoel-navy-ritsen-zijkant\/"]}]},{"@type":"ImageObject","inLanguage":"de","@id":"https:\/\/gozz4all.com\/product\/broek-rolstoel-navy-ritsen-zijkant\/#primaryimage","url":"https:\/\/gozz4all.com\/wp-content\/uploads\/2022\/06\/DSC_0992-scaled.jpg","contentUrl":"https:\/\/gozz4all.com\/wp-content\/uploads\/2022\/06\/DSC_0992-scaled.jpg","width":1707,"height":2560,"caption":"Broek - rolstoel - Navy ritsen zijkant. Zachte stretch broek met verhoogde achterkant. Ritsen aan de zijkant. Gemakkelijk aan en uit te doen."},{"@type":"BreadcrumbList","@id":"https:\/\/gozz4all.com\/product\/broek-rolstoel-navy-ritsen-zijkant\/#breadcrumb","itemListElement":[{"@type":"ListItem","position":1,"name":"Home","item":"https:\/\/gozz4all.com\/"},{"@type":"ListItem","position":2,"name":"Producten","item":"https:\/\/gozz4all.com\/shop\/"},{"@type":"ListItem","position":3,"name":"Broek &#8211; rolstoel &#8211; Navy ritsen zijkant"}]},{"@type":"WebSite","@id":"https:\/\/gozz4all.com\/fr\/#website","url":"https:\/\/gozz4all.com\/fr\/","name":"Gozz4All","description":"Gozz4All","publisher":{"@id":"https:\/\/gozz4all.com\/fr\/#organization"},"potentialAction":[{"@type":"SearchAction","target":{"@type":"EntryPoint","urlTemplate":"https:\/\/gozz4all.com\/fr\/?s={search_term_string}"},"query-input":{"@type":"PropertyValueSpecification","valueRequired":true,"valueName":"search_term_string"}}],"inLanguage":"de"},{"@type":"Organization","@id":"https:\/\/gozz4all.com\/fr\/#organization","name":"Gozz4all","url":"https:\/\/gozz4all.com\/fr\/","logo":{"@type":"ImageObject","inLanguage":"de","@id":"https:\/\/gozz4all.com\/fr\/#\/schema\/logo\/image\/","url":"https:\/\/gozz4all.com\/wp-content\/uploads\/2020\/04\/Logo-ask-for-better-one.png","contentUrl":"https:\/\/gozz4all.com\/wp-content\/uploads\/2020\/04\/Logo-ask-for-better-one.png","width":146,"height":60,"caption":"Gozz4all"},"image":{"@id":"https:\/\/gozz4all.com\/fr\/#\/schema\/logo\/image\/"},"sameAs":["https:\/\/www.facebook.com\/gozz4all\/","https:\/\/www.instagram.com\/gozz4allfashion\/?hl=nl"]}]}},"_links":{"self":[{"href":"https:\/\/gozz4all.com\/de\/wp-json\/wp\/v2\/product\/18624","targetHints":{"allow":["GET"]}}],"collection":[{"href":"https:\/\/gozz4all.com\/de\/wp-json\/wp\/v2\/product"}],"about":[{"href":"https:\/\/gozz4all.com\/de\/wp-json\/wp\/v2\/types\/product"}],"wp:featuredmedia":[{"embeddable":true,"href":"https:\/\/gozz4all.com\/de\/wp-json\/wp\/v2\/media\/24793"}],"wp:attachment":[{"href":"https:\/\/gozz4all.com\/de\/wp-json\/wp\/v2\/media?parent=18624"}],"wp:term":[{"taxonomy":"product_brand","embeddable":true,"href":"https:\/\/gozz4all.com\/de\/wp-json\/wp\/v2\/product_brand?post=18624"},{"taxonomy":"product_cat","embeddable":true,"href":"https:\/\/gozz4all.com\/de\/wp-json\/wp\/v2\/product_cat?post=18624"},{"taxonomy":"product_tag","embeddable":true,"href":"https:\/\/gozz4all.com\/de\/wp-json\/wp\/v2\/product_tag?post=18624"}],"curies":[{"name":"wp","href":"https:\/\/api.w.org\/{rel}","templated":true}]}}