{"id":18349,"date":"2022-06-11T17:41:40","date_gmt":"2022-06-11T15:41:40","guid":{"rendered":"https:\/\/gozz4all.com\/?post_type=product&#038;p=18349"},"modified":"2025-07-11T09:21:32","modified_gmt":"2025-07-11T07:21:32","slug":"pyjama-hansop-jumpy-huispak-bolletje","status":"publish","type":"product","link":"https:\/\/gozz4all.com\/de\/product\/pyjama-hansop-jumpy-huispak-bolletje\/","title":{"rendered":"Pyjama-Hansop-Jumpy-House-Anzug polka dot"},"content":{"rendered":"<p><strong>Beschreibung<\/strong><\/p>\n<p>Dies ist ein guter Zwischenschritt f\u00fcr Personen, die sich ausziehen und schmieren.<\/p>\n<p>Da sich der Rei\u00dfverschluss auf dem R\u00fccken befindet, kann sich die Person nicht selbst\u00e4ndig ausziehen.<\/p>\n<p>\u00dcber dem Rei\u00dfverschluss befindet sich ein St\u00fcck Stofflasche, die weggeklappt werden muss, bevor man den Schlafanzug \u00f6ffnen kann. Dadurch l\u00e4sst sich der Rei\u00dfverschluss schwerer \u00f6ffnen.<\/p>\n<p>Au\u00dferdem sorgt dieses St\u00fcck Stoff daf\u00fcr, dass der Rei\u00dfverschluss den Hals nicht reizt. Er verursacht kein Unbehagen, wenn man darauf liegt.<\/p>\n<p>Hergestellt aus einem angenehmen Jersey-Stoff aus 95%-Baumwolle, mit dem Oeko-Qualit\u00e4tslabel. Dieser ist daher dehnbar.<\/p>\n<p>F\u00fcr Menschen, die wirklich rei\u00dfen, ist dies nicht geeignet. (Sie k\u00f6nnen Kleidung und Werkzeuge f\u00fcr diese auf der Anti-Tearing-Seite auf dieser Website finden)<\/p>\n<p>Es bietet zus\u00e4tzlichen Platz f\u00fcr Inkontinenzmaterial und ist daher sehr bequem zu tragen. Besonders geeignet f\u00fcr Menschen mit impulsivem Verhalten, wie z. B. Menschen mit Alzheimer oder Demenz, da es den Zugang zu Inkontinenzmaterialien verhindert und unerw\u00fcnschtes Entkleiden verhindert.<\/p>\n<p><strong>Geeignet f\u00fcr\u00a0<\/strong><\/p>\n<ul>\n<li>Menschen mit Entkleidungsverhalten<\/li>\n<li>Menschen mit geistigen Behinderungen<\/li>\n<li>Menschen mit Inkontinenzproblemen<\/li>\n<\/ul>\n<p><strong>Zusammensetzung:<\/strong><br \/>\n95% Baumwolle, 5% Elastan<\/p>","protected":false},"excerpt":{"rendered":"<p><strong>Beschreibung<\/strong><\/p>\n<p>Dies ist ein guter Zwischenschritt f\u00fcr Personen, die sich ausziehen und schmieren.<\/p>\n<p>Da sich der Rei\u00dfverschluss auf dem R\u00fccken befindet, kann sich die Person nicht selbst\u00e4ndig ausziehen.<\/p>\n<p>\u00dcber dem Rei\u00dfverschluss befindet sich ein St\u00fcck Stofflasche, die weggeklappt werden muss, bevor man den Schlafanzug \u00f6ffnen kann. Dadurch l\u00e4sst sich der Rei\u00dfverschluss schwerer \u00f6ffnen.<\/p>\n<p>Au\u00dferdem sorgt dieses St\u00fcck Stoff daf\u00fcr, dass der Rei\u00dfverschluss den Hals nicht reizt. Er verursacht kein Unbehagen, wenn man darauf liegt.<\/p>\n<p>Hergestellt aus einem angenehmen Jersey-Stoff aus 95%-Baumwolle, mit dem Oeko-Qualit\u00e4tslabel. Dieser ist daher dehnbar.<\/p>\n<p>F\u00fcr Menschen, die wirklich rei\u00dfen, ist dies nicht geeignet. (Sie k\u00f6nnen Kleidung und Werkzeuge f\u00fcr diese auf der Anti-Tearing-Seite auf dieser Website finden)<\/p>\n<p>Es bietet zus\u00e4tzlichen Platz f\u00fcr Inkontinenzmaterial und ist daher sehr bequem zu tragen. Besonders geeignet f\u00fcr Menschen mit impulsivem Verhalten, wie z. B. Menschen mit Alzheimer oder Demenz, da es den Zugang zu Inkontinenzmaterialien verhindert und unerw\u00fcnschtes Entkleiden verhindert.<\/p>\n<p><strong>Geeignet f\u00fcr\u00a0<\/strong><\/p>\n<ul>\n<li>Menschen mit Entkleidungsverhalten<\/li>\n<li>Menschen mit geistigen Behinderungen<\/li>\n<li>Menschen mit Inkontinenzproblemen<\/li>\n<\/ul>\n<p><strong>Zusammensetzung:<\/strong><br \/>\n95% Baumwolle, 5% Elastan<\/p>","protected":false},"featured_media":18362,"template":"","meta":[],"product_brand":[],"product_cat":[611,612,613,618,45],"product_tag":[],"class_list":{"0":"post-18349","1":"product","2":"type-product","3":"status-publish","4":"has-post-thumbnail","6":"product_cat-kids","7":"product_cat-ouderen-dementie","8":"product_cat-volwassenen","9":"product_cat-hansop-jumpys-huispak","10":"product_cat-slaapkledij-hansop-jumpy-onesie-huispak-anti-uitkleed-kleding","11":"pa_maat-104-110-2","12":"pa_maat-116-122-2","13":"pa_maat-128-134-2","14":"pa_maat-140-146-2","15":"pa_maat-152-158-2","16":"pa_maat-xxl","17":"pa_maat-164-170-2","18":"pa_maat-l-2-fr","19":"pa_maat-176-182-2","20":"pa_maat-188-2","21":"pa_maat-s-2","22":"pa_maat-m-2","23":"pa_maat-92-98","24":"pa_maat-xl-2","25":"pa_uitvoering-regular","26":"pa_uitvoering-sonde","27":"pa_uitvoering-stoma","28":"pa_uitvoering-side-open","29":"pa_uitvoering-verschoningsrits-tussen-de-benen","31":"first","32":"outofstock","33":"sale","34":"featured","35":"taxable","36":"shipping-taxable","37":"purchasable","38":"product-type-variable"},"yoast_head":"<!-- This site is optimized with the Yoast SEO plugin v27.2 - https:\/\/yoast.com\/product\/yoast-seo-wordpress\/ -->\n<title>Pyjama-hansop-jumpy-huispak bolletje | Gozz4All<\/title>\n<meta name=\"description\" content=\"Pyjama-hansop-jumpy-smeer en uitkleedgedrag-dementie-incontinentie-aangepaste kleding-rits op de rug-Gozz4all-ongewenst uitkleden\" \/>\n<meta name=\"robots\" content=\"index, follow, max-snippet:-1, max-image-preview:large, max-video-preview:-1\" \/>\n<link rel=\"canonical\" href=\"https:\/\/gozz4all.com\/de\/produkt\/pyjama-hansop-jumpy-huispak-bolletje\/\" \/>\n<meta property=\"og:locale\" content=\"de_DE\" \/>\n<meta property=\"og:type\" content=\"article\" \/>\n<meta property=\"og:title\" content=\"Pyjama-hansop-jumpy-huispak bolletje | Gozz4All\" \/>\n<meta property=\"og:description\" content=\"Pyjama-hansop-jumpy-smeer en uitkleedgedrag-dementie-incontinentie-aangepaste kleding-rits op de rug-Gozz4all-ongewenst uitkleden\" \/>\n<meta property=\"og:url\" content=\"https:\/\/gozz4all.com\/de\/produkt\/pyjama-hansop-jumpy-huispak-bolletje\/\" \/>\n<meta property=\"og:site_name\" content=\"Gozz4All\" \/>\n<meta property=\"article:publisher\" content=\"https:\/\/www.facebook.com\/gozz4all\/\" \/>\n<meta property=\"article:modified_time\" content=\"2025-07-11T07:21:32+00:00\" \/>\n<meta property=\"og:image\" content=\"https:\/\/gozz4all.com\/wp-content\/uploads\/2022\/06\/DSC_0520.jpg\" \/>\n\t<meta property=\"og:image:width\" content=\"800\" \/>\n\t<meta property=\"og:image:height\" content=\"1200\" \/>\n\t<meta property=\"og:image:type\" content=\"image\/jpeg\" \/>\n<meta name=\"twitter:card\" content=\"summary_large_image\" \/>\n<meta name=\"twitter:label1\" content=\"Gesch\u00e4tzte Lesezeit\" \/>\n\t<meta name=\"twitter:data1\" content=\"1\u00a0Minute\" \/>\n<script type=\"application\/ld+json\" class=\"yoast-schema-graph\">{\"@context\":\"https:\/\/schema.org\",\"@graph\":[{\"@type\":\"WebPage\",\"@id\":\"https:\/\/gozz4all.com\/product\/pyjama-hansop-jumpy-huispak-bolletje\/\",\"url\":\"https:\/\/gozz4all.com\/product\/pyjama-hansop-jumpy-huispak-bolletje\/\",\"name\":\"Pyjama-hansop-jumpy-huispak bolletje | Gozz4All\",\"isPartOf\":{\"@id\":\"https:\/\/gozz4all.com\/fr\/#website\"},\"primaryImageOfPage\":{\"@id\":\"https:\/\/gozz4all.com\/product\/pyjama-hansop-jumpy-huispak-bolletje\/#primaryimage\"},\"image\":{\"@id\":\"https:\/\/gozz4all.com\/product\/pyjama-hansop-jumpy-huispak-bolletje\/#primaryimage\"},\"thumbnailUrl\":\"https:\/\/gozz4all.com\/wp-content\/uploads\/2022\/06\/DSC_0520.jpg\",\"datePublished\":\"2022-06-11T15:41:40+00:00\",\"dateModified\":\"2025-07-11T07:21:32+00:00\",\"description\":\"Pyjama-hansop-jumpy-smeer en uitkleedgedrag-dementie-incontinentie-aangepaste kleding-rits op de rug-Gozz4all-ongewenst uitkleden\",\"breadcrumb\":{\"@id\":\"https:\/\/gozz4all.com\/product\/pyjama-hansop-jumpy-huispak-bolletje\/#breadcrumb\"},\"inLanguage\":\"de\",\"potentialAction\":[{\"@type\":\"ReadAction\",\"target\":[\"https:\/\/gozz4all.com\/product\/pyjama-hansop-jumpy-huispak-bolletje\/\"]}]},{\"@type\":\"ImageObject\",\"inLanguage\":\"de\",\"@id\":\"https:\/\/gozz4all.com\/product\/pyjama-hansop-jumpy-huispak-bolletje\/#primaryimage\",\"url\":\"https:\/\/gozz4all.com\/wp-content\/uploads\/2022\/06\/DSC_0520.jpg\",\"contentUrl\":\"https:\/\/gozz4all.com\/wp-content\/uploads\/2022\/06\/DSC_0520.jpg\",\"width\":800,\"height\":1200},{\"@type\":\"BreadcrumbList\",\"@id\":\"https:\/\/gozz4all.com\/product\/pyjama-hansop-jumpy-huispak-bolletje\/#breadcrumb\",\"itemListElement\":[{\"@type\":\"ListItem\",\"position\":1,\"name\":\"Home\",\"item\":\"https:\/\/gozz4all.com\/\"},{\"@type\":\"ListItem\",\"position\":2,\"name\":\"Producten\",\"item\":\"https:\/\/gozz4all.com\/shop\/\"},{\"@type\":\"ListItem\",\"position\":3,\"name\":\"Pyjama-hansop-jumpy-huispak bolletje\"}]},{\"@type\":\"WebSite\",\"@id\":\"https:\/\/gozz4all.com\/fr\/#website\",\"url\":\"https:\/\/gozz4all.com\/fr\/\",\"name\":\"Gozz4All\",\"description\":\"Gozz4All\",\"publisher\":{\"@id\":\"https:\/\/gozz4all.com\/fr\/#organization\"},\"potentialAction\":[{\"@type\":\"SearchAction\",\"target\":{\"@type\":\"EntryPoint\",\"urlTemplate\":\"https:\/\/gozz4all.com\/fr\/?s={search_term_string}\"},\"query-input\":{\"@type\":\"PropertyValueSpecification\",\"valueRequired\":true,\"valueName\":\"search_term_string\"}}],\"inLanguage\":\"de\"},{\"@type\":\"Organization\",\"@id\":\"https:\/\/gozz4all.com\/fr\/#organization\",\"name\":\"Gozz4all\",\"url\":\"https:\/\/gozz4all.com\/fr\/\",\"logo\":{\"@type\":\"ImageObject\",\"inLanguage\":\"de\",\"@id\":\"https:\/\/gozz4all.com\/fr\/#\/schema\/logo\/image\/\",\"url\":\"https:\/\/gozz4all.com\/wp-content\/uploads\/2020\/04\/Logo-ask-for-better-one.png\",\"contentUrl\":\"https:\/\/gozz4all.com\/wp-content\/uploads\/2020\/04\/Logo-ask-for-better-one.png\",\"width\":146,\"height\":60,\"caption\":\"Gozz4all\"},\"image\":{\"@id\":\"https:\/\/gozz4all.com\/fr\/#\/schema\/logo\/image\/\"},\"sameAs\":[\"https:\/\/www.facebook.com\/gozz4all\/\",\"https:\/\/www.instagram.com\/gozz4allfashion\/?hl=nl\"]}]}<\/script>\n<!-- \/ Yoast SEO plugin. -->","yoast_head_json":{"title":"Pyjama-hansop-jumpy-huispak bolletje | Gozz4All","description":"Pyjama-hansop-jumpy-smeer en uitkleedgedrag-dementie-incontinentie-aangepaste kleding-rits op de rug-Gozz4all-ongewenst uitkleden","robots":{"index":"index","follow":"follow","max-snippet":"max-snippet:-1","max-image-preview":"max-image-preview:large","max-video-preview":"max-video-preview:-1"},"canonical":"https:\/\/gozz4all.com\/de\/produkt\/pyjama-hansop-jumpy-huispak-bolletje\/","og_locale":"de_DE","og_type":"article","og_title":"Pyjama-hansop-jumpy-huispak bolletje | Gozz4All","og_description":"Pyjama-hansop-jumpy-smeer en uitkleedgedrag-dementie-incontinentie-aangepaste kleding-rits op de rug-Gozz4all-ongewenst uitkleden","og_url":"https:\/\/gozz4all.com\/de\/produkt\/pyjama-hansop-jumpy-huispak-bolletje\/","og_site_name":"Gozz4All","article_publisher":"https:\/\/www.facebook.com\/gozz4all\/","article_modified_time":"2025-07-11T07:21:32+00:00","og_image":[{"width":800,"height":1200,"url":"https:\/\/gozz4all.com\/wp-content\/uploads\/2022\/06\/DSC_0520.jpg","type":"image\/jpeg"}],"twitter_card":"summary_large_image","twitter_misc":{"Gesch\u00e4tzte Lesezeit":"1\u00a0Minute"},"schema":{"@context":"https:\/\/schema.org","@graph":[{"@type":"WebPage","@id":"https:\/\/gozz4all.com\/product\/pyjama-hansop-jumpy-huispak-bolletje\/","url":"https:\/\/gozz4all.com\/product\/pyjama-hansop-jumpy-huispak-bolletje\/","name":"Pyjama-hansop-jumpy-huispak bolletje | Gozz4All","isPartOf":{"@id":"https:\/\/gozz4all.com\/fr\/#website"},"primaryImageOfPage":{"@id":"https:\/\/gozz4all.com\/product\/pyjama-hansop-jumpy-huispak-bolletje\/#primaryimage"},"image":{"@id":"https:\/\/gozz4all.com\/product\/pyjama-hansop-jumpy-huispak-bolletje\/#primaryimage"},"thumbnailUrl":"https:\/\/gozz4all.com\/wp-content\/uploads\/2022\/06\/DSC_0520.jpg","datePublished":"2022-06-11T15:41:40+00:00","dateModified":"2025-07-11T07:21:32+00:00","description":"Pyjama-hansop-jumpy-smeer en uitkleedgedrag-dementie-incontinentie-aangepaste kleding-rits op de rug-Gozz4all-ongewenst uitkleden","breadcrumb":{"@id":"https:\/\/gozz4all.com\/product\/pyjama-hansop-jumpy-huispak-bolletje\/#breadcrumb"},"inLanguage":"de","potentialAction":[{"@type":"ReadAction","target":["https:\/\/gozz4all.com\/product\/pyjama-hansop-jumpy-huispak-bolletje\/"]}]},{"@type":"ImageObject","inLanguage":"de","@id":"https:\/\/gozz4all.com\/product\/pyjama-hansop-jumpy-huispak-bolletje\/#primaryimage","url":"https:\/\/gozz4all.com\/wp-content\/uploads\/2022\/06\/DSC_0520.jpg","contentUrl":"https:\/\/gozz4all.com\/wp-content\/uploads\/2022\/06\/DSC_0520.jpg","width":800,"height":1200},{"@type":"BreadcrumbList","@id":"https:\/\/gozz4all.com\/product\/pyjama-hansop-jumpy-huispak-bolletje\/#breadcrumb","itemListElement":[{"@type":"ListItem","position":1,"name":"Home","item":"https:\/\/gozz4all.com\/"},{"@type":"ListItem","position":2,"name":"Producten","item":"https:\/\/gozz4all.com\/shop\/"},{"@type":"ListItem","position":3,"name":"Pyjama-hansop-jumpy-huispak bolletje"}]},{"@type":"WebSite","@id":"https:\/\/gozz4all.com\/fr\/#website","url":"https:\/\/gozz4all.com\/fr\/","name":"Gozz4All","description":"Gozz4All","publisher":{"@id":"https:\/\/gozz4all.com\/fr\/#organization"},"potentialAction":[{"@type":"SearchAction","target":{"@type":"EntryPoint","urlTemplate":"https:\/\/gozz4all.com\/fr\/?s={search_term_string}"},"query-input":{"@type":"PropertyValueSpecification","valueRequired":true,"valueName":"search_term_string"}}],"inLanguage":"de"},{"@type":"Organization","@id":"https:\/\/gozz4all.com\/fr\/#organization","name":"Gozz4all","url":"https:\/\/gozz4all.com\/fr\/","logo":{"@type":"ImageObject","inLanguage":"de","@id":"https:\/\/gozz4all.com\/fr\/#\/schema\/logo\/image\/","url":"https:\/\/gozz4all.com\/wp-content\/uploads\/2020\/04\/Logo-ask-for-better-one.png","contentUrl":"https:\/\/gozz4all.com\/wp-content\/uploads\/2020\/04\/Logo-ask-for-better-one.png","width":146,"height":60,"caption":"Gozz4all"},"image":{"@id":"https:\/\/gozz4all.com\/fr\/#\/schema\/logo\/image\/"},"sameAs":["https:\/\/www.facebook.com\/gozz4all\/","https:\/\/www.instagram.com\/gozz4allfashion\/?hl=nl"]}]}},"_links":{"self":[{"href":"https:\/\/gozz4all.com\/de\/wp-json\/wp\/v2\/product\/18349","targetHints":{"allow":["GET"]}}],"collection":[{"href":"https:\/\/gozz4all.com\/de\/wp-json\/wp\/v2\/product"}],"about":[{"href":"https:\/\/gozz4all.com\/de\/wp-json\/wp\/v2\/types\/product"}],"wp:featuredmedia":[{"embeddable":true,"href":"https:\/\/gozz4all.com\/de\/wp-json\/wp\/v2\/media\/18362"}],"wp:attachment":[{"href":"https:\/\/gozz4all.com\/de\/wp-json\/wp\/v2\/media?parent=18349"}],"wp:term":[{"taxonomy":"product_brand","embeddable":true,"href":"https:\/\/gozz4all.com\/de\/wp-json\/wp\/v2\/product_brand?post=18349"},{"taxonomy":"product_cat","embeddable":true,"href":"https:\/\/gozz4all.com\/de\/wp-json\/wp\/v2\/product_cat?post=18349"},{"taxonomy":"product_tag","embeddable":true,"href":"https:\/\/gozz4all.com\/de\/wp-json\/wp\/v2\/product_tag?post=18349"}],"curies":[{"name":"wp","href":"https:\/\/api.w.org\/{rel}","templated":true}]}}