{"id":18113,"date":"2022-05-22T14:41:30","date_gmt":"2022-05-22T12:41:30","guid":{"rendered":"https:\/\/gozz4all.com\/?post_type=product&#038;p=18113"},"modified":"2022-09-02T15:29:31","modified_gmt":"2022-09-02T13:29:31","slug":"antischeur-t-shirt-plukgedrag-scheurgedrag-autoagressie-cordura-stof-terugbetaling-vaph","status":"publish","type":"product","link":"https:\/\/gozz4all.com\/de\/product\/antischeur-t-shirt-plukgedrag-scheurgedrag-autoagressie-cordura-stof-terugbetaling-vaph\/","title":{"rendered":"Anti-Bedrohungs-T-Shirt Kamel"},"content":{"rendered":"<p>Dieses Anti-Rei\u00df-T-Shirt ist aus dem strapazierf\u00e4higen, flexiblen Stoff Cordura gefertigt und eignet sich f\u00fcr alle, die ihre Kleidung st\u00e4ndig ausziehen, zerrei\u00dfen oder in sie hineinbei\u00dfen m\u00fcssen.<\/p>\n<p>Um die Festigkeit zu gew\u00e4hrleisten, sind alle N\u00e4hte mehrfach gen\u00e4ht.<\/p>\n<p>Das Modell kann mit kurzen oder langen \u00c4rmeln ausgestattet werden.<\/p>\n<p>Am R\u00fccken befindet sich ein kurzer Rei\u00dfverschluss, so dass sie \u00fcber den Kopf gezogen werden kann.<\/p>\n<p>Wenn Sie einen durchgehenden Rei\u00dfverschluss auf der R\u00fcckseite w\u00fcnschen, k\u00f6nnen Sie dies ebenfalls bei der Auswahl der Optionen angeben.<\/p>\n<p>Am unteren Ende des T-Shirts befindet sich ein Kordelzug zum Anziehen. Sollte dies zu viel der Ausl\u00f6ser sein, k\u00f6nnen Sie auch ohne diese bestellen und es ist nur ein gerader Schnitt.<\/p>\n<p>Die Cordura-Gewebe werden aus einem <a title=\"Nylon\" href=\"https:\/\/nl.wikipedia.org\/wiki\/Nylon\">Nylon 6.6<\/a>&#8211;<a class=\"mw-redirect\" title=\"Textilrohstoffe\" href=\"https:\/\/nl.wikipedia.org\/wiki\/Textiele_grondstoffen\">Fasern<\/a>\u00a0hergestellt, und die allgemeine Eigenschaft ist, dass das Gewebe schweren Belastungen standh\u00e4lt.<\/p>\n<p>Der Stoff wird f\u00fcr Koffer, Rucks\u00e4cke, Schuhe und Milit\u00e4rkleidung verwendet. Das Material ist abriebfest (Abrieb), rei\u00dffest und widerstandsf\u00e4hig gegen raue Behandlung.<\/p>\n<p>Sollten weitere Anpassungen erforderlich sein, wenden Sie sich bitte per E-Mail an info@gozz.be, wir helfen Ihnen gerne weiter.<\/p>\n<p>Die hier aufgef\u00fchrten Preise enthalten die Mehrwertsteuer!<\/p>\n<p><strong>Dieser Posten ist auch bei der VAPH erstattungsf\u00e4hig<\/strong><\/p>\n<p><strong><br \/>\n<\/strong>rei\u00dffestes, atmungsaktives Material<br \/>\nDoppelt verst\u00e4rkte N\u00e4hte F\u00fcr sehr unruhige Patienten mit :<br \/>\nzwanghaftes Entkleiden<br \/>\nRei\u00df- und Rupfverhalten<br \/>\nAuto-Aggression<\/p>\n<p>Am besten ist es, dieses T-Shirt beim ersten Mal bei 30\u00b0 zu waschen\/sp\u00fclen. Danach kann es bei 60\u00b0 gewaschen und im Trockner getrocknet werden.<\/p>","protected":false},"excerpt":{"rendered":"<p>Dieses Anti-Rei\u00df-T-Shirt ist aus dem strapazierf\u00e4higen, flexiblen Stoff Cordura gefertigt und eignet sich f\u00fcr alle, die ihre Kleidung st\u00e4ndig ausziehen, zerrei\u00dfen oder in sie hineinbei\u00dfen m\u00fcssen.<\/p>\n<p>Die Cordura-Gewebe werden aus einem <a title=\"Nylon\" href=\"https:\/\/nl.wikipedia.org\/wiki\/Nylon\">Nylon 6.6<\/a>&#8211;<a class=\"mw-redirect\" title=\"Textilrohstoffe\" href=\"https:\/\/nl.wikipedia.org\/wiki\/Textiele_grondstoffen\">Fasern<\/a>\u00a0hergestellt, und die allgemeine Eigenschaft ist, dass das Gewebe schweren Belastungen standh\u00e4lt.<\/p>\n<p>Der Stoff wird f\u00fcr Koffer, Rucks\u00e4cke, Schuhe und Milit\u00e4rkleidung verwendet. Das Material ist abriebfest (Abrieb), rei\u00dffest und widerstandsf\u00e4hig gegen raue Behandlung.<\/p>\n<p>Um die Festigkeit zu gew\u00e4hrleisten, sind alle N\u00e4hte mehrfach gen\u00e4ht.<\/p>\n<p>Het model kan met korte of lange mouwen voorzien worden<\/p>\n<p>Am R\u00fccken befindet sich ein kurzer Rei\u00dfverschluss, so dass sie \u00fcber den Kopf gezogen werden kann.<\/p>\n<p>Indien er een volledige rits aan de achterzijde nodig is, geeft U dit door in de opmerkingen.<\/p>\n<p>Am unteren Ende des T-Shirts befindet sich ein Kordelzug zum Anziehen. Sollte dies zu viel der Ausl\u00f6ser sein, k\u00f6nnen Sie auch ohne diese bestellen und es ist nur ein gerader Schnitt.<\/p>\n<p>Sollten weitere Anpassungen erforderlich sein, wenden Sie sich bitte per E-Mail an info@gozz.be, wir helfen Ihnen gerne weiter.<\/p>\n<p>Die hier aufgef\u00fchrten Preise enthalten die Mehrwertsteuer!<\/p>\n<p><strong>Dieser Posten ist auch bei der VAPH erstattungsf\u00e4hig<\/strong><\/p>\n<p><strong><br \/>\n<\/strong>rei\u00dffestes, atmungsaktives Material<br \/>\nDoppelt verst\u00e4rkte N\u00e4hte F\u00fcr sehr unruhige Patienten mit :<br \/>\nzwanghaftes Entkleiden<br \/>\nRei\u00df- und Rupfverhalten<br \/>\nAuto-Aggression<\/p>\n<p>Am besten ist es, dieses T-Shirt beim ersten Mal bei 30\u00b0 zu waschen\/sp\u00fclen. Danach kann es bei 60\u00b0 gewaschen und im Trockner getrocknet werden.<\/p>","protected":false},"featured_media":18136,"template":"","meta":[],"product_brand":[],"product_cat":[611,612,613,445,455,471],"product_tag":[],"class_list":{"0":"post-18113","1":"product","2":"type-product","3":"status-publish","4":"has-post-thumbnail","6":"product_cat-kids","7":"product_cat-ouderen-dementie","8":"product_cat-volwassenen","9":"product_cat-new","10":"product_cat-bovenkledij","11":"product_cat-anti-scheur-assortiment","12":"pa_maat-small","13":"pa_maat-176-182-2","14":"pa_maat-medium","15":"pa_maat-128-134-2-en","16":"pa_maat-large","17":"pa_maat-164-170-2-en","18":"pa_maat-extra-large","19":"pa_maat-140-146-2-fr","20":"pa_maat-152-158-2-fr","21":"pa_maat-104-110-2","22":"pa_maat-116-122-2","23":"pa_sluiting-korte-rits-achterzijde","24":"pa_sluiting-volledige-rits-achterzijde","26":"first","27":"instock","28":"taxable","29":"shipping-taxable","30":"purchasable","31":"product-type-variable"},"yoast_head":"<!-- This site is optimized with the Yoast SEO plugin v27.2 - https:\/\/yoast.com\/product\/yoast-seo-wordpress\/ -->\n<title>Antischeur T-shirt camel | Gozz4All<\/title>\n<meta name=\"description\" content=\"Anti scheurpak-extra sterke Cordura stof die geschikt is voor personen die hun kleding kapot scheuren of hierin bijten. Gozz4all - VAPH terugbetaling\" \/>\n<meta name=\"robots\" content=\"index, follow, max-snippet:-1, max-image-preview:large, max-video-preview:-1\" \/>\n<link rel=\"canonical\" href=\"https:\/\/gozz4all.com\/de\/anti-scheur-assortiment\/antischeur-t-shirt-plukgedrag-scheurgedrag-autoagressie-cordura-stof-terugbetaling-vaph\/\" \/>\n<meta property=\"og:locale\" content=\"de_DE\" \/>\n<meta property=\"og:type\" content=\"article\" \/>\n<meta property=\"og:title\" content=\"Antischeur T-shirt camel | Gozz4All\" \/>\n<meta property=\"og:description\" content=\"Anti scheurpak-extra sterke Cordura stof die geschikt is voor personen die hun kleding kapot scheuren of hierin bijten. Gozz4all - VAPH terugbetaling\" \/>\n<meta property=\"og:url\" content=\"https:\/\/gozz4all.com\/de\/anti-scheur-assortiment\/antischeur-t-shirt-plukgedrag-scheurgedrag-autoagressie-cordura-stof-terugbetaling-vaph\/\" \/>\n<meta property=\"og:site_name\" content=\"Gozz4All\" \/>\n<meta property=\"article:publisher\" content=\"https:\/\/www.facebook.com\/gozz4all\/\" \/>\n<meta property=\"article:modified_time\" content=\"2022-09-02T13:29:31+00:00\" \/>\n<meta property=\"og:image\" content=\"https:\/\/gozz4all.com\/wp-content\/uploads\/2022\/05\/DSC_0489.jpg\" \/>\n\t<meta property=\"og:image:width\" content=\"1200\" \/>\n\t<meta property=\"og:image:height\" content=\"800\" \/>\n\t<meta property=\"og:image:type\" content=\"image\/jpeg\" \/>\n<meta name=\"twitter:card\" content=\"summary_large_image\" \/>\n<meta name=\"twitter:label1\" content=\"Gesch\u00e4tzte Lesezeit\" \/>\n\t<meta name=\"twitter:data1\" content=\"1\u00a0Minute\" \/>\n<script type=\"application\/ld+json\" class=\"yoast-schema-graph\">{\"@context\":\"https:\/\/schema.org\",\"@graph\":[{\"@type\":\"WebPage\",\"@id\":\"https:\/\/gozz4all.com\/anti-scheur-assortiment\/antischeur-t-shirt-plukgedrag-scheurgedrag-autoagressie-cordura-stof-terugbetaling-vaph\/\",\"url\":\"https:\/\/gozz4all.com\/anti-scheur-assortiment\/antischeur-t-shirt-plukgedrag-scheurgedrag-autoagressie-cordura-stof-terugbetaling-vaph\/\",\"name\":\"Antischeur T-shirt camel | Gozz4All\",\"isPartOf\":{\"@id\":\"https:\/\/gozz4all.com\/fr\/#website\"},\"primaryImageOfPage\":{\"@id\":\"https:\/\/gozz4all.com\/anti-scheur-assortiment\/antischeur-t-shirt-plukgedrag-scheurgedrag-autoagressie-cordura-stof-terugbetaling-vaph\/#primaryimage\"},\"image\":{\"@id\":\"https:\/\/gozz4all.com\/anti-scheur-assortiment\/antischeur-t-shirt-plukgedrag-scheurgedrag-autoagressie-cordura-stof-terugbetaling-vaph\/#primaryimage\"},\"thumbnailUrl\":\"https:\/\/gozz4all.com\/wp-content\/uploads\/2022\/05\/DSC_0489.jpg\",\"datePublished\":\"2022-05-22T12:41:30+00:00\",\"dateModified\":\"2022-09-02T13:29:31+00:00\",\"description\":\"Anti scheurpak-extra sterke Cordura stof die geschikt is voor personen die hun kleding kapot scheuren of hierin bijten. Gozz4all - VAPH terugbetaling\",\"breadcrumb\":{\"@id\":\"https:\/\/gozz4all.com\/anti-scheur-assortiment\/antischeur-t-shirt-plukgedrag-scheurgedrag-autoagressie-cordura-stof-terugbetaling-vaph\/#breadcrumb\"},\"inLanguage\":\"de\",\"potentialAction\":[{\"@type\":\"ReadAction\",\"target\":[\"https:\/\/gozz4all.com\/anti-scheur-assortiment\/antischeur-t-shirt-plukgedrag-scheurgedrag-autoagressie-cordura-stof-terugbetaling-vaph\/\"]}]},{\"@type\":\"ImageObject\",\"inLanguage\":\"de\",\"@id\":\"https:\/\/gozz4all.com\/anti-scheur-assortiment\/antischeur-t-shirt-plukgedrag-scheurgedrag-autoagressie-cordura-stof-terugbetaling-vaph\/#primaryimage\",\"url\":\"https:\/\/gozz4all.com\/wp-content\/uploads\/2022\/05\/DSC_0489.jpg\",\"contentUrl\":\"https:\/\/gozz4all.com\/wp-content\/uploads\/2022\/05\/DSC_0489.jpg\",\"width\":1200,\"height\":800},{\"@type\":\"BreadcrumbList\",\"@id\":\"https:\/\/gozz4all.com\/anti-scheur-assortiment\/antischeur-t-shirt-plukgedrag-scheurgedrag-autoagressie-cordura-stof-terugbetaling-vaph\/#breadcrumb\",\"itemListElement\":[{\"@type\":\"ListItem\",\"position\":1,\"name\":\"Home\",\"item\":\"https:\/\/gozz4all.com\/\"},{\"@type\":\"ListItem\",\"position\":2,\"name\":\"Producten\",\"item\":\"https:\/\/gozz4all.com\/shop\/\"},{\"@type\":\"ListItem\",\"position\":3,\"name\":\"Antischeur T-shirt camel\"}]},{\"@type\":\"WebSite\",\"@id\":\"https:\/\/gozz4all.com\/fr\/#website\",\"url\":\"https:\/\/gozz4all.com\/fr\/\",\"name\":\"Gozz4All\",\"description\":\"Gozz4All\",\"publisher\":{\"@id\":\"https:\/\/gozz4all.com\/fr\/#organization\"},\"potentialAction\":[{\"@type\":\"SearchAction\",\"target\":{\"@type\":\"EntryPoint\",\"urlTemplate\":\"https:\/\/gozz4all.com\/fr\/?s={search_term_string}\"},\"query-input\":{\"@type\":\"PropertyValueSpecification\",\"valueRequired\":true,\"valueName\":\"search_term_string\"}}],\"inLanguage\":\"de\"},{\"@type\":\"Organization\",\"@id\":\"https:\/\/gozz4all.com\/fr\/#organization\",\"name\":\"Gozz4all\",\"url\":\"https:\/\/gozz4all.com\/fr\/\",\"logo\":{\"@type\":\"ImageObject\",\"inLanguage\":\"de\",\"@id\":\"https:\/\/gozz4all.com\/fr\/#\/schema\/logo\/image\/\",\"url\":\"https:\/\/gozz4all.com\/wp-content\/uploads\/2020\/04\/Logo-ask-for-better-one.png\",\"contentUrl\":\"https:\/\/gozz4all.com\/wp-content\/uploads\/2020\/04\/Logo-ask-for-better-one.png\",\"width\":146,\"height\":60,\"caption\":\"Gozz4all\"},\"image\":{\"@id\":\"https:\/\/gozz4all.com\/fr\/#\/schema\/logo\/image\/\"},\"sameAs\":[\"https:\/\/www.facebook.com\/gozz4all\/\",\"https:\/\/www.instagram.com\/gozz4allfashion\/?hl=nl\"]}]}<\/script>\n<!-- \/ Yoast SEO plugin. -->","yoast_head_json":{"title":"Antischeur T-shirt camel | Gozz4All","description":"Anti scheurpak-extra sterke Cordura stof die geschikt is voor personen die hun kleding kapot scheuren of hierin bijten. Gozz4all - VAPH terugbetaling","robots":{"index":"index","follow":"follow","max-snippet":"max-snippet:-1","max-image-preview":"max-image-preview:large","max-video-preview":"max-video-preview:-1"},"canonical":"https:\/\/gozz4all.com\/de\/anti-scheur-assortiment\/antischeur-t-shirt-plukgedrag-scheurgedrag-autoagressie-cordura-stof-terugbetaling-vaph\/","og_locale":"de_DE","og_type":"article","og_title":"Antischeur T-shirt camel | Gozz4All","og_description":"Anti scheurpak-extra sterke Cordura stof die geschikt is voor personen die hun kleding kapot scheuren of hierin bijten. Gozz4all - VAPH terugbetaling","og_url":"https:\/\/gozz4all.com\/de\/anti-scheur-assortiment\/antischeur-t-shirt-plukgedrag-scheurgedrag-autoagressie-cordura-stof-terugbetaling-vaph\/","og_site_name":"Gozz4All","article_publisher":"https:\/\/www.facebook.com\/gozz4all\/","article_modified_time":"2022-09-02T13:29:31+00:00","og_image":[{"width":1200,"height":800,"url":"https:\/\/gozz4all.com\/wp-content\/uploads\/2022\/05\/DSC_0489.jpg","type":"image\/jpeg"}],"twitter_card":"summary_large_image","twitter_misc":{"Gesch\u00e4tzte Lesezeit":"1\u00a0Minute"},"schema":{"@context":"https:\/\/schema.org","@graph":[{"@type":"WebPage","@id":"https:\/\/gozz4all.com\/anti-scheur-assortiment\/antischeur-t-shirt-plukgedrag-scheurgedrag-autoagressie-cordura-stof-terugbetaling-vaph\/","url":"https:\/\/gozz4all.com\/anti-scheur-assortiment\/antischeur-t-shirt-plukgedrag-scheurgedrag-autoagressie-cordura-stof-terugbetaling-vaph\/","name":"Antischeur T-shirt camel | Gozz4All","isPartOf":{"@id":"https:\/\/gozz4all.com\/fr\/#website"},"primaryImageOfPage":{"@id":"https:\/\/gozz4all.com\/anti-scheur-assortiment\/antischeur-t-shirt-plukgedrag-scheurgedrag-autoagressie-cordura-stof-terugbetaling-vaph\/#primaryimage"},"image":{"@id":"https:\/\/gozz4all.com\/anti-scheur-assortiment\/antischeur-t-shirt-plukgedrag-scheurgedrag-autoagressie-cordura-stof-terugbetaling-vaph\/#primaryimage"},"thumbnailUrl":"https:\/\/gozz4all.com\/wp-content\/uploads\/2022\/05\/DSC_0489.jpg","datePublished":"2022-05-22T12:41:30+00:00","dateModified":"2022-09-02T13:29:31+00:00","description":"Anti scheurpak-extra sterke Cordura stof die geschikt is voor personen die hun kleding kapot scheuren of hierin bijten. Gozz4all - VAPH terugbetaling","breadcrumb":{"@id":"https:\/\/gozz4all.com\/anti-scheur-assortiment\/antischeur-t-shirt-plukgedrag-scheurgedrag-autoagressie-cordura-stof-terugbetaling-vaph\/#breadcrumb"},"inLanguage":"de","potentialAction":[{"@type":"ReadAction","target":["https:\/\/gozz4all.com\/anti-scheur-assortiment\/antischeur-t-shirt-plukgedrag-scheurgedrag-autoagressie-cordura-stof-terugbetaling-vaph\/"]}]},{"@type":"ImageObject","inLanguage":"de","@id":"https:\/\/gozz4all.com\/anti-scheur-assortiment\/antischeur-t-shirt-plukgedrag-scheurgedrag-autoagressie-cordura-stof-terugbetaling-vaph\/#primaryimage","url":"https:\/\/gozz4all.com\/wp-content\/uploads\/2022\/05\/DSC_0489.jpg","contentUrl":"https:\/\/gozz4all.com\/wp-content\/uploads\/2022\/05\/DSC_0489.jpg","width":1200,"height":800},{"@type":"BreadcrumbList","@id":"https:\/\/gozz4all.com\/anti-scheur-assortiment\/antischeur-t-shirt-plukgedrag-scheurgedrag-autoagressie-cordura-stof-terugbetaling-vaph\/#breadcrumb","itemListElement":[{"@type":"ListItem","position":1,"name":"Home","item":"https:\/\/gozz4all.com\/"},{"@type":"ListItem","position":2,"name":"Producten","item":"https:\/\/gozz4all.com\/shop\/"},{"@type":"ListItem","position":3,"name":"Antischeur T-shirt camel"}]},{"@type":"WebSite","@id":"https:\/\/gozz4all.com\/fr\/#website","url":"https:\/\/gozz4all.com\/fr\/","name":"Gozz4All","description":"Gozz4All","publisher":{"@id":"https:\/\/gozz4all.com\/fr\/#organization"},"potentialAction":[{"@type":"SearchAction","target":{"@type":"EntryPoint","urlTemplate":"https:\/\/gozz4all.com\/fr\/?s={search_term_string}"},"query-input":{"@type":"PropertyValueSpecification","valueRequired":true,"valueName":"search_term_string"}}],"inLanguage":"de"},{"@type":"Organization","@id":"https:\/\/gozz4all.com\/fr\/#organization","name":"Gozz4all","url":"https:\/\/gozz4all.com\/fr\/","logo":{"@type":"ImageObject","inLanguage":"de","@id":"https:\/\/gozz4all.com\/fr\/#\/schema\/logo\/image\/","url":"https:\/\/gozz4all.com\/wp-content\/uploads\/2020\/04\/Logo-ask-for-better-one.png","contentUrl":"https:\/\/gozz4all.com\/wp-content\/uploads\/2020\/04\/Logo-ask-for-better-one.png","width":146,"height":60,"caption":"Gozz4all"},"image":{"@id":"https:\/\/gozz4all.com\/fr\/#\/schema\/logo\/image\/"},"sameAs":["https:\/\/www.facebook.com\/gozz4all\/","https:\/\/www.instagram.com\/gozz4allfashion\/?hl=nl"]}]}},"_links":{"self":[{"href":"https:\/\/gozz4all.com\/de\/wp-json\/wp\/v2\/product\/18113","targetHints":{"allow":["GET"]}}],"collection":[{"href":"https:\/\/gozz4all.com\/de\/wp-json\/wp\/v2\/product"}],"about":[{"href":"https:\/\/gozz4all.com\/de\/wp-json\/wp\/v2\/types\/product"}],"wp:featuredmedia":[{"embeddable":true,"href":"https:\/\/gozz4all.com\/de\/wp-json\/wp\/v2\/media\/18136"}],"wp:attachment":[{"href":"https:\/\/gozz4all.com\/de\/wp-json\/wp\/v2\/media?parent=18113"}],"wp:term":[{"taxonomy":"product_brand","embeddable":true,"href":"https:\/\/gozz4all.com\/de\/wp-json\/wp\/v2\/product_brand?post=18113"},{"taxonomy":"product_cat","embeddable":true,"href":"https:\/\/gozz4all.com\/de\/wp-json\/wp\/v2\/product_cat?post=18113"},{"taxonomy":"product_tag","embeddable":true,"href":"https:\/\/gozz4all.com\/de\/wp-json\/wp\/v2\/product_tag?post=18113"}],"curies":[{"name":"wp","href":"https:\/\/api.w.org\/{rel}","templated":true}]}}