{"id":18087,"date":"2022-05-18T15:31:26","date_gmt":"2022-05-18T13:31:26","guid":{"rendered":"https:\/\/gozz4all.com\/?post_type=product&#038;p=18087"},"modified":"2025-02-13T11:11:39","modified_gmt":"2025-02-13T09:11:39","slug":"jumpy-met-voet-aapjes","status":"publish","type":"product","link":"https:\/\/gozz4all.com\/de\/product\/jumpy-met-voet-aapjes\/","title":{"rendered":"Jumpy met voet Aapjes"},"content":{"rendered":"","protected":false},"excerpt":{"rendered":"<p><strong>Beschreibung<\/strong><br \/>\nEen comfortabele jumpy!<\/p>\n<p>De stretchstof is van hoge kwaliteit.<br \/>\nDa sich der Rei\u00dfverschluss auf dem R\u00fccken befindet, kann sich die Person nicht selbst\u00e4ndig ausziehen.<\/p>\n<p>Voorzien van voeten, zodanig dat men niet langst de broekspijp aan de luier kan.<\/p>\n<p><strong>Geeignet f\u00fcr\u00a0<\/strong><\/p>\n<ul>\n<li>Menschen mit Entkleidungsverhalten<\/li>\n<li>Menschen mit geistigen Behinderungen<\/li>\n<li>Menschen mit Inkontinenzproblemen<\/li>\n<\/ul>\n<p><strong>Zusammensetzung:<\/strong><br \/>\n95% Baumwolle, 5% Elastan<\/p>","protected":false},"featured_media":18100,"template":"","meta":[],"product_brand":[],"product_cat":[611,612,613,618,445,45],"product_tag":[],"class_list":{"0":"post-18087","1":"product","2":"type-product","3":"status-publish","4":"has-post-thumbnail","6":"product_cat-kids","7":"product_cat-ouderen-dementie","8":"product_cat-volwassenen","9":"product_cat-hansop-jumpys-huispak","10":"product_cat-new","11":"product_cat-slaapkledij-hansop-jumpy-onesie-huispak-anti-uitkleed-kleding","12":"pa_maat-128-134-2","13":"pa_maat-140-146-2","14":"pa_maat-152-158-2","15":"pa_maat-xxl","16":"pa_maat-164-170-2","17":"pa_maat-l-2-fr","18":"pa_maat-176-182-2","19":"pa_maat-188-2","20":"pa_maat-s-2","21":"pa_maat-m-2","22":"pa_maat-92-98","23":"pa_maat-xl-2","24":"pa_maat-104-110-2","25":"pa_maat-116-122-2","26":"pa_uitvoering-stoma","27":"pa_uitvoering-side-open","28":"pa_uitvoering-verschoningsrits-tussen-de-benen","29":"pa_uitvoering-regular","30":"pa_uitvoering-sonde","31":"pif-has-gallery","33":"first","34":"outofstock","35":"featured","36":"taxable","37":"shipping-taxable","38":"purchasable","39":"product-type-variable"},"yoast_head":"<!-- This site is optimized with the Yoast SEO plugin v27.2 - https:\/\/yoast.com\/product\/yoast-seo-wordpress\/ -->\n<title>Jumpy met voet Aapjes | Gozz4All<\/title>\n<meta name=\"robots\" content=\"index, follow, max-snippet:-1, max-image-preview:large, max-video-preview:-1\" \/>\n<link rel=\"canonical\" href=\"https:\/\/gozz4all.com\/de\/produkt\/jumpy-met-voet-aapjes\/\" \/>\n<meta property=\"og:locale\" content=\"de_DE\" \/>\n<meta property=\"og:type\" content=\"article\" \/>\n<meta property=\"og:title\" content=\"Jumpy met voet Aapjes | Gozz4All\" \/>\n<meta property=\"og:description\" content=\"Omschrijving Een comfortabele jumpy!  De stretchstof is van hoge kwaliteit. Doordat de rits op de achterzijde zit, kan de persoon zich niet zelfstandig uitkleden.  Voorzien van voeten, zodanig dat men niet langst de broekspijp aan de luier kan.  Geschikt voor\u00a0   mensen met uitkleed gedrag  mensen met een mentale beperking  mensen met incontinentie problemen  Samenstelling: 95% Katoen, 5% Elastaan\" \/>\n<meta property=\"og:url\" content=\"https:\/\/gozz4all.com\/de\/produkt\/jumpy-met-voet-aapjes\/\" \/>\n<meta property=\"og:site_name\" content=\"Gozz4All\" \/>\n<meta property=\"article:publisher\" content=\"https:\/\/www.facebook.com\/gozz4all\/\" \/>\n<meta property=\"article:modified_time\" content=\"2025-02-13T09:11:39+00:00\" \/>\n<meta property=\"og:image\" content=\"https:\/\/gozz4all.com\/wp-content\/uploads\/2022\/05\/DSC_0428.jpg\" \/>\n\t<meta property=\"og:image:width\" content=\"800\" \/>\n\t<meta property=\"og:image:height\" content=\"1200\" \/>\n\t<meta property=\"og:image:type\" content=\"image\/jpeg\" \/>\n<meta name=\"twitter:card\" content=\"summary_large_image\" \/>\n<script type=\"application\/ld+json\" class=\"yoast-schema-graph\">{\"@context\":\"https:\/\/schema.org\",\"@graph\":[{\"@type\":\"WebPage\",\"@id\":\"https:\/\/gozz4all.com\/product\/jumpy-met-voet-aapjes\/\",\"url\":\"https:\/\/gozz4all.com\/product\/jumpy-met-voet-aapjes\/\",\"name\":\"Jumpy met voet Aapjes | Gozz4All\",\"isPartOf\":{\"@id\":\"https:\/\/gozz4all.com\/fr\/#website\"},\"primaryImageOfPage\":{\"@id\":\"https:\/\/gozz4all.com\/product\/jumpy-met-voet-aapjes\/#primaryimage\"},\"image\":{\"@id\":\"https:\/\/gozz4all.com\/product\/jumpy-met-voet-aapjes\/#primaryimage\"},\"thumbnailUrl\":\"https:\/\/gozz4all.com\/wp-content\/uploads\/2022\/05\/DSC_0428.jpg\",\"datePublished\":\"2022-05-18T13:31:26+00:00\",\"dateModified\":\"2025-02-13T09:11:39+00:00\",\"breadcrumb\":{\"@id\":\"https:\/\/gozz4all.com\/product\/jumpy-met-voet-aapjes\/#breadcrumb\"},\"inLanguage\":\"de\",\"potentialAction\":[{\"@type\":\"ReadAction\",\"target\":[\"https:\/\/gozz4all.com\/product\/jumpy-met-voet-aapjes\/\"]}]},{\"@type\":\"ImageObject\",\"inLanguage\":\"de\",\"@id\":\"https:\/\/gozz4all.com\/product\/jumpy-met-voet-aapjes\/#primaryimage\",\"url\":\"https:\/\/gozz4all.com\/wp-content\/uploads\/2022\/05\/DSC_0428.jpg\",\"contentUrl\":\"https:\/\/gozz4all.com\/wp-content\/uploads\/2022\/05\/DSC_0428.jpg\",\"width\":800,\"height\":1200},{\"@type\":\"BreadcrumbList\",\"@id\":\"https:\/\/gozz4all.com\/product\/jumpy-met-voet-aapjes\/#breadcrumb\",\"itemListElement\":[{\"@type\":\"ListItem\",\"position\":1,\"name\":\"Home\",\"item\":\"https:\/\/gozz4all.com\/\"},{\"@type\":\"ListItem\",\"position\":2,\"name\":\"Producten\",\"item\":\"https:\/\/gozz4all.com\/shop\/\"},{\"@type\":\"ListItem\",\"position\":3,\"name\":\"Jumpy met voet Aapjes\"}]},{\"@type\":\"WebSite\",\"@id\":\"https:\/\/gozz4all.com\/fr\/#website\",\"url\":\"https:\/\/gozz4all.com\/fr\/\",\"name\":\"Gozz4All\",\"description\":\"Gozz4All\",\"publisher\":{\"@id\":\"https:\/\/gozz4all.com\/fr\/#organization\"},\"potentialAction\":[{\"@type\":\"SearchAction\",\"target\":{\"@type\":\"EntryPoint\",\"urlTemplate\":\"https:\/\/gozz4all.com\/fr\/?s={search_term_string}\"},\"query-input\":{\"@type\":\"PropertyValueSpecification\",\"valueRequired\":true,\"valueName\":\"search_term_string\"}}],\"inLanguage\":\"de\"},{\"@type\":\"Organization\",\"@id\":\"https:\/\/gozz4all.com\/fr\/#organization\",\"name\":\"Gozz4all\",\"url\":\"https:\/\/gozz4all.com\/fr\/\",\"logo\":{\"@type\":\"ImageObject\",\"inLanguage\":\"de\",\"@id\":\"https:\/\/gozz4all.com\/fr\/#\/schema\/logo\/image\/\",\"url\":\"https:\/\/gozz4all.com\/wp-content\/uploads\/2020\/04\/Logo-ask-for-better-one.png\",\"contentUrl\":\"https:\/\/gozz4all.com\/wp-content\/uploads\/2020\/04\/Logo-ask-for-better-one.png\",\"width\":146,\"height\":60,\"caption\":\"Gozz4all\"},\"image\":{\"@id\":\"https:\/\/gozz4all.com\/fr\/#\/schema\/logo\/image\/\"},\"sameAs\":[\"https:\/\/www.facebook.com\/gozz4all\/\",\"https:\/\/www.instagram.com\/gozz4allfashion\/?hl=nl\"]}]}<\/script>\n<!-- \/ Yoast SEO plugin. -->","yoast_head_json":{"title":"Jumpy met voet Aapjes | Gozz4All","robots":{"index":"index","follow":"follow","max-snippet":"max-snippet:-1","max-image-preview":"max-image-preview:large","max-video-preview":"max-video-preview:-1"},"canonical":"https:\/\/gozz4all.com\/de\/produkt\/jumpy-met-voet-aapjes\/","og_locale":"de_DE","og_type":"article","og_title":"Jumpy met voet Aapjes | Gozz4All","og_description":"Omschrijving Een comfortabele jumpy!  De stretchstof is van hoge kwaliteit. Doordat de rits op de achterzijde zit, kan de persoon zich niet zelfstandig uitkleden.  Voorzien van voeten, zodanig dat men niet langst de broekspijp aan de luier kan.  Geschikt voor\u00a0   mensen met uitkleed gedrag  mensen met een mentale beperking  mensen met incontinentie problemen  Samenstelling: 95% Katoen, 5% Elastaan","og_url":"https:\/\/gozz4all.com\/de\/produkt\/jumpy-met-voet-aapjes\/","og_site_name":"Gozz4All","article_publisher":"https:\/\/www.facebook.com\/gozz4all\/","article_modified_time":"2025-02-13T09:11:39+00:00","og_image":[{"width":800,"height":1200,"url":"https:\/\/gozz4all.com\/wp-content\/uploads\/2022\/05\/DSC_0428.jpg","type":"image\/jpeg"}],"twitter_card":"summary_large_image","schema":{"@context":"https:\/\/schema.org","@graph":[{"@type":"WebPage","@id":"https:\/\/gozz4all.com\/product\/jumpy-met-voet-aapjes\/","url":"https:\/\/gozz4all.com\/product\/jumpy-met-voet-aapjes\/","name":"Jumpy met voet Aapjes | Gozz4All","isPartOf":{"@id":"https:\/\/gozz4all.com\/fr\/#website"},"primaryImageOfPage":{"@id":"https:\/\/gozz4all.com\/product\/jumpy-met-voet-aapjes\/#primaryimage"},"image":{"@id":"https:\/\/gozz4all.com\/product\/jumpy-met-voet-aapjes\/#primaryimage"},"thumbnailUrl":"https:\/\/gozz4all.com\/wp-content\/uploads\/2022\/05\/DSC_0428.jpg","datePublished":"2022-05-18T13:31:26+00:00","dateModified":"2025-02-13T09:11:39+00:00","breadcrumb":{"@id":"https:\/\/gozz4all.com\/product\/jumpy-met-voet-aapjes\/#breadcrumb"},"inLanguage":"de","potentialAction":[{"@type":"ReadAction","target":["https:\/\/gozz4all.com\/product\/jumpy-met-voet-aapjes\/"]}]},{"@type":"ImageObject","inLanguage":"de","@id":"https:\/\/gozz4all.com\/product\/jumpy-met-voet-aapjes\/#primaryimage","url":"https:\/\/gozz4all.com\/wp-content\/uploads\/2022\/05\/DSC_0428.jpg","contentUrl":"https:\/\/gozz4all.com\/wp-content\/uploads\/2022\/05\/DSC_0428.jpg","width":800,"height":1200},{"@type":"BreadcrumbList","@id":"https:\/\/gozz4all.com\/product\/jumpy-met-voet-aapjes\/#breadcrumb","itemListElement":[{"@type":"ListItem","position":1,"name":"Home","item":"https:\/\/gozz4all.com\/"},{"@type":"ListItem","position":2,"name":"Producten","item":"https:\/\/gozz4all.com\/shop\/"},{"@type":"ListItem","position":3,"name":"Jumpy met voet Aapjes"}]},{"@type":"WebSite","@id":"https:\/\/gozz4all.com\/fr\/#website","url":"https:\/\/gozz4all.com\/fr\/","name":"Gozz4All","description":"Gozz4All","publisher":{"@id":"https:\/\/gozz4all.com\/fr\/#organization"},"potentialAction":[{"@type":"SearchAction","target":{"@type":"EntryPoint","urlTemplate":"https:\/\/gozz4all.com\/fr\/?s={search_term_string}"},"query-input":{"@type":"PropertyValueSpecification","valueRequired":true,"valueName":"search_term_string"}}],"inLanguage":"de"},{"@type":"Organization","@id":"https:\/\/gozz4all.com\/fr\/#organization","name":"Gozz4all","url":"https:\/\/gozz4all.com\/fr\/","logo":{"@type":"ImageObject","inLanguage":"de","@id":"https:\/\/gozz4all.com\/fr\/#\/schema\/logo\/image\/","url":"https:\/\/gozz4all.com\/wp-content\/uploads\/2020\/04\/Logo-ask-for-better-one.png","contentUrl":"https:\/\/gozz4all.com\/wp-content\/uploads\/2020\/04\/Logo-ask-for-better-one.png","width":146,"height":60,"caption":"Gozz4all"},"image":{"@id":"https:\/\/gozz4all.com\/fr\/#\/schema\/logo\/image\/"},"sameAs":["https:\/\/www.facebook.com\/gozz4all\/","https:\/\/www.instagram.com\/gozz4allfashion\/?hl=nl"]}]}},"_links":{"self":[{"href":"https:\/\/gozz4all.com\/de\/wp-json\/wp\/v2\/product\/18087","targetHints":{"allow":["GET"]}}],"collection":[{"href":"https:\/\/gozz4all.com\/de\/wp-json\/wp\/v2\/product"}],"about":[{"href":"https:\/\/gozz4all.com\/de\/wp-json\/wp\/v2\/types\/product"}],"wp:featuredmedia":[{"embeddable":true,"href":"https:\/\/gozz4all.com\/de\/wp-json\/wp\/v2\/media\/18100"}],"wp:attachment":[{"href":"https:\/\/gozz4all.com\/de\/wp-json\/wp\/v2\/media?parent=18087"}],"wp:term":[{"taxonomy":"product_brand","embeddable":true,"href":"https:\/\/gozz4all.com\/de\/wp-json\/wp\/v2\/product_brand?post=18087"},{"taxonomy":"product_cat","embeddable":true,"href":"https:\/\/gozz4all.com\/de\/wp-json\/wp\/v2\/product_cat?post=18087"},{"taxonomy":"product_tag","embeddable":true,"href":"https:\/\/gozz4all.com\/de\/wp-json\/wp\/v2\/product_tag?post=18087"}],"curies":[{"name":"wp","href":"https:\/\/api.w.org\/{rel}","templated":true}]}}