{"id":17248,"date":"2022-04-02T10:27:01","date_gmt":"2022-04-02T08:27:01","guid":{"rendered":"https:\/\/gozz4all.com\/?post_type=product&#038;p=17248"},"modified":"2022-11-24T17:33:51","modified_gmt":"2022-11-24T15:33:51","slug":"slaapzak-winter-zomer-bruin-beer","status":"publish","type":"product","link":"https:\/\/gozz4all.com\/de\/product\/slaapzak-winter-zomer-bruin-beer\/","title":{"rendered":"Schlafsack Winter Sommer Braunb\u00e4r"},"content":{"rendered":"<p>Ein flexibler Schlafsack, der ohne, mit kurzen oder langen \u00c4rmeln erh\u00e4ltlich ist.<\/p>\n<p>Dies kann f\u00fcr alle Altersgruppen bei Schmier- und Ausziehverhalten verwendet werden oder wenn eine Bettdecke oder ein Laken nicht vertragen wird, liegen sie noch warm<\/p>\n<p>Dies f\u00fchrt zu mehr Ruhe und besserem Schlaf.<\/p>\n<p>Der Rei\u00dfverschluss kann auf der Vorder- oder R\u00fcckseite sein und wird von unten nach oben geschlossen.<\/p>\n<p>Mit verschiedenen St\u00e4rken der thermischen Polsterung je nach Jahreszeit. Sie k\u00f6nnen diese frei w\u00e4hlen.<\/p>\n<p>Ausgestattet mit einem robusten Rei\u00dfverschluss der Marke Kroko.<\/p>\n<p>Dies ist kein rei\u00dffester Stoff<\/p>\n<p>Ber\u00fccksichtigt die Schrumpfung von 5%<\/p>\n<p>Samenstelling: zachte velours<\/p>\n<p>Stoff: 80umwolle\/20%Poly<\/p>\n<p>Futter: 90% Baumwolle 10% Polyester<\/p>","protected":false},"excerpt":{"rendered":"<p>Ein flexibler Schlafsack, der ohne, mit kurzen oder langen \u00c4rmeln erh\u00e4ltlich ist.<\/p>\n<p>Dies kann f\u00fcr alle Altersgruppen bei Schmier- und Ausziehverhalten verwendet werden oder wenn eine Bettdecke oder ein Laken nicht vertragen wird, liegen sie noch warm<\/p>\n<p>Dies f\u00fchrt zu mehr Ruhe und besserem Schlaf.<\/p>\n<p>Der Rei\u00dfverschluss kann auf der Vorder- oder R\u00fcckseite sein und wird von unten nach oben geschlossen.<\/p>\n<p>Mit verschiedenen St\u00e4rken der thermischen Polsterung je nach Jahreszeit. Sie k\u00f6nnen diese frei w\u00e4hlen.<\/p>\n<p>Ausgestattet mit einem robusten Rei\u00dfverschluss der Marke Kroko.<\/p>\n<p>Dies ist kein rei\u00dffester Stoff<\/p>\n<p>Ber\u00fccksichtigt die Schrumpfung von 5%<\/p>\n<p>Zusammensetzung:<\/p>\n<p>Stoff: 80umwolle\/20%Poly<\/p>\n<p>Futter: 90% Baumwolle 10% Polyester<\/p>","protected":false},"featured_media":17305,"template":"","meta":[],"product_brand":[],"product_cat":[611,456],"product_tag":[],"class_list":{"0":"post-17248","1":"product","2":"type-product","3":"status-publish","4":"has-post-thumbnail","6":"product_cat-kids","7":"product_cat-slaapzakken-in-grote-maten-tot-en-met-maat-xxl-kan-voor-alle-leeftijden-gebruikt-worden-smeergedrag-en-uitkleedgedrag-of-indien-er-geen-dekbed-of-laken-verdragen-wordt","8":"pa_dikte-vulling-lente-zomer","9":"pa_dikte-vulling-herfst-winter","10":"pa_maat-xl-2","11":"pa_maat-92-98","12":"pa_maat-xxl","13":"pa_maat-104-110-2","14":"pa_maat-l-2-en","15":"pa_maat-116-122-2","16":"pa_maat-m-2-fr","17":"pa_maat-128-134-2","18":"pa_maat-140-146-2","19":"pa_maat-152-158-2","20":"pa_maat-164-170-2","21":"pa_maat-176-182-2","22":"pa_maat-188-2","23":"pa_maat-s-2","24":"pif-has-gallery","26":"first","27":"instock","28":"taxable","29":"shipping-taxable","30":"purchasable","31":"product-type-variable"},"yoast_head":"<!-- This site is optimized with the Yoast SEO plugin v27.2 - https:\/\/yoast.com\/product\/yoast-seo-wordpress\/ -->\n<title>Slaapzak winter zomer bruin beer | Gozz4All<\/title>\n<meta name=\"description\" content=\"Slaapzak voor uitkleed en smeergedrag tegen te gaan,zorgt voor een rustigere nacht en betere slaap,geen, korte of lange mouw,vulling te kiezen\" \/>\n<meta name=\"robots\" content=\"index, follow, max-snippet:-1, max-image-preview:large, max-video-preview:-1\" \/>\n<link rel=\"canonical\" href=\"https:\/\/gozz4all.com\/de\/slaapkledij\/slaapzakken\/slaapzak-winter-zomer-bruin-beer\/\" \/>\n<meta property=\"og:locale\" content=\"de_DE\" \/>\n<meta property=\"og:type\" content=\"article\" \/>\n<meta property=\"og:title\" content=\"Slaapzak winter zomer bruin beer | Gozz4All\" \/>\n<meta property=\"og:description\" content=\"Slaapzak voor uitkleed en smeergedrag tegen te gaan,zorgt voor een rustigere nacht en betere slaap,geen, korte of lange mouw,vulling te kiezen\" \/>\n<meta property=\"og:url\" content=\"https:\/\/gozz4all.com\/de\/slaapkledij\/slaapzakken\/slaapzak-winter-zomer-bruin-beer\/\" \/>\n<meta property=\"og:site_name\" content=\"Gozz4All\" \/>\n<meta property=\"article:publisher\" content=\"https:\/\/www.facebook.com\/gozz4all\/\" \/>\n<meta property=\"article:modified_time\" content=\"2022-11-24T15:33:51+00:00\" \/>\n<meta property=\"og:image\" content=\"https:\/\/gozz4all.com\/wp-content\/uploads\/2022\/04\/Slaapzak-bruin-beer.jpg\" \/>\n\t<meta property=\"og:image:width\" content=\"419\" \/>\n\t<meta property=\"og:image:height\" content=\"595\" \/>\n\t<meta property=\"og:image:type\" content=\"image\/jpeg\" \/>\n<meta name=\"twitter:card\" content=\"summary_large_image\" \/>\n<meta name=\"twitter:label1\" content=\"Gesch\u00e4tzte Lesezeit\" \/>\n\t<meta name=\"twitter:data1\" content=\"1\u00a0Minute\" \/>\n<script type=\"application\/ld+json\" class=\"yoast-schema-graph\">{\"@context\":\"https:\/\/schema.org\",\"@graph\":[{\"@type\":\"WebPage\",\"@id\":\"https:\/\/gozz4all.com\/slaapkledij\/slaapzakken\/slaapzak-winter-zomer-bruin-beer\/\",\"url\":\"https:\/\/gozz4all.com\/slaapkledij\/slaapzakken\/slaapzak-winter-zomer-bruin-beer\/\",\"name\":\"Slaapzak winter zomer bruin beer | Gozz4All\",\"isPartOf\":{\"@id\":\"https:\/\/gozz4all.com\/fr\/#website\"},\"primaryImageOfPage\":{\"@id\":\"https:\/\/gozz4all.com\/slaapkledij\/slaapzakken\/slaapzak-winter-zomer-bruin-beer\/#primaryimage\"},\"image\":{\"@id\":\"https:\/\/gozz4all.com\/slaapkledij\/slaapzakken\/slaapzak-winter-zomer-bruin-beer\/#primaryimage\"},\"thumbnailUrl\":\"https:\/\/gozz4all.com\/wp-content\/uploads\/2022\/04\/Slaapzak-bruin-beer.jpg\",\"datePublished\":\"2022-04-02T08:27:01+00:00\",\"dateModified\":\"2022-11-24T15:33:51+00:00\",\"description\":\"Slaapzak voor uitkleed en smeergedrag tegen te gaan,zorgt voor een rustigere nacht en betere slaap,geen, korte of lange mouw,vulling te kiezen\",\"breadcrumb\":{\"@id\":\"https:\/\/gozz4all.com\/slaapkledij\/slaapzakken\/slaapzak-winter-zomer-bruin-beer\/#breadcrumb\"},\"inLanguage\":\"de\",\"potentialAction\":[{\"@type\":\"ReadAction\",\"target\":[\"https:\/\/gozz4all.com\/slaapkledij\/slaapzakken\/slaapzak-winter-zomer-bruin-beer\/\"]}]},{\"@type\":\"ImageObject\",\"inLanguage\":\"de\",\"@id\":\"https:\/\/gozz4all.com\/slaapkledij\/slaapzakken\/slaapzak-winter-zomer-bruin-beer\/#primaryimage\",\"url\":\"https:\/\/gozz4all.com\/wp-content\/uploads\/2022\/04\/Slaapzak-bruin-beer.jpg\",\"contentUrl\":\"https:\/\/gozz4all.com\/wp-content\/uploads\/2022\/04\/Slaapzak-bruin-beer.jpg\",\"width\":419,\"height\":595},{\"@type\":\"BreadcrumbList\",\"@id\":\"https:\/\/gozz4all.com\/slaapkledij\/slaapzakken\/slaapzak-winter-zomer-bruin-beer\/#breadcrumb\",\"itemListElement\":[{\"@type\":\"ListItem\",\"position\":1,\"name\":\"Home\",\"item\":\"https:\/\/gozz4all.com\/\"},{\"@type\":\"ListItem\",\"position\":2,\"name\":\"Producten\",\"item\":\"https:\/\/gozz4all.com\/shop\/\"},{\"@type\":\"ListItem\",\"position\":3,\"name\":\"Slaapzak winter zomer bruin beer\"}]},{\"@type\":\"WebSite\",\"@id\":\"https:\/\/gozz4all.com\/fr\/#website\",\"url\":\"https:\/\/gozz4all.com\/fr\/\",\"name\":\"Gozz4All\",\"description\":\"Gozz4All\",\"publisher\":{\"@id\":\"https:\/\/gozz4all.com\/fr\/#organization\"},\"potentialAction\":[{\"@type\":\"SearchAction\",\"target\":{\"@type\":\"EntryPoint\",\"urlTemplate\":\"https:\/\/gozz4all.com\/fr\/?s={search_term_string}\"},\"query-input\":{\"@type\":\"PropertyValueSpecification\",\"valueRequired\":true,\"valueName\":\"search_term_string\"}}],\"inLanguage\":\"de\"},{\"@type\":\"Organization\",\"@id\":\"https:\/\/gozz4all.com\/fr\/#organization\",\"name\":\"Gozz4all\",\"url\":\"https:\/\/gozz4all.com\/fr\/\",\"logo\":{\"@type\":\"ImageObject\",\"inLanguage\":\"de\",\"@id\":\"https:\/\/gozz4all.com\/fr\/#\/schema\/logo\/image\/\",\"url\":\"https:\/\/gozz4all.com\/wp-content\/uploads\/2020\/04\/Logo-ask-for-better-one.png\",\"contentUrl\":\"https:\/\/gozz4all.com\/wp-content\/uploads\/2020\/04\/Logo-ask-for-better-one.png\",\"width\":146,\"height\":60,\"caption\":\"Gozz4all\"},\"image\":{\"@id\":\"https:\/\/gozz4all.com\/fr\/#\/schema\/logo\/image\/\"},\"sameAs\":[\"https:\/\/www.facebook.com\/gozz4all\/\",\"https:\/\/www.instagram.com\/gozz4allfashion\/?hl=nl\"]}]}<\/script>\n<!-- \/ Yoast SEO plugin. -->","yoast_head_json":{"title":"Slaapzak winter zomer bruin beer | Gozz4All","description":"Slaapzak voor uitkleed en smeergedrag tegen te gaan,zorgt voor een rustigere nacht en betere slaap,geen, korte of lange mouw,vulling te kiezen","robots":{"index":"index","follow":"follow","max-snippet":"max-snippet:-1","max-image-preview":"max-image-preview:large","max-video-preview":"max-video-preview:-1"},"canonical":"https:\/\/gozz4all.com\/de\/slaapkledij\/slaapzakken\/slaapzak-winter-zomer-bruin-beer\/","og_locale":"de_DE","og_type":"article","og_title":"Slaapzak winter zomer bruin beer | Gozz4All","og_description":"Slaapzak voor uitkleed en smeergedrag tegen te gaan,zorgt voor een rustigere nacht en betere slaap,geen, korte of lange mouw,vulling te kiezen","og_url":"https:\/\/gozz4all.com\/de\/slaapkledij\/slaapzakken\/slaapzak-winter-zomer-bruin-beer\/","og_site_name":"Gozz4All","article_publisher":"https:\/\/www.facebook.com\/gozz4all\/","article_modified_time":"2022-11-24T15:33:51+00:00","og_image":[{"width":419,"height":595,"url":"https:\/\/gozz4all.com\/wp-content\/uploads\/2022\/04\/Slaapzak-bruin-beer.jpg","type":"image\/jpeg"}],"twitter_card":"summary_large_image","twitter_misc":{"Gesch\u00e4tzte Lesezeit":"1\u00a0Minute"},"schema":{"@context":"https:\/\/schema.org","@graph":[{"@type":"WebPage","@id":"https:\/\/gozz4all.com\/slaapkledij\/slaapzakken\/slaapzak-winter-zomer-bruin-beer\/","url":"https:\/\/gozz4all.com\/slaapkledij\/slaapzakken\/slaapzak-winter-zomer-bruin-beer\/","name":"Slaapzak winter zomer bruin beer | Gozz4All","isPartOf":{"@id":"https:\/\/gozz4all.com\/fr\/#website"},"primaryImageOfPage":{"@id":"https:\/\/gozz4all.com\/slaapkledij\/slaapzakken\/slaapzak-winter-zomer-bruin-beer\/#primaryimage"},"image":{"@id":"https:\/\/gozz4all.com\/slaapkledij\/slaapzakken\/slaapzak-winter-zomer-bruin-beer\/#primaryimage"},"thumbnailUrl":"https:\/\/gozz4all.com\/wp-content\/uploads\/2022\/04\/Slaapzak-bruin-beer.jpg","datePublished":"2022-04-02T08:27:01+00:00","dateModified":"2022-11-24T15:33:51+00:00","description":"Slaapzak voor uitkleed en smeergedrag tegen te gaan,zorgt voor een rustigere nacht en betere slaap,geen, korte of lange mouw,vulling te kiezen","breadcrumb":{"@id":"https:\/\/gozz4all.com\/slaapkledij\/slaapzakken\/slaapzak-winter-zomer-bruin-beer\/#breadcrumb"},"inLanguage":"de","potentialAction":[{"@type":"ReadAction","target":["https:\/\/gozz4all.com\/slaapkledij\/slaapzakken\/slaapzak-winter-zomer-bruin-beer\/"]}]},{"@type":"ImageObject","inLanguage":"de","@id":"https:\/\/gozz4all.com\/slaapkledij\/slaapzakken\/slaapzak-winter-zomer-bruin-beer\/#primaryimage","url":"https:\/\/gozz4all.com\/wp-content\/uploads\/2022\/04\/Slaapzak-bruin-beer.jpg","contentUrl":"https:\/\/gozz4all.com\/wp-content\/uploads\/2022\/04\/Slaapzak-bruin-beer.jpg","width":419,"height":595},{"@type":"BreadcrumbList","@id":"https:\/\/gozz4all.com\/slaapkledij\/slaapzakken\/slaapzak-winter-zomer-bruin-beer\/#breadcrumb","itemListElement":[{"@type":"ListItem","position":1,"name":"Home","item":"https:\/\/gozz4all.com\/"},{"@type":"ListItem","position":2,"name":"Producten","item":"https:\/\/gozz4all.com\/shop\/"},{"@type":"ListItem","position":3,"name":"Slaapzak winter zomer bruin beer"}]},{"@type":"WebSite","@id":"https:\/\/gozz4all.com\/fr\/#website","url":"https:\/\/gozz4all.com\/fr\/","name":"Gozz4All","description":"Gozz4All","publisher":{"@id":"https:\/\/gozz4all.com\/fr\/#organization"},"potentialAction":[{"@type":"SearchAction","target":{"@type":"EntryPoint","urlTemplate":"https:\/\/gozz4all.com\/fr\/?s={search_term_string}"},"query-input":{"@type":"PropertyValueSpecification","valueRequired":true,"valueName":"search_term_string"}}],"inLanguage":"de"},{"@type":"Organization","@id":"https:\/\/gozz4all.com\/fr\/#organization","name":"Gozz4all","url":"https:\/\/gozz4all.com\/fr\/","logo":{"@type":"ImageObject","inLanguage":"de","@id":"https:\/\/gozz4all.com\/fr\/#\/schema\/logo\/image\/","url":"https:\/\/gozz4all.com\/wp-content\/uploads\/2020\/04\/Logo-ask-for-better-one.png","contentUrl":"https:\/\/gozz4all.com\/wp-content\/uploads\/2020\/04\/Logo-ask-for-better-one.png","width":146,"height":60,"caption":"Gozz4all"},"image":{"@id":"https:\/\/gozz4all.com\/fr\/#\/schema\/logo\/image\/"},"sameAs":["https:\/\/www.facebook.com\/gozz4all\/","https:\/\/www.instagram.com\/gozz4allfashion\/?hl=nl"]}]}},"_links":{"self":[{"href":"https:\/\/gozz4all.com\/de\/wp-json\/wp\/v2\/product\/17248","targetHints":{"allow":["GET"]}}],"collection":[{"href":"https:\/\/gozz4all.com\/de\/wp-json\/wp\/v2\/product"}],"about":[{"href":"https:\/\/gozz4all.com\/de\/wp-json\/wp\/v2\/types\/product"}],"wp:featuredmedia":[{"embeddable":true,"href":"https:\/\/gozz4all.com\/de\/wp-json\/wp\/v2\/media\/17305"}],"wp:attachment":[{"href":"https:\/\/gozz4all.com\/de\/wp-json\/wp\/v2\/media?parent=17248"}],"wp:term":[{"taxonomy":"product_brand","embeddable":true,"href":"https:\/\/gozz4all.com\/de\/wp-json\/wp\/v2\/product_brand?post=17248"},{"taxonomy":"product_cat","embeddable":true,"href":"https:\/\/gozz4all.com\/de\/wp-json\/wp\/v2\/product_cat?post=17248"},{"taxonomy":"product_tag","embeddable":true,"href":"https:\/\/gozz4all.com\/de\/wp-json\/wp\/v2\/product_tag?post=17248"}],"curies":[{"name":"wp","href":"https:\/\/api.w.org\/{rel}","templated":true}]}}