{"id":17233,"date":"2022-04-01T11:30:22","date_gmt":"2022-04-01T09:30:22","guid":{"rendered":"https:\/\/gozz4all.com\/?post_type=product&#038;p=17233"},"modified":"2022-08-20T14:07:42","modified_gmt":"2022-08-20T12:07:42","slug":"jumpy-hansop-pyjama-zwaar-materiaal","status":"publish","type":"product","link":"https:\/\/gozz4all.com\/de\/product\/jumpy-hansop-pyjama-zwaar-materiaal\/","title":{"rendered":"Jumpy\/Hansop\/Pyjama schweres Material"},"content":{"rendered":"<p><strong>Beschreibung<\/strong><\/p>\n<p>Dies ist ein guter Zwischenschritt f\u00fcr Personen, die sich ausziehen und schmieren.<\/p>\n<p>Da sich der Rei\u00dfverschluss auf dem R\u00fccken befindet, kann sich die Person nicht selbst\u00e4ndig ausziehen.<\/p>\n<p>\u00dcber dem Rei\u00dfverschluss befindet sich ein St\u00fcck Stofflasche, die weggeklappt werden muss, bevor man den Schlafanzug \u00f6ffnen kann. Dadurch l\u00e4sst sich der Rei\u00dfverschluss schwerer \u00f6ffnen.<\/p>\n<p>Au\u00dferdem sorgt dieses St\u00fcck Stoff daf\u00fcr, dass der Rei\u00dfverschluss den Hals nicht reizt. Er verursacht kein Unbehagen, wenn man darauf liegt.<\/p>\n<p>Hergestellt aus einem angenehmen Jersey-Stoff aus 95%-Baumwolle, mit dem Oeko-Qualit\u00e4tslabel. Dieser ist daher dehnbar. Dieser Schlafanzug ist aus einem franz\u00f6sischen Frotteestoff gefertigt, also sch\u00f6n warm f\u00fcr k\u00e4ltere Tage.<\/p>\n<p>F\u00fcr Menschen, die wirklich rei\u00dfen, ist dies nicht geeignet. (Sie k\u00f6nnen Kleidung und Werkzeuge f\u00fcr diese auf der Anti-Tearing-Seite auf dieser Website finden)<\/p>\n<p>Es bietet zus\u00e4tzlichen Platz f\u00fcr Inkontinenzmaterial und ist daher sehr bequem zu tragen. Besonders geeignet f\u00fcr Menschen mit impulsivem Verhalten, wie z. B. Menschen mit Alzheimer oder Demenz, da es den Zugang zu Inkontinenzmaterialien verhindert und unerw\u00fcnschtes Entkleiden verhindert.<\/p>\n<p><strong>Geeignet f\u00fcr\u00a0<\/strong><\/p>\n<ul>\n<li>Menschen mit Entkleidungsverhalten<\/li>\n<li>Menschen mit geistigen Behinderungen<\/li>\n<li>Menschen mit Inkontinenzproblemen<\/li>\n<\/ul>\n<p><strong>Zusammensetzung:<\/strong><br \/>\n95% Baumwolle, 5% Elastan<\/p>","protected":false},"excerpt":{"rendered":"<p><strong>Beschreibung<\/strong><\/p>\n<p>Dies ist ein guter Zwischenschritt f\u00fcr Personen, die sich ausziehen und schmieren.<\/p>\n<p>Da sich der Rei\u00dfverschluss auf dem R\u00fccken befindet, kann sich die Person nicht selbst\u00e4ndig ausziehen.<\/p>\n<p>\u00dcber dem Rei\u00dfverschluss befindet sich ein St\u00fcck Stofflasche, die weggeklappt werden muss, bevor man den Schlafanzug \u00f6ffnen kann. Dadurch l\u00e4sst sich der Rei\u00dfverschluss schwerer \u00f6ffnen.<\/p>\n<p>Au\u00dferdem sorgt dieses St\u00fcck Stoff daf\u00fcr, dass der Rei\u00dfverschluss den Hals nicht reizt. Er verursacht kein Unbehagen, wenn man darauf liegt.<\/p>\n<p>Gemaakt uit een aangename jersey stof van 95% katoen, met het Oeko kwaliteitslabel. Deze is dus wel stretch. Deze pyjama is gemaakt in een French terry stof, dus lekker warm voor de koudere dagen. (iets dikker dan de gewone jersey stof)<\/p>\n<p>F\u00fcr Menschen, die wirklich rei\u00dfen, ist dies nicht geeignet. (Sie k\u00f6nnen Kleidung und Werkzeuge f\u00fcr diese auf der Anti-Tearing-Seite auf dieser Website finden)<\/p>\n<p>Es bietet zus\u00e4tzlichen Platz f\u00fcr Inkontinenzmaterial und ist daher sehr bequem zu tragen. Besonders geeignet f\u00fcr Menschen mit impulsivem Verhalten, wie z. B. Menschen mit Alzheimer oder Demenz, da es den Zugang zu Inkontinenzmaterialien verhindert und unerw\u00fcnschtes Entkleiden verhindert.<\/p>\n<p><strong>Geeignet f\u00fcr\u00a0<\/strong><\/p>\n<ul>\n<li>Menschen mit Entkleidungsverhalten<\/li>\n<li>Menschen mit geistigen Behinderungen<\/li>\n<li>Menschen mit Inkontinenzproblemen<\/li>\n<\/ul>\n<p><strong>Zusammensetzung:<\/strong><br \/>\n95% Baumwolle, 5% Elastan<\/p>","protected":false},"featured_media":17246,"template":"","meta":[],"product_brand":[],"product_cat":[611,612,613,618,45],"product_tag":[],"class_list":{"0":"post-17233","1":"product","2":"type-product","3":"status-publish","4":"has-post-thumbnail","6":"product_cat-kids","7":"product_cat-ouderen-dementie","8":"product_cat-volwassenen","9":"product_cat-hansop-jumpys-huispak","10":"product_cat-slaapkledij-hansop-jumpy-onesie-huispak-anti-uitkleed-kleding","11":"pa_maat-164-170-2","12":"pa_maat-l-2-fr","13":"pa_maat-176-182-2","14":"pa_maat-188-2","15":"pa_maat-s-2","16":"pa_maat-m-2","17":"pa_maat-92-98","18":"pa_maat-xl-2","19":"pa_maat-104-110-2","20":"pa_maat-116-122-2","21":"pa_maat-128-134-2","22":"pa_maat-140-146-2","23":"pa_maat-152-158-2","24":"pa_maat-xxl","25":"pa_uitvoering-verschoningsrits-tussen-de-benen","26":"pa_uitvoering-regular","27":"pa_uitvoering-sonde","28":"pa_uitvoering-stoma","29":"pa_uitvoering-side-open","31":"first","32":"instock","33":"featured","34":"taxable","35":"shipping-taxable","36":"purchasable","37":"product-type-variable"},"yoast_head":"<!-- This site is optimized with the Yoast SEO plugin v27.2 - https:\/\/yoast.com\/product\/yoast-seo-wordpress\/ -->\n<title>Jumpy\/hansop\/pyjama zwaar materiaal | Gozz4All<\/title>\n<meta name=\"description\" content=\"Pyjama-jumpy-huispak-hansop-smeer en uitkleedgedrag-dementie-incontinentie-aangepaste kleding-rits op de rug-Gozz4all-ongewenst uitkleden\" \/>\n<meta name=\"robots\" content=\"index, follow, max-snippet:-1, max-image-preview:large, max-video-preview:-1\" \/>\n<link rel=\"canonical\" href=\"https:\/\/gozz4all.com\/de\/slaapkledij\/jumpy-hansop-pyjama-zwaar-materiaal\/\" \/>\n<meta property=\"og:locale\" content=\"de_DE\" \/>\n<meta property=\"og:type\" content=\"article\" \/>\n<meta property=\"og:title\" content=\"Jumpy\/hansop\/pyjama zwaar materiaal | Gozz4All\" \/>\n<meta property=\"og:description\" content=\"Pyjama-jumpy-huispak-hansop-smeer en uitkleedgedrag-dementie-incontinentie-aangepaste kleding-rits op de rug-Gozz4all-ongewenst uitkleden\" \/>\n<meta property=\"og:url\" content=\"https:\/\/gozz4all.com\/de\/slaapkledij\/jumpy-hansop-pyjama-zwaar-materiaal\/\" \/>\n<meta property=\"og:site_name\" content=\"Gozz4All\" \/>\n<meta property=\"article:publisher\" content=\"https:\/\/www.facebook.com\/gozz4all\/\" \/>\n<meta property=\"article:modified_time\" content=\"2022-08-20T12:07:42+00:00\" \/>\n<meta property=\"og:image\" content=\"https:\/\/gozz4all.com\/wp-content\/uploads\/2022\/04\/Jumpy_Auto-removebg-preview.jpg\" \/>\n\t<meta property=\"og:image:width\" content=\"420\" \/>\n\t<meta property=\"og:image:height\" content=\"594\" \/>\n\t<meta property=\"og:image:type\" content=\"image\/jpeg\" \/>\n<meta name=\"twitter:card\" content=\"summary_large_image\" \/>\n<meta name=\"twitter:label1\" content=\"Gesch\u00e4tzte Lesezeit\" \/>\n\t<meta name=\"twitter:data1\" content=\"1\u00a0Minute\" \/>\n<script type=\"application\/ld+json\" class=\"yoast-schema-graph\">{\"@context\":\"https:\/\/schema.org\",\"@graph\":[{\"@type\":\"WebPage\",\"@id\":\"https:\/\/gozz4all.com\/slaapkledij\/jumpy-hansop-pyjama-zwaar-materiaal\/\",\"url\":\"https:\/\/gozz4all.com\/slaapkledij\/jumpy-hansop-pyjama-zwaar-materiaal\/\",\"name\":\"Jumpy\/hansop\/pyjama zwaar materiaal | Gozz4All\",\"isPartOf\":{\"@id\":\"https:\/\/gozz4all.com\/fr\/#website\"},\"primaryImageOfPage\":{\"@id\":\"https:\/\/gozz4all.com\/slaapkledij\/jumpy-hansop-pyjama-zwaar-materiaal\/#primaryimage\"},\"image\":{\"@id\":\"https:\/\/gozz4all.com\/slaapkledij\/jumpy-hansop-pyjama-zwaar-materiaal\/#primaryimage\"},\"thumbnailUrl\":\"https:\/\/gozz4all.com\/wp-content\/uploads\/2022\/04\/Jumpy_Auto-removebg-preview.jpg\",\"datePublished\":\"2022-04-01T09:30:22+00:00\",\"dateModified\":\"2022-08-20T12:07:42+00:00\",\"description\":\"Pyjama-jumpy-huispak-hansop-smeer en uitkleedgedrag-dementie-incontinentie-aangepaste kleding-rits op de rug-Gozz4all-ongewenst uitkleden\",\"breadcrumb\":{\"@id\":\"https:\/\/gozz4all.com\/slaapkledij\/jumpy-hansop-pyjama-zwaar-materiaal\/#breadcrumb\"},\"inLanguage\":\"de\",\"potentialAction\":[{\"@type\":\"ReadAction\",\"target\":[\"https:\/\/gozz4all.com\/slaapkledij\/jumpy-hansop-pyjama-zwaar-materiaal\/\"]}]},{\"@type\":\"ImageObject\",\"inLanguage\":\"de\",\"@id\":\"https:\/\/gozz4all.com\/slaapkledij\/jumpy-hansop-pyjama-zwaar-materiaal\/#primaryimage\",\"url\":\"https:\/\/gozz4all.com\/wp-content\/uploads\/2022\/04\/Jumpy_Auto-removebg-preview.jpg\",\"contentUrl\":\"https:\/\/gozz4all.com\/wp-content\/uploads\/2022\/04\/Jumpy_Auto-removebg-preview.jpg\",\"width\":420,\"height\":594},{\"@type\":\"BreadcrumbList\",\"@id\":\"https:\/\/gozz4all.com\/slaapkledij\/jumpy-hansop-pyjama-zwaar-materiaal\/#breadcrumb\",\"itemListElement\":[{\"@type\":\"ListItem\",\"position\":1,\"name\":\"Home\",\"item\":\"https:\/\/gozz4all.com\/\"},{\"@type\":\"ListItem\",\"position\":2,\"name\":\"Producten\",\"item\":\"https:\/\/gozz4all.com\/shop\/\"},{\"@type\":\"ListItem\",\"position\":3,\"name\":\"Jumpy\/hansop\/pyjama zwaar materiaal\"}]},{\"@type\":\"WebSite\",\"@id\":\"https:\/\/gozz4all.com\/fr\/#website\",\"url\":\"https:\/\/gozz4all.com\/fr\/\",\"name\":\"Gozz4All\",\"description\":\"Gozz4All\",\"publisher\":{\"@id\":\"https:\/\/gozz4all.com\/fr\/#organization\"},\"potentialAction\":[{\"@type\":\"SearchAction\",\"target\":{\"@type\":\"EntryPoint\",\"urlTemplate\":\"https:\/\/gozz4all.com\/fr\/?s={search_term_string}\"},\"query-input\":{\"@type\":\"PropertyValueSpecification\",\"valueRequired\":true,\"valueName\":\"search_term_string\"}}],\"inLanguage\":\"de\"},{\"@type\":\"Organization\",\"@id\":\"https:\/\/gozz4all.com\/fr\/#organization\",\"name\":\"Gozz4all\",\"url\":\"https:\/\/gozz4all.com\/fr\/\",\"logo\":{\"@type\":\"ImageObject\",\"inLanguage\":\"de\",\"@id\":\"https:\/\/gozz4all.com\/fr\/#\/schema\/logo\/image\/\",\"url\":\"https:\/\/gozz4all.com\/wp-content\/uploads\/2020\/04\/Logo-ask-for-better-one.png\",\"contentUrl\":\"https:\/\/gozz4all.com\/wp-content\/uploads\/2020\/04\/Logo-ask-for-better-one.png\",\"width\":146,\"height\":60,\"caption\":\"Gozz4all\"},\"image\":{\"@id\":\"https:\/\/gozz4all.com\/fr\/#\/schema\/logo\/image\/\"},\"sameAs\":[\"https:\/\/www.facebook.com\/gozz4all\/\",\"https:\/\/www.instagram.com\/gozz4allfashion\/?hl=nl\"]}]}<\/script>\n<!-- \/ Yoast SEO plugin. -->","yoast_head_json":{"title":"Jumpy\/hansop\/pyjama zwaar materiaal | Gozz4All","description":"Pyjama-jumpy-huispak-hansop-smeer en uitkleedgedrag-dementie-incontinentie-aangepaste kleding-rits op de rug-Gozz4all-ongewenst uitkleden","robots":{"index":"index","follow":"follow","max-snippet":"max-snippet:-1","max-image-preview":"max-image-preview:large","max-video-preview":"max-video-preview:-1"},"canonical":"https:\/\/gozz4all.com\/de\/slaapkledij\/jumpy-hansop-pyjama-zwaar-materiaal\/","og_locale":"de_DE","og_type":"article","og_title":"Jumpy\/hansop\/pyjama zwaar materiaal | Gozz4All","og_description":"Pyjama-jumpy-huispak-hansop-smeer en uitkleedgedrag-dementie-incontinentie-aangepaste kleding-rits op de rug-Gozz4all-ongewenst uitkleden","og_url":"https:\/\/gozz4all.com\/de\/slaapkledij\/jumpy-hansop-pyjama-zwaar-materiaal\/","og_site_name":"Gozz4All","article_publisher":"https:\/\/www.facebook.com\/gozz4all\/","article_modified_time":"2022-08-20T12:07:42+00:00","og_image":[{"width":420,"height":594,"url":"https:\/\/gozz4all.com\/wp-content\/uploads\/2022\/04\/Jumpy_Auto-removebg-preview.jpg","type":"image\/jpeg"}],"twitter_card":"summary_large_image","twitter_misc":{"Gesch\u00e4tzte Lesezeit":"1\u00a0Minute"},"schema":{"@context":"https:\/\/schema.org","@graph":[{"@type":"WebPage","@id":"https:\/\/gozz4all.com\/slaapkledij\/jumpy-hansop-pyjama-zwaar-materiaal\/","url":"https:\/\/gozz4all.com\/slaapkledij\/jumpy-hansop-pyjama-zwaar-materiaal\/","name":"Jumpy\/hansop\/pyjama zwaar materiaal | Gozz4All","isPartOf":{"@id":"https:\/\/gozz4all.com\/fr\/#website"},"primaryImageOfPage":{"@id":"https:\/\/gozz4all.com\/slaapkledij\/jumpy-hansop-pyjama-zwaar-materiaal\/#primaryimage"},"image":{"@id":"https:\/\/gozz4all.com\/slaapkledij\/jumpy-hansop-pyjama-zwaar-materiaal\/#primaryimage"},"thumbnailUrl":"https:\/\/gozz4all.com\/wp-content\/uploads\/2022\/04\/Jumpy_Auto-removebg-preview.jpg","datePublished":"2022-04-01T09:30:22+00:00","dateModified":"2022-08-20T12:07:42+00:00","description":"Pyjama-jumpy-huispak-hansop-smeer en uitkleedgedrag-dementie-incontinentie-aangepaste kleding-rits op de rug-Gozz4all-ongewenst uitkleden","breadcrumb":{"@id":"https:\/\/gozz4all.com\/slaapkledij\/jumpy-hansop-pyjama-zwaar-materiaal\/#breadcrumb"},"inLanguage":"de","potentialAction":[{"@type":"ReadAction","target":["https:\/\/gozz4all.com\/slaapkledij\/jumpy-hansop-pyjama-zwaar-materiaal\/"]}]},{"@type":"ImageObject","inLanguage":"de","@id":"https:\/\/gozz4all.com\/slaapkledij\/jumpy-hansop-pyjama-zwaar-materiaal\/#primaryimage","url":"https:\/\/gozz4all.com\/wp-content\/uploads\/2022\/04\/Jumpy_Auto-removebg-preview.jpg","contentUrl":"https:\/\/gozz4all.com\/wp-content\/uploads\/2022\/04\/Jumpy_Auto-removebg-preview.jpg","width":420,"height":594},{"@type":"BreadcrumbList","@id":"https:\/\/gozz4all.com\/slaapkledij\/jumpy-hansop-pyjama-zwaar-materiaal\/#breadcrumb","itemListElement":[{"@type":"ListItem","position":1,"name":"Home","item":"https:\/\/gozz4all.com\/"},{"@type":"ListItem","position":2,"name":"Producten","item":"https:\/\/gozz4all.com\/shop\/"},{"@type":"ListItem","position":3,"name":"Jumpy\/hansop\/pyjama zwaar materiaal"}]},{"@type":"WebSite","@id":"https:\/\/gozz4all.com\/fr\/#website","url":"https:\/\/gozz4all.com\/fr\/","name":"Gozz4All","description":"Gozz4All","publisher":{"@id":"https:\/\/gozz4all.com\/fr\/#organization"},"potentialAction":[{"@type":"SearchAction","target":{"@type":"EntryPoint","urlTemplate":"https:\/\/gozz4all.com\/fr\/?s={search_term_string}"},"query-input":{"@type":"PropertyValueSpecification","valueRequired":true,"valueName":"search_term_string"}}],"inLanguage":"de"},{"@type":"Organization","@id":"https:\/\/gozz4all.com\/fr\/#organization","name":"Gozz4all","url":"https:\/\/gozz4all.com\/fr\/","logo":{"@type":"ImageObject","inLanguage":"de","@id":"https:\/\/gozz4all.com\/fr\/#\/schema\/logo\/image\/","url":"https:\/\/gozz4all.com\/wp-content\/uploads\/2020\/04\/Logo-ask-for-better-one.png","contentUrl":"https:\/\/gozz4all.com\/wp-content\/uploads\/2020\/04\/Logo-ask-for-better-one.png","width":146,"height":60,"caption":"Gozz4all"},"image":{"@id":"https:\/\/gozz4all.com\/fr\/#\/schema\/logo\/image\/"},"sameAs":["https:\/\/www.facebook.com\/gozz4all\/","https:\/\/www.instagram.com\/gozz4allfashion\/?hl=nl"]}]}},"_links":{"self":[{"href":"https:\/\/gozz4all.com\/de\/wp-json\/wp\/v2\/product\/17233","targetHints":{"allow":["GET"]}}],"collection":[{"href":"https:\/\/gozz4all.com\/de\/wp-json\/wp\/v2\/product"}],"about":[{"href":"https:\/\/gozz4all.com\/de\/wp-json\/wp\/v2\/types\/product"}],"wp:featuredmedia":[{"embeddable":true,"href":"https:\/\/gozz4all.com\/de\/wp-json\/wp\/v2\/media\/17246"}],"wp:attachment":[{"href":"https:\/\/gozz4all.com\/de\/wp-json\/wp\/v2\/media?parent=17233"}],"wp:term":[{"taxonomy":"product_brand","embeddable":true,"href":"https:\/\/gozz4all.com\/de\/wp-json\/wp\/v2\/product_brand?post=17233"},{"taxonomy":"product_cat","embeddable":true,"href":"https:\/\/gozz4all.com\/de\/wp-json\/wp\/v2\/product_cat?post=17233"},{"taxonomy":"product_tag","embeddable":true,"href":"https:\/\/gozz4all.com\/de\/wp-json\/wp\/v2\/product_tag?post=17233"}],"curies":[{"name":"wp","href":"https:\/\/api.w.org\/{rel}","templated":true}]}}