{"id":17064,"date":"2022-03-31T15:30:40","date_gmt":"2022-03-31T13:30:40","guid":{"rendered":"https:\/\/gozz4all.com\/?post_type=product&#038;p=17064"},"modified":"2022-06-07T14:14:13","modified_gmt":"2022-06-07T12:14:13","slug":"jumpy-glitter-grijs","status":"publish","type":"product","link":"https:\/\/gozz4all.com\/de\/product\/jumpy-glitter-grijs\/","title":{"rendered":"Sprunghaftes Glitzergrau"},"content":{"rendered":"","protected":false},"excerpt":{"rendered":"<p><strong>Beschreibung<\/strong><br \/>\nEen comfortabele jumpy die je de hele nacht lekker warm houdt! De stretchstof is van hoge kwaliteit en laat het toe om je gemakkelijk aan en uit te kleden.<br \/>\nDa sich der Rei\u00dfverschluss auf dem R\u00fccken befindet, kann sich die Person nicht selbst\u00e4ndig ausziehen.<\/p>\n<p><strong>Geeignet f\u00fcr\u00a0<\/strong><\/p>\n<ul>\n<li>Menschen mit Entkleidungsverhalten<\/li>\n<li>Menschen mit geistigen Behinderungen<\/li>\n<li>Menschen mit Inkontinenzproblemen<\/li>\n<\/ul>\n<p><strong>Zusammensetzung:<\/strong><br \/>\n95% Baumwolle, 5% Elastan<\/p>","protected":false},"featured_media":17077,"template":"","meta":[],"product_brand":[],"product_cat":[612,613,618,611,45],"product_tag":[],"class_list":{"0":"post-17064","1":"product","2":"type-product","3":"status-publish","4":"has-post-thumbnail","6":"product_cat-ouderen-dementie","7":"product_cat-volwassenen","8":"product_cat-hansop-jumpys-huispak","9":"product_cat-kids","10":"product_cat-slaapkledij-hansop-jumpy-onesie-huispak-anti-uitkleed-kleding","11":"pa_maat-s-2","12":"pa_maat-m-2","13":"pa_maat-92-98","14":"pa_maat-xl-2","15":"pa_maat-104-110-2","16":"pa_maat-116-122-2","17":"pa_maat-128-134-2","18":"pa_maat-140-146-2","19":"pa_maat-152-158-2","20":"pa_maat-xxl","21":"pa_maat-164-170-2","22":"pa_maat-l-2-fr","23":"pa_maat-176-182-2","24":"pa_maat-188-2","25":"pa_uitvoering-regular","26":"pa_uitvoering-sonde","27":"pa_uitvoering-stoma","28":"pa_uitvoering-side-open","29":"pa_uitvoering-verschoningsrits-tussen-de-benen","31":"first","32":"instock","33":"featured","34":"taxable","35":"shipping-taxable","36":"purchasable","37":"product-type-variable"},"yoast_head":"<!-- This site is optimized with the Yoast SEO plugin v27.2 - https:\/\/yoast.com\/product\/yoast-seo-wordpress\/ -->\n<title>Jumpy glitter grijs | Gozz4All<\/title>\n<meta name=\"robots\" content=\"index, follow, max-snippet:-1, max-image-preview:large, max-video-preview:-1\" \/>\n<link rel=\"canonical\" href=\"https:\/\/gozz4all.com\/de\/slaapkledij\/jumpy-glitter-grijs\/\" \/>\n<meta property=\"og:locale\" content=\"de_DE\" \/>\n<meta property=\"og:type\" content=\"article\" \/>\n<meta property=\"og:title\" content=\"Jumpy glitter grijs | Gozz4All\" \/>\n<meta property=\"og:description\" content=\"Omschrijving Een comfortabele jumpy die je de hele nacht lekker warm houdt! De stretchstof is van hoge kwaliteit en laat het toe om je gemakkelijk aan en uit te kleden. Doordat de rits op de achterzijde zit, kan de persoon zich niet zelfstandig uitkleden.  Geschikt voor\u00a0   mensen met uitkleed gedrag  mensen met een mentale beperking  mensen met incontinentie problemen  Samenstelling: 95% Katoen, 5% Elastaan\" \/>\n<meta property=\"og:url\" content=\"https:\/\/gozz4all.com\/de\/slaapkledij\/jumpy-glitter-grijs\/\" \/>\n<meta property=\"og:site_name\" content=\"Gozz4All\" \/>\n<meta property=\"article:publisher\" content=\"https:\/\/www.facebook.com\/gozz4all\/\" \/>\n<meta property=\"article:modified_time\" content=\"2022-06-07T12:14:13+00:00\" \/>\n<meta property=\"og:image\" content=\"https:\/\/gozz4all.com\/wp-content\/uploads\/2022\/03\/Jumpy-Glitter.jpg\" \/>\n\t<meta property=\"og:image:width\" content=\"419\" \/>\n\t<meta property=\"og:image:height\" content=\"595\" \/>\n\t<meta property=\"og:image:type\" content=\"image\/jpeg\" \/>\n<meta name=\"twitter:card\" content=\"summary_large_image\" \/>\n<script type=\"application\/ld+json\" class=\"yoast-schema-graph\">{\"@context\":\"https:\/\/schema.org\",\"@graph\":[{\"@type\":\"WebPage\",\"@id\":\"https:\/\/gozz4all.com\/slaapkledij\/jumpy-glitter-grijs\/\",\"url\":\"https:\/\/gozz4all.com\/slaapkledij\/jumpy-glitter-grijs\/\",\"name\":\"Jumpy glitter grijs | Gozz4All\",\"isPartOf\":{\"@id\":\"https:\/\/gozz4all.com\/fr\/#website\"},\"primaryImageOfPage\":{\"@id\":\"https:\/\/gozz4all.com\/slaapkledij\/jumpy-glitter-grijs\/#primaryimage\"},\"image\":{\"@id\":\"https:\/\/gozz4all.com\/slaapkledij\/jumpy-glitter-grijs\/#primaryimage\"},\"thumbnailUrl\":\"https:\/\/gozz4all.com\/wp-content\/uploads\/2022\/03\/Jumpy-Glitter.jpg\",\"datePublished\":\"2022-03-31T13:30:40+00:00\",\"dateModified\":\"2022-06-07T12:14:13+00:00\",\"breadcrumb\":{\"@id\":\"https:\/\/gozz4all.com\/slaapkledij\/jumpy-glitter-grijs\/#breadcrumb\"},\"inLanguage\":\"de\",\"potentialAction\":[{\"@type\":\"ReadAction\",\"target\":[\"https:\/\/gozz4all.com\/slaapkledij\/jumpy-glitter-grijs\/\"]}]},{\"@type\":\"ImageObject\",\"inLanguage\":\"de\",\"@id\":\"https:\/\/gozz4all.com\/slaapkledij\/jumpy-glitter-grijs\/#primaryimage\",\"url\":\"https:\/\/gozz4all.com\/wp-content\/uploads\/2022\/03\/Jumpy-Glitter.jpg\",\"contentUrl\":\"https:\/\/gozz4all.com\/wp-content\/uploads\/2022\/03\/Jumpy-Glitter.jpg\",\"width\":419,\"height\":595},{\"@type\":\"BreadcrumbList\",\"@id\":\"https:\/\/gozz4all.com\/slaapkledij\/jumpy-glitter-grijs\/#breadcrumb\",\"itemListElement\":[{\"@type\":\"ListItem\",\"position\":1,\"name\":\"Home\",\"item\":\"https:\/\/gozz4all.com\/\"},{\"@type\":\"ListItem\",\"position\":2,\"name\":\"Producten\",\"item\":\"https:\/\/gozz4all.com\/shop\/\"},{\"@type\":\"ListItem\",\"position\":3,\"name\":\"Jumpy glitter grijs\"}]},{\"@type\":\"WebSite\",\"@id\":\"https:\/\/gozz4all.com\/fr\/#website\",\"url\":\"https:\/\/gozz4all.com\/fr\/\",\"name\":\"Gozz4All\",\"description\":\"Gozz4All\",\"publisher\":{\"@id\":\"https:\/\/gozz4all.com\/fr\/#organization\"},\"potentialAction\":[{\"@type\":\"SearchAction\",\"target\":{\"@type\":\"EntryPoint\",\"urlTemplate\":\"https:\/\/gozz4all.com\/fr\/?s={search_term_string}\"},\"query-input\":{\"@type\":\"PropertyValueSpecification\",\"valueRequired\":true,\"valueName\":\"search_term_string\"}}],\"inLanguage\":\"de\"},{\"@type\":\"Organization\",\"@id\":\"https:\/\/gozz4all.com\/fr\/#organization\",\"name\":\"Gozz4all\",\"url\":\"https:\/\/gozz4all.com\/fr\/\",\"logo\":{\"@type\":\"ImageObject\",\"inLanguage\":\"de\",\"@id\":\"https:\/\/gozz4all.com\/fr\/#\/schema\/logo\/image\/\",\"url\":\"https:\/\/gozz4all.com\/wp-content\/uploads\/2020\/04\/Logo-ask-for-better-one.png\",\"contentUrl\":\"https:\/\/gozz4all.com\/wp-content\/uploads\/2020\/04\/Logo-ask-for-better-one.png\",\"width\":146,\"height\":60,\"caption\":\"Gozz4all\"},\"image\":{\"@id\":\"https:\/\/gozz4all.com\/fr\/#\/schema\/logo\/image\/\"},\"sameAs\":[\"https:\/\/www.facebook.com\/gozz4all\/\",\"https:\/\/www.instagram.com\/gozz4allfashion\/?hl=nl\"]}]}<\/script>\n<!-- \/ Yoast SEO plugin. -->","yoast_head_json":{"title":"Jumpy glitter grijs | Gozz4All","robots":{"index":"index","follow":"follow","max-snippet":"max-snippet:-1","max-image-preview":"max-image-preview:large","max-video-preview":"max-video-preview:-1"},"canonical":"https:\/\/gozz4all.com\/de\/slaapkledij\/jumpy-glitter-grijs\/","og_locale":"de_DE","og_type":"article","og_title":"Jumpy glitter grijs | Gozz4All","og_description":"Omschrijving Een comfortabele jumpy die je de hele nacht lekker warm houdt! De stretchstof is van hoge kwaliteit en laat het toe om je gemakkelijk aan en uit te kleden. Doordat de rits op de achterzijde zit, kan de persoon zich niet zelfstandig uitkleden.  Geschikt voor\u00a0   mensen met uitkleed gedrag  mensen met een mentale beperking  mensen met incontinentie problemen  Samenstelling: 95% Katoen, 5% Elastaan","og_url":"https:\/\/gozz4all.com\/de\/slaapkledij\/jumpy-glitter-grijs\/","og_site_name":"Gozz4All","article_publisher":"https:\/\/www.facebook.com\/gozz4all\/","article_modified_time":"2022-06-07T12:14:13+00:00","og_image":[{"width":419,"height":595,"url":"https:\/\/gozz4all.com\/wp-content\/uploads\/2022\/03\/Jumpy-Glitter.jpg","type":"image\/jpeg"}],"twitter_card":"summary_large_image","schema":{"@context":"https:\/\/schema.org","@graph":[{"@type":"WebPage","@id":"https:\/\/gozz4all.com\/slaapkledij\/jumpy-glitter-grijs\/","url":"https:\/\/gozz4all.com\/slaapkledij\/jumpy-glitter-grijs\/","name":"Jumpy glitter grijs | Gozz4All","isPartOf":{"@id":"https:\/\/gozz4all.com\/fr\/#website"},"primaryImageOfPage":{"@id":"https:\/\/gozz4all.com\/slaapkledij\/jumpy-glitter-grijs\/#primaryimage"},"image":{"@id":"https:\/\/gozz4all.com\/slaapkledij\/jumpy-glitter-grijs\/#primaryimage"},"thumbnailUrl":"https:\/\/gozz4all.com\/wp-content\/uploads\/2022\/03\/Jumpy-Glitter.jpg","datePublished":"2022-03-31T13:30:40+00:00","dateModified":"2022-06-07T12:14:13+00:00","breadcrumb":{"@id":"https:\/\/gozz4all.com\/slaapkledij\/jumpy-glitter-grijs\/#breadcrumb"},"inLanguage":"de","potentialAction":[{"@type":"ReadAction","target":["https:\/\/gozz4all.com\/slaapkledij\/jumpy-glitter-grijs\/"]}]},{"@type":"ImageObject","inLanguage":"de","@id":"https:\/\/gozz4all.com\/slaapkledij\/jumpy-glitter-grijs\/#primaryimage","url":"https:\/\/gozz4all.com\/wp-content\/uploads\/2022\/03\/Jumpy-Glitter.jpg","contentUrl":"https:\/\/gozz4all.com\/wp-content\/uploads\/2022\/03\/Jumpy-Glitter.jpg","width":419,"height":595},{"@type":"BreadcrumbList","@id":"https:\/\/gozz4all.com\/slaapkledij\/jumpy-glitter-grijs\/#breadcrumb","itemListElement":[{"@type":"ListItem","position":1,"name":"Home","item":"https:\/\/gozz4all.com\/"},{"@type":"ListItem","position":2,"name":"Producten","item":"https:\/\/gozz4all.com\/shop\/"},{"@type":"ListItem","position":3,"name":"Jumpy glitter grijs"}]},{"@type":"WebSite","@id":"https:\/\/gozz4all.com\/fr\/#website","url":"https:\/\/gozz4all.com\/fr\/","name":"Gozz4All","description":"Gozz4All","publisher":{"@id":"https:\/\/gozz4all.com\/fr\/#organization"},"potentialAction":[{"@type":"SearchAction","target":{"@type":"EntryPoint","urlTemplate":"https:\/\/gozz4all.com\/fr\/?s={search_term_string}"},"query-input":{"@type":"PropertyValueSpecification","valueRequired":true,"valueName":"search_term_string"}}],"inLanguage":"de"},{"@type":"Organization","@id":"https:\/\/gozz4all.com\/fr\/#organization","name":"Gozz4all","url":"https:\/\/gozz4all.com\/fr\/","logo":{"@type":"ImageObject","inLanguage":"de","@id":"https:\/\/gozz4all.com\/fr\/#\/schema\/logo\/image\/","url":"https:\/\/gozz4all.com\/wp-content\/uploads\/2020\/04\/Logo-ask-for-better-one.png","contentUrl":"https:\/\/gozz4all.com\/wp-content\/uploads\/2020\/04\/Logo-ask-for-better-one.png","width":146,"height":60,"caption":"Gozz4all"},"image":{"@id":"https:\/\/gozz4all.com\/fr\/#\/schema\/logo\/image\/"},"sameAs":["https:\/\/www.facebook.com\/gozz4all\/","https:\/\/www.instagram.com\/gozz4allfashion\/?hl=nl"]}]}},"_links":{"self":[{"href":"https:\/\/gozz4all.com\/de\/wp-json\/wp\/v2\/product\/17064","targetHints":{"allow":["GET"]}}],"collection":[{"href":"https:\/\/gozz4all.com\/de\/wp-json\/wp\/v2\/product"}],"about":[{"href":"https:\/\/gozz4all.com\/de\/wp-json\/wp\/v2\/types\/product"}],"wp:featuredmedia":[{"embeddable":true,"href":"https:\/\/gozz4all.com\/de\/wp-json\/wp\/v2\/media\/17077"}],"wp:attachment":[{"href":"https:\/\/gozz4all.com\/de\/wp-json\/wp\/v2\/media?parent=17064"}],"wp:term":[{"taxonomy":"product_brand","embeddable":true,"href":"https:\/\/gozz4all.com\/de\/wp-json\/wp\/v2\/product_brand?post=17064"},{"taxonomy":"product_cat","embeddable":true,"href":"https:\/\/gozz4all.com\/de\/wp-json\/wp\/v2\/product_cat?post=17064"},{"taxonomy":"product_tag","embeddable":true,"href":"https:\/\/gozz4all.com\/de\/wp-json\/wp\/v2\/product_tag?post=17064"}],"curies":[{"name":"wp","href":"https:\/\/api.w.org\/{rel}","templated":true}]}}