{"id":16538,"date":"2022-03-28T16:09:05","date_gmt":"2022-03-28T14:09:05","guid":{"rendered":"https:\/\/gozz4all.com\/?post_type=product&#038;p=16538"},"modified":"2022-08-25T11:36:11","modified_gmt":"2022-08-25T09:36:11","slug":"slabsjaaltje-special-bib-waterafstotende-achterzijde-zacht-beschermt-de-kleding-overmatig-speekselverlies-slikproblemen","status":"publish","type":"product","link":"https:\/\/gozz4all.com\/de\/product\/slabsjaaltje-special-bib-waterafstotende-achterzijde-zacht-beschermt-de-kleding-overmatig-speekselverlies-slikproblemen\/","title":{"rendered":"Slabsjaaltje-waterafstotend- rood pique"},"content":{"rendered":"<p>Super zacht sjaaltje in frisse viscose stofje<\/p>\n<p>Deze zijn met niet heel absorberend, maar wel waterdicht en snel droog.<\/p>\n<p>Sie bieten optimalen Schutz f\u00fcr die Kleidung und sind auch optisch ein Genuss.<\/p>\n<p>De slabsjaaltjes\u00a0 zijn gemaakt met een Viscose voorkant en een waterdichte achterzijde.<\/p>\n<p>F\u00fcr Personen mit \u00fcberm\u00e4\u00dfigem Speichelverlust<br \/>\nPersonen mit Schluckbeschwerden<\/p>\n<p>Unsere L\u00e4tzchen k\u00f6nnen in verschiedenen Gr\u00f6\u00dfen und Farben hergestellt werden.<\/p>\n<p>Verschluss am R\u00fccken mit Druckkn\u00f6pfen.<\/p>\n<p>Dank der wasserdichten R\u00fcckseite kann keine Feuchtigkeit in das L\u00e4tzchen eindringen. So bleibt die Kleidung sauber und ordentlich!<\/p>\n<p>Die wasserdichte Jacke ist vollst\u00e4ndig wasserdicht, aber dennoch atmungsaktiv.<\/p>\n<p>Heeft u toch graag dat hij breder of langer is ? mag u altijd een mailtje sturen naar info@gozz.be zodat we dit samen kunnen bekijken.<\/p>\n<p>-&gt; reizt nicht<br \/>\n-&gt; Mehrfach waschbar bei 60\u00b0C<br \/>\n-&gt; In verschiedenen Gr\u00f6\u00dfen erh\u00e4ltlich<\/p>\n<p>Zusammensetzung:<br \/>\n100% PE Achterzijde<\/p>\n<p>100% Viscose voorzijde<\/p>","protected":false},"excerpt":{"rendered":"<p><strong>Super zacht sjaaltje in fleece-stof<\/strong><br \/>\n-&gt; reizt nicht<br \/>\n-&gt; Mehrfach waschbar bei 60\u00b0C<br \/>\n-&gt; In verschiedenen Gr\u00f6\u00dfen erh\u00e4ltlich<\/p>\n<p><strong>Zusammensetzung:<br \/>\n<\/strong>100% Polyester<\/p>","protected":false},"featured_media":16542,"template":"","meta":[],"product_brand":[],"product_cat":[611,612,613,445,47],"product_tag":[],"class_list":{"0":"post-16538","1":"product","2":"type-product","3":"status-publish","4":"has-post-thumbnail","6":"product_cat-kids","7":"product_cat-ouderen-dementie","8":"product_cat-volwassenen","9":"product_cat-new","10":"product_cat-slabbetjes","11":"pa_maat-s-2","12":"pa_maat-m-2","13":"pa_maat-l-2","14":"pif-has-gallery","16":"first","17":"instock","18":"taxable","19":"shipping-taxable","20":"purchasable","21":"product-type-variable","22":"has-default-attributes"},"yoast_head":"<!-- This site is optimized with the Yoast SEO plugin v27.2 - https:\/\/yoast.com\/product\/yoast-seo-wordpress\/ -->\n<title>Slabsjaaltje-waterafstotend- rood pique | Gozz4All<\/title>\n<meta name=\"description\" content=\"slabsjaaltje-special bib-waterafstotende achterzijde-zacht -beschermt de kleding-overmatig speekselverlies-slikproblemen-Gozz4all\" \/>\n<meta name=\"robots\" content=\"index, follow, max-snippet:-1, max-image-preview:large, max-video-preview:-1\" \/>\n<link rel=\"canonical\" href=\"https:\/\/gozz4all.com\/de\/volwassenen\/slabsjaaltje-special-bib-waterafstotende-achterzijde-zacht-beschermt-de-kleding-overmatig-speekselverlies-slikproblemen\/\" \/>\n<meta property=\"og:locale\" content=\"de_DE\" \/>\n<meta property=\"og:type\" content=\"article\" \/>\n<meta property=\"og:title\" content=\"Slabsjaaltje-waterafstotend- rood pique | Gozz4All\" \/>\n<meta property=\"og:description\" content=\"slabsjaaltje-special bib-waterafstotende achterzijde-zacht -beschermt de kleding-overmatig speekselverlies-slikproblemen-Gozz4all\" \/>\n<meta property=\"og:url\" content=\"https:\/\/gozz4all.com\/de\/volwassenen\/slabsjaaltje-special-bib-waterafstotende-achterzijde-zacht-beschermt-de-kleding-overmatig-speekselverlies-slikproblemen\/\" \/>\n<meta property=\"og:site_name\" content=\"Gozz4All\" \/>\n<meta property=\"article:publisher\" content=\"https:\/\/www.facebook.com\/gozz4all\/\" \/>\n<meta property=\"article:modified_time\" content=\"2022-08-25T09:36:11+00:00\" \/>\n<meta property=\"og:image\" content=\"https:\/\/gozz4all.com\/wp-content\/uploads\/2022\/03\/Sjaaltje-picque.jpg\" \/>\n\t<meta property=\"og:image:width\" content=\"595\" \/>\n\t<meta property=\"og:image:height\" content=\"419\" \/>\n\t<meta property=\"og:image:type\" content=\"image\/jpeg\" \/>\n<meta name=\"twitter:card\" content=\"summary_large_image\" \/>\n<script type=\"application\/ld+json\" class=\"yoast-schema-graph\">{\"@context\":\"https:\/\/schema.org\",\"@graph\":[{\"@type\":\"WebPage\",\"@id\":\"https:\/\/gozz4all.com\/volwassenen\/slabsjaaltje-special-bib-waterafstotende-achterzijde-zacht-beschermt-de-kleding-overmatig-speekselverlies-slikproblemen\/\",\"url\":\"https:\/\/gozz4all.com\/volwassenen\/slabsjaaltje-special-bib-waterafstotende-achterzijde-zacht-beschermt-de-kleding-overmatig-speekselverlies-slikproblemen\/\",\"name\":\"Slabsjaaltje-waterafstotend- rood pique | Gozz4All\",\"isPartOf\":{\"@id\":\"https:\/\/gozz4all.com\/fr\/#website\"},\"primaryImageOfPage\":{\"@id\":\"https:\/\/gozz4all.com\/volwassenen\/slabsjaaltje-special-bib-waterafstotende-achterzijde-zacht-beschermt-de-kleding-overmatig-speekselverlies-slikproblemen\/#primaryimage\"},\"image\":{\"@id\":\"https:\/\/gozz4all.com\/volwassenen\/slabsjaaltje-special-bib-waterafstotende-achterzijde-zacht-beschermt-de-kleding-overmatig-speekselverlies-slikproblemen\/#primaryimage\"},\"thumbnailUrl\":\"https:\/\/gozz4all.com\/wp-content\/uploads\/2022\/03\/Sjaaltje-picque.jpg\",\"datePublished\":\"2022-03-28T14:09:05+00:00\",\"dateModified\":\"2022-08-25T09:36:11+00:00\",\"description\":\"slabsjaaltje-special bib-waterafstotende achterzijde-zacht -beschermt de kleding-overmatig speekselverlies-slikproblemen-Gozz4all\",\"breadcrumb\":{\"@id\":\"https:\/\/gozz4all.com\/volwassenen\/slabsjaaltje-special-bib-waterafstotende-achterzijde-zacht-beschermt-de-kleding-overmatig-speekselverlies-slikproblemen\/#breadcrumb\"},\"inLanguage\":\"de\",\"potentialAction\":[{\"@type\":\"ReadAction\",\"target\":[\"https:\/\/gozz4all.com\/volwassenen\/slabsjaaltje-special-bib-waterafstotende-achterzijde-zacht-beschermt-de-kleding-overmatig-speekselverlies-slikproblemen\/\"]}]},{\"@type\":\"ImageObject\",\"inLanguage\":\"de\",\"@id\":\"https:\/\/gozz4all.com\/volwassenen\/slabsjaaltje-special-bib-waterafstotende-achterzijde-zacht-beschermt-de-kleding-overmatig-speekselverlies-slikproblemen\/#primaryimage\",\"url\":\"https:\/\/gozz4all.com\/wp-content\/uploads\/2022\/03\/Sjaaltje-picque.jpg\",\"contentUrl\":\"https:\/\/gozz4all.com\/wp-content\/uploads\/2022\/03\/Sjaaltje-picque.jpg\",\"width\":595,\"height\":419},{\"@type\":\"BreadcrumbList\",\"@id\":\"https:\/\/gozz4all.com\/volwassenen\/slabsjaaltje-special-bib-waterafstotende-achterzijde-zacht-beschermt-de-kleding-overmatig-speekselverlies-slikproblemen\/#breadcrumb\",\"itemListElement\":[{\"@type\":\"ListItem\",\"position\":1,\"name\":\"Home\",\"item\":\"https:\/\/gozz4all.com\/\"},{\"@type\":\"ListItem\",\"position\":2,\"name\":\"Producten\",\"item\":\"https:\/\/gozz4all.com\/shop\/\"},{\"@type\":\"ListItem\",\"position\":3,\"name\":\"Slabsjaaltje-waterafstotend- rood pique\"}]},{\"@type\":\"WebSite\",\"@id\":\"https:\/\/gozz4all.com\/fr\/#website\",\"url\":\"https:\/\/gozz4all.com\/fr\/\",\"name\":\"Gozz4All\",\"description\":\"Gozz4All\",\"publisher\":{\"@id\":\"https:\/\/gozz4all.com\/fr\/#organization\"},\"potentialAction\":[{\"@type\":\"SearchAction\",\"target\":{\"@type\":\"EntryPoint\",\"urlTemplate\":\"https:\/\/gozz4all.com\/fr\/?s={search_term_string}\"},\"query-input\":{\"@type\":\"PropertyValueSpecification\",\"valueRequired\":true,\"valueName\":\"search_term_string\"}}],\"inLanguage\":\"de\"},{\"@type\":\"Organization\",\"@id\":\"https:\/\/gozz4all.com\/fr\/#organization\",\"name\":\"Gozz4all\",\"url\":\"https:\/\/gozz4all.com\/fr\/\",\"logo\":{\"@type\":\"ImageObject\",\"inLanguage\":\"de\",\"@id\":\"https:\/\/gozz4all.com\/fr\/#\/schema\/logo\/image\/\",\"url\":\"https:\/\/gozz4all.com\/wp-content\/uploads\/2020\/04\/Logo-ask-for-better-one.png\",\"contentUrl\":\"https:\/\/gozz4all.com\/wp-content\/uploads\/2020\/04\/Logo-ask-for-better-one.png\",\"width\":146,\"height\":60,\"caption\":\"Gozz4all\"},\"image\":{\"@id\":\"https:\/\/gozz4all.com\/fr\/#\/schema\/logo\/image\/\"},\"sameAs\":[\"https:\/\/www.facebook.com\/gozz4all\/\",\"https:\/\/www.instagram.com\/gozz4allfashion\/?hl=nl\"]}]}<\/script>\n<!-- \/ Yoast SEO plugin. -->","yoast_head_json":{"title":"Slabsjaaltje-waterafstotend- rood pique | Gozz4All","description":"slabsjaaltje-special bib-waterafstotende achterzijde-zacht -beschermt de kleding-overmatig speekselverlies-slikproblemen-Gozz4all","robots":{"index":"index","follow":"follow","max-snippet":"max-snippet:-1","max-image-preview":"max-image-preview:large","max-video-preview":"max-video-preview:-1"},"canonical":"https:\/\/gozz4all.com\/de\/volwassenen\/slabsjaaltje-special-bib-waterafstotende-achterzijde-zacht-beschermt-de-kleding-overmatig-speekselverlies-slikproblemen\/","og_locale":"de_DE","og_type":"article","og_title":"Slabsjaaltje-waterafstotend- rood pique | Gozz4All","og_description":"slabsjaaltje-special bib-waterafstotende achterzijde-zacht -beschermt de kleding-overmatig speekselverlies-slikproblemen-Gozz4all","og_url":"https:\/\/gozz4all.com\/de\/volwassenen\/slabsjaaltje-special-bib-waterafstotende-achterzijde-zacht-beschermt-de-kleding-overmatig-speekselverlies-slikproblemen\/","og_site_name":"Gozz4All","article_publisher":"https:\/\/www.facebook.com\/gozz4all\/","article_modified_time":"2022-08-25T09:36:11+00:00","og_image":[{"width":595,"height":419,"url":"https:\/\/gozz4all.com\/wp-content\/uploads\/2022\/03\/Sjaaltje-picque.jpg","type":"image\/jpeg"}],"twitter_card":"summary_large_image","schema":{"@context":"https:\/\/schema.org","@graph":[{"@type":"WebPage","@id":"https:\/\/gozz4all.com\/volwassenen\/slabsjaaltje-special-bib-waterafstotende-achterzijde-zacht-beschermt-de-kleding-overmatig-speekselverlies-slikproblemen\/","url":"https:\/\/gozz4all.com\/volwassenen\/slabsjaaltje-special-bib-waterafstotende-achterzijde-zacht-beschermt-de-kleding-overmatig-speekselverlies-slikproblemen\/","name":"Slabsjaaltje-waterafstotend- rood pique | Gozz4All","isPartOf":{"@id":"https:\/\/gozz4all.com\/fr\/#website"},"primaryImageOfPage":{"@id":"https:\/\/gozz4all.com\/volwassenen\/slabsjaaltje-special-bib-waterafstotende-achterzijde-zacht-beschermt-de-kleding-overmatig-speekselverlies-slikproblemen\/#primaryimage"},"image":{"@id":"https:\/\/gozz4all.com\/volwassenen\/slabsjaaltje-special-bib-waterafstotende-achterzijde-zacht-beschermt-de-kleding-overmatig-speekselverlies-slikproblemen\/#primaryimage"},"thumbnailUrl":"https:\/\/gozz4all.com\/wp-content\/uploads\/2022\/03\/Sjaaltje-picque.jpg","datePublished":"2022-03-28T14:09:05+00:00","dateModified":"2022-08-25T09:36:11+00:00","description":"slabsjaaltje-special bib-waterafstotende achterzijde-zacht -beschermt de kleding-overmatig speekselverlies-slikproblemen-Gozz4all","breadcrumb":{"@id":"https:\/\/gozz4all.com\/volwassenen\/slabsjaaltje-special-bib-waterafstotende-achterzijde-zacht-beschermt-de-kleding-overmatig-speekselverlies-slikproblemen\/#breadcrumb"},"inLanguage":"de","potentialAction":[{"@type":"ReadAction","target":["https:\/\/gozz4all.com\/volwassenen\/slabsjaaltje-special-bib-waterafstotende-achterzijde-zacht-beschermt-de-kleding-overmatig-speekselverlies-slikproblemen\/"]}]},{"@type":"ImageObject","inLanguage":"de","@id":"https:\/\/gozz4all.com\/volwassenen\/slabsjaaltje-special-bib-waterafstotende-achterzijde-zacht-beschermt-de-kleding-overmatig-speekselverlies-slikproblemen\/#primaryimage","url":"https:\/\/gozz4all.com\/wp-content\/uploads\/2022\/03\/Sjaaltje-picque.jpg","contentUrl":"https:\/\/gozz4all.com\/wp-content\/uploads\/2022\/03\/Sjaaltje-picque.jpg","width":595,"height":419},{"@type":"BreadcrumbList","@id":"https:\/\/gozz4all.com\/volwassenen\/slabsjaaltje-special-bib-waterafstotende-achterzijde-zacht-beschermt-de-kleding-overmatig-speekselverlies-slikproblemen\/#breadcrumb","itemListElement":[{"@type":"ListItem","position":1,"name":"Home","item":"https:\/\/gozz4all.com\/"},{"@type":"ListItem","position":2,"name":"Producten","item":"https:\/\/gozz4all.com\/shop\/"},{"@type":"ListItem","position":3,"name":"Slabsjaaltje-waterafstotend- rood pique"}]},{"@type":"WebSite","@id":"https:\/\/gozz4all.com\/fr\/#website","url":"https:\/\/gozz4all.com\/fr\/","name":"Gozz4All","description":"Gozz4All","publisher":{"@id":"https:\/\/gozz4all.com\/fr\/#organization"},"potentialAction":[{"@type":"SearchAction","target":{"@type":"EntryPoint","urlTemplate":"https:\/\/gozz4all.com\/fr\/?s={search_term_string}"},"query-input":{"@type":"PropertyValueSpecification","valueRequired":true,"valueName":"search_term_string"}}],"inLanguage":"de"},{"@type":"Organization","@id":"https:\/\/gozz4all.com\/fr\/#organization","name":"Gozz4all","url":"https:\/\/gozz4all.com\/fr\/","logo":{"@type":"ImageObject","inLanguage":"de","@id":"https:\/\/gozz4all.com\/fr\/#\/schema\/logo\/image\/","url":"https:\/\/gozz4all.com\/wp-content\/uploads\/2020\/04\/Logo-ask-for-better-one.png","contentUrl":"https:\/\/gozz4all.com\/wp-content\/uploads\/2020\/04\/Logo-ask-for-better-one.png","width":146,"height":60,"caption":"Gozz4all"},"image":{"@id":"https:\/\/gozz4all.com\/fr\/#\/schema\/logo\/image\/"},"sameAs":["https:\/\/www.facebook.com\/gozz4all\/","https:\/\/www.instagram.com\/gozz4allfashion\/?hl=nl"]}]}},"_links":{"self":[{"href":"https:\/\/gozz4all.com\/de\/wp-json\/wp\/v2\/product\/16538","targetHints":{"allow":["GET"]}}],"collection":[{"href":"https:\/\/gozz4all.com\/de\/wp-json\/wp\/v2\/product"}],"about":[{"href":"https:\/\/gozz4all.com\/de\/wp-json\/wp\/v2\/types\/product"}],"wp:featuredmedia":[{"embeddable":true,"href":"https:\/\/gozz4all.com\/de\/wp-json\/wp\/v2\/media\/16542"}],"wp:attachment":[{"href":"https:\/\/gozz4all.com\/de\/wp-json\/wp\/v2\/media?parent=16538"}],"wp:term":[{"taxonomy":"product_brand","embeddable":true,"href":"https:\/\/gozz4all.com\/de\/wp-json\/wp\/v2\/product_brand?post=16538"},{"taxonomy":"product_cat","embeddable":true,"href":"https:\/\/gozz4all.com\/de\/wp-json\/wp\/v2\/product_cat?post=16538"},{"taxonomy":"product_tag","embeddable":true,"href":"https:\/\/gozz4all.com\/de\/wp-json\/wp\/v2\/product_tag?post=16538"}],"curies":[{"name":"wp","href":"https:\/\/api.w.org\/{rel}","templated":true}]}}