{"id":14500,"date":"2020-10-27T11:37:37","date_gmt":"2020-10-27T09:37:37","guid":{"rendered":"https:\/\/gozz4all.com\/?post_type=product&#038;p=14500"},"modified":"2022-08-27T20:40:27","modified_gmt":"2022-08-27T18:40:27","slug":"voetenzak-rolstoel-scootmobiel-buggy-microfiber-softshell-waterafstotend","status":"publish","type":"product","link":"https:\/\/gozz4all.com\/de\/product\/voetenzak-rolstoel-scootmobiel-buggy-microfiber-softshell-waterafstotend\/","title":{"rendered":"Rollstuhl Mikrofaser Fu\u00dfsack Mobilit\u00e4t Roller"},"content":{"rendered":"<p>Omschrijving: Een leuke aangename voetenzak.<\/p>\n<p>Deze gaat in het midden open met rits. Zo kan de voetenzak open in de rolstoel, buggy of scootmobiel gelegd worden. Als dan de persoon erin is gaan zitten kan het gewoon dichtgeritst worden.<\/p>\n<p>So bleibt der Fu\u00dfsack an seinem Platz und verhindert kalte Stellen auf dem R\u00fccken oder dem Sitz.<\/p>\n<p>Dieser Fu\u00dfsack kann \u00fcberall verwendet werden, im Buggy, im Scooter oder im Rollstuhl.<\/p>\n<p>Deze voetenzak is aan de binnen zijde gemaakt met een microfiber stof, superzacht en warm<\/p>\n<p>Aan de buitenzijde een vrolijke katoenen stof. Er kan naargelang het seizoen of de noden van de persoon, gekozen worden voor de dikte van de vulling. (tussen binnen en buitenste stoflaag)<\/p>\n<p>Voorzien van een stevige bloktand rits van het merk Kroko.<\/p>\n<p>Oben befindet sich ein Kordelzug, der bei Bedarf zugezogen werden kann.<\/p>\n<p>Erh\u00e4ltlich in verschiedenen Gr\u00f6\u00dfen.<\/p>\n<p>Vuil en waterafstotend<\/p>\n<p>Leicht waschbar bei 60\u00b0<\/p>\n<p>Sollten weitere Anpassungen erforderlich sein, k\u00f6nnen Sie sich jederzeit an info@gozz.be wenden oder eine E-Mail schicken.<\/p>","protected":false},"excerpt":{"rendered":"<p>Omschrijving: Een leuke aangename voetenzak.<\/p>\n<p>Zij- en onderkant kan helemaal open. Zo kan de voetenzak open in de rolstoel, buggy of scootmobiel gelegd worden. Als dan de persoon erin is gaan zitten kan het gewoon dichtgeritst worden.<\/p>\n<p>So bleibt der Fu\u00dfsack an seinem Platz und verhindert kalte Stellen auf dem R\u00fccken oder dem Sitz.<\/p>\n<p>Dieser Fu\u00dfsack kann \u00fcberall verwendet werden, im Buggy, im Scooter oder im Rollstuhl.<\/p>\n<p>Deze voetenzak is aan de binnen zijde gemaakt met een microfiber stof, superzacht en warm<\/p>\n<p>Aan de buitenzijde een vrolijke katoenen stof. Er kan naargelang het seizoen of de noden van de persoon, gekozen worden voor de dikte van de vulling. (tussen binnen en buitenste stoflaag)<\/p>\n<p>Voorzien van een stevige bloktand rits van het merk Kroko.<\/p>\n<p>Oben befindet sich ein Kordelzug, der bei Bedarf zugezogen werden kann.<\/p>\n<p>Erh\u00e4ltlich in verschiedenen Gr\u00f6\u00dfen.<\/p>\n<p>Vuil en waterafstotend<\/p>\n<p>Leicht waschbar bei 60\u00b0<\/p>\n<p>Sollten weitere Anpassungen erforderlich sein, k\u00f6nnen Sie sich jederzeit an info@gozz.be wenden oder eine E-Mail schicken.<\/p>\n<p>&nbsp;<\/p>\n<p>&nbsp;<\/p>","protected":false},"featured_media":14501,"template":"","meta":[],"product_brand":[],"product_cat":[612,613,611,49],"product_tag":[],"class_list":{"0":"post-14500","1":"product","2":"type-product","3":"status-publish","4":"has-post-thumbnail","6":"product_cat-ouderen-dementie","7":"product_cat-volwassenen","8":"product_cat-kids","9":"product_cat-rolstoel-capes-rolstoeljas-voetenzak","10":"pa_dikte-vulling-lente-zomer","11":"pa_dikte-vulling-herfst-winter","12":"pa_maat-small","13":"pa_maat-medium","14":"pa_maat-large","15":"pa_maat-extra-large","16":"pif-has-gallery","18":"first","19":"instock","20":"taxable","21":"shipping-taxable","22":"purchasable","23":"product-type-variable"},"yoast_head":"<!-- This site is optimized with the Yoast SEO plugin v27.2 - https:\/\/yoast.com\/product\/yoast-seo-wordpress\/ -->\n<title>Rolstoel microfiber voetenzak scootmobiel | Gozz4All<\/title>\n<meta name=\"description\" content=\"Voetenzak-rolstoel-scootmobiel-buggy-Microfiber-fleece-waterafstotend- opening in het midden- Gozz4all- sterke bloktandrits\" \/>\n<meta name=\"robots\" content=\"index, follow, max-snippet:-1, max-image-preview:large, max-video-preview:-1\" \/>\n<link rel=\"canonical\" href=\"https:\/\/gozz4all.com\/de\/kleding\/jassen\/voetenzak-rolstoel-scootmobiel-buggy-microfiber-softshell-waterafstotend\/\" \/>\n<meta property=\"og:locale\" content=\"de_DE\" \/>\n<meta property=\"og:type\" content=\"article\" \/>\n<meta property=\"og:title\" content=\"Rolstoel microfiber voetenzak scootmobiel | Gozz4All\" \/>\n<meta property=\"og:description\" content=\"Voetenzak-rolstoel-scootmobiel-buggy-Microfiber-fleece-waterafstotend- opening in het midden- Gozz4all- sterke bloktandrits\" \/>\n<meta property=\"og:url\" content=\"https:\/\/gozz4all.com\/de\/kleding\/jassen\/voetenzak-rolstoel-scootmobiel-buggy-microfiber-softshell-waterafstotend\/\" \/>\n<meta property=\"og:site_name\" content=\"Gozz4All\" \/>\n<meta property=\"article:publisher\" content=\"https:\/\/www.facebook.com\/gozz4all\/\" \/>\n<meta property=\"article:modified_time\" content=\"2022-08-27T18:40:27+00:00\" \/>\n<meta property=\"og:image\" content=\"https:\/\/gozz4all.com\/wp-content\/uploads\/2020\/10\/DSC_0818.jpg\" \/>\n\t<meta property=\"og:image:width\" content=\"1200\" \/>\n\t<meta property=\"og:image:height\" content=\"800\" \/>\n\t<meta property=\"og:image:type\" content=\"image\/jpeg\" \/>\n<meta name=\"twitter:card\" content=\"summary_large_image\" \/>\n<meta name=\"twitter:label1\" content=\"Gesch\u00e4tzte Lesezeit\" \/>\n\t<meta name=\"twitter:data1\" content=\"1\u00a0Minute\" \/>\n<script type=\"application\/ld+json\" class=\"yoast-schema-graph\">{\"@context\":\"https:\/\/schema.org\",\"@graph\":[{\"@type\":\"WebPage\",\"@id\":\"https:\/\/gozz4all.com\/kleding\/jassen\/voetenzak-rolstoel-scootmobiel-buggy-microfiber-softshell-waterafstotend\/\",\"url\":\"https:\/\/gozz4all.com\/kleding\/jassen\/voetenzak-rolstoel-scootmobiel-buggy-microfiber-softshell-waterafstotend\/\",\"name\":\"Rolstoel microfiber voetenzak scootmobiel | Gozz4All\",\"isPartOf\":{\"@id\":\"https:\/\/gozz4all.com\/fr\/#website\"},\"primaryImageOfPage\":{\"@id\":\"https:\/\/gozz4all.com\/kleding\/jassen\/voetenzak-rolstoel-scootmobiel-buggy-microfiber-softshell-waterafstotend\/#primaryimage\"},\"image\":{\"@id\":\"https:\/\/gozz4all.com\/kleding\/jassen\/voetenzak-rolstoel-scootmobiel-buggy-microfiber-softshell-waterafstotend\/#primaryimage\"},\"thumbnailUrl\":\"https:\/\/gozz4all.com\/wp-content\/uploads\/2020\/10\/DSC_0818.jpg\",\"datePublished\":\"2020-10-27T09:37:37+00:00\",\"dateModified\":\"2022-08-27T18:40:27+00:00\",\"description\":\"Voetenzak-rolstoel-scootmobiel-buggy-Microfiber-fleece-waterafstotend- opening in het midden- Gozz4all- sterke bloktandrits\",\"breadcrumb\":{\"@id\":\"https:\/\/gozz4all.com\/kleding\/jassen\/voetenzak-rolstoel-scootmobiel-buggy-microfiber-softshell-waterafstotend\/#breadcrumb\"},\"inLanguage\":\"de\",\"potentialAction\":[{\"@type\":\"ReadAction\",\"target\":[\"https:\/\/gozz4all.com\/kleding\/jassen\/voetenzak-rolstoel-scootmobiel-buggy-microfiber-softshell-waterafstotend\/\"]}]},{\"@type\":\"ImageObject\",\"inLanguage\":\"de\",\"@id\":\"https:\/\/gozz4all.com\/kleding\/jassen\/voetenzak-rolstoel-scootmobiel-buggy-microfiber-softshell-waterafstotend\/#primaryimage\",\"url\":\"https:\/\/gozz4all.com\/wp-content\/uploads\/2020\/10\/DSC_0818.jpg\",\"contentUrl\":\"https:\/\/gozz4all.com\/wp-content\/uploads\/2020\/10\/DSC_0818.jpg\",\"width\":1200,\"height\":800},{\"@type\":\"BreadcrumbList\",\"@id\":\"https:\/\/gozz4all.com\/kleding\/jassen\/voetenzak-rolstoel-scootmobiel-buggy-microfiber-softshell-waterafstotend\/#breadcrumb\",\"itemListElement\":[{\"@type\":\"ListItem\",\"position\":1,\"name\":\"Home\",\"item\":\"https:\/\/gozz4all.com\/\"},{\"@type\":\"ListItem\",\"position\":2,\"name\":\"Producten\",\"item\":\"https:\/\/gozz4all.com\/shop\/\"},{\"@type\":\"ListItem\",\"position\":3,\"name\":\"Rolstoel microfiber voetenzak scootmobiel\"}]},{\"@type\":\"WebSite\",\"@id\":\"https:\/\/gozz4all.com\/fr\/#website\",\"url\":\"https:\/\/gozz4all.com\/fr\/\",\"name\":\"Gozz4All\",\"description\":\"Gozz4All\",\"publisher\":{\"@id\":\"https:\/\/gozz4all.com\/fr\/#organization\"},\"potentialAction\":[{\"@type\":\"SearchAction\",\"target\":{\"@type\":\"EntryPoint\",\"urlTemplate\":\"https:\/\/gozz4all.com\/fr\/?s={search_term_string}\"},\"query-input\":{\"@type\":\"PropertyValueSpecification\",\"valueRequired\":true,\"valueName\":\"search_term_string\"}}],\"inLanguage\":\"de\"},{\"@type\":\"Organization\",\"@id\":\"https:\/\/gozz4all.com\/fr\/#organization\",\"name\":\"Gozz4all\",\"url\":\"https:\/\/gozz4all.com\/fr\/\",\"logo\":{\"@type\":\"ImageObject\",\"inLanguage\":\"de\",\"@id\":\"https:\/\/gozz4all.com\/fr\/#\/schema\/logo\/image\/\",\"url\":\"https:\/\/gozz4all.com\/wp-content\/uploads\/2020\/04\/Logo-ask-for-better-one.png\",\"contentUrl\":\"https:\/\/gozz4all.com\/wp-content\/uploads\/2020\/04\/Logo-ask-for-better-one.png\",\"width\":146,\"height\":60,\"caption\":\"Gozz4all\"},\"image\":{\"@id\":\"https:\/\/gozz4all.com\/fr\/#\/schema\/logo\/image\/\"},\"sameAs\":[\"https:\/\/www.facebook.com\/gozz4all\/\",\"https:\/\/www.instagram.com\/gozz4allfashion\/?hl=nl\"]}]}<\/script>\n<!-- \/ Yoast SEO plugin. -->","yoast_head_json":{"title":"Rolstoel microfiber voetenzak scootmobiel | Gozz4All","description":"Voetenzak-rolstoel-scootmobiel-buggy-Microfiber-fleece-waterafstotend- opening in het midden- Gozz4all- sterke bloktandrits","robots":{"index":"index","follow":"follow","max-snippet":"max-snippet:-1","max-image-preview":"max-image-preview:large","max-video-preview":"max-video-preview:-1"},"canonical":"https:\/\/gozz4all.com\/de\/kleding\/jassen\/voetenzak-rolstoel-scootmobiel-buggy-microfiber-softshell-waterafstotend\/","og_locale":"de_DE","og_type":"article","og_title":"Rolstoel microfiber voetenzak scootmobiel | Gozz4All","og_description":"Voetenzak-rolstoel-scootmobiel-buggy-Microfiber-fleece-waterafstotend- opening in het midden- Gozz4all- sterke bloktandrits","og_url":"https:\/\/gozz4all.com\/de\/kleding\/jassen\/voetenzak-rolstoel-scootmobiel-buggy-microfiber-softshell-waterafstotend\/","og_site_name":"Gozz4All","article_publisher":"https:\/\/www.facebook.com\/gozz4all\/","article_modified_time":"2022-08-27T18:40:27+00:00","og_image":[{"width":1200,"height":800,"url":"https:\/\/gozz4all.com\/wp-content\/uploads\/2020\/10\/DSC_0818.jpg","type":"image\/jpeg"}],"twitter_card":"summary_large_image","twitter_misc":{"Gesch\u00e4tzte Lesezeit":"1\u00a0Minute"},"schema":{"@context":"https:\/\/schema.org","@graph":[{"@type":"WebPage","@id":"https:\/\/gozz4all.com\/kleding\/jassen\/voetenzak-rolstoel-scootmobiel-buggy-microfiber-softshell-waterafstotend\/","url":"https:\/\/gozz4all.com\/kleding\/jassen\/voetenzak-rolstoel-scootmobiel-buggy-microfiber-softshell-waterafstotend\/","name":"Rolstoel microfiber voetenzak scootmobiel | Gozz4All","isPartOf":{"@id":"https:\/\/gozz4all.com\/fr\/#website"},"primaryImageOfPage":{"@id":"https:\/\/gozz4all.com\/kleding\/jassen\/voetenzak-rolstoel-scootmobiel-buggy-microfiber-softshell-waterafstotend\/#primaryimage"},"image":{"@id":"https:\/\/gozz4all.com\/kleding\/jassen\/voetenzak-rolstoel-scootmobiel-buggy-microfiber-softshell-waterafstotend\/#primaryimage"},"thumbnailUrl":"https:\/\/gozz4all.com\/wp-content\/uploads\/2020\/10\/DSC_0818.jpg","datePublished":"2020-10-27T09:37:37+00:00","dateModified":"2022-08-27T18:40:27+00:00","description":"Voetenzak-rolstoel-scootmobiel-buggy-Microfiber-fleece-waterafstotend- opening in het midden- Gozz4all- sterke bloktandrits","breadcrumb":{"@id":"https:\/\/gozz4all.com\/kleding\/jassen\/voetenzak-rolstoel-scootmobiel-buggy-microfiber-softshell-waterafstotend\/#breadcrumb"},"inLanguage":"de","potentialAction":[{"@type":"ReadAction","target":["https:\/\/gozz4all.com\/kleding\/jassen\/voetenzak-rolstoel-scootmobiel-buggy-microfiber-softshell-waterafstotend\/"]}]},{"@type":"ImageObject","inLanguage":"de","@id":"https:\/\/gozz4all.com\/kleding\/jassen\/voetenzak-rolstoel-scootmobiel-buggy-microfiber-softshell-waterafstotend\/#primaryimage","url":"https:\/\/gozz4all.com\/wp-content\/uploads\/2020\/10\/DSC_0818.jpg","contentUrl":"https:\/\/gozz4all.com\/wp-content\/uploads\/2020\/10\/DSC_0818.jpg","width":1200,"height":800},{"@type":"BreadcrumbList","@id":"https:\/\/gozz4all.com\/kleding\/jassen\/voetenzak-rolstoel-scootmobiel-buggy-microfiber-softshell-waterafstotend\/#breadcrumb","itemListElement":[{"@type":"ListItem","position":1,"name":"Home","item":"https:\/\/gozz4all.com\/"},{"@type":"ListItem","position":2,"name":"Producten","item":"https:\/\/gozz4all.com\/shop\/"},{"@type":"ListItem","position":3,"name":"Rolstoel microfiber voetenzak scootmobiel"}]},{"@type":"WebSite","@id":"https:\/\/gozz4all.com\/fr\/#website","url":"https:\/\/gozz4all.com\/fr\/","name":"Gozz4All","description":"Gozz4All","publisher":{"@id":"https:\/\/gozz4all.com\/fr\/#organization"},"potentialAction":[{"@type":"SearchAction","target":{"@type":"EntryPoint","urlTemplate":"https:\/\/gozz4all.com\/fr\/?s={search_term_string}"},"query-input":{"@type":"PropertyValueSpecification","valueRequired":true,"valueName":"search_term_string"}}],"inLanguage":"de"},{"@type":"Organization","@id":"https:\/\/gozz4all.com\/fr\/#organization","name":"Gozz4all","url":"https:\/\/gozz4all.com\/fr\/","logo":{"@type":"ImageObject","inLanguage":"de","@id":"https:\/\/gozz4all.com\/fr\/#\/schema\/logo\/image\/","url":"https:\/\/gozz4all.com\/wp-content\/uploads\/2020\/04\/Logo-ask-for-better-one.png","contentUrl":"https:\/\/gozz4all.com\/wp-content\/uploads\/2020\/04\/Logo-ask-for-better-one.png","width":146,"height":60,"caption":"Gozz4all"},"image":{"@id":"https:\/\/gozz4all.com\/fr\/#\/schema\/logo\/image\/"},"sameAs":["https:\/\/www.facebook.com\/gozz4all\/","https:\/\/www.instagram.com\/gozz4allfashion\/?hl=nl"]}]}},"_links":{"self":[{"href":"https:\/\/gozz4all.com\/de\/wp-json\/wp\/v2\/product\/14500","targetHints":{"allow":["GET"]}}],"collection":[{"href":"https:\/\/gozz4all.com\/de\/wp-json\/wp\/v2\/product"}],"about":[{"href":"https:\/\/gozz4all.com\/de\/wp-json\/wp\/v2\/types\/product"}],"wp:featuredmedia":[{"embeddable":true,"href":"https:\/\/gozz4all.com\/de\/wp-json\/wp\/v2\/media\/14501"}],"wp:attachment":[{"href":"https:\/\/gozz4all.com\/de\/wp-json\/wp\/v2\/media?parent=14500"}],"wp:term":[{"taxonomy":"product_brand","embeddable":true,"href":"https:\/\/gozz4all.com\/de\/wp-json\/wp\/v2\/product_brand?post=14500"},{"taxonomy":"product_cat","embeddable":true,"href":"https:\/\/gozz4all.com\/de\/wp-json\/wp\/v2\/product_cat?post=14500"},{"taxonomy":"product_tag","embeddable":true,"href":"https:\/\/gozz4all.com\/de\/wp-json\/wp\/v2\/product_tag?post=14500"}],"curies":[{"name":"wp","href":"https:\/\/api.w.org\/{rel}","templated":true}]}}