{"id":7380,"date":"2018-05-22T15:28:51","date_gmt":"2018-05-22T13:28:51","guid":{"rendered":"http:\/\/gozz.testomgeving.website\/?page_id=7380"},"modified":"2025-05-27T16:11:06","modified_gmt":"2025-05-27T14:11:06","slug":"privacy-verklaring","status":"publish","type":"page","link":"https:\/\/gozz4all.com\/de\/privacy-verklaring\/","title":{"rendered":"Erkl\u00e4rung zum Datenschutz"},"content":{"rendered":"<div data-elementor-type=\"wp-page\" data-elementor-id=\"7380\" class=\"elementor elementor-7380\" data-elementor-post-type=\"page\">\n\t\t\t\t\t\t<section class=\"elementor-section elementor-top-section elementor-element elementor-element-811c646 elementor-section-boxed elementor-section-height-default elementor-section-height-default\" data-id=\"811c646\" data-element_type=\"section\" data-e-type=\"section\" data-settings=\"{&quot;background_background&quot;:&quot;classic&quot;}\">\n\t\t\t\t\t\t<div class=\"elementor-container elementor-column-gap-default\">\n\t\t\t\t\t<div class=\"elementor-column elementor-col-100 elementor-top-column elementor-element elementor-element-1a9c415\" data-id=\"1a9c415\" data-element_type=\"column\" data-e-type=\"column\">\n\t\t\t<div class=\"elementor-widget-wrap elementor-element-populated\">\n\t\t\t\t\t\t<div class=\"elementor-element elementor-element-ac964c4 elementor-widget__width-initial elementor-widget elementor-widget-heading\" data-id=\"ac964c4\" data-element_type=\"widget\" data-e-type=\"widget\" data-widget_type=\"heading.default\">\n\t\t\t\t<div class=\"elementor-widget-container\">\n\t\t\t\t\t<h1 class=\"elementor-heading-title elementor-size-default\">Erkl\u00e4rung zum Datenschutz<\/h1>\t\t\t\t<\/div>\n\t\t\t\t<\/div>\n\t\t\t\t\t<\/div>\n\t\t<\/div>\n\t\t\t\t\t<\/div>\n\t\t<\/section>\n\t\t\t\t<section class=\"elementor-section elementor-top-section elementor-element elementor-element-455707f8 elementor-section-boxed elementor-section-height-default elementor-section-height-default\" data-id=\"455707f8\" data-element_type=\"section\" data-e-type=\"section\">\n\t\t\t\t\t\t<div class=\"elementor-container elementor-column-gap-default\">\n\t\t\t\t\t<div class=\"elementor-column elementor-col-100 elementor-top-column elementor-element elementor-element-3bf9a4ef\" data-id=\"3bf9a4ef\" data-element_type=\"column\" data-e-type=\"column\">\n\t\t\t<div class=\"elementor-widget-wrap elementor-element-populated\">\n\t\t\t\t\t\t<div class=\"elementor-element elementor-element-3708beb5 elementor-widget elementor-widget-text-editor\" data-id=\"3708beb5\" data-element_type=\"widget\" data-e-type=\"widget\" data-widget_type=\"text-editor.default\">\n\t\t\t\t<div class=\"elementor-widget-container\">\n\t\t\t\t\t\t\t\t\t<p>\u00a0<\/p><h1>\u00dcber unsere Datenschutzpolitik<\/h1><p>Gozz bvba geeft veel om uw privacy. Wij verwerken daarom uitsluitend gegevens die wij nodig hebben voor (het verbeteren van) onze dienstverlening en gaan zorgvuldig om met de informatie die wij over u en uw gebruik van onze diensten hebben verzameld. Wij stellen uw gegevens nooit voor commerci\u00eble doelstellingen ter beschikking aan derden.<\/p><p>Dit privacybeleid is van toepassing op het gebruik van de website en de daarop ontsloten dienstverlening van Gozz bvba. De ingangsdatum voor de geldigheid van deze voorwaarden is 23\/05\/2018, met het publiceren van een nieuwe versie vervalt de geldigheid van alle voorgaande versies. Dit privacybeleid beschrijft welke gegevens over u door ons worden verzameld, waar deze gegevens voor worden gebruikt en met wie en onder welke voorwaarden deze gegevens eventueel met derden kunnen worden gedeeld. Ook leggen wij aan u uit op welke wijze wij uw gegevens opslaan en hoe wij uw gegevens tegen misbruik beschermen en welke rechten u heeft met betrekking tot de door u aan ons verstrekte persoonsgegevens.<\/p><p>Als u vragen heeft over ons privacybeleid kunt u contact opnemen met onze contactpersoon voor privacyzaken, u vindt de contactgegevens aan het einde van ons privacybeleid.<\/p><h1>\u00dcber die Datenverarbeitung<\/h1><p>Im Folgenden k\u00f6nnen Sie nachlesen, wie wir Ihre Daten verarbeiten, wo wir sie speichern (lassen), welche Sicherheitstechniken wir einsetzen und f\u00fcr wen die Daten einsehbar sind.<\/p><h2>Webshop-Software<\/h2><h3>WooCommerce<\/h3><p>Onze webwinkel is ontwikkeld met software van WooCommerce, wij hebben voor onze webhosting gekozen voor myH2Oservers. Persoonsgegevens die u ten behoeve van onze dienstverlening aan ons beschikbaar stelt, worden met deze partij gedeeld. myH2Oservers heeft toegang tot uw gegevens om ons (technische) ondersteuning te bieden, zij zullen uw gegevens nooit gebruiken voor een ander doel. myH2Oservers is op basis van de overeenkomst die wij met hen hebben gesloten verplicht om passende beveiligingsmaatregelen te nemen. Deze beveiligingsmaatregelen bestaan uit de toepassing van SSL-encryptie en een sterk wachtwoordbeleid.<\/p><p>Er worden regelmatig back-ups gemaakt om verlies van data te voorkomen.<\/p><h3>WooCommerce<\/h3><p>Unser Online-Shop ist mit der Software WooCommerce entwickelt, wir hosten unseren Online-Shop auf einem eigenen Server. Wir haben geeignete technische und organisatorische Ma\u00dfnahmen getroffen, um Missbrauch, Verlust und Verf\u00e4lschung von Daten so weit wie m\u00f6glich zu verhindern. Zu diesen Sicherheitsma\u00dfnahmen geh\u00f6ren mindestens die Verwendung von SSL-Verschl\u00fcsselung und eine strenge Passwortpolitik. Um Datenverlusten vorzubeugen, werden regelm\u00e4\u00dfig Backups erstellt.<\/p><h3>Webhosting myH2Oservers<\/h3><p>Wir kaufen Webhosting-Dienste von H2Oservers. myH2Oservers verarbeitet personenbezogene Daten in unserem Auftrag und verwendet Ihre Daten nicht f\u00fcr eigene Zwecke. Allerdings kann diese Partei Metadaten \u00fcber die Nutzung der Dienste sammeln. Dabei handelt es sich nicht um personenbezogene Daten. myH2Oservers hat angemessene technische und organisatorische Ma\u00dfnahmen ergriffen, um den Verlust und die unbefugte Nutzung Ihrer personenbezogenen Daten zu verhindern. myH2Oservers ist durch den Vertrag zur Geheimhaltung verpflichtet.<\/p><h2>E-Mail und Verteilerlisten<\/h2><h3>MailChimp<\/h3><p>Unsere Website nutzt MailChimp, einen Drittanbieter, der den von unserer Website ausgehenden E-Mail-Verkehr und den Versand von Newslettern abwickelt. Alle Best\u00e4tigungs-E-Mails, die Sie von unserer Website und Webformularen erhalten, werden \u00fcber die Server von MailChimp gesendet. MailChimp wird Ihren Namen und Ihre E-Mail-Adresse niemals f\u00fcr eigene Zwecke verwenden. Am Ende jeder E-Mail, die automatisch \u00fcber unsere Website verschickt wird, finden Sie den Link \"Abmelden\". Wenn Sie auf diesen Link klicken, erhalten Sie keine E-Mails mehr von unserer Website. Ihre pers\u00f6nlichen Daten werden von MailChimp sicher gespeichert. MailChimp verwendet Cookies und andere Internettechnologien, die Aufschluss dar\u00fcber geben, ob E-Mails ge\u00f6ffnet und gelesen werden. MailChimp beh\u00e4lt sich das Recht vor, Ihre Daten zu nutzen, um seine Dienste weiter zu verbessern und in diesem Zusammenhang Informationen mit Dritten zu teilen.<\/p><h3>B\u00fcro365<\/h3><p>Wir nutzen die Dienste von Office365 f\u00fcr unseren regelm\u00e4\u00dfigen gesch\u00e4ftlichen E-Mail-Verkehr. Diese Partei hat angemessene technische und organisatorische Ma\u00dfnahmen ergriffen, um Missbrauch, Verlust und Verf\u00e4lschung Ihrer und unserer Daten so weit wie m\u00f6glich zu verhindern. Office365 hat keinen Zugriff auf unseren Posteingang und wir behandeln unseren gesamten E-Mail-Verkehr vertraulich.<\/p><h2>Zahlungsabwickler<\/h2><h3>Mollie<\/h3><p>Voor het afhandelen van een (deel van) de betalingen in onze webwinkel maken wij gebruik van het platform van Mollie. Mollie verwerkt uw naam, adres en woonplaatsgegevens en uw betaalgegevens zoals uw bankrekening- of creditcardnummer. Mollie heeft passende technische en organisatorische maatregelen genomen om uw persoonsgegevens te beschermen. Mollie behoudt zich het recht voor uw gegevens te gebruiken om de<\/p><p>dienstverlening verder te verbeteren en in het kader daarvan (geanonimiseerde) gegevens met derden te delen. Alle hierboven genoemde waarborgen met betrekking tot de bescherming van uw persoonsgegevens zijn eveneens van toepassing op de onderdelen van Mollie\u2019s dienstverlening waarvoor zij derden inschakelen. Mollie bewaart uw gegevens niet langer dan op grond van de wettelijke termijnen is toegestaan.<\/p><p><strong>Bewertungen<\/strong><\/p><h2>Versand und Logistik<\/h2><h3>PostNL<\/h3><p>Wenn Sie bei uns eine Bestellung aufgeben, ist es unsere Aufgabe, Ihnen Ihr Paket zuzustellen. Wir nutzen die Dienste von PostNL, um die Lieferungen zu t\u00e4tigen. Dazu m\u00fcssen wir Ihren Namen, Ihre Adresse und Ihren Wohnort an PostNL weitergeben. PostNL verwendet diese Daten ausschlie\u00dflich zum Zweck der Vertragsdurchf\u00fchrung. Wenn PostNL Subunternehmer beauftragt, wird PostNL Ihre Daten auch diesen Parteien zur Verf\u00fcgung stellen.<\/p><h3>DHL<\/h3><p>Wenn Sie bei uns eine Bestellung aufgeben, ist es unsere Aufgabe, Ihr Paket an Sie zu liefern. Wir nutzen die Dienste von DHL, um die Lieferungen durchzuf\u00fchren. Dazu m\u00fcssen wir Ihren Namen, Ihre Adresse und Ihren Wohnort an DHL weitergeben. DHL verwendet diese Daten nur zum Zweck der Vertragserf\u00fcllung. Wenn DHL Subunternehmer beauftragt, wird DHL Ihre Daten auch diesen Parteien zur Verf\u00fcgung stellen.<\/p><h3>BPost<\/h3><p>Wenn Sie bei uns eine Bestellung aufgeben, ist es unsere Aufgabe, Ihnen Ihr Paket zuzustellen. Wir nutzen die Dienste von BPost, um die Lieferungen durchzuf\u00fchren. Dies erfordert, dass wir Ihren Namen, Ihre Adresse und Ihren Wohnsitz an BPost weitergeben. BPost verwendet diese Daten nur zum Zweck der Vertragserf\u00fcllung. F\u00fcr den Fall, dass BPost Subunternehmer einsetzt, wird sie Ihre Daten auch diesen Parteien zur Verf\u00fcgung stellen.<\/p><h1>Zweck der Datenverarbeitung<\/h1><h2>Allgemeiner Zweck der Verarbeitung<\/h2><p>Wir verwenden Ihre Daten ausschlie\u00dflich f\u00fcr die Erbringung unserer Dienstleistungen. Das hei\u00dft, der Zweck der Verarbeitung steht immer in direktem Zusammenhang mit dem von Ihnen erteilten Auftrag. Wir verwenden Ihre Daten nicht f\u00fcr (gezieltes) Marketing. Wenn Sie uns Daten mitteilen und wir diese Daten verwenden, um mit Ihnen in Kontakt zu treten - au\u00dfer auf Ihren Wunsch hin zu einem sp\u00e4teren Zeitpunkt -, werden wir Sie um Ihre ausdr\u00fcckliche Erlaubnis dazu bitten. Ihre Daten werden nicht an Dritte weitergegeben, es sei denn, um buchhalterischen und anderen administrativen Verpflichtungen nachzukommen. Diese Dritten sind aufgrund einer Vereinbarung zwischen ihnen und uns oder aufgrund einer eidesstattlichen oder gesetzlichen Verpflichtung zur Vertraulichkeit verpflichtet.<\/p><h2>Automatisch erfasste Daten<\/h2><p>Die von unserer Website automatisch erhobenen Daten werden mit dem Ziel verarbeitet, unsere Dienstleistungen weiter zu verbessern. Diese Daten (z.B. Ihre IP-Adresse, Webbrowser und Betriebssystem) sind keine personenbezogenen Daten.<\/p><h2>Zusammenarbeit bei Steuer- und Strafermittlungen<\/h2><p>Gegebenenfalls kann Gozz bvba gesetzlich verpflichtet sein, Ihre Daten im Zusammenhang mit staatlichen Steuer- oder Strafermittlungen weiterzugeben. In einem solchen Fall sind wir gezwungen, Ihre Daten weiterzugeben, aber wir werden uns im Rahmen der gesetzlichen M\u00f6glichkeiten dagegen wehren.<\/p><h2>Aufbewahrungsfristen<\/h2><p>Wij bewaren uw gegevens zolang u cli\u00ebnt van ons bent. Dit betekent dat wij uw klantprofiel bewaren totdat u aangeeft dat u niet langer van onze diensten gebruik wenst te maken. Als u dit bij ons aangeeft zullen wij dit tevens opvatten als een vergeetverzoek. Op grond van toepasselijke administratieve verplichtingen dienen wij facturen met uw<\/p><p>(persoons)gegevens te bewaren, deze gegevens zullen wij dus voor zolang de toepasselijke termijn loopt bewaren. Medewerkers hebben echter geen toegang meer tot uw cli\u00ebntprofiel en documenten die wij naar aanleiding van uw opdracht hebben vervaardigd.<\/p><h1>Ihre Rechte<\/h1><p>Op grond van de geldende Nederlandse en Europese wetgeving heeft u als betrokkene bepaalde rechten met betrekking tot de persoonsgegevens die door of namens ons worden verwerkt. Wij leggen u hieronder uit welke rechten dit zijn en hoe u zich op deze rechten kunt beroepen.<\/p><p>In beginsel sturen wij om misbruik te voorkomen afschriften en kopie\u00ebn van uw gegevens enkel naar uw bij ons reeds bekende e-mailadres. In het geval dat u de gegevens op een ander e-mailadres of bijvoorbeeld per post wenst te ontvangen, zullen wij u vragen zich te legitimeren. Wij houden een administratie bij van afgehandelde verzoeken, in het geval van een vergeetverzoek administreren wij geanonimiseerde gegevens. Alle afschriften en kopie\u00ebn van gegevens ontvangt u in de machineleesbare gegevensindeling die wij binnen onze systemen hanteren.<\/p><p>U heeft te allen tijde het recht om een klacht in te dienen bij de Autoriteit Persoonsgegevens als u vermoedt dat wij uw persoonsgegevens op een verkeerde manier gebruiken.<\/p><h2>Recht auf Einsichtnahme<\/h2><p>Sie haben jederzeit das Recht auf Einsicht in die Daten, die wir verarbeiten (oder verarbeitet haben) und die sich auf Ihre Person beziehen oder zu dieser zur\u00fcckverfolgt werden k\u00f6nnen. Sie k\u00f6nnen einen entsprechenden Antrag an unsere Kontaktperson f\u00fcr Datenschutzfragen stellen. Sie erhalten dann innerhalb von 30 Tagen eine Antwort auf Ihren Antrag. Wird Ihrem Antrag stattgegeben, senden wir Ihnen an die uns bekannte E-Mail-Adresse eine Kopie aller Daten mit einer Liste der Verarbeiter, die \u00fcber diese Daten verf\u00fcgen, unter Angabe der Kategorie, unter der wir diese Daten gespeichert haben.<\/p><h2>Recht auf Berichtigung<\/h2><p>Sie haben jederzeit das Recht auf Berichtigung der Daten, die wir verarbeiten (oder haben verarbeiten lassen) und die sich auf Ihre Person beziehen oder zu Ihnen zur\u00fcckverfolgt werden k\u00f6nnen. Sie k\u00f6nnen einen entsprechenden Antrag an unsere Kontaktperson f\u00fcr Datenschutzfragen stellen. Sie erhalten dann innerhalb von 30 Tagen eine Antwort auf Ihren Antrag. Wenn Ihrem Antrag stattgegeben wird, senden wir Ihnen an die uns bekannte E-Mail-Adresse eine Best\u00e4tigung, dass die Daten berichtigt wurden.<\/p><h2>Recht auf Einschr\u00e4nkung der Verarbeitung<\/h2><p>Sie haben jederzeit das Recht auf Einschr\u00e4nkung der Daten, die wir verarbeiten (oder haben verarbeiten lassen) und die sich auf Ihre Person beziehen oder zu ihr zur\u00fcckverfolgt werden k\u00f6nnen. Sie k\u00f6nnen einen entsprechenden Antrag an unseren Ansprechpartner f\u00fcr Datenschutz stellen. Sie erhalten dann innerhalb von 30 Tagen eine Antwort auf Ihren Antrag. Wenn Ihrem Antrag stattgegeben wird, senden wir Ihnen an die uns bekannte E-Mail-Adresse eine Best\u00e4tigung, dass die Daten nicht mehr verarbeitet werden, bis Sie die Einschr\u00e4nkung aufheben.<\/p><h2>Recht auf \u00dcbertragbarkeit<\/h2><p>Sie haben jederzeit das Recht, die von uns verarbeiteten Daten, die sich auf Ihre Person beziehen oder zu Ihnen zur\u00fcckverfolgt werden k\u00f6nnen, von einer anderen Partei verarbeiten zu lassen (oder verarbeiten zu lassen). Sie k\u00f6nnen einen entsprechenden Antrag an unseren Ansprechpartner f\u00fcr Datenschutz stellen. Sie erhalten dann innerhalb von 30 Tagen eine Antwort auf Ihren Antrag. Wenn Ihrem Antrag stattgegeben wird, senden wir Ihnen an die uns bekannte E-Mail-Adresse Kopien oder Abschriften aller Daten \u00fcber Sie, die wir verarbeitet haben oder in unserem Auftrag von anderen Auftragsverarbeitern oder Dritten verarbeiten lie\u00dfen. Aller Wahrscheinlichkeit nach k\u00f6nnen wir in einem solchen Fall unsere Dienstleistungen nicht mehr erbringen, da die sichere Verbindung von Dateien nicht mehr gew\u00e4hrleistet werden kann.<\/p><h2>Widerspruchsrecht und andere Rechte<\/h2><p>U heeft in voorkomende gevallen het recht bezwaar te maken tegen de verwerking van uw persoonsgegevens door of in opdracht van Gozz bvba. Als u bezwaar maakt zullen wij onmiddellijk de gegevensverwerking staken in afwachting van de afhandeling van uw bezwaar. Is uw bezwaar gegrond dat zullen wij afschriften en\/of kopie\u00ebn van gegevens die wij (laten) verwerken aan u ter beschikking stellen en daarna de verwerking blijvend staken.<\/p><p>U heeft bovendien het recht om niet aan geautomatiseerde individuele besluitvorming of profiling te worden onderworpen. Wij verwerken uw gegevens niet op zodanige wijze dat dit recht van toepassing is. Bent u van mening dat dit wel zo is, neem dan contact op met onze contactpersoon voor privacyzaken.<\/p><h1>Cookies<\/h1><h2>Google Analytics<\/h2><p>Auf unserer Website werden im Rahmen des Dienstes \"Analytics\" Cookies von dem amerikanischen Unternehmen Google gesetzt. Wir nutzen diesen Dienst, um zu verfolgen und Berichte dar\u00fcber zu erhalten, wie Besucher die Website nutzen. Dieser Auftragsverarbeiter kann nach den geltenden Gesetzen und Vorschriften verpflichtet sein, Zugang zu diesen Daten zu gew\u00e4hren. Wir haben Google nicht gestattet, die erhaltenen Analysedaten f\u00fcr andere Google-Dienste zu verwenden.<\/p><h2>Cookies von Dritten<\/h2><p>Falls Softwarel\u00f6sungen von Drittanbietern Cookies verwenden, wird dies in dieser Datenschutzerkl\u00e4rung erw\u00e4hnt.<\/p><h1>\u00c4nderungen der Datenschutzrichtlinie<\/h1><p>Wir behalten uns das Recht vor, unsere Datenschutzpolitik jederzeit zu \u00e4ndern. Sie finden jedoch immer die aktuellste Version auf dieser Seite. Sollte sich die neue Datenschutzrichtlinie auf die Art und Weise auswirken, wie wir bereits \u00fcber Sie erhobene Daten verarbeiten, werden wir Sie per E-Mail benachrichtigen.<\/p><h1>Kontaktangaben<\/h1><h2>Gozz bvba<\/h2><p>Polderstraat 70a<\/p><p>2990 Wuustwezel<\/p><p>Belgi\u00eb<\/p><p><strong>T<\/strong> (+32) 496 16 99 08<\/p><p><strong>E<\/strong> <a href=\"mailto:info@gozz.be\">info@gozz.be<\/a><\/p><p>BTW: BE 0660597318<\/p><h2>Kontaktperson f\u00fcr Datenschutzfragen<\/h2><p>Cindy Konings<\/p>\t\t\t\t\t\t\t\t<\/div>\n\t\t\t\t<\/div>\n\t\t\t\t\t<\/div>\n\t\t<\/div>\n\t\t\t\t\t<\/div>\n\t\t<\/section>\n\t\t\t\t<\/div>","protected":false},"excerpt":{"rendered":"<p>\u00a0 Over ons privacybeleid Gozz bvba geeft veel om uw privacy. Wij verwerken daarom uitsluitend gegevens die wij nodig hebben voor (het verbeteren van) onze dienstverlening en gaan zorgvuldig om met de informatie die wij over u en uw gebruik van onze diensten hebben verzameld. Wij stellen uw gegevens nooit voor commerci\u00eble doelstellingen ter beschikking [&hellip;]<\/p>\n","protected":false},"author":16,"featured_media":0,"parent":0,"menu_order":0,"comment_status":"closed","ping_status":"closed","template":"elementor_header_footer","meta":{"footnotes":""},"class_list":["post-7380","page","type-page","status-publish","hentry"],"yoast_head":"<!-- This site is optimized with the Yoast SEO plugin v27.2 - https:\/\/yoast.com\/product\/yoast-seo-wordpress\/ -->\n<title>Privacy verklaring | Gozz4All<\/title>\n<meta name=\"robots\" content=\"index, follow, max-snippet:-1, max-image-preview:large, max-video-preview:-1\" \/>\n<link rel=\"canonical\" href=\"https:\/\/gozz4all.com\/de\/privacy-verklaring\/\" \/>\n<meta property=\"og:locale\" content=\"de_DE\" \/>\n<meta property=\"og:type\" content=\"article\" \/>\n<meta property=\"og:title\" content=\"Privacy verklaring | Gozz4All\" \/>\n<meta property=\"og:description\" content=\"\u00a0 Over ons privacybeleid Gozz bvba geeft veel om uw privacy. Wij verwerken daarom uitsluitend gegevens die wij nodig hebben voor (het verbeteren van) onze dienstverlening en gaan zorgvuldig om met de informatie die wij over u en uw gebruik van onze diensten hebben verzameld. Wij stellen uw gegevens nooit voor commerci\u00eble doelstellingen ter beschikking [&hellip;]\" \/>\n<meta property=\"og:url\" content=\"https:\/\/gozz4all.com\/de\/privacy-verklaring\/\" \/>\n<meta property=\"og:site_name\" content=\"Gozz4All\" \/>\n<meta property=\"article:publisher\" content=\"https:\/\/www.facebook.com\/gozz4all\/\" \/>\n<meta property=\"article:modified_time\" content=\"2025-05-27T14:11:06+00:00\" \/>\n<meta name=\"twitter:card\" content=\"summary_large_image\" \/>\n<meta name=\"twitter:label1\" content=\"Gesch\u00e4tzte Lesezeit\" \/>\n\t<meta name=\"twitter:data1\" content=\"11\u00a0Minuten\" \/>\n<script type=\"application\/ld+json\" class=\"yoast-schema-graph\">{\"@context\":\"https:\/\/schema.org\",\"@graph\":[{\"@type\":\"WebPage\",\"@id\":\"https:\/\/gozz4all.com\/privacy-verklaring\/\",\"url\":\"https:\/\/gozz4all.com\/privacy-verklaring\/\",\"name\":\"Privacy verklaring | Gozz4All\",\"isPartOf\":{\"@id\":\"https:\/\/gozz4all.com\/fr\/#website\"},\"datePublished\":\"2018-05-22T13:28:51+00:00\",\"dateModified\":\"2025-05-27T14:11:06+00:00\",\"breadcrumb\":{\"@id\":\"https:\/\/gozz4all.com\/privacy-verklaring\/#breadcrumb\"},\"inLanguage\":\"de\",\"potentialAction\":[{\"@type\":\"ReadAction\",\"target\":[\"https:\/\/gozz4all.com\/privacy-verklaring\/\"]}]},{\"@type\":\"BreadcrumbList\",\"@id\":\"https:\/\/gozz4all.com\/privacy-verklaring\/#breadcrumb\",\"itemListElement\":[{\"@type\":\"ListItem\",\"position\":1,\"name\":\"Home\",\"item\":\"https:\/\/gozz4all.com\/\"},{\"@type\":\"ListItem\",\"position\":2,\"name\":\"Privacy verklaring\"}]},{\"@type\":\"WebSite\",\"@id\":\"https:\/\/gozz4all.com\/fr\/#website\",\"url\":\"https:\/\/gozz4all.com\/fr\/\",\"name\":\"Gozz4All\",\"description\":\"Gozz4All\",\"publisher\":{\"@id\":\"https:\/\/gozz4all.com\/fr\/#organization\"},\"potentialAction\":[{\"@type\":\"SearchAction\",\"target\":{\"@type\":\"EntryPoint\",\"urlTemplate\":\"https:\/\/gozz4all.com\/fr\/?s={search_term_string}\"},\"query-input\":{\"@type\":\"PropertyValueSpecification\",\"valueRequired\":true,\"valueName\":\"search_term_string\"}}],\"inLanguage\":\"de\"},{\"@type\":\"Organization\",\"@id\":\"https:\/\/gozz4all.com\/fr\/#organization\",\"name\":\"Gozz4all\",\"url\":\"https:\/\/gozz4all.com\/fr\/\",\"logo\":{\"@type\":\"ImageObject\",\"inLanguage\":\"de\",\"@id\":\"https:\/\/gozz4all.com\/fr\/#\/schema\/logo\/image\/\",\"url\":\"https:\/\/gozz4all.com\/wp-content\/uploads\/2020\/04\/Logo-ask-for-better-one.png\",\"contentUrl\":\"https:\/\/gozz4all.com\/wp-content\/uploads\/2020\/04\/Logo-ask-for-better-one.png\",\"width\":146,\"height\":60,\"caption\":\"Gozz4all\"},\"image\":{\"@id\":\"https:\/\/gozz4all.com\/fr\/#\/schema\/logo\/image\/\"},\"sameAs\":[\"https:\/\/www.facebook.com\/gozz4all\/\",\"https:\/\/www.instagram.com\/gozz4allfashion\/?hl=nl\"]}]}<\/script>\n<!-- \/ Yoast SEO plugin. -->","yoast_head_json":{"title":"Privacy verklaring | Gozz4All","robots":{"index":"index","follow":"follow","max-snippet":"max-snippet:-1","max-image-preview":"max-image-preview:large","max-video-preview":"max-video-preview:-1"},"canonical":"https:\/\/gozz4all.com\/de\/privacy-verklaring\/","og_locale":"de_DE","og_type":"article","og_title":"Privacy verklaring | Gozz4All","og_description":"\u00a0 Over ons privacybeleid Gozz bvba geeft veel om uw privacy. Wij verwerken daarom uitsluitend gegevens die wij nodig hebben voor (het verbeteren van) onze dienstverlening en gaan zorgvuldig om met de informatie die wij over u en uw gebruik van onze diensten hebben verzameld. Wij stellen uw gegevens nooit voor commerci\u00eble doelstellingen ter beschikking [&hellip;]","og_url":"https:\/\/gozz4all.com\/de\/privacy-verklaring\/","og_site_name":"Gozz4All","article_publisher":"https:\/\/www.facebook.com\/gozz4all\/","article_modified_time":"2025-05-27T14:11:06+00:00","twitter_card":"summary_large_image","twitter_misc":{"Gesch\u00e4tzte Lesezeit":"11\u00a0Minuten"},"schema":{"@context":"https:\/\/schema.org","@graph":[{"@type":"WebPage","@id":"https:\/\/gozz4all.com\/privacy-verklaring\/","url":"https:\/\/gozz4all.com\/privacy-verklaring\/","name":"Privacy verklaring | Gozz4All","isPartOf":{"@id":"https:\/\/gozz4all.com\/fr\/#website"},"datePublished":"2018-05-22T13:28:51+00:00","dateModified":"2025-05-27T14:11:06+00:00","breadcrumb":{"@id":"https:\/\/gozz4all.com\/privacy-verklaring\/#breadcrumb"},"inLanguage":"de","potentialAction":[{"@type":"ReadAction","target":["https:\/\/gozz4all.com\/privacy-verklaring\/"]}]},{"@type":"BreadcrumbList","@id":"https:\/\/gozz4all.com\/privacy-verklaring\/#breadcrumb","itemListElement":[{"@type":"ListItem","position":1,"name":"Home","item":"https:\/\/gozz4all.com\/"},{"@type":"ListItem","position":2,"name":"Privacy verklaring"}]},{"@type":"WebSite","@id":"https:\/\/gozz4all.com\/fr\/#website","url":"https:\/\/gozz4all.com\/fr\/","name":"Gozz4All","description":"Gozz4All","publisher":{"@id":"https:\/\/gozz4all.com\/fr\/#organization"},"potentialAction":[{"@type":"SearchAction","target":{"@type":"EntryPoint","urlTemplate":"https:\/\/gozz4all.com\/fr\/?s={search_term_string}"},"query-input":{"@type":"PropertyValueSpecification","valueRequired":true,"valueName":"search_term_string"}}],"inLanguage":"de"},{"@type":"Organization","@id":"https:\/\/gozz4all.com\/fr\/#organization","name":"Gozz4all","url":"https:\/\/gozz4all.com\/fr\/","logo":{"@type":"ImageObject","inLanguage":"de","@id":"https:\/\/gozz4all.com\/fr\/#\/schema\/logo\/image\/","url":"https:\/\/gozz4all.com\/wp-content\/uploads\/2020\/04\/Logo-ask-for-better-one.png","contentUrl":"https:\/\/gozz4all.com\/wp-content\/uploads\/2020\/04\/Logo-ask-for-better-one.png","width":146,"height":60,"caption":"Gozz4all"},"image":{"@id":"https:\/\/gozz4all.com\/fr\/#\/schema\/logo\/image\/"},"sameAs":["https:\/\/www.facebook.com\/gozz4all\/","https:\/\/www.instagram.com\/gozz4allfashion\/?hl=nl"]}]}},"_links":{"self":[{"href":"https:\/\/gozz4all.com\/de\/wp-json\/wp\/v2\/pages\/7380","targetHints":{"allow":["GET"]}}],"collection":[{"href":"https:\/\/gozz4all.com\/de\/wp-json\/wp\/v2\/pages"}],"about":[{"href":"https:\/\/gozz4all.com\/de\/wp-json\/wp\/v2\/types\/page"}],"author":[{"embeddable":true,"href":"https:\/\/gozz4all.com\/de\/wp-json\/wp\/v2\/users\/16"}],"replies":[{"embeddable":true,"href":"https:\/\/gozz4all.com\/de\/wp-json\/wp\/v2\/comments?post=7380"}],"version-history":[{"count":9,"href":"https:\/\/gozz4all.com\/de\/wp-json\/wp\/v2\/pages\/7380\/revisions"}],"predecessor-version":[{"id":26604,"href":"https:\/\/gozz4all.com\/de\/wp-json\/wp\/v2\/pages\/7380\/revisions\/26604"}],"wp:attachment":[{"href":"https:\/\/gozz4all.com\/de\/wp-json\/wp\/v2\/media?parent=7380"}],"curies":[{"name":"wp","href":"https:\/\/api.w.org\/{rel}","templated":true}]}}