{"id":18842,"date":"2022-06-28T10:00:15","date_gmt":"2022-06-28T08:00:15","guid":{"rendered":"https:\/\/gozz4all.com\/?page_id=18842"},"modified":"2022-06-28T10:01:11","modified_gmt":"2022-06-28T08:01:11","slug":"aangepaste-kleding-voor-rolstoelgebruikers","status":"publish","type":"page","link":"https:\/\/gozz4all.com\/de\/aangepaste-kleding-voor-rolstoelgebruikers\/","title":{"rendered":"Angepasste Kleidung f\u00fcr Rollstuhlfahrer"},"content":{"rendered":"<div data-elementor-type=\"wp-page\" data-elementor-id=\"18842\" class=\"elementor elementor-18842\" data-elementor-post-type=\"page\">\n\t\t\t\t\t\t<section class=\"elementor-section elementor-top-section elementor-element elementor-element-835e772 elementor-section-boxed elementor-section-height-default elementor-section-height-default\" data-id=\"835e772\" data-element_type=\"section\" data-e-type=\"section\" data-settings=\"{&quot;background_background&quot;:&quot;classic&quot;}\">\n\t\t\t\t\t\t<div class=\"elementor-container elementor-column-gap-default\">\n\t\t\t\t\t<div class=\"elementor-column elementor-col-100 elementor-top-column elementor-element elementor-element-3b44b2c\" data-id=\"3b44b2c\" data-element_type=\"column\" data-e-type=\"column\">\n\t\t\t<div class=\"elementor-widget-wrap elementor-element-populated\">\n\t\t\t\t\t\t<div class=\"elementor-element elementor-element-1ddcf54 elementor-widget__width-initial elementor-widget elementor-widget-heading\" data-id=\"1ddcf54\" data-element_type=\"widget\" data-e-type=\"widget\" data-widget_type=\"heading.default\">\n\t\t\t\t<div class=\"elementor-widget-container\">\n\t\t\t\t\t<h1 class=\"elementor-heading-title elementor-size-default\">Angepasste Kleidung f\u00fcr Rollstuhlfahrer<\/h1>\t\t\t\t<\/div>\n\t\t\t\t<\/div>\n\t\t\t\t\t<\/div>\n\t\t<\/div>\n\t\t\t\t\t<\/div>\n\t\t<\/section>\n\t\t\t\t<section class=\"elementor-section elementor-top-section elementor-element elementor-element-f547a4f elementor-section-boxed elementor-section-height-default elementor-section-height-default\" data-id=\"f547a4f\" data-element_type=\"section\" data-e-type=\"section\">\n\t\t\t\t\t\t<div class=\"elementor-container elementor-column-gap-default\">\n\t\t\t\t\t<div class=\"elementor-column elementor-col-100 elementor-top-column elementor-element elementor-element-b8a6a1b\" data-id=\"b8a6a1b\" data-element_type=\"column\" data-e-type=\"column\">\n\t\t\t<div class=\"elementor-widget-wrap elementor-element-populated\">\n\t\t\t\t\t\t<section class=\"elementor-section elementor-inner-section elementor-element elementor-element-bdbe171 elementor-section-boxed elementor-section-height-default elementor-section-height-default\" data-id=\"bdbe171\" data-element_type=\"section\" data-e-type=\"section\">\n\t\t\t\t\t\t<div class=\"elementor-container elementor-column-gap-default\">\n\t\t\t\t\t<div class=\"elementor-column elementor-col-100 elementor-inner-column elementor-element elementor-element-dbc4e5b\" data-id=\"dbc4e5b\" data-element_type=\"column\" data-e-type=\"column\">\n\t\t\t<div class=\"elementor-widget-wrap elementor-element-populated\">\n\t\t\t\t\t\t<div class=\"elementor-element elementor-element-f4d8f3a elementor-widget elementor-widget-text-editor\" data-id=\"f4d8f3a\" data-element_type=\"widget\" data-e-type=\"widget\" data-widget_type=\"text-editor.default\">\n\t\t\t\t<div class=\"elementor-widget-container\">\n\t\t\t\t\t\t\t\t\t<h2><span style=\"font-weight: 400;\">Weiche Stoffe und praktisches Design<\/span><\/h2><p><span style=\"font-weight: 400;\">Rollstuhlfahrer brauchen oft angepasste Kleidung, damit sie es so bequem wie m\u00f6glich haben. Eng anliegende und nicht dehnbare Kleidung kann den Kreislauf des Rollstuhlfahrers behindern. Ma\u00dfgeschneiderte Kleidung bietet dank weicher und dehnbarer Stoffe mehr Komfort. Ma\u00dfgeschneiderte Rollstuhlkleidung ist au\u00dferdem oft mit praktischen Rei\u00dfverschl\u00fcssen oder Klettverschl\u00fcssen versehen, so dass die Kleidung leicht an- und ausgezogen werden kann. Wir sind der Meinung, dass ma\u00dfgefertigte Rollstuhlkleidung nicht nur bequem, sondern auch farbenfroh und modisch sein sollte. Dies spiegelt sich in unserer fr\u00f6hlichen <\/span><a href=\"https:\/\/gozz4all.com\/de\/\"><span style=\"font-weight: 400;\">Sammlung<\/span><\/a><span style=\"font-weight: 400;\">. <\/span><span style=\"font-weight: 400;\"><br \/><\/span><\/p><h2><span style=\"font-weight: 400;\">Unsere angepasste Kleidung f\u00fcr Rollstuhlfahrer<\/span><\/h2><p><span style=\"font-weight: 400;\">Gozz4all wurde gegr\u00fcndet, um ma\u00dfgeschneiderte Kleidung f\u00fcr Kinder mit Behinderungen herzustellen. Inzwischen haben wir uns jedoch zu einem Gesch\u00e4ft entwickelt, das Kleidung f\u00fcr jeden anbietet, der spezielle angepasste Kleidung ben\u00f6tigt. Wir haben zum Beispiel sch\u00f6ne Kleidung f\u00fcr junge und \u00e4ltere Rollstuhlfahrer in Form von Nachtw\u00e4sche, Bodies, Jacken und Oberbekleidung.<\/span><span style=\"font-weight: 400;\"><br \/><\/span><\/p><h2><span style=\"font-weight: 400;\">V\u00f6llig zufriedenstellend<\/span><\/h2><p><span style=\"font-weight: 400;\">Wir bei Gozz4all wissen, dass die Kleidung je nach Situation angepasst werden muss. F\u00fcr uns ist es wichtig, dass Sie sich so wohl wie m\u00f6glich f\u00fchlen. Aus diesem Grund bieten wir ma\u00dfgeschneiderte Kleidung an. Das bedeutet, dass wir die Kleidung ganz auf Ihre Bed\u00fcrfnisse abstimmen k\u00f6nnen. Haben Sie zum Beispiel sch\u00f6ne Ma\u00dfkleidung f\u00fcr Rollstuhlfahrer gefunden, ben\u00f6tigen aber eine \u00c4nderung? Beschreiben Sie Ihren Wunsch in der <\/span><a href=\"https:\/\/gozz4all.com\/de\/maatwerk-product-nodig\/\"><span style=\"font-weight: 400;\">Kontakt-Formular<\/span><\/a><span style=\"font-weight: 400;\"> und wir werden uns so schnell wie m\u00f6glich bei Ihnen melden.<\/span><span style=\"font-weight: 400;\"><br \/><\/span><\/p><h2><span style=\"font-weight: 400;\">Bewundern Sie unsere Sammlung!<\/span><\/h2><p><span style=\"font-weight: 400;\">Sie suchen modische und bequeme Rollstuhlbekleidung? Werfen Sie einen Blick auf unser <\/span><a href=\"https:\/\/gozz4all.com\/de\/\"><span style=\"font-weight: 400;\">Webshop<\/span><\/a><span style=\"font-weight: 400;\"> oder besuchen Sie eines unserer Gesch\u00e4fte in Gent, Oudenaerde, Roeselare, Zottegem, Lichterveld oder Leuven.<\/span><\/p>\t\t\t\t\t\t\t\t<\/div>\n\t\t\t\t<\/div>\n\t\t\t\t\t<\/div>\n\t\t<\/div>\n\t\t\t\t\t<\/div>\n\t\t<\/section>\n\t\t\t\t\t<\/div>\n\t\t<\/div>\n\t\t\t\t\t<\/div>\n\t\t<\/section>\n\t\t\t\t<\/div>","protected":false},"excerpt":{"rendered":"<p>Zachte stoffen en praktisch ontworpen Voor rolstoelgebruikers is vaak aangepaste kleding nodig om het hen zo comfortabel mogelijk te maken. Strak zittende kleding en kleding die niet mee rekt kan de bloedsomloop van de rolstoelgebruiker belemmeren. Aangepaste kleding biedt meer comfort dankzij de zachte en elastische stoffen. Aangepaste rolstoelkleding bevat ook vaak praktische ritssluitingen of [&hellip;]<\/p>\n","protected":false},"author":16,"featured_media":0,"parent":0,"menu_order":0,"comment_status":"closed","ping_status":"closed","template":"","meta":{"footnotes":""},"class_list":["post-18842","page","type-page","status-publish","hentry"],"yoast_head":"<!-- This site is optimized with the Yoast SEO plugin v27.2 - https:\/\/yoast.com\/product\/yoast-seo-wordpress\/ -->\n<title>Aangepaste kleding voor rolstoelgebruikers | Gozz4all<\/title>\n<meta name=\"description\" content=\"Modieuze en comfortabele kleding voor rolstoelgebruikers. We maken de kleding graag voor je op maat! Bekijk onze webshop.\" \/>\n<meta name=\"robots\" content=\"index, follow, max-snippet:-1, max-image-preview:large, max-video-preview:-1\" \/>\n<link rel=\"canonical\" href=\"https:\/\/gozz4all.com\/de\/aangepaste-kleding-voor-rolstoelgebruikers\/\" \/>\n<meta property=\"og:locale\" content=\"de_DE\" \/>\n<meta property=\"og:type\" content=\"article\" \/>\n<meta property=\"og:title\" content=\"Aangepaste kleding voor rolstoelgebruikers | Gozz4all\" \/>\n<meta property=\"og:description\" content=\"Modieuze en comfortabele kleding voor rolstoelgebruikers. We maken de kleding graag voor je op maat! Bekijk onze webshop.\" \/>\n<meta property=\"og:url\" content=\"https:\/\/gozz4all.com\/de\/aangepaste-kleding-voor-rolstoelgebruikers\/\" \/>\n<meta property=\"og:site_name\" content=\"Gozz4All\" \/>\n<meta property=\"article:publisher\" content=\"https:\/\/www.facebook.com\/gozz4all\/\" \/>\n<meta property=\"article:modified_time\" content=\"2022-06-28T08:01:11+00:00\" \/>\n<meta name=\"twitter:card\" content=\"summary_large_image\" \/>\n<meta name=\"twitter:label1\" content=\"Gesch\u00e4tzte Lesezeit\" \/>\n\t<meta name=\"twitter:data1\" content=\"2\u00a0Minuten\" \/>\n<script type=\"application\/ld+json\" class=\"yoast-schema-graph\">{\"@context\":\"https:\/\/schema.org\",\"@graph\":[{\"@type\":\"WebPage\",\"@id\":\"https:\/\/gozz4all.com\/fr\/aangepaste-kleding-voor-rolstoelgebruikers\/\",\"url\":\"https:\/\/gozz4all.com\/fr\/aangepaste-kleding-voor-rolstoelgebruikers\/\",\"name\":\"Aangepaste kleding voor rolstoelgebruikers | Gozz4all\",\"isPartOf\":{\"@id\":\"https:\/\/gozz4all.com\/fr\/#website\"},\"datePublished\":\"2022-06-28T08:00:15+00:00\",\"dateModified\":\"2022-06-28T08:01:11+00:00\",\"description\":\"Modieuze en comfortabele kleding voor rolstoelgebruikers. We maken de kleding graag voor je op maat! Bekijk onze webshop.\",\"breadcrumb\":{\"@id\":\"https:\/\/gozz4all.com\/fr\/aangepaste-kleding-voor-rolstoelgebruikers\/#breadcrumb\"},\"inLanguage\":\"de\",\"potentialAction\":[{\"@type\":\"ReadAction\",\"target\":[\"https:\/\/gozz4all.com\/fr\/aangepaste-kleding-voor-rolstoelgebruikers\/\"]}]},{\"@type\":\"BreadcrumbList\",\"@id\":\"https:\/\/gozz4all.com\/fr\/aangepaste-kleding-voor-rolstoelgebruikers\/#breadcrumb\",\"itemListElement\":[{\"@type\":\"ListItem\",\"position\":1,\"name\":\"Home\",\"item\":\"https:\/\/gozz4all.com\/\"},{\"@type\":\"ListItem\",\"position\":2,\"name\":\"Aangepaste kleding voor rolstoelgebruikers\"}]},{\"@type\":\"WebSite\",\"@id\":\"https:\/\/gozz4all.com\/fr\/#website\",\"url\":\"https:\/\/gozz4all.com\/fr\/\",\"name\":\"Gozz4All\",\"description\":\"Gozz4All\",\"publisher\":{\"@id\":\"https:\/\/gozz4all.com\/fr\/#organization\"},\"potentialAction\":[{\"@type\":\"SearchAction\",\"target\":{\"@type\":\"EntryPoint\",\"urlTemplate\":\"https:\/\/gozz4all.com\/fr\/?s={search_term_string}\"},\"query-input\":{\"@type\":\"PropertyValueSpecification\",\"valueRequired\":true,\"valueName\":\"search_term_string\"}}],\"inLanguage\":\"de\"},{\"@type\":\"Organization\",\"@id\":\"https:\/\/gozz4all.com\/fr\/#organization\",\"name\":\"Gozz4all\",\"url\":\"https:\/\/gozz4all.com\/fr\/\",\"logo\":{\"@type\":\"ImageObject\",\"inLanguage\":\"de\",\"@id\":\"https:\/\/gozz4all.com\/fr\/#\/schema\/logo\/image\/\",\"url\":\"https:\/\/gozz4all.com\/wp-content\/uploads\/2020\/04\/Logo-ask-for-better-one.png\",\"contentUrl\":\"https:\/\/gozz4all.com\/wp-content\/uploads\/2020\/04\/Logo-ask-for-better-one.png\",\"width\":146,\"height\":60,\"caption\":\"Gozz4all\"},\"image\":{\"@id\":\"https:\/\/gozz4all.com\/fr\/#\/schema\/logo\/image\/\"},\"sameAs\":[\"https:\/\/www.facebook.com\/gozz4all\/\",\"https:\/\/www.instagram.com\/gozz4allfashion\/?hl=nl\"]}]}<\/script>\n<!-- \/ Yoast SEO plugin. -->","yoast_head_json":{"title":"Aangepaste kleding voor rolstoelgebruikers | Gozz4all","description":"Modieuze en comfortabele kleding voor rolstoelgebruikers. We maken de kleding graag voor je op maat! Bekijk onze webshop.","robots":{"index":"index","follow":"follow","max-snippet":"max-snippet:-1","max-image-preview":"max-image-preview:large","max-video-preview":"max-video-preview:-1"},"canonical":"https:\/\/gozz4all.com\/de\/aangepaste-kleding-voor-rolstoelgebruikers\/","og_locale":"de_DE","og_type":"article","og_title":"Aangepaste kleding voor rolstoelgebruikers | Gozz4all","og_description":"Modieuze en comfortabele kleding voor rolstoelgebruikers. We maken de kleding graag voor je op maat! Bekijk onze webshop.","og_url":"https:\/\/gozz4all.com\/de\/aangepaste-kleding-voor-rolstoelgebruikers\/","og_site_name":"Gozz4All","article_publisher":"https:\/\/www.facebook.com\/gozz4all\/","article_modified_time":"2022-06-28T08:01:11+00:00","twitter_card":"summary_large_image","twitter_misc":{"Gesch\u00e4tzte Lesezeit":"2\u00a0Minuten"},"schema":{"@context":"https:\/\/schema.org","@graph":[{"@type":"WebPage","@id":"https:\/\/gozz4all.com\/fr\/aangepaste-kleding-voor-rolstoelgebruikers\/","url":"https:\/\/gozz4all.com\/fr\/aangepaste-kleding-voor-rolstoelgebruikers\/","name":"Aangepaste kleding voor rolstoelgebruikers | Gozz4all","isPartOf":{"@id":"https:\/\/gozz4all.com\/fr\/#website"},"datePublished":"2022-06-28T08:00:15+00:00","dateModified":"2022-06-28T08:01:11+00:00","description":"Modieuze en comfortabele kleding voor rolstoelgebruikers. We maken de kleding graag voor je op maat! Bekijk onze webshop.","breadcrumb":{"@id":"https:\/\/gozz4all.com\/fr\/aangepaste-kleding-voor-rolstoelgebruikers\/#breadcrumb"},"inLanguage":"de","potentialAction":[{"@type":"ReadAction","target":["https:\/\/gozz4all.com\/fr\/aangepaste-kleding-voor-rolstoelgebruikers\/"]}]},{"@type":"BreadcrumbList","@id":"https:\/\/gozz4all.com\/fr\/aangepaste-kleding-voor-rolstoelgebruikers\/#breadcrumb","itemListElement":[{"@type":"ListItem","position":1,"name":"Home","item":"https:\/\/gozz4all.com\/"},{"@type":"ListItem","position":2,"name":"Aangepaste kleding voor rolstoelgebruikers"}]},{"@type":"WebSite","@id":"https:\/\/gozz4all.com\/fr\/#website","url":"https:\/\/gozz4all.com\/fr\/","name":"Gozz4All","description":"Gozz4All","publisher":{"@id":"https:\/\/gozz4all.com\/fr\/#organization"},"potentialAction":[{"@type":"SearchAction","target":{"@type":"EntryPoint","urlTemplate":"https:\/\/gozz4all.com\/fr\/?s={search_term_string}"},"query-input":{"@type":"PropertyValueSpecification","valueRequired":true,"valueName":"search_term_string"}}],"inLanguage":"de"},{"@type":"Organization","@id":"https:\/\/gozz4all.com\/fr\/#organization","name":"Gozz4all","url":"https:\/\/gozz4all.com\/fr\/","logo":{"@type":"ImageObject","inLanguage":"de","@id":"https:\/\/gozz4all.com\/fr\/#\/schema\/logo\/image\/","url":"https:\/\/gozz4all.com\/wp-content\/uploads\/2020\/04\/Logo-ask-for-better-one.png","contentUrl":"https:\/\/gozz4all.com\/wp-content\/uploads\/2020\/04\/Logo-ask-for-better-one.png","width":146,"height":60,"caption":"Gozz4all"},"image":{"@id":"https:\/\/gozz4all.com\/fr\/#\/schema\/logo\/image\/"},"sameAs":["https:\/\/www.facebook.com\/gozz4all\/","https:\/\/www.instagram.com\/gozz4allfashion\/?hl=nl"]}]}},"_links":{"self":[{"href":"https:\/\/gozz4all.com\/de\/wp-json\/wp\/v2\/pages\/18842","targetHints":{"allow":["GET"]}}],"collection":[{"href":"https:\/\/gozz4all.com\/de\/wp-json\/wp\/v2\/pages"}],"about":[{"href":"https:\/\/gozz4all.com\/de\/wp-json\/wp\/v2\/types\/page"}],"author":[{"embeddable":true,"href":"https:\/\/gozz4all.com\/de\/wp-json\/wp\/v2\/users\/16"}],"replies":[{"embeddable":true,"href":"https:\/\/gozz4all.com\/de\/wp-json\/wp\/v2\/comments?post=18842"}],"version-history":[{"count":4,"href":"https:\/\/gozz4all.com\/de\/wp-json\/wp\/v2\/pages\/18842\/revisions"}],"predecessor-version":[{"id":18846,"href":"https:\/\/gozz4all.com\/de\/wp-json\/wp\/v2\/pages\/18842\/revisions\/18846"}],"wp:attachment":[{"href":"https:\/\/gozz4all.com\/de\/wp-json\/wp\/v2\/media?parent=18842"}],"curies":[{"name":"wp","href":"https:\/\/api.w.org\/{rel}","templated":true}]}}