{"id":18830,"date":"2022-06-28T09:51:44","date_gmt":"2022-06-28T07:51:44","guid":{"rendered":"https:\/\/gozz4all.com\/?page_id=18830"},"modified":"2022-06-28T09:55:18","modified_gmt":"2022-06-28T07:55:18","slug":"rolstoeljassen","status":"publish","type":"page","link":"https:\/\/gozz4all.com\/de\/rolstoeljassen\/","title":{"rendered":"Jacken f\u00fcr Rollst\u00fchle"},"content":{"rendered":"<div data-elementor-type=\"wp-page\" data-elementor-id=\"18830\" class=\"elementor elementor-18830\" data-elementor-post-type=\"page\">\n\t\t\t\t\t\t<section class=\"elementor-section elementor-top-section elementor-element elementor-element-835e772 elementor-section-boxed elementor-section-height-default elementor-section-height-default\" data-id=\"835e772\" data-element_type=\"section\" data-e-type=\"section\" data-settings=\"{&quot;background_background&quot;:&quot;classic&quot;}\">\n\t\t\t\t\t\t<div class=\"elementor-container elementor-column-gap-default\">\n\t\t\t\t\t<div class=\"elementor-column elementor-col-100 elementor-top-column elementor-element elementor-element-3b44b2c\" data-id=\"3b44b2c\" data-element_type=\"column\" data-e-type=\"column\">\n\t\t\t<div class=\"elementor-widget-wrap elementor-element-populated\">\n\t\t\t\t\t\t<div class=\"elementor-element elementor-element-1ddcf54 elementor-widget__width-initial elementor-widget elementor-widget-heading\" data-id=\"1ddcf54\" data-element_type=\"widget\" data-e-type=\"widget\" data-widget_type=\"heading.default\">\n\t\t\t\t<div class=\"elementor-widget-container\">\n\t\t\t\t\t<h1 class=\"elementor-heading-title elementor-size-default\">Jacken f\u00fcr Rollst\u00fchle<\/h1>\t\t\t\t<\/div>\n\t\t\t\t<\/div>\n\t\t\t\t\t<\/div>\n\t\t<\/div>\n\t\t\t\t\t<\/div>\n\t\t<\/section>\n\t\t\t\t<section class=\"elementor-section elementor-top-section elementor-element elementor-element-f547a4f elementor-section-boxed elementor-section-height-default elementor-section-height-default\" data-id=\"f547a4f\" data-element_type=\"section\" data-e-type=\"section\">\n\t\t\t\t\t\t<div class=\"elementor-container elementor-column-gap-default\">\n\t\t\t\t\t<div class=\"elementor-column elementor-col-100 elementor-top-column elementor-element elementor-element-b8a6a1b\" data-id=\"b8a6a1b\" data-element_type=\"column\" data-e-type=\"column\">\n\t\t\t<div class=\"elementor-widget-wrap elementor-element-populated\">\n\t\t\t\t\t\t<section class=\"elementor-section elementor-inner-section elementor-element elementor-element-bdbe171 elementor-section-boxed elementor-section-height-default elementor-section-height-default\" data-id=\"bdbe171\" data-element_type=\"section\" data-e-type=\"section\">\n\t\t\t\t\t\t<div class=\"elementor-container elementor-column-gap-default\">\n\t\t\t\t\t<div class=\"elementor-column elementor-col-100 elementor-inner-column elementor-element elementor-element-dbc4e5b\" data-id=\"dbc4e5b\" data-element_type=\"column\" data-e-type=\"column\">\n\t\t\t<div class=\"elementor-widget-wrap elementor-element-populated\">\n\t\t\t\t\t\t<div class=\"elementor-element elementor-element-f4d8f3a elementor-widget elementor-widget-text-editor\" data-id=\"f4d8f3a\" data-element_type=\"widget\" data-e-type=\"widget\" data-widget_type=\"text-editor.default\">\n\t\t\t\t<div class=\"elementor-widget-container\">\n\t\t\t\t\t\t\t\t\t<h2><span style=\"font-weight: 400;\">Moderne und bequeme Rollstuhljacken<\/span><\/h2><p><span style=\"font-weight: 400;\">Wir m\u00f6chten, dass Sie sich wohlf\u00fchlen und modisch sind. Dies spiegelt sich in unserem <\/span><a href=\"https:\/\/gozz4all.com\/de\/produkt-kategorie\/jassen\/\"><span style=\"font-weight: 400;\">Sammlung von Rollstuhljacken<\/span><\/a><span style=\"font-weight: 400;\"> in unserem Webshop. Wir schauen uns gerne aktuelle Trends an und reagieren darauf. So haben wir ein vielf\u00e4ltiges Angebot an modernen Rollstuhljacken: von der coolen Bomberjacke bis hin zum trendigen Teddymantel. Unsere Rollstuhljacken lassen sich dank der praktischen Verschl\u00fcsse leicht an- und ausziehen und sind in verschiedenen L\u00e4ngen erh\u00e4ltlich. Sowohl f\u00fcr Damen als auch f\u00fcr Herren haben wir sch\u00f6ne Jacken in unserer aktuellen Kollektion.<\/span><span style=\"font-weight: 400;\"><br \/><\/span><\/p><h2><span style=\"font-weight: 400;\">Mit Sorgfalt f\u00fcr Sie ma\u00dfgeschneidert<\/span><\/h2><p><span style=\"font-weight: 400;\">Sie haben eine sch\u00f6ne Rollstuhljacke in unserem Webshop gefunden, brauchen aber Anpassungen, um sie ganz nach Ihrem Geschmack zu gestalten? Kein Problem! Wir fertigen Kleidung nach Ma\u00df f\u00fcr Sie an. Sie k\u00f6nnen Ihre Anfrage f\u00fcr eine ma\u00dfgeschneiderte Rollstuhljacke ganz einfach \u00fcber unser <\/span><a href=\"https:\/\/gozz4all.com\/de\/maatwerk-product-nodig\/\"><span style=\"font-weight: 400;\">Formular<\/span><\/a><span style=\"font-weight: 400;\"> oder rufen Sie uns an unter <a href=\"tel:+32 475 86 94\">+32 475 86 94<\/a>.<\/span><span style=\"font-weight: 400;\"><br \/><\/span><\/p><h2><span style=\"font-weight: 400;\">Unsere Geschichte<\/span><\/h2><p><span style=\"font-weight: 400;\">Die Inspiration f\u00fcr die Gr\u00fcndung von Gozz4all ist Elke. Elke wurde als Fr\u00fchchen geboren, wuchs aber zu einem stattlichen Baby heran. Bald stellte sich heraus, dass ihre Entwicklung nicht wie erwartet verlief, und es wurde bei ihr das Phelan-McDermid 22q13-Deletionssyndrom diagnostiziert. Das bedeutet, dass ihr ein St\u00fcck eines Chromosoms fehlt, wodurch sie in ihrer Entwicklung verz\u00f6gert ist. Modische und funktionelle Kleidung f\u00fcr Elke zu finden, erwies sich als schwierig. Mit der Idee, die Suche nach modischer Kleidung f\u00fcr Menschen mit Behinderungen zu erleichtern, wurde Gozz4all gegr\u00fcndet. Bis zum heutigen Tag ist Elke die Inspiration f\u00fcr unsere Kollektion.<\/span><span style=\"font-weight: 400;\"><br \/><\/span><\/p><h2>Sehen Sie sich unsere Kollektion an!<\/h2><p><span style=\"font-weight: 400;\">Sind Sie neugierig auf unsere sch\u00f6ne, von Elke inspirierte Rollstuhljacken-Kollektion? Dann werfen Sie doch einen Blick auf unsere <\/span><a href=\"https:\/\/gozz4all.com\/de\/produkt-kategorie\/jassen\/\"><span style=\"font-weight: 400;\">Webshop<\/span><\/a><span style=\"font-weight: 400;\"> oder kommen Sie in eines unserer 6 Gesch\u00e4fte und finden Sie Ihre perfekte Rollstuhljacke<\/span><\/p>\t\t\t\t\t\t\t\t<\/div>\n\t\t\t\t<\/div>\n\t\t\t\t\t<\/div>\n\t\t<\/div>\n\t\t\t\t\t<\/div>\n\t\t<\/section>\n\t\t\t\t\t<\/div>\n\t\t<\/div>\n\t\t\t\t\t<\/div>\n\t\t<\/section>\n\t\t\t\t<\/div>","protected":false},"excerpt":{"rendered":"<p>Moderne en comfortabele rolstoeljassen Wij willen graag dat jij je comfortabel en modieus voelt. Dit zie je terug in onze collectie rolstoeljassen op onze webshop. We kijken graag naar de huidige trends en spelen hierop in. Zo hebben we een divers aanbod aan moderne rolstoeljassen: van een stoer bomberjack tot aan een trendy teddy jas. [&hellip;]<\/p>\n","protected":false},"author":16,"featured_media":0,"parent":0,"menu_order":0,"comment_status":"closed","ping_status":"closed","template":"","meta":{"footnotes":""},"class_list":["post-18830","page","type-page","status-publish","hentry"],"yoast_head":"<!-- This site is optimized with the Yoast SEO plugin v27.2 - https:\/\/yoast.com\/product\/yoast-seo-wordpress\/ -->\n<title>Rolstoeljassen | Gozz4all | Maatwerk mogelijk<\/title>\n<meta name=\"description\" content=\"Gozz4all heeft een ruim aanbod aan moderne rolstoeljassen. Wij maken hem graag voor jou op maat. Bekijk onze collectie direct.\" \/>\n<meta name=\"robots\" content=\"index, follow, max-snippet:-1, max-image-preview:large, max-video-preview:-1\" \/>\n<link rel=\"canonical\" href=\"https:\/\/gozz4all.com\/de\/rolstoeljassen\/\" \/>\n<meta property=\"og:locale\" content=\"de_DE\" \/>\n<meta property=\"og:type\" content=\"article\" \/>\n<meta property=\"og:title\" content=\"Rolstoeljassen | Gozz4all | Maatwerk mogelijk\" \/>\n<meta property=\"og:description\" content=\"Gozz4all heeft een ruim aanbod aan moderne rolstoeljassen. Wij maken hem graag voor jou op maat. Bekijk onze collectie direct.\" \/>\n<meta property=\"og:url\" content=\"https:\/\/gozz4all.com\/de\/rolstoeljassen\/\" \/>\n<meta property=\"og:site_name\" content=\"Gozz4All\" \/>\n<meta property=\"article:publisher\" content=\"https:\/\/www.facebook.com\/gozz4all\/\" \/>\n<meta property=\"article:modified_time\" content=\"2022-06-28T07:55:18+00:00\" \/>\n<meta name=\"twitter:card\" content=\"summary_large_image\" \/>\n<meta name=\"twitter:label1\" content=\"Gesch\u00e4tzte Lesezeit\" \/>\n\t<meta name=\"twitter:data1\" content=\"2\u00a0Minuten\" \/>\n<script type=\"application\/ld+json\" class=\"yoast-schema-graph\">{\"@context\":\"https:\/\/schema.org\",\"@graph\":[{\"@type\":\"WebPage\",\"@id\":\"https:\/\/gozz4all.com\/rolstoeljassen\/\",\"url\":\"https:\/\/gozz4all.com\/rolstoeljassen\/\",\"name\":\"Rolstoeljassen | Gozz4all | Maatwerk mogelijk\",\"isPartOf\":{\"@id\":\"https:\/\/gozz4all.com\/fr\/#website\"},\"datePublished\":\"2022-06-28T07:51:44+00:00\",\"dateModified\":\"2022-06-28T07:55:18+00:00\",\"description\":\"Gozz4all heeft een ruim aanbod aan moderne rolstoeljassen. Wij maken hem graag voor jou op maat. Bekijk onze collectie direct.\",\"breadcrumb\":{\"@id\":\"https:\/\/gozz4all.com\/rolstoeljassen\/#breadcrumb\"},\"inLanguage\":\"de\",\"potentialAction\":[{\"@type\":\"ReadAction\",\"target\":[\"https:\/\/gozz4all.com\/rolstoeljassen\/\"]}]},{\"@type\":\"BreadcrumbList\",\"@id\":\"https:\/\/gozz4all.com\/rolstoeljassen\/#breadcrumb\",\"itemListElement\":[{\"@type\":\"ListItem\",\"position\":1,\"name\":\"Home\",\"item\":\"https:\/\/gozz4all.com\/\"},{\"@type\":\"ListItem\",\"position\":2,\"name\":\"Rolstoeljassen\"}]},{\"@type\":\"WebSite\",\"@id\":\"https:\/\/gozz4all.com\/fr\/#website\",\"url\":\"https:\/\/gozz4all.com\/fr\/\",\"name\":\"Gozz4All\",\"description\":\"Gozz4All\",\"publisher\":{\"@id\":\"https:\/\/gozz4all.com\/fr\/#organization\"},\"potentialAction\":[{\"@type\":\"SearchAction\",\"target\":{\"@type\":\"EntryPoint\",\"urlTemplate\":\"https:\/\/gozz4all.com\/fr\/?s={search_term_string}\"},\"query-input\":{\"@type\":\"PropertyValueSpecification\",\"valueRequired\":true,\"valueName\":\"search_term_string\"}}],\"inLanguage\":\"de\"},{\"@type\":\"Organization\",\"@id\":\"https:\/\/gozz4all.com\/fr\/#organization\",\"name\":\"Gozz4all\",\"url\":\"https:\/\/gozz4all.com\/fr\/\",\"logo\":{\"@type\":\"ImageObject\",\"inLanguage\":\"de\",\"@id\":\"https:\/\/gozz4all.com\/fr\/#\/schema\/logo\/image\/\",\"url\":\"https:\/\/gozz4all.com\/wp-content\/uploads\/2020\/04\/Logo-ask-for-better-one.png\",\"contentUrl\":\"https:\/\/gozz4all.com\/wp-content\/uploads\/2020\/04\/Logo-ask-for-better-one.png\",\"width\":146,\"height\":60,\"caption\":\"Gozz4all\"},\"image\":{\"@id\":\"https:\/\/gozz4all.com\/fr\/#\/schema\/logo\/image\/\"},\"sameAs\":[\"https:\/\/www.facebook.com\/gozz4all\/\",\"https:\/\/www.instagram.com\/gozz4allfashion\/?hl=nl\"]}]}<\/script>\n<!-- \/ Yoast SEO plugin. -->","yoast_head_json":{"title":"Rolstoeljassen | Gozz4all | Maatwerk mogelijk","description":"Gozz4all heeft een ruim aanbod aan moderne rolstoeljassen. Wij maken hem graag voor jou op maat. Bekijk onze collectie direct.","robots":{"index":"index","follow":"follow","max-snippet":"max-snippet:-1","max-image-preview":"max-image-preview:large","max-video-preview":"max-video-preview:-1"},"canonical":"https:\/\/gozz4all.com\/de\/rolstoeljassen\/","og_locale":"de_DE","og_type":"article","og_title":"Rolstoeljassen | Gozz4all | Maatwerk mogelijk","og_description":"Gozz4all heeft een ruim aanbod aan moderne rolstoeljassen. Wij maken hem graag voor jou op maat. Bekijk onze collectie direct.","og_url":"https:\/\/gozz4all.com\/de\/rolstoeljassen\/","og_site_name":"Gozz4All","article_publisher":"https:\/\/www.facebook.com\/gozz4all\/","article_modified_time":"2022-06-28T07:55:18+00:00","twitter_card":"summary_large_image","twitter_misc":{"Gesch\u00e4tzte Lesezeit":"2\u00a0Minuten"},"schema":{"@context":"https:\/\/schema.org","@graph":[{"@type":"WebPage","@id":"https:\/\/gozz4all.com\/rolstoeljassen\/","url":"https:\/\/gozz4all.com\/rolstoeljassen\/","name":"Rolstoeljassen | Gozz4all | Maatwerk mogelijk","isPartOf":{"@id":"https:\/\/gozz4all.com\/fr\/#website"},"datePublished":"2022-06-28T07:51:44+00:00","dateModified":"2022-06-28T07:55:18+00:00","description":"Gozz4all heeft een ruim aanbod aan moderne rolstoeljassen. Wij maken hem graag voor jou op maat. Bekijk onze collectie direct.","breadcrumb":{"@id":"https:\/\/gozz4all.com\/rolstoeljassen\/#breadcrumb"},"inLanguage":"de","potentialAction":[{"@type":"ReadAction","target":["https:\/\/gozz4all.com\/rolstoeljassen\/"]}]},{"@type":"BreadcrumbList","@id":"https:\/\/gozz4all.com\/rolstoeljassen\/#breadcrumb","itemListElement":[{"@type":"ListItem","position":1,"name":"Home","item":"https:\/\/gozz4all.com\/"},{"@type":"ListItem","position":2,"name":"Rolstoeljassen"}]},{"@type":"WebSite","@id":"https:\/\/gozz4all.com\/fr\/#website","url":"https:\/\/gozz4all.com\/fr\/","name":"Gozz4All","description":"Gozz4All","publisher":{"@id":"https:\/\/gozz4all.com\/fr\/#organization"},"potentialAction":[{"@type":"SearchAction","target":{"@type":"EntryPoint","urlTemplate":"https:\/\/gozz4all.com\/fr\/?s={search_term_string}"},"query-input":{"@type":"PropertyValueSpecification","valueRequired":true,"valueName":"search_term_string"}}],"inLanguage":"de"},{"@type":"Organization","@id":"https:\/\/gozz4all.com\/fr\/#organization","name":"Gozz4all","url":"https:\/\/gozz4all.com\/fr\/","logo":{"@type":"ImageObject","inLanguage":"de","@id":"https:\/\/gozz4all.com\/fr\/#\/schema\/logo\/image\/","url":"https:\/\/gozz4all.com\/wp-content\/uploads\/2020\/04\/Logo-ask-for-better-one.png","contentUrl":"https:\/\/gozz4all.com\/wp-content\/uploads\/2020\/04\/Logo-ask-for-better-one.png","width":146,"height":60,"caption":"Gozz4all"},"image":{"@id":"https:\/\/gozz4all.com\/fr\/#\/schema\/logo\/image\/"},"sameAs":["https:\/\/www.facebook.com\/gozz4all\/","https:\/\/www.instagram.com\/gozz4allfashion\/?hl=nl"]}]}},"_links":{"self":[{"href":"https:\/\/gozz4all.com\/de\/wp-json\/wp\/v2\/pages\/18830","targetHints":{"allow":["GET"]}}],"collection":[{"href":"https:\/\/gozz4all.com\/de\/wp-json\/wp\/v2\/pages"}],"about":[{"href":"https:\/\/gozz4all.com\/de\/wp-json\/wp\/v2\/types\/page"}],"author":[{"embeddable":true,"href":"https:\/\/gozz4all.com\/de\/wp-json\/wp\/v2\/users\/16"}],"replies":[{"embeddable":true,"href":"https:\/\/gozz4all.com\/de\/wp-json\/wp\/v2\/comments?post=18830"}],"version-history":[{"count":5,"href":"https:\/\/gozz4all.com\/de\/wp-json\/wp\/v2\/pages\/18830\/revisions"}],"predecessor-version":[{"id":18835,"href":"https:\/\/gozz4all.com\/de\/wp-json\/wp\/v2\/pages\/18830\/revisions\/18835"}],"wp:attachment":[{"href":"https:\/\/gozz4all.com\/de\/wp-json\/wp\/v2\/media?parent=18830"}],"curies":[{"name":"wp","href":"https:\/\/api.w.org\/{rel}","templated":true}]}}