{"id":18659,"date":"2022-06-15T09:39:13","date_gmt":"2022-06-15T07:39:13","guid":{"rendered":"https:\/\/gozz4all.com\/?page_id=18659"},"modified":"2022-06-15T09:40:47","modified_gmt":"2022-06-15T07:40:47","slug":"incontinentie-zwembroek-dames","status":"publish","type":"page","link":"https:\/\/gozz4all.com\/de\/incontinentie-zwembroek-dames\/","title":{"rendered":"Inkontinenz-Badehose Damen"},"content":{"rendered":"<div data-elementor-type=\"wp-page\" data-elementor-id=\"18659\" class=\"elementor elementor-18659\" data-elementor-post-type=\"page\">\n\t\t\t\t\t\t<section class=\"elementor-section elementor-top-section elementor-element elementor-element-835e772 elementor-section-boxed elementor-section-height-default elementor-section-height-default\" data-id=\"835e772\" data-element_type=\"section\" data-e-type=\"section\" data-settings=\"{&quot;background_background&quot;:&quot;classic&quot;}\">\n\t\t\t\t\t\t<div class=\"elementor-container elementor-column-gap-default\">\n\t\t\t\t\t<div class=\"elementor-column elementor-col-100 elementor-top-column elementor-element elementor-element-3b44b2c\" data-id=\"3b44b2c\" data-element_type=\"column\" data-e-type=\"column\">\n\t\t\t<div class=\"elementor-widget-wrap elementor-element-populated\">\n\t\t\t\t\t\t<div class=\"elementor-element elementor-element-1ddcf54 elementor-widget__width-initial elementor-widget elementor-widget-heading\" data-id=\"1ddcf54\" data-element_type=\"widget\" data-e-type=\"widget\" data-widget_type=\"heading.default\">\n\t\t\t\t<div class=\"elementor-widget-container\">\n\t\t\t\t\t<h1 class=\"elementor-heading-title elementor-size-default\">Inkontinenz-Badehose Damen<\/h1>\t\t\t\t<\/div>\n\t\t\t\t<\/div>\n\t\t\t\t\t<\/div>\n\t\t<\/div>\n\t\t\t\t\t<\/div>\n\t\t<\/section>\n\t\t\t\t<section class=\"elementor-section elementor-top-section elementor-element elementor-element-f547a4f elementor-section-boxed elementor-section-height-default elementor-section-height-default\" data-id=\"f547a4f\" data-element_type=\"section\" data-e-type=\"section\">\n\t\t\t\t\t\t<div class=\"elementor-container elementor-column-gap-default\">\n\t\t\t\t\t<div class=\"elementor-column elementor-col-100 elementor-top-column elementor-element elementor-element-b8a6a1b\" data-id=\"b8a6a1b\" data-element_type=\"column\" data-e-type=\"column\">\n\t\t\t<div class=\"elementor-widget-wrap elementor-element-populated\">\n\t\t\t\t\t\t<section class=\"elementor-section elementor-inner-section elementor-element elementor-element-bdbe171 elementor-section-boxed elementor-section-height-default elementor-section-height-default\" data-id=\"bdbe171\" data-element_type=\"section\" data-e-type=\"section\">\n\t\t\t\t\t\t<div class=\"elementor-container elementor-column-gap-default\">\n\t\t\t\t\t<div class=\"elementor-column elementor-col-100 elementor-inner-column elementor-element elementor-element-dbc4e5b\" data-id=\"dbc4e5b\" data-element_type=\"column\" data-e-type=\"column\">\n\t\t\t<div class=\"elementor-widget-wrap elementor-element-populated\">\n\t\t\t\t\t\t<div class=\"elementor-element elementor-element-f4d8f3a elementor-widget elementor-widget-text-editor\" data-id=\"f4d8f3a\" data-element_type=\"widget\" data-e-type=\"widget\" data-widget_type=\"text-editor.default\">\n\t\t\t\t<div class=\"elementor-widget-container\">\n\t\t\t\t\t\t\t\t\t<p>F\u00fcr Damen, die unter Inkontinenz leiden, aber trotzdem ohne Sorgen schwimmen m\u00f6chten, haben wir Inkontinenz-Badeshorts. Die Badeshorts sind wasserdicht und haben eine zus\u00e4tzliche Innentasche, damit es keine Schwierigkeiten gibt. Zus\u00e4tzlich zu den Inkontinenz-Badeshorts f\u00fcr Damen haben wir auch <a href=\"https:\/\/gozz4all.com\/de\/produkt-kategorie\/zwemkledij\/\">verschiedene andere Schwimmartikel<\/a> verf\u00fcgbar.<\/p><h2>Modische Bademode f\u00fcr Frauen<\/h2><p>Badeanz\u00fcge sind sehr trendy und absolut zeitgem\u00e4\u00df. Sie sind in verschiedenen Farben erh\u00e4ltlich. Au\u00dferdem merkt man nicht, dass es sich um Inkontinenz-Badeanz\u00fcge handelt und man kann unbeschwerten Wasserspa\u00df genie\u00dfen. \u00a0\u00a0<\/p><h2>Gr\u00f6\u00dfen<\/h2><p>Die Inkontinenz-Badeshorts f\u00fcr Frauen sind in den folgenden Gr\u00f6\u00dfen erh\u00e4ltlich:<\/p><p>&#8211; 92-98<br \/>&#8211; 104-110<br \/>&#8211; 116-122<br \/>&#8211; 128-134<br \/>&#8211; 140 -146<br \/>&#8211; 152-158<br \/>&#8211; 164-170<br \/>&#8211; 176-182<br \/>&#8211; 188<br \/>- S<br \/>- M<br \/>- L<br \/>- XL<\/p><p>Ob Sie nun eine kleine Gr\u00f6\u00dfe oder eine Erwachsenengr\u00f6\u00dfe suchen. Bei Gozz4all sind Sie an der richtigen Adresse, wenn es um moderne, ma\u00dfgeschneiderte Kleidung geht.<\/p><h2>Ma\u00dfgeschneidert<\/h2><p>Wenn Sie die Produkte auf <a href=\"https:\/\/gozz4all.com\/de\/maatwerk-product-nodig\/\">Gr\u00f6\u00dfe<\/a> erhalten, helfen wir auch Ihnen gerne weiter. Wie eine Vielzahl unserer Produkte k\u00f6nnen auch die Inkontinenz-Badehosen f\u00fcr Frauen nach Ma\u00df gefertigt werden. Die Badehose wird dann vollst\u00e4ndig an die gew\u00fcnschte Passform angepasst.<\/p><h2>Erg\u00e4nzende Produkte<\/h2><p>Die Inkontinenz-Badeshorts f\u00fcr Frauen sind so gefertigt, dass das Tragen einer Windel unter den Badeshorts m\u00f6glich ist. Au\u00dferdem ist die Windel f\u00fcr andere Personen nicht sichtbar. Neugierig auf unser Produktsortiment? Neben Bademode haben wir auch <a href=\"https:\/\/gozz4all.com\/de\/produkt\/badpak-met-rokje-roodgrijs\/\">Badeanz\u00fcge mit Inkontinenzslips<\/a>, <a href=\"https:\/\/gozz4all.com\/de\/produkt\/topje-dorien\/\">ein schwimmendes Oberteil<\/a> und <a href=\"https:\/\/gozz4all.com\/de\/produkt\/zwem-setje\/\">Schwimmzeug<\/a>s in unserem Sortiment. So k\u00f6nnen Sie das Produkt ausw\u00e4hlen, das Ihren Bed\u00fcrfnissen am besten entspricht.<\/p><h2>Haben Sie Fragen zu Inkontinenz-Badebekleidung f\u00fcr Frauen?<\/h2><p>Haben Sie Fragen zu den Badeshorts oder einem unserer anderen (Schwimm-)Artikel? Dann z\u00f6gern Sie nicht, uns \u00fcber eine unserer Kontaktm\u00f6glichkeiten zu kontaktieren! Wir sind beide <a href=\"tel:+32%20475%2073%2086%2094\">per Telefon<\/a> wie durch uns <a href=\"mailto:info@gozz.be\">E-Mail Adresse<\/a> Erreichbar!<\/p><p>\u00a0<\/p>\t\t\t\t\t\t\t\t<\/div>\n\t\t\t\t<\/div>\n\t\t\t\t\t<\/div>\n\t\t<\/div>\n\t\t\t\t\t<\/div>\n\t\t<\/section>\n\t\t\t\t\t<\/div>\n\t\t<\/div>\n\t\t\t\t\t<\/div>\n\t\t<\/section>\n\t\t\t\t<\/div>","protected":false},"excerpt":{"rendered":"<p>Voor dames die last hebben van incontinentie, maar wel graag zonder zorgen willen zwemmen, hebben wij incontinentie zwembroeken. De zwemshorts zijn waterdicht en hebben een extra binnenzak zodat er geen moeilijkheden ontstaan. Naast incontinentie zwembroeken voor dames hebben we ook diverse andere zwemartikelen beschikbaar. Modieuze zwemkleding voor dames De zwembroeken zijn erg hip en helemaal [&hellip;]<\/p>\n","protected":false},"author":16,"featured_media":0,"parent":0,"menu_order":0,"comment_status":"closed","ping_status":"closed","template":"","meta":{"footnotes":""},"class_list":["post-18659","page","type-page","status-publish","hentry"],"yoast_head":"<!-- This site is optimized with the Yoast SEO plugin v27.2 - https:\/\/yoast.com\/product\/yoast-seo-wordpress\/ -->\n<title>Incontinentie zwembroek dames | Gozz4all<\/title>\n<meta name=\"description\" content=\"Bekijk onze incontinentie zwembroeken voor dames. Hip &amp; kleurrijk. Met een extra binnenbroek en zowel verkrijgbaar voor meisjes als dames!\" \/>\n<meta name=\"robots\" content=\"index, follow, max-snippet:-1, max-image-preview:large, max-video-preview:-1\" \/>\n<link rel=\"canonical\" href=\"https:\/\/gozz4all.com\/de\/incontinentie-zwembroek-dames\/\" \/>\n<meta property=\"og:locale\" content=\"de_DE\" \/>\n<meta property=\"og:type\" content=\"article\" \/>\n<meta property=\"og:title\" content=\"Incontinentie zwembroek dames | Gozz4all\" \/>\n<meta property=\"og:description\" content=\"Bekijk onze incontinentie zwembroeken voor dames. Hip &amp; kleurrijk. Met een extra binnenbroek en zowel verkrijgbaar voor meisjes als dames!\" \/>\n<meta property=\"og:url\" content=\"https:\/\/gozz4all.com\/de\/incontinentie-zwembroek-dames\/\" \/>\n<meta property=\"og:site_name\" content=\"Gozz4All\" \/>\n<meta property=\"article:publisher\" content=\"https:\/\/www.facebook.com\/gozz4all\/\" \/>\n<meta property=\"article:modified_time\" content=\"2022-06-15T07:40:47+00:00\" \/>\n<meta name=\"twitter:card\" content=\"summary_large_image\" \/>\n<meta name=\"twitter:label1\" content=\"Gesch\u00e4tzte Lesezeit\" \/>\n\t<meta name=\"twitter:data1\" content=\"2\u00a0Minuten\" \/>\n<script type=\"application\/ld+json\" class=\"yoast-schema-graph\">{\"@context\":\"https:\/\/schema.org\",\"@graph\":[{\"@type\":\"WebPage\",\"@id\":\"https:\/\/gozz4all.com\/en\/incontinentie-zwembroek-dames\/\",\"url\":\"https:\/\/gozz4all.com\/en\/incontinentie-zwembroek-dames\/\",\"name\":\"Incontinentie zwembroek dames | Gozz4all\",\"isPartOf\":{\"@id\":\"https:\/\/gozz4all.com\/fr\/#website\"},\"datePublished\":\"2022-06-15T07:39:13+00:00\",\"dateModified\":\"2022-06-15T07:40:47+00:00\",\"description\":\"Bekijk onze incontinentie zwembroeken voor dames. Hip & kleurrijk. Met een extra binnenbroek en zowel verkrijgbaar voor meisjes als dames!\",\"breadcrumb\":{\"@id\":\"https:\/\/gozz4all.com\/en\/incontinentie-zwembroek-dames\/#breadcrumb\"},\"inLanguage\":\"de\",\"potentialAction\":[{\"@type\":\"ReadAction\",\"target\":[\"https:\/\/gozz4all.com\/en\/incontinentie-zwembroek-dames\/\"]}]},{\"@type\":\"BreadcrumbList\",\"@id\":\"https:\/\/gozz4all.com\/en\/incontinentie-zwembroek-dames\/#breadcrumb\",\"itemListElement\":[{\"@type\":\"ListItem\",\"position\":1,\"name\":\"Home\",\"item\":\"https:\/\/gozz4all.com\/\"},{\"@type\":\"ListItem\",\"position\":2,\"name\":\"Incontinentie zwembroek dames\"}]},{\"@type\":\"WebSite\",\"@id\":\"https:\/\/gozz4all.com\/fr\/#website\",\"url\":\"https:\/\/gozz4all.com\/fr\/\",\"name\":\"Gozz4All\",\"description\":\"Gozz4All\",\"publisher\":{\"@id\":\"https:\/\/gozz4all.com\/fr\/#organization\"},\"potentialAction\":[{\"@type\":\"SearchAction\",\"target\":{\"@type\":\"EntryPoint\",\"urlTemplate\":\"https:\/\/gozz4all.com\/fr\/?s={search_term_string}\"},\"query-input\":{\"@type\":\"PropertyValueSpecification\",\"valueRequired\":true,\"valueName\":\"search_term_string\"}}],\"inLanguage\":\"de\"},{\"@type\":\"Organization\",\"@id\":\"https:\/\/gozz4all.com\/fr\/#organization\",\"name\":\"Gozz4all\",\"url\":\"https:\/\/gozz4all.com\/fr\/\",\"logo\":{\"@type\":\"ImageObject\",\"inLanguage\":\"de\",\"@id\":\"https:\/\/gozz4all.com\/fr\/#\/schema\/logo\/image\/\",\"url\":\"https:\/\/gozz4all.com\/wp-content\/uploads\/2020\/04\/Logo-ask-for-better-one.png\",\"contentUrl\":\"https:\/\/gozz4all.com\/wp-content\/uploads\/2020\/04\/Logo-ask-for-better-one.png\",\"width\":146,\"height\":60,\"caption\":\"Gozz4all\"},\"image\":{\"@id\":\"https:\/\/gozz4all.com\/fr\/#\/schema\/logo\/image\/\"},\"sameAs\":[\"https:\/\/www.facebook.com\/gozz4all\/\",\"https:\/\/www.instagram.com\/gozz4allfashion\/?hl=nl\"]}]}<\/script>\n<!-- \/ Yoast SEO plugin. -->","yoast_head_json":{"title":"Incontinentie zwembroek dames | Gozz4all","description":"Bekijk onze incontinentie zwembroeken voor dames. Hip & kleurrijk. Met een extra binnenbroek en zowel verkrijgbaar voor meisjes als dames!","robots":{"index":"index","follow":"follow","max-snippet":"max-snippet:-1","max-image-preview":"max-image-preview:large","max-video-preview":"max-video-preview:-1"},"canonical":"https:\/\/gozz4all.com\/de\/incontinentie-zwembroek-dames\/","og_locale":"de_DE","og_type":"article","og_title":"Incontinentie zwembroek dames | Gozz4all","og_description":"Bekijk onze incontinentie zwembroeken voor dames. Hip & kleurrijk. Met een extra binnenbroek en zowel verkrijgbaar voor meisjes als dames!","og_url":"https:\/\/gozz4all.com\/de\/incontinentie-zwembroek-dames\/","og_site_name":"Gozz4All","article_publisher":"https:\/\/www.facebook.com\/gozz4all\/","article_modified_time":"2022-06-15T07:40:47+00:00","twitter_card":"summary_large_image","twitter_misc":{"Gesch\u00e4tzte Lesezeit":"2\u00a0Minuten"},"schema":{"@context":"https:\/\/schema.org","@graph":[{"@type":"WebPage","@id":"https:\/\/gozz4all.com\/en\/incontinentie-zwembroek-dames\/","url":"https:\/\/gozz4all.com\/en\/incontinentie-zwembroek-dames\/","name":"Incontinentie zwembroek dames | Gozz4all","isPartOf":{"@id":"https:\/\/gozz4all.com\/fr\/#website"},"datePublished":"2022-06-15T07:39:13+00:00","dateModified":"2022-06-15T07:40:47+00:00","description":"Bekijk onze incontinentie zwembroeken voor dames. Hip & kleurrijk. Met een extra binnenbroek en zowel verkrijgbaar voor meisjes als dames!","breadcrumb":{"@id":"https:\/\/gozz4all.com\/en\/incontinentie-zwembroek-dames\/#breadcrumb"},"inLanguage":"de","potentialAction":[{"@type":"ReadAction","target":["https:\/\/gozz4all.com\/en\/incontinentie-zwembroek-dames\/"]}]},{"@type":"BreadcrumbList","@id":"https:\/\/gozz4all.com\/en\/incontinentie-zwembroek-dames\/#breadcrumb","itemListElement":[{"@type":"ListItem","position":1,"name":"Home","item":"https:\/\/gozz4all.com\/"},{"@type":"ListItem","position":2,"name":"Incontinentie zwembroek dames"}]},{"@type":"WebSite","@id":"https:\/\/gozz4all.com\/fr\/#website","url":"https:\/\/gozz4all.com\/fr\/","name":"Gozz4All","description":"Gozz4All","publisher":{"@id":"https:\/\/gozz4all.com\/fr\/#organization"},"potentialAction":[{"@type":"SearchAction","target":{"@type":"EntryPoint","urlTemplate":"https:\/\/gozz4all.com\/fr\/?s={search_term_string}"},"query-input":{"@type":"PropertyValueSpecification","valueRequired":true,"valueName":"search_term_string"}}],"inLanguage":"de"},{"@type":"Organization","@id":"https:\/\/gozz4all.com\/fr\/#organization","name":"Gozz4all","url":"https:\/\/gozz4all.com\/fr\/","logo":{"@type":"ImageObject","inLanguage":"de","@id":"https:\/\/gozz4all.com\/fr\/#\/schema\/logo\/image\/","url":"https:\/\/gozz4all.com\/wp-content\/uploads\/2020\/04\/Logo-ask-for-better-one.png","contentUrl":"https:\/\/gozz4all.com\/wp-content\/uploads\/2020\/04\/Logo-ask-for-better-one.png","width":146,"height":60,"caption":"Gozz4all"},"image":{"@id":"https:\/\/gozz4all.com\/fr\/#\/schema\/logo\/image\/"},"sameAs":["https:\/\/www.facebook.com\/gozz4all\/","https:\/\/www.instagram.com\/gozz4allfashion\/?hl=nl"]}]}},"_links":{"self":[{"href":"https:\/\/gozz4all.com\/de\/wp-json\/wp\/v2\/pages\/18659","targetHints":{"allow":["GET"]}}],"collection":[{"href":"https:\/\/gozz4all.com\/de\/wp-json\/wp\/v2\/pages"}],"about":[{"href":"https:\/\/gozz4all.com\/de\/wp-json\/wp\/v2\/types\/page"}],"author":[{"embeddable":true,"href":"https:\/\/gozz4all.com\/de\/wp-json\/wp\/v2\/users\/16"}],"replies":[{"embeddable":true,"href":"https:\/\/gozz4all.com\/de\/wp-json\/wp\/v2\/comments?post=18659"}],"version-history":[{"count":4,"href":"https:\/\/gozz4all.com\/de\/wp-json\/wp\/v2\/pages\/18659\/revisions"}],"predecessor-version":[{"id":18663,"href":"https:\/\/gozz4all.com\/de\/wp-json\/wp\/v2\/pages\/18659\/revisions\/18663"}],"wp:attachment":[{"href":"https:\/\/gozz4all.com\/de\/wp-json\/wp\/v2\/media?parent=18659"}],"curies":[{"name":"wp","href":"https:\/\/api.w.org\/{rel}","templated":true}]}}