{"id":18252,"date":"2022-06-03T12:07:30","date_gmt":"2022-06-03T10:07:30","guid":{"rendered":"https:\/\/gozz4all.com\/?page_id=18252"},"modified":"2022-09-08T10:49:36","modified_gmt":"2022-09-08T08:49:36","slug":"aangepaste-kleding-ouderen","status":"publish","type":"page","link":"https:\/\/gozz4all.com\/de\/aangepaste-kleding-ouderen\/","title":{"rendered":"Angepasste Kleidung f\u00fcr \u00e4ltere Menschen"},"content":{"rendered":"<div data-elementor-type=\"wp-page\" data-elementor-id=\"18252\" class=\"elementor elementor-18252\" data-elementor-post-type=\"page\">\n\t\t\t\t\t\t<section class=\"elementor-section elementor-top-section elementor-element elementor-element-835e772 elementor-section-boxed elementor-section-height-default elementor-section-height-default\" data-id=\"835e772\" data-element_type=\"section\" data-e-type=\"section\" data-settings=\"{&quot;background_background&quot;:&quot;classic&quot;}\">\n\t\t\t\t\t\t<div class=\"elementor-container elementor-column-gap-default\">\n\t\t\t\t\t<div class=\"elementor-column elementor-col-100 elementor-top-column elementor-element elementor-element-3b44b2c\" data-id=\"3b44b2c\" data-element_type=\"column\" data-e-type=\"column\">\n\t\t\t<div class=\"elementor-widget-wrap elementor-element-populated\">\n\t\t\t\t\t\t<div class=\"elementor-element elementor-element-1ddcf54 elementor-widget__width-initial elementor-widget elementor-widget-heading\" data-id=\"1ddcf54\" data-element_type=\"widget\" data-e-type=\"widget\" data-widget_type=\"heading.default\">\n\t\t\t\t<div class=\"elementor-widget-container\">\n\t\t\t\t\t<h1 class=\"elementor-heading-title elementor-size-default\">Angepasste Kleidung f\u00fcr \u00e4ltere Menschen<\/h1>\t\t\t\t<\/div>\n\t\t\t\t<\/div>\n\t\t\t\t\t<\/div>\n\t\t<\/div>\n\t\t\t\t\t<\/div>\n\t\t<\/section>\n\t\t\t\t<section class=\"elementor-section elementor-top-section elementor-element elementor-element-f547a4f elementor-section-boxed elementor-section-height-default elementor-section-height-default\" data-id=\"f547a4f\" data-element_type=\"section\" data-e-type=\"section\">\n\t\t\t\t\t\t<div class=\"elementor-container elementor-column-gap-default\">\n\t\t\t\t\t<div class=\"elementor-column elementor-col-100 elementor-top-column elementor-element elementor-element-b8a6a1b\" data-id=\"b8a6a1b\" data-element_type=\"column\" data-e-type=\"column\">\n\t\t\t<div class=\"elementor-widget-wrap elementor-element-populated\">\n\t\t\t\t\t\t<section class=\"elementor-section elementor-inner-section elementor-element elementor-element-bdbe171 elementor-section-boxed elementor-section-height-default elementor-section-height-default\" data-id=\"bdbe171\" data-element_type=\"section\" data-e-type=\"section\">\n\t\t\t\t\t\t<div class=\"elementor-container elementor-column-gap-default\">\n\t\t\t\t\t<div class=\"elementor-column elementor-col-100 elementor-inner-column elementor-element elementor-element-dbc4e5b\" data-id=\"dbc4e5b\" data-element_type=\"column\" data-e-type=\"column\">\n\t\t\t<div class=\"elementor-widget-wrap elementor-element-populated\">\n\t\t\t\t\t\t<div class=\"elementor-element elementor-element-f4d8f3a elementor-widget elementor-widget-text-editor\" data-id=\"f4d8f3a\" data-element_type=\"widget\" data-e-type=\"widget\" data-widget_type=\"text-editor.default\">\n\t\t\t\t<div class=\"elementor-widget-container\">\n\t\t\t\t\t\t\t\t\t<p>Gozz4all hat sich auf das Entwerfen und Herstellen ma\u00dfgeschneiderter Kleidung f\u00fcr \u00e4ltere Menschen und Kinder mit Behinderungen spezialisiert. Wir wissen besser als jeder andere, wie schwierig es ist, geeignete Kleidung f\u00fcr Menschen zu finden, die sie brauchen. Wir helfen auch \u00e4lteren Menschen, die Schwierigkeiten beim Gehen oder andere Schwierigkeiten haben, indem wir ma\u00dfgeschneiderte Kleidung anfertigen.<\/p><h2>Warum Ma\u00dfkleidung f\u00fcr \u00e4ltere Menschen<\/h2><p>Das An- und Ausziehen von normaler Kleidung bereitet oft Probleme. Dies kann durch die Passform der Kleidung, Schmerzen oder Bewegungseinschr\u00e4nkungen verursacht werden. Normale Kleidung kann z. B. beim An- und Ausziehen aufgrund von Bewegungseinschr\u00e4nkungen besch\u00e4digt werden. Wir wollen diese Probleme verringern. Wir wollen auch daf\u00fcr sorgen, dass diese Zielgruppe sch\u00f6ne, bequeme und modische Kleidung anziehen kann.<\/p><h2>Produktpalette<\/h2><p>Gozz4all bietet eine Vielzahl von Produkten f\u00fcr \u00e4ltere Menschen. Von T-Shirts gegen Juckreiz bis hin zu bequemen Blusen. Die Kleidung ist so konzipiert, dass das An- und Ausziehen der betreffenden Person nicht schadet. Sind Sie interessiert an <a href=\"https:\/\/gozz4all.com\/de\/grotere-aantallen-nodig\/\">gr\u00f6\u00dfere Mengen von Artikeln<\/a>? Dann k\u00f6nnen wir Sie bestimmt auch bedienen!<\/p><h2>Ma\u00dfgeschneiderte Kleidung \u00e4ltere Menschen<\/h2><p>Die Kleidung ist in einer Vielzahl von Gr\u00f6\u00dfen erh\u00e4ltlich. Wir bieten auch ma\u00dfgefertigte Produkte an. Das sind Produkte, die speziell an Ihre Gr\u00f6\u00dfe und Passform angepasst sind. Finden Sie sofort heraus, was die <a href=\"https:\/\/gozz4all.com\/de\/maatwerk-product-nodig\/\">Anpassungsm\u00f6glichkeiten<\/a> f\u00fcr Sie.<\/p><h2>Ma\u00dfgeschneiderte Kleidung f\u00fcr M\u00e4nner und Frauen<\/h2><p>Gozz4all hat ma\u00dfgeschneiderte Kleidung f\u00fcr M\u00e4nner und Frauen im Angebot. Wir haben unter anderem trendige und bequeme Damenblusen im Sortiment. F\u00fcr M\u00e4nner bieten wir coole Bomberjacken. Wir bieten auch andere Kollektionen wie <a href=\"https:\/\/gozz4all.com\/de\/produkt-kategorie\/zwemkledij\/\">Bademode<\/a> und <a href=\"https:\/\/gozz4all.com\/de\/produkt-kategorie\/anti-scheur-assortiment\/\">Anti-T\u00fcr-Produkte<\/a> zu.<\/p><h2>Kontakt<\/h2><p>Sie sind neugierig auf unsere Seniorenbekleidung nach Ma\u00df oder haben eine Frage zu einem unserer Produkte? Dann bitte <a href=\"https:\/\/gozz4all.com\/de\/contact\/\">Kontakt<\/a> mit uns. Wir sind beide <a href=\"tel:%20+32%20475%2073%2086%2094\">per Telefon<\/a> wie durch die <a href=\"mailto:info@gozz.be\">E-Mail<\/a> erreichen. Gozz4all freut sich, Ihnen helfen zu k\u00f6nnen.<\/p>\t\t\t\t\t\t\t\t<\/div>\n\t\t\t\t<\/div>\n\t\t\t\t\t<\/div>\n\t\t<\/div>\n\t\t\t\t\t<\/div>\n\t\t<\/section>\n\t\t\t\t\t<\/div>\n\t\t<\/div>\n\t\t\t\t\t<\/div>\n\t\t<\/section>\n\t\t\t\t<\/div>","protected":false},"excerpt":{"rendered":"<p>Gozz4all is gespecialiseerd in het ontwerpen en maken van aangepaste kleding voor ouderen en kinderen met een beperking. Wij weten als geen ander hoe lastig het is om geschikte kledij te vinden voor mensen die hier behoefte aan hebben. Ook ouderen die lastig ter been zijn of andere moeilijkheden ervaren, helpen wij met het maken [&hellip;]<\/p>\n","protected":false},"author":16,"featured_media":0,"parent":0,"menu_order":0,"comment_status":"closed","ping_status":"closed","template":"","meta":{"footnotes":""},"class_list":["post-18252","page","type-page","status-publish","hentry"],"yoast_head":"<!-- This site is optimized with the Yoast SEO plugin v27.2 - https:\/\/yoast.com\/product\/yoast-seo-wordpress\/ -->\n<title>Aangepaste kleding voor ouderen bestellen? | Gozz4all<\/title>\n<meta name=\"description\" content=\"Op zoek naar aangepaste kleding voor ouderen? Gozz4all helpt u verder! \u2705 Breed assortiment \u2705 Snelle levering \u2705 Maatwerk is mogelijk\" \/>\n<meta name=\"robots\" content=\"index, follow, max-snippet:-1, max-image-preview:large, max-video-preview:-1\" \/>\n<link rel=\"canonical\" href=\"https:\/\/gozz4all.com\/de\/aangepaste-kleding-ouderen\/\" \/>\n<meta property=\"og:locale\" content=\"de_DE\" \/>\n<meta property=\"og:type\" content=\"article\" \/>\n<meta property=\"og:title\" content=\"Aangepaste kleding voor ouderen bestellen? | Gozz4all\" \/>\n<meta property=\"og:description\" content=\"Op zoek naar aangepaste kleding voor ouderen? Gozz4all helpt u verder! \u2705 Breed assortiment \u2705 Snelle levering \u2705 Maatwerk is mogelijk\" \/>\n<meta property=\"og:url\" content=\"https:\/\/gozz4all.com\/de\/aangepaste-kleding-ouderen\/\" \/>\n<meta property=\"og:site_name\" content=\"Gozz4All\" \/>\n<meta property=\"article:publisher\" content=\"https:\/\/www.facebook.com\/gozz4all\/\" \/>\n<meta property=\"article:modified_time\" content=\"2022-09-08T08:49:36+00:00\" \/>\n<meta name=\"twitter:card\" content=\"summary_large_image\" \/>\n<meta name=\"twitter:label1\" content=\"Gesch\u00e4tzte Lesezeit\" \/>\n\t<meta name=\"twitter:data1\" content=\"2\u00a0Minuten\" \/>\n<script type=\"application\/ld+json\" class=\"yoast-schema-graph\">{\"@context\":\"https:\/\/schema.org\",\"@graph\":[{\"@type\":\"WebPage\",\"@id\":\"https:\/\/gozz4all.com\/en\/aangepaste-kleding-ouderen\/\",\"url\":\"https:\/\/gozz4all.com\/en\/aangepaste-kleding-ouderen\/\",\"name\":\"Aangepaste kleding voor ouderen bestellen? | Gozz4all\",\"isPartOf\":{\"@id\":\"https:\/\/gozz4all.com\/fr\/#website\"},\"datePublished\":\"2022-06-03T10:07:30+00:00\",\"dateModified\":\"2022-09-08T08:49:36+00:00\",\"description\":\"Op zoek naar aangepaste kleding voor ouderen? Gozz4all helpt u verder! \u2705 Breed assortiment \u2705 Snelle levering \u2705 Maatwerk is mogelijk\",\"breadcrumb\":{\"@id\":\"https:\/\/gozz4all.com\/en\/aangepaste-kleding-ouderen\/#breadcrumb\"},\"inLanguage\":\"de\",\"potentialAction\":[{\"@type\":\"ReadAction\",\"target\":[\"https:\/\/gozz4all.com\/en\/aangepaste-kleding-ouderen\/\"]}]},{\"@type\":\"BreadcrumbList\",\"@id\":\"https:\/\/gozz4all.com\/en\/aangepaste-kleding-ouderen\/#breadcrumb\",\"itemListElement\":[{\"@type\":\"ListItem\",\"position\":1,\"name\":\"Home\",\"item\":\"https:\/\/gozz4all.com\/\"},{\"@type\":\"ListItem\",\"position\":2,\"name\":\"Aangepaste kleding ouderen\"}]},{\"@type\":\"WebSite\",\"@id\":\"https:\/\/gozz4all.com\/fr\/#website\",\"url\":\"https:\/\/gozz4all.com\/fr\/\",\"name\":\"Gozz4All\",\"description\":\"Gozz4All\",\"publisher\":{\"@id\":\"https:\/\/gozz4all.com\/fr\/#organization\"},\"potentialAction\":[{\"@type\":\"SearchAction\",\"target\":{\"@type\":\"EntryPoint\",\"urlTemplate\":\"https:\/\/gozz4all.com\/fr\/?s={search_term_string}\"},\"query-input\":{\"@type\":\"PropertyValueSpecification\",\"valueRequired\":true,\"valueName\":\"search_term_string\"}}],\"inLanguage\":\"de\"},{\"@type\":\"Organization\",\"@id\":\"https:\/\/gozz4all.com\/fr\/#organization\",\"name\":\"Gozz4all\",\"url\":\"https:\/\/gozz4all.com\/fr\/\",\"logo\":{\"@type\":\"ImageObject\",\"inLanguage\":\"de\",\"@id\":\"https:\/\/gozz4all.com\/fr\/#\/schema\/logo\/image\/\",\"url\":\"https:\/\/gozz4all.com\/wp-content\/uploads\/2020\/04\/Logo-ask-for-better-one.png\",\"contentUrl\":\"https:\/\/gozz4all.com\/wp-content\/uploads\/2020\/04\/Logo-ask-for-better-one.png\",\"width\":146,\"height\":60,\"caption\":\"Gozz4all\"},\"image\":{\"@id\":\"https:\/\/gozz4all.com\/fr\/#\/schema\/logo\/image\/\"},\"sameAs\":[\"https:\/\/www.facebook.com\/gozz4all\/\",\"https:\/\/www.instagram.com\/gozz4allfashion\/?hl=nl\"]}]}<\/script>\n<!-- \/ Yoast SEO plugin. -->","yoast_head_json":{"title":"Aangepaste kleding voor ouderen bestellen? | Gozz4all","description":"Op zoek naar aangepaste kleding voor ouderen? Gozz4all helpt u verder! \u2705 Breed assortiment \u2705 Snelle levering \u2705 Maatwerk is mogelijk","robots":{"index":"index","follow":"follow","max-snippet":"max-snippet:-1","max-image-preview":"max-image-preview:large","max-video-preview":"max-video-preview:-1"},"canonical":"https:\/\/gozz4all.com\/de\/aangepaste-kleding-ouderen\/","og_locale":"de_DE","og_type":"article","og_title":"Aangepaste kleding voor ouderen bestellen? | Gozz4all","og_description":"Op zoek naar aangepaste kleding voor ouderen? Gozz4all helpt u verder! \u2705 Breed assortiment \u2705 Snelle levering \u2705 Maatwerk is mogelijk","og_url":"https:\/\/gozz4all.com\/de\/aangepaste-kleding-ouderen\/","og_site_name":"Gozz4All","article_publisher":"https:\/\/www.facebook.com\/gozz4all\/","article_modified_time":"2022-09-08T08:49:36+00:00","twitter_card":"summary_large_image","twitter_misc":{"Gesch\u00e4tzte Lesezeit":"2\u00a0Minuten"},"schema":{"@context":"https:\/\/schema.org","@graph":[{"@type":"WebPage","@id":"https:\/\/gozz4all.com\/en\/aangepaste-kleding-ouderen\/","url":"https:\/\/gozz4all.com\/en\/aangepaste-kleding-ouderen\/","name":"Aangepaste kleding voor ouderen bestellen? | Gozz4all","isPartOf":{"@id":"https:\/\/gozz4all.com\/fr\/#website"},"datePublished":"2022-06-03T10:07:30+00:00","dateModified":"2022-09-08T08:49:36+00:00","description":"Op zoek naar aangepaste kleding voor ouderen? Gozz4all helpt u verder! \u2705 Breed assortiment \u2705 Snelle levering \u2705 Maatwerk is mogelijk","breadcrumb":{"@id":"https:\/\/gozz4all.com\/en\/aangepaste-kleding-ouderen\/#breadcrumb"},"inLanguage":"de","potentialAction":[{"@type":"ReadAction","target":["https:\/\/gozz4all.com\/en\/aangepaste-kleding-ouderen\/"]}]},{"@type":"BreadcrumbList","@id":"https:\/\/gozz4all.com\/en\/aangepaste-kleding-ouderen\/#breadcrumb","itemListElement":[{"@type":"ListItem","position":1,"name":"Home","item":"https:\/\/gozz4all.com\/"},{"@type":"ListItem","position":2,"name":"Aangepaste kleding ouderen"}]},{"@type":"WebSite","@id":"https:\/\/gozz4all.com\/fr\/#website","url":"https:\/\/gozz4all.com\/fr\/","name":"Gozz4All","description":"Gozz4All","publisher":{"@id":"https:\/\/gozz4all.com\/fr\/#organization"},"potentialAction":[{"@type":"SearchAction","target":{"@type":"EntryPoint","urlTemplate":"https:\/\/gozz4all.com\/fr\/?s={search_term_string}"},"query-input":{"@type":"PropertyValueSpecification","valueRequired":true,"valueName":"search_term_string"}}],"inLanguage":"de"},{"@type":"Organization","@id":"https:\/\/gozz4all.com\/fr\/#organization","name":"Gozz4all","url":"https:\/\/gozz4all.com\/fr\/","logo":{"@type":"ImageObject","inLanguage":"de","@id":"https:\/\/gozz4all.com\/fr\/#\/schema\/logo\/image\/","url":"https:\/\/gozz4all.com\/wp-content\/uploads\/2020\/04\/Logo-ask-for-better-one.png","contentUrl":"https:\/\/gozz4all.com\/wp-content\/uploads\/2020\/04\/Logo-ask-for-better-one.png","width":146,"height":60,"caption":"Gozz4all"},"image":{"@id":"https:\/\/gozz4all.com\/fr\/#\/schema\/logo\/image\/"},"sameAs":["https:\/\/www.facebook.com\/gozz4all\/","https:\/\/www.instagram.com\/gozz4allfashion\/?hl=nl"]}]}},"_links":{"self":[{"href":"https:\/\/gozz4all.com\/de\/wp-json\/wp\/v2\/pages\/18252","targetHints":{"allow":["GET"]}}],"collection":[{"href":"https:\/\/gozz4all.com\/de\/wp-json\/wp\/v2\/pages"}],"about":[{"href":"https:\/\/gozz4all.com\/de\/wp-json\/wp\/v2\/types\/page"}],"author":[{"embeddable":true,"href":"https:\/\/gozz4all.com\/de\/wp-json\/wp\/v2\/users\/16"}],"replies":[{"embeddable":true,"href":"https:\/\/gozz4all.com\/de\/wp-json\/wp\/v2\/comments?post=18252"}],"version-history":[{"count":10,"href":"https:\/\/gozz4all.com\/de\/wp-json\/wp\/v2\/pages\/18252\/revisions"}],"predecessor-version":[{"id":20186,"href":"https:\/\/gozz4all.com\/de\/wp-json\/wp\/v2\/pages\/18252\/revisions\/20186"}],"wp:attachment":[{"href":"https:\/\/gozz4all.com\/de\/wp-json\/wp\/v2\/media?parent=18252"}],"curies":[{"name":"wp","href":"https:\/\/api.w.org\/{rel}","templated":true}]}}