{"id":1524,"date":"2017-09-21T10:01:24","date_gmt":"2017-09-21T10:01:24","guid":{"rendered":"http:\/\/gozz.testomgeving.website\/?page_id=1524"},"modified":"2024-03-13T15:02:34","modified_gmt":"2024-03-13T13:02:34","slug":"verzending-en-retourbeleid","status":"publish","type":"page","link":"https:\/\/gozz4all.com\/de\/verzending-en-retourbeleid\/","title":{"rendered":"Versand- und R\u00fcckgabebedingungen"},"content":{"rendered":"<div data-elementor-type=\"wp-page\" data-elementor-id=\"1524\" class=\"elementor elementor-1524\" data-elementor-post-type=\"page\">\n\t\t\t\t\t\t<section class=\"elementor-section elementor-top-section elementor-element elementor-element-1bd52a1 elementor-section-boxed elementor-section-height-default elementor-section-height-default\" data-id=\"1bd52a1\" data-element_type=\"section\" data-e-type=\"section\" data-settings=\"{&quot;background_background&quot;:&quot;classic&quot;}\">\n\t\t\t\t\t\t<div class=\"elementor-container elementor-column-gap-default\">\n\t\t\t\t\t<div class=\"elementor-column elementor-col-100 elementor-top-column elementor-element elementor-element-6aa5837\" data-id=\"6aa5837\" data-element_type=\"column\" data-e-type=\"column\">\n\t\t\t<div class=\"elementor-widget-wrap elementor-element-populated\">\n\t\t\t\t\t\t<div class=\"elementor-element elementor-element-5b14f1a elementor-widget__width-initial elementor-widget elementor-widget-heading\" data-id=\"5b14f1a\" data-element_type=\"widget\" data-e-type=\"widget\" data-widget_type=\"heading.default\">\n\t\t\t\t<div class=\"elementor-widget-container\">\n\t\t\t\t\t<h1 class=\"elementor-heading-title elementor-size-default\">Versand- und R\u00fcckgabebedingungen<\/h1>\t\t\t\t<\/div>\n\t\t\t\t<\/div>\n\t\t\t\t\t<\/div>\n\t\t<\/div>\n\t\t\t\t\t<\/div>\n\t\t<\/section>\n\t\t\t\t<section class=\"elementor-section elementor-top-section elementor-element elementor-element-acbab70 elementor-section-boxed elementor-section-height-default elementor-section-height-default\" data-id=\"acbab70\" data-element_type=\"section\" data-e-type=\"section\">\n\t\t\t\t\t\t<div class=\"elementor-container elementor-column-gap-default\">\n\t\t\t\t\t<div class=\"elementor-column elementor-col-100 elementor-top-column elementor-element elementor-element-a6d44e7\" data-id=\"a6d44e7\" data-element_type=\"column\" data-e-type=\"column\">\n\t\t\t<div class=\"elementor-widget-wrap elementor-element-populated\">\n\t\t\t\t\t\t<div class=\"elementor-element elementor-element-8c6f71c elementor-widget elementor-widget-text-editor\" data-id=\"8c6f71c\" data-element_type=\"widget\" data-e-type=\"widget\" data-widget_type=\"text-editor.default\">\n\t\t\t\t<div class=\"elementor-widget-container\">\n\t\t\t\t\t\t\t\t\t<div class=\"flex_column av_three_fifth flex_column_div av-zero-column-padding avia-builder-el-3 el_after_av_two_fifth el_before_av_textblock\"><section class=\"av_textblock_section\"><div class=\"avia_textblock\"><section class=\"av_textblock_section\"><div class=\"avia_textblock\"><h2><strong>Lieferungen<\/strong><\/h2><p>Die Lieferzeit betr\u00e4gt 2 bis 3 Wochen.<br \/>Wir bem\u00fchen uns auch, speziell angefertigte Produkte so schnell wie m\u00f6glich zu versenden, aber bitte rechnen Sie hier mit etwa f\u00fcnf zus\u00e4tzlichen Arbeitstagen.<\/p><h2><strong>Kosten f\u00fcr den Versand<\/strong><\/h2><ul><li style=\"font-weight: 400;\">NIEDERLANDE \u20ac 12,50 (inkl. 21% MwSt.)<\/li><\/ul><ul><li style=\"font-weight: 400;\">BELGIEN 9,00 \u20ac (inkl. 21% MwSt.)<\/li><\/ul><ul><li style=\"font-weight: 400;\">D\u00c4NEMARK (AUSSCHLIESSLICH GR\u00d6NLAND UND F\u00c4R\u00d6ER) 22,50 \u20ac (inkl. 25% MwSt.)<\/li><\/ul><ul><li style=\"font-weight: 400;\">DEUTSCHLAND 17,50 \u20ac (inkl. 19% MwSt.)<\/li><\/ul><ul><li style=\"font-weight: 400;\">FRANKREICH (AUSSCHLIE\u00dfLICH ANDORRA, EINSCHLIE\u00dfLICH MONACO UND KORSIKA) 22,50 \u20ac (inkl. 20% MwSt.)<\/li><\/ul><ul><li style=\"font-weight: 400;\">GROSSBRITANNIEN 22,50 \u20ac (inkl. 0% MwSt.)<\/li><\/ul><ul><li style=\"font-weight: 400;\">ITALIEN (EXKLUSIVE SAN MARINO UND MEHRWERTSTEUER) \u20ac20,00 (inkl. 22% MwSt.)<\/li><\/ul><ul><li style=\"font-weight: 400;\">LUXEMBURG 20,50 \u20ac (inkl. 17% MwSt.)<\/li><\/ul><ul><li style=\"font-weight: 400;\">\u00d6STERREICH \u20ac22,50 (inkl. 20% MwSt.)<\/li><\/ul><ul><li style=\"font-weight: 400;\">SCHWEIZ \u20ac22,50 (inkl. 0% MwSt.)<\/li><\/ul><ul style=\"font-weight: 400;\"><li>Norwegen \u20ac22,50 (inkl.21% MwSt.)<\/li><\/ul><h2><strong>Unsere Versandpartner<\/strong><\/h2><p>Um unsere Lieferzeiten zu gew\u00e4hrleisten, arbeiten wir mit Belgiens leistungsf\u00e4higsten Versandpartnern zusammen:<br \/>DHL, BPOST, POST NL und DPD<\/p><p>Die Bestellungen werden von Montag bis Freitag zugestellt.<\/p><p>Haben Sie noch Fragen?<br \/>Z\u00f6gern Sie nicht, uns eine E-Mail zu senden an <a style=\"color: black;\" href=\"mailto:info@gozz.be\">info@gozz.be<\/a>.<\/p><\/div><h2><b>R\u00fcckgabepolitik<\/b><\/h2><p><span style=\"font-weight: 400;\">Wenn Ihnen die Gr\u00f6\u00dfe oder die Farbe Ihres Artikels nicht gef\u00e4llt, k\u00f6nnen Sie ihn innerhalb von 14 Tagen umtauschen. Der Umtausch erfolgt auf Basis der geteilten Portokosten. Das bedeutet, dass Sie den umzutauschenden Artikel auf Ihre Kosten an Gozz4all zur\u00fccksenden und wir Ihnen auf unsere Kosten einen neuen Artikel zusenden werden.<\/span><\/p><p><span style=\"font-weight: 400;\">Die Versandkosten f\u00fcr die R\u00fccksendung gehen zu Ihren Lasten.<\/span><\/p><p><span style=\"font-weight: 400;\">Nach Eingang Ihrer R\u00fccksendung erhalten Sie von uns einen Gutschein \u00fcber den Betrag, f\u00fcr den Sie eingekauft haben. Das bedeutet, dass wir Ihnen kein Geld zur\u00fcck\u00fcberweisen, sondern dass Sie einen Gutschein erhalten. Dieser kann nur per E-Mail eingel\u00f6st werden. Sie senden uns eine E-Mail mit Ihrer Bestellung und Ihrem Gutschein.\u00a0<\/span><\/p><p><span style=\"font-weight: 400;\">Wenn Sie, der Kunde, ein anderes Produkt als das bestellte erhalten, gehen die Kosten f\u00fcr die R\u00fccksendung zu Lasten von Gozz4all und wir senden Ihnen das richtige Produkt kostenlos zu.<\/span><\/p><p><span style=\"font-weight: 400;\">Selbstverst\u00e4ndlich m\u00fcssen die Artikel ungetragen, sauber und ohne Flecken an uns zur\u00fcckgeschickt werden. Artikel mit Flecken k\u00f6nnen nicht zur\u00fcckgegeben werden.<\/span><\/p><p><span style=\"font-weight: 400;\">Bevor Sie einen Artikel zur\u00fccksenden oder umtauschen, bitten wir Sie, uns vorab per E-Mail zu kontaktieren. Bitte geben Sie die Rechnungsnummer und den Grund an, warum das Produkt nicht Ihren Erwartungen entspricht.<\/span><\/p><p><span style=\"font-weight: 400;\">Die Artikel werden nicht zur\u00fcckgenommen oder umgetauscht, wenn:<\/span><\/p><ul><li style=\"font-weight: 400;\" aria-level=\"1\"><span style=\"font-weight: 400;\">Ma\u00dfgeschneiderte Kleidung\u00a0<\/span><\/li><li style=\"font-weight: 400;\" aria-level=\"1\"><span style=\"font-weight: 400;\">Pflegeprodukte und Bademode werden aus hygienischen Gr\u00fcnden nicht zur\u00fcckgegeben<\/span><\/li><li style=\"font-weight: 400;\" aria-level=\"1\"><span style=\"font-weight: 400;\">Verkaufsartikel<\/span><\/li><li style=\"font-weight: 400;\" aria-level=\"1\"><span style=\"font-weight: 400;\">Kleidung, die bereits getragen oder gewaschen wurde\u00a0<\/span><\/li><li style=\"font-weight: 400;\" aria-level=\"1\"><span style=\"font-weight: 400;\">Kleidung, auf die der Name Ihres Kindes oder Patienten geschrieben oder gen\u00e4ht ist<\/span><\/li><li style=\"font-weight: 400;\" aria-level=\"1\"><span style=\"font-weight: 400;\">Kleidung, die Sie versucht haben, selbst anzupassen<\/span><\/li><li style=\"font-weight: 400;\" aria-level=\"1\"><span style=\"font-weight: 400;\">Kleidung, bei der die Originalverpackung oder das Etikett fehlt<\/span><\/li><li style=\"font-weight: 400;\" aria-level=\"1\"><span style=\"font-weight: 400;\">Kleidungsst\u00fccke, bei denen Sie die R\u00fcckgabe nicht im Voraus per E-Mail anmelden<\/span><\/li><li style=\"font-weight: 400;\" aria-level=\"1\"><span style=\"font-weight: 400;\">Verkaufte Artikel\u00a0<\/span><\/li><li style=\"font-weight: 400;\" aria-level=\"1\"><span style=\"font-weight: 400;\">Anti-Rei\u00df-Bekleidung\u00a0<\/span><\/li><\/ul><p><span style=\"font-weight: 400;\">Wenn Sie konkrete Fragen zu einem bestimmten Produkt haben, z\u00f6gern Sie nicht, uns eine E-Mail \u00fcber unser Kontaktformular zu schicken. Wir werden Ihnen so schnell wie m\u00f6glich helfen.<\/span><\/p><\/section><\/div><\/section><\/div>\t\t\t\t\t\t\t\t<\/div>\n\t\t\t\t<\/div>\n\t\t\t\t\t<\/div>\n\t\t<\/div>\n\t\t\t\t\t<\/div>\n\t\t<\/section>\n\t\t\t\t<\/div>","protected":false},"excerpt":{"rendered":"<p>Leveringen Levertijd van 2 a 3 weken.Ook specifiek maatwerk proberen we zo spoedig mogelijk te verzenden, hou hier echter rekening met een vijftal werkdagen extra. Verzendkosten NEDERLAND \u20ac 12,50 (incl. 21% BTW) BELGI\u00cb \u20ac 9,00 (incl. 21% BTW) DENEMARKEN (EXCLUSIEF GROENLAND EN FAER\u00d6ER EILANDEN) \u20ac 22,50 (incl. 25% BTW) DUITSLAND \u20ac 17,50 (incl. 19% BTW) [&hellip;]<\/p>\n","protected":false},"author":16,"featured_media":0,"parent":0,"menu_order":0,"comment_status":"closed","ping_status":"closed","template":"elementor_header_footer","meta":{"footnotes":""},"class_list":["post-1524","page","type-page","status-publish","hentry"],"yoast_head":"<!-- This site is optimized with the Yoast SEO plugin v27.2 - https:\/\/yoast.com\/product\/yoast-seo-wordpress\/ -->\n<title>Verzending en Retourbeleid | Gozz4All<\/title>\n<meta name=\"robots\" content=\"index, follow, max-snippet:-1, max-image-preview:large, max-video-preview:-1\" \/>\n<link rel=\"canonical\" href=\"https:\/\/gozz4all.com\/de\/verzending-en-retourbeleid\/\" \/>\n<meta property=\"og:locale\" content=\"de_DE\" \/>\n<meta property=\"og:type\" content=\"article\" \/>\n<meta property=\"og:title\" content=\"Verzending en Retourbeleid | Gozz4All\" \/>\n<meta property=\"og:description\" content=\"Leveringen Levertijd van 2 a 3 weken.Ook specifiek maatwerk proberen we zo spoedig mogelijk te verzenden, hou hier echter rekening met een vijftal werkdagen extra. Verzendkosten NEDERLAND \u20ac 12,50 (incl. 21% BTW) BELGI\u00cb \u20ac 9,00 (incl. 21% BTW) DENEMARKEN (EXCLUSIEF GROENLAND EN FAER\u00d6ER EILANDEN) \u20ac 22,50 (incl. 25% BTW) DUITSLAND \u20ac 17,50 (incl. 19% BTW) [&hellip;]\" \/>\n<meta property=\"og:url\" content=\"https:\/\/gozz4all.com\/de\/verzending-en-retourbeleid\/\" \/>\n<meta property=\"og:site_name\" content=\"Gozz4All\" \/>\n<meta property=\"article:publisher\" content=\"https:\/\/www.facebook.com\/gozz4all\/\" \/>\n<meta property=\"article:modified_time\" content=\"2024-03-13T13:02:34+00:00\" \/>\n<meta name=\"twitter:card\" content=\"summary_large_image\" \/>\n<meta name=\"twitter:label1\" content=\"Gesch\u00e4tzte Lesezeit\" \/>\n\t<meta name=\"twitter:data1\" content=\"1\u00a0Minute\" \/>\n<script type=\"application\/ld+json\" class=\"yoast-schema-graph\">{\"@context\":\"https:\/\/schema.org\",\"@graph\":[{\"@type\":\"WebPage\",\"@id\":\"https:\/\/gozz4all.com\/verzending-en-retourbeleid\/\",\"url\":\"https:\/\/gozz4all.com\/verzending-en-retourbeleid\/\",\"name\":\"Verzending en Retourbeleid | Gozz4All\",\"isPartOf\":{\"@id\":\"https:\/\/gozz4all.com\/fr\/#website\"},\"datePublished\":\"2017-09-21T10:01:24+00:00\",\"dateModified\":\"2024-03-13T13:02:34+00:00\",\"breadcrumb\":{\"@id\":\"https:\/\/gozz4all.com\/verzending-en-retourbeleid\/#breadcrumb\"},\"inLanguage\":\"de\",\"potentialAction\":[{\"@type\":\"ReadAction\",\"target\":[\"https:\/\/gozz4all.com\/verzending-en-retourbeleid\/\"]}]},{\"@type\":\"BreadcrumbList\",\"@id\":\"https:\/\/gozz4all.com\/verzending-en-retourbeleid\/#breadcrumb\",\"itemListElement\":[{\"@type\":\"ListItem\",\"position\":1,\"name\":\"Home\",\"item\":\"https:\/\/gozz4all.com\/\"},{\"@type\":\"ListItem\",\"position\":2,\"name\":\"Verzending en Retourbeleid\"}]},{\"@type\":\"WebSite\",\"@id\":\"https:\/\/gozz4all.com\/fr\/#website\",\"url\":\"https:\/\/gozz4all.com\/fr\/\",\"name\":\"Gozz4All\",\"description\":\"Gozz4All\",\"publisher\":{\"@id\":\"https:\/\/gozz4all.com\/fr\/#organization\"},\"potentialAction\":[{\"@type\":\"SearchAction\",\"target\":{\"@type\":\"EntryPoint\",\"urlTemplate\":\"https:\/\/gozz4all.com\/fr\/?s={search_term_string}\"},\"query-input\":{\"@type\":\"PropertyValueSpecification\",\"valueRequired\":true,\"valueName\":\"search_term_string\"}}],\"inLanguage\":\"de\"},{\"@type\":\"Organization\",\"@id\":\"https:\/\/gozz4all.com\/fr\/#organization\",\"name\":\"Gozz4all\",\"url\":\"https:\/\/gozz4all.com\/fr\/\",\"logo\":{\"@type\":\"ImageObject\",\"inLanguage\":\"de\",\"@id\":\"https:\/\/gozz4all.com\/fr\/#\/schema\/logo\/image\/\",\"url\":\"https:\/\/gozz4all.com\/wp-content\/uploads\/2020\/04\/Logo-ask-for-better-one.png\",\"contentUrl\":\"https:\/\/gozz4all.com\/wp-content\/uploads\/2020\/04\/Logo-ask-for-better-one.png\",\"width\":146,\"height\":60,\"caption\":\"Gozz4all\"},\"image\":{\"@id\":\"https:\/\/gozz4all.com\/fr\/#\/schema\/logo\/image\/\"},\"sameAs\":[\"https:\/\/www.facebook.com\/gozz4all\/\",\"https:\/\/www.instagram.com\/gozz4allfashion\/?hl=nl\"]}]}<\/script>\n<!-- \/ Yoast SEO plugin. -->","yoast_head_json":{"title":"Verzending en Retourbeleid | Gozz4All","robots":{"index":"index","follow":"follow","max-snippet":"max-snippet:-1","max-image-preview":"max-image-preview:large","max-video-preview":"max-video-preview:-1"},"canonical":"https:\/\/gozz4all.com\/de\/verzending-en-retourbeleid\/","og_locale":"de_DE","og_type":"article","og_title":"Verzending en Retourbeleid | Gozz4All","og_description":"Leveringen Levertijd van 2 a 3 weken.Ook specifiek maatwerk proberen we zo spoedig mogelijk te verzenden, hou hier echter rekening met een vijftal werkdagen extra. Verzendkosten NEDERLAND \u20ac 12,50 (incl. 21% BTW) BELGI\u00cb \u20ac 9,00 (incl. 21% BTW) DENEMARKEN (EXCLUSIEF GROENLAND EN FAER\u00d6ER EILANDEN) \u20ac 22,50 (incl. 25% BTW) DUITSLAND \u20ac 17,50 (incl. 19% BTW) [&hellip;]","og_url":"https:\/\/gozz4all.com\/de\/verzending-en-retourbeleid\/","og_site_name":"Gozz4All","article_publisher":"https:\/\/www.facebook.com\/gozz4all\/","article_modified_time":"2024-03-13T13:02:34+00:00","twitter_card":"summary_large_image","twitter_misc":{"Gesch\u00e4tzte Lesezeit":"1\u00a0Minute"},"schema":{"@context":"https:\/\/schema.org","@graph":[{"@type":"WebPage","@id":"https:\/\/gozz4all.com\/verzending-en-retourbeleid\/","url":"https:\/\/gozz4all.com\/verzending-en-retourbeleid\/","name":"Verzending en Retourbeleid | Gozz4All","isPartOf":{"@id":"https:\/\/gozz4all.com\/fr\/#website"},"datePublished":"2017-09-21T10:01:24+00:00","dateModified":"2024-03-13T13:02:34+00:00","breadcrumb":{"@id":"https:\/\/gozz4all.com\/verzending-en-retourbeleid\/#breadcrumb"},"inLanguage":"de","potentialAction":[{"@type":"ReadAction","target":["https:\/\/gozz4all.com\/verzending-en-retourbeleid\/"]}]},{"@type":"BreadcrumbList","@id":"https:\/\/gozz4all.com\/verzending-en-retourbeleid\/#breadcrumb","itemListElement":[{"@type":"ListItem","position":1,"name":"Home","item":"https:\/\/gozz4all.com\/"},{"@type":"ListItem","position":2,"name":"Verzending en Retourbeleid"}]},{"@type":"WebSite","@id":"https:\/\/gozz4all.com\/fr\/#website","url":"https:\/\/gozz4all.com\/fr\/","name":"Gozz4All","description":"Gozz4All","publisher":{"@id":"https:\/\/gozz4all.com\/fr\/#organization"},"potentialAction":[{"@type":"SearchAction","target":{"@type":"EntryPoint","urlTemplate":"https:\/\/gozz4all.com\/fr\/?s={search_term_string}"},"query-input":{"@type":"PropertyValueSpecification","valueRequired":true,"valueName":"search_term_string"}}],"inLanguage":"de"},{"@type":"Organization","@id":"https:\/\/gozz4all.com\/fr\/#organization","name":"Gozz4all","url":"https:\/\/gozz4all.com\/fr\/","logo":{"@type":"ImageObject","inLanguage":"de","@id":"https:\/\/gozz4all.com\/fr\/#\/schema\/logo\/image\/","url":"https:\/\/gozz4all.com\/wp-content\/uploads\/2020\/04\/Logo-ask-for-better-one.png","contentUrl":"https:\/\/gozz4all.com\/wp-content\/uploads\/2020\/04\/Logo-ask-for-better-one.png","width":146,"height":60,"caption":"Gozz4all"},"image":{"@id":"https:\/\/gozz4all.com\/fr\/#\/schema\/logo\/image\/"},"sameAs":["https:\/\/www.facebook.com\/gozz4all\/","https:\/\/www.instagram.com\/gozz4allfashion\/?hl=nl"]}]}},"_links":{"self":[{"href":"https:\/\/gozz4all.com\/de\/wp-json\/wp\/v2\/pages\/1524","targetHints":{"allow":["GET"]}}],"collection":[{"href":"https:\/\/gozz4all.com\/de\/wp-json\/wp\/v2\/pages"}],"about":[{"href":"https:\/\/gozz4all.com\/de\/wp-json\/wp\/v2\/types\/page"}],"author":[{"embeddable":true,"href":"https:\/\/gozz4all.com\/de\/wp-json\/wp\/v2\/users\/16"}],"replies":[{"embeddable":true,"href":"https:\/\/gozz4all.com\/de\/wp-json\/wp\/v2\/comments?post=1524"}],"version-history":[{"count":32,"href":"https:\/\/gozz4all.com\/de\/wp-json\/wp\/v2\/pages\/1524\/revisions"}],"predecessor-version":[{"id":26076,"href":"https:\/\/gozz4all.com\/de\/wp-json\/wp\/v2\/pages\/1524\/revisions\/26076"}],"wp:attachment":[{"href":"https:\/\/gozz4all.com\/de\/wp-json\/wp\/v2\/media?parent=1524"}],"curies":[{"name":"wp","href":"https:\/\/api.w.org\/{rel}","templated":true}]}}