{"id":1494,"date":"2017-09-21T09:41:24","date_gmt":"2017-09-21T09:41:24","guid":{"rendered":"http:\/\/gozz.testomgeving.website\/?page_id=1494"},"modified":"2022-01-12T13:27:12","modified_gmt":"2022-01-12T11:27:12","slug":"ons-verhaal","status":"publish","type":"page","link":"https:\/\/gozz4all.com\/de\/ons-verhaal\/","title":{"rendered":"Unsere Geschichte"},"content":{"rendered":"<div data-elementor-type=\"wp-page\" data-elementor-id=\"1494\" class=\"elementor elementor-1494\" data-elementor-post-type=\"page\">\n\t\t\t\t\t\t<section class=\"elementor-section elementor-top-section elementor-element elementor-element-961d11a elementor-section-boxed elementor-section-height-default elementor-section-height-default\" data-id=\"961d11a\" data-element_type=\"section\" data-e-type=\"section\" data-settings=\"{&quot;background_background&quot;:&quot;classic&quot;}\">\n\t\t\t\t\t\t<div class=\"elementor-container elementor-column-gap-default\">\n\t\t\t\t\t<div class=\"elementor-column elementor-col-100 elementor-top-column elementor-element elementor-element-2c21917\" data-id=\"2c21917\" data-element_type=\"column\" data-e-type=\"column\">\n\t\t\t<div class=\"elementor-widget-wrap elementor-element-populated\">\n\t\t\t\t\t\t<div class=\"elementor-element elementor-element-1ed5f8d elementor-widget__width-initial elementor-widget elementor-widget-heading\" data-id=\"1ed5f8d\" data-element_type=\"widget\" data-e-type=\"widget\" data-widget_type=\"heading.default\">\n\t\t\t\t<div class=\"elementor-widget-container\">\n\t\t\t\t\t<h1 class=\"elementor-heading-title elementor-size-default\">Unsere Geschichte<\/h1>\t\t\t\t<\/div>\n\t\t\t\t<\/div>\n\t\t\t\t\t<\/div>\n\t\t<\/div>\n\t\t\t\t\t<\/div>\n\t\t<\/section>\n\t\t\t\t<section class=\"elementor-section elementor-top-section elementor-element elementor-element-e458310 elementor-section-boxed elementor-section-height-default elementor-section-height-default\" data-id=\"e458310\" data-element_type=\"section\" data-e-type=\"section\">\n\t\t\t\t\t\t<div class=\"elementor-container elementor-column-gap-default\">\n\t\t\t\t\t<div class=\"elementor-column elementor-col-50 elementor-top-column elementor-element elementor-element-3e57fdf\" data-id=\"3e57fdf\" data-element_type=\"column\" data-e-type=\"column\">\n\t\t\t<div class=\"elementor-widget-wrap elementor-element-populated\">\n\t\t\t\t\t\t<div class=\"elementor-element elementor-element-f254b25 elementor-widget elementor-widget-image\" data-id=\"f254b25\" data-element_type=\"widget\" data-e-type=\"widget\" data-widget_type=\"image.default\">\n\t\t\t\t<div class=\"elementor-widget-container\">\n\t\t\t\t\t\t\t\t\t\t\t\t\t\t\t<img fetchpriority=\"high\" decoding=\"async\" width=\"771\" height=\"1030\" src=\"https:\/\/gozz4all.com\/wp-content\/uploads\/2020\/04\/Elke-bij-Over-ons-771x1030.jpg\" class=\"attachment-large size-large wp-image-12726\" alt=\"\" srcset=\"https:\/\/gozz4all.com\/wp-content\/uploads\/2020\/04\/Elke-bij-Over-ons-771x1030.jpg 771w, https:\/\/gozz4all.com\/wp-content\/uploads\/2020\/04\/Elke-bij-Over-ons-225x300.jpg 225w, https:\/\/gozz4all.com\/wp-content\/uploads\/2020\/04\/Elke-bij-Over-ons-768x1026.jpg 768w, https:\/\/gozz4all.com\/wp-content\/uploads\/2020\/04\/Elke-bij-Over-ons-450x601.jpg 450w, https:\/\/gozz4all.com\/wp-content\/uploads\/2020\/04\/Elke-bij-Over-ons.jpg 898w\" sizes=\"(max-width: 771px) 100vw, 771px\" \/>\t\t\t\t\t\t\t\t\t\t\t\t\t\t\t<\/div>\n\t\t\t\t<\/div>\n\t\t\t\t\t<\/div>\n\t\t<\/div>\n\t\t\t\t<div class=\"elementor-column elementor-col-50 elementor-top-column elementor-element elementor-element-54c5a6c\" data-id=\"54c5a6c\" data-element_type=\"column\" data-e-type=\"column\">\n\t\t\t<div class=\"elementor-widget-wrap elementor-element-populated\">\n\t\t\t\t\t\t<div class=\"elementor-element elementor-element-a0a82b8 elementor-widget elementor-widget-heading\" data-id=\"a0a82b8\" data-element_type=\"widget\" data-e-type=\"widget\" data-widget_type=\"heading.default\">\n\t\t\t\t<div class=\"elementor-widget-container\">\n\t\t\t\t\t<h2 class=\"elementor-heading-title elementor-size-default\">Hallo, sehr nett, dass Sie sich die Zeit genommen haben, unsere Geschichte zu lesen!<\/h2>\t\t\t\t<\/div>\n\t\t\t\t<\/div>\n\t\t\t\t<div class=\"elementor-element elementor-element-fdf6661 elementor-widget elementor-widget-text-editor\" data-id=\"fdf6661\" data-element_type=\"widget\" data-e-type=\"widget\" data-widget_type=\"text-editor.default\">\n\t\t\t\t<div class=\"elementor-widget-container\">\n\t\t\t\t\t\t\t\t\t<div class=\"flex_column av_three_fifth flex_column_div av-zero-column-padding avia-builder-el-3 el_after_av_two_fifth el_before_av_textblock\"><section class=\"av_textblock_section\"><div class=\"avia_textblock\"><p>Elke wurde als Fr\u00fchchen geboren, aber nach einem aufregenden Start wuchs sie zu einem gro\u00dfen Baby heran. Bald bemerkten wir jedoch, dass ihre Entwicklung nicht wie erwartet verlief, und eine ganze Reihe von Arztbesuchen und Tests sp\u00e4ter folgte schlie\u00dflich die Diagnose: Sie leidet am Phelan-McDermid 22q13-Deletionssyndrom.<\/p><p>Ihr fehlt ein Chromosomenst\u00fcck, wodurch sie in ihrer Entwicklung verz\u00f6gert ist: Sprechen ist nicht m\u00f6glich, Laufen f\u00e4llt ihr schwer, sie tr\u00e4gt eine Windel usw. Das macht ganz allt\u00e4gliche Dinge wie die Suche nach Windeln, geeigneter Kleidung oder einem geeigneten Bett zu einer Herausforderung. Diese Erkenntnisse waren der Ausl\u00f6ser f\u00fcr die Idee zu Gozz. Uns ist aufgefallen, dass sich in diesem Bereich in all der Zeit scheinbar wenig ge\u00e4ndert hat: Die Suche nach funktioneller Kleidung, die trotzdem bunt und modisch ist, blieb eine Daueraufgabe. Das hat uns veranlasst, selbst die \u00c4rmel hochzukrempeln und Gozz4All zu gr\u00fcnden.<\/p><p>Wenn ihr wissen wollt, zu welchen Ideen Elke uns inspiriert hat, dann schaut unbedingt mal rein <strong><a href=\"https:\/\/gozz4all.com\/de\/update.shop\/\">unsere Sammlung<\/a><\/strong>. Ich hoffe, Sie sind genauso begeistert wie wir!<\/p><p>Haben Sie Fragen zu unserer Kollektion oder eine Idee f\u00fcr eine spezielle Anpassung?<\/p><p>Informieren Sie uns \u00fcber\u00a0<strong><a href=\"mailto:info@gozz.be\">info@gozz.be<\/a><\/strong>\u00a0oder auf unserer Facebook-Seite\u00a0<a href=\"https:\/\/www.facebook.com\/gozz4all\/?ref=aymt_homepage_panel\" target=\"_blank\" rel=\"noopener noreferrer\"><strong>Gozz<\/strong>!\u00a0<\/a><\/p><p>Mit freundlichen Gr\u00fc\u00dfen, Team GOZZ<\/p><\/div><\/section><\/div>\t\t\t\t\t\t\t\t<\/div>\n\t\t\t\t<\/div>\n\t\t\t\t\t<\/div>\n\t\t<\/div>\n\t\t\t\t\t<\/div>\n\t\t<\/section>\n\t\t\t\t<\/div>","protected":false},"excerpt":{"rendered":"<p>Hallo, heel fijn dat je even de tijd neemt om ons verhaal te lezen! Elke werd als prematuurtje geboren maar na een spannende start groeide ze uit tot een flinke baby. Als snel merkten we echter dat haar ontwikkeling toch niet zo liep als verwacht en een hele reeks doktersbezoeken en onderzoeken later volgde dan [&hellip;]<\/p>\n","protected":false},"author":16,"featured_media":0,"parent":0,"menu_order":0,"comment_status":"closed","ping_status":"closed","template":"","meta":{"footnotes":""},"class_list":["post-1494","page","type-page","status-publish","hentry"],"yoast_head":"<!-- This site is optimized with the Yoast SEO plugin v27.2 - https:\/\/yoast.com\/product\/yoast-seo-wordpress\/ -->\n<title>Het verhaal achter Gozz4All | Modern en goed gekleed<\/title>\n<meta name=\"description\" content=\"De zoektocht naar functionele kledij die toch kleurrijk en modieus was, het bleef een continue opgave. Gozz4All is hierop het antwoord.\" \/>\n<meta name=\"robots\" content=\"index, follow, max-snippet:-1, max-image-preview:large, max-video-preview:-1\" \/>\n<link rel=\"canonical\" href=\"https:\/\/gozz4all.com\/de\/ons-verhaal\/\" \/>\n<meta property=\"og:locale\" content=\"de_DE\" \/>\n<meta property=\"og:type\" content=\"article\" \/>\n<meta property=\"og:title\" content=\"Het verhaal achter Gozz4All | Modern en goed gekleed\" \/>\n<meta property=\"og:description\" content=\"De zoektocht naar functionele kledij die toch kleurrijk en modieus was, het bleef een continue opgave. Gozz4All is hierop het antwoord.\" \/>\n<meta property=\"og:url\" content=\"https:\/\/gozz4all.com\/de\/ons-verhaal\/\" \/>\n<meta property=\"og:site_name\" content=\"Gozz4All\" \/>\n<meta property=\"article:publisher\" content=\"https:\/\/www.facebook.com\/gozz4all\/\" \/>\n<meta property=\"article:modified_time\" content=\"2022-01-12T11:27:12+00:00\" \/>\n<meta property=\"og:image\" content=\"https:\/\/gozz4all.com\/wp-content\/uploads\/2020\/04\/Elke-bij-Over-ons-771x1030.jpg\" \/>\n<meta name=\"twitter:card\" content=\"summary_large_image\" \/>\n<meta name=\"twitter:label1\" content=\"Gesch\u00e4tzte Lesezeit\" \/>\n\t<meta name=\"twitter:data1\" content=\"2\u00a0Minuten\" \/>\n<script type=\"application\/ld+json\" class=\"yoast-schema-graph\">{\"@context\":\"https:\/\/schema.org\",\"@graph\":[{\"@type\":\"WebPage\",\"@id\":\"https:\/\/gozz4all.com\/ons-verhaal\/\",\"url\":\"https:\/\/gozz4all.com\/ons-verhaal\/\",\"name\":\"Het verhaal achter Gozz4All | Modern en goed gekleed\",\"isPartOf\":{\"@id\":\"https:\/\/gozz4all.com\/fr\/#website\"},\"primaryImageOfPage\":{\"@id\":\"https:\/\/gozz4all.com\/ons-verhaal\/#primaryimage\"},\"image\":{\"@id\":\"https:\/\/gozz4all.com\/ons-verhaal\/#primaryimage\"},\"thumbnailUrl\":\"https:\/\/gozz4all.com\/wp-content\/uploads\/2020\/04\/Elke-bij-Over-ons-771x1030.jpg\",\"datePublished\":\"2017-09-21T09:41:24+00:00\",\"dateModified\":\"2022-01-12T11:27:12+00:00\",\"description\":\"De zoektocht naar functionele kledij die toch kleurrijk en modieus was, het bleef een continue opgave. Gozz4All is hierop het antwoord.\",\"breadcrumb\":{\"@id\":\"https:\/\/gozz4all.com\/ons-verhaal\/#breadcrumb\"},\"inLanguage\":\"de\",\"potentialAction\":[{\"@type\":\"ReadAction\",\"target\":[\"https:\/\/gozz4all.com\/ons-verhaal\/\"]}]},{\"@type\":\"ImageObject\",\"inLanguage\":\"de\",\"@id\":\"https:\/\/gozz4all.com\/ons-verhaal\/#primaryimage\",\"url\":\"https:\/\/gozz4all.com\/wp-content\/uploads\/2020\/04\/Elke-bij-Over-ons-771x1030.jpg\",\"contentUrl\":\"https:\/\/gozz4all.com\/wp-content\/uploads\/2020\/04\/Elke-bij-Over-ons-771x1030.jpg\"},{\"@type\":\"BreadcrumbList\",\"@id\":\"https:\/\/gozz4all.com\/ons-verhaal\/#breadcrumb\",\"itemListElement\":[{\"@type\":\"ListItem\",\"position\":1,\"name\":\"Home\",\"item\":\"https:\/\/gozz4all.com\/\"},{\"@type\":\"ListItem\",\"position\":2,\"name\":\"Ons verhaal\"}]},{\"@type\":\"WebSite\",\"@id\":\"https:\/\/gozz4all.com\/fr\/#website\",\"url\":\"https:\/\/gozz4all.com\/fr\/\",\"name\":\"Gozz4All\",\"description\":\"Gozz4All\",\"publisher\":{\"@id\":\"https:\/\/gozz4all.com\/fr\/#organization\"},\"potentialAction\":[{\"@type\":\"SearchAction\",\"target\":{\"@type\":\"EntryPoint\",\"urlTemplate\":\"https:\/\/gozz4all.com\/fr\/?s={search_term_string}\"},\"query-input\":{\"@type\":\"PropertyValueSpecification\",\"valueRequired\":true,\"valueName\":\"search_term_string\"}}],\"inLanguage\":\"de\"},{\"@type\":\"Organization\",\"@id\":\"https:\/\/gozz4all.com\/fr\/#organization\",\"name\":\"Gozz4all\",\"url\":\"https:\/\/gozz4all.com\/fr\/\",\"logo\":{\"@type\":\"ImageObject\",\"inLanguage\":\"de\",\"@id\":\"https:\/\/gozz4all.com\/fr\/#\/schema\/logo\/image\/\",\"url\":\"https:\/\/gozz4all.com\/wp-content\/uploads\/2020\/04\/Logo-ask-for-better-one.png\",\"contentUrl\":\"https:\/\/gozz4all.com\/wp-content\/uploads\/2020\/04\/Logo-ask-for-better-one.png\",\"width\":146,\"height\":60,\"caption\":\"Gozz4all\"},\"image\":{\"@id\":\"https:\/\/gozz4all.com\/fr\/#\/schema\/logo\/image\/\"},\"sameAs\":[\"https:\/\/www.facebook.com\/gozz4all\/\",\"https:\/\/www.instagram.com\/gozz4allfashion\/?hl=nl\"]}]}<\/script>\n<!-- \/ Yoast SEO plugin. -->","yoast_head_json":{"title":"Het verhaal achter Gozz4All | Modern en goed gekleed","description":"De zoektocht naar functionele kledij die toch kleurrijk en modieus was, het bleef een continue opgave. Gozz4All is hierop het antwoord.","robots":{"index":"index","follow":"follow","max-snippet":"max-snippet:-1","max-image-preview":"max-image-preview:large","max-video-preview":"max-video-preview:-1"},"canonical":"https:\/\/gozz4all.com\/de\/ons-verhaal\/","og_locale":"de_DE","og_type":"article","og_title":"Het verhaal achter Gozz4All | Modern en goed gekleed","og_description":"De zoektocht naar functionele kledij die toch kleurrijk en modieus was, het bleef een continue opgave. Gozz4All is hierop het antwoord.","og_url":"https:\/\/gozz4all.com\/de\/ons-verhaal\/","og_site_name":"Gozz4All","article_publisher":"https:\/\/www.facebook.com\/gozz4all\/","article_modified_time":"2022-01-12T11:27:12+00:00","og_image":[{"url":"https:\/\/gozz4all.com\/wp-content\/uploads\/2020\/04\/Elke-bij-Over-ons-771x1030.jpg","type":"","width":"","height":""}],"twitter_card":"summary_large_image","twitter_misc":{"Gesch\u00e4tzte Lesezeit":"2\u00a0Minuten"},"schema":{"@context":"https:\/\/schema.org","@graph":[{"@type":"WebPage","@id":"https:\/\/gozz4all.com\/ons-verhaal\/","url":"https:\/\/gozz4all.com\/ons-verhaal\/","name":"Het verhaal achter Gozz4All | Modern en goed gekleed","isPartOf":{"@id":"https:\/\/gozz4all.com\/fr\/#website"},"primaryImageOfPage":{"@id":"https:\/\/gozz4all.com\/ons-verhaal\/#primaryimage"},"image":{"@id":"https:\/\/gozz4all.com\/ons-verhaal\/#primaryimage"},"thumbnailUrl":"https:\/\/gozz4all.com\/wp-content\/uploads\/2020\/04\/Elke-bij-Over-ons-771x1030.jpg","datePublished":"2017-09-21T09:41:24+00:00","dateModified":"2022-01-12T11:27:12+00:00","description":"De zoektocht naar functionele kledij die toch kleurrijk en modieus was, het bleef een continue opgave. Gozz4All is hierop het antwoord.","breadcrumb":{"@id":"https:\/\/gozz4all.com\/ons-verhaal\/#breadcrumb"},"inLanguage":"de","potentialAction":[{"@type":"ReadAction","target":["https:\/\/gozz4all.com\/ons-verhaal\/"]}]},{"@type":"ImageObject","inLanguage":"de","@id":"https:\/\/gozz4all.com\/ons-verhaal\/#primaryimage","url":"https:\/\/gozz4all.com\/wp-content\/uploads\/2020\/04\/Elke-bij-Over-ons-771x1030.jpg","contentUrl":"https:\/\/gozz4all.com\/wp-content\/uploads\/2020\/04\/Elke-bij-Over-ons-771x1030.jpg"},{"@type":"BreadcrumbList","@id":"https:\/\/gozz4all.com\/ons-verhaal\/#breadcrumb","itemListElement":[{"@type":"ListItem","position":1,"name":"Home","item":"https:\/\/gozz4all.com\/"},{"@type":"ListItem","position":2,"name":"Ons verhaal"}]},{"@type":"WebSite","@id":"https:\/\/gozz4all.com\/fr\/#website","url":"https:\/\/gozz4all.com\/fr\/","name":"Gozz4All","description":"Gozz4All","publisher":{"@id":"https:\/\/gozz4all.com\/fr\/#organization"},"potentialAction":[{"@type":"SearchAction","target":{"@type":"EntryPoint","urlTemplate":"https:\/\/gozz4all.com\/fr\/?s={search_term_string}"},"query-input":{"@type":"PropertyValueSpecification","valueRequired":true,"valueName":"search_term_string"}}],"inLanguage":"de"},{"@type":"Organization","@id":"https:\/\/gozz4all.com\/fr\/#organization","name":"Gozz4all","url":"https:\/\/gozz4all.com\/fr\/","logo":{"@type":"ImageObject","inLanguage":"de","@id":"https:\/\/gozz4all.com\/fr\/#\/schema\/logo\/image\/","url":"https:\/\/gozz4all.com\/wp-content\/uploads\/2020\/04\/Logo-ask-for-better-one.png","contentUrl":"https:\/\/gozz4all.com\/wp-content\/uploads\/2020\/04\/Logo-ask-for-better-one.png","width":146,"height":60,"caption":"Gozz4all"},"image":{"@id":"https:\/\/gozz4all.com\/fr\/#\/schema\/logo\/image\/"},"sameAs":["https:\/\/www.facebook.com\/gozz4all\/","https:\/\/www.instagram.com\/gozz4allfashion\/?hl=nl"]}]}},"_links":{"self":[{"href":"https:\/\/gozz4all.com\/de\/wp-json\/wp\/v2\/pages\/1494","targetHints":{"allow":["GET"]}}],"collection":[{"href":"https:\/\/gozz4all.com\/de\/wp-json\/wp\/v2\/pages"}],"about":[{"href":"https:\/\/gozz4all.com\/de\/wp-json\/wp\/v2\/types\/page"}],"author":[{"embeddable":true,"href":"https:\/\/gozz4all.com\/de\/wp-json\/wp\/v2\/users\/16"}],"replies":[{"embeddable":true,"href":"https:\/\/gozz4all.com\/de\/wp-json\/wp\/v2\/comments?post=1494"}],"version-history":[{"count":28,"href":"https:\/\/gozz4all.com\/de\/wp-json\/wp\/v2\/pages\/1494\/revisions"}],"predecessor-version":[{"id":16042,"href":"https:\/\/gozz4all.com\/de\/wp-json\/wp\/v2\/pages\/1494\/revisions\/16042"}],"wp:attachment":[{"href":"https:\/\/gozz4all.com\/de\/wp-json\/wp\/v2\/media?parent=1494"}],"curies":[{"name":"wp","href":"https:\/\/api.w.org\/{rel}","templated":true}]}}