{"id":1314,"date":"2017-09-20T12:36:34","date_gmt":"2017-09-20T12:36:34","guid":{"rendered":"http:\/\/gozz.testomgeving.website\/winkelkarretje\/"},"modified":"2024-12-03T14:57:37","modified_gmt":"2024-12-03T12:57:37","slug":"winkelwagen","status":"publish","type":"page","link":"https:\/\/gozz4all.com\/de\/winkelwagen\/","title":{"rendered":"Einkaufswagen"},"content":{"rendered":"<div data-elementor-type=\"wp-page\" data-elementor-id=\"1314\" class=\"elementor elementor-1314\" data-elementor-post-type=\"page\">\n\t\t\t\t\t\t<section class=\"elementor-section elementor-top-section elementor-element elementor-element-2da8461 elementor-section-boxed elementor-section-height-default elementor-section-height-default\" data-id=\"2da8461\" data-element_type=\"section\" data-e-type=\"section\" data-settings=\"{&quot;background_background&quot;:&quot;classic&quot;}\">\n\t\t\t\t\t\t<div class=\"elementor-container elementor-column-gap-default\">\n\t\t\t\t\t<div class=\"elementor-column elementor-col-100 elementor-top-column elementor-element elementor-element-24d78dd\" data-id=\"24d78dd\" data-element_type=\"column\" data-e-type=\"column\">\n\t\t\t<div class=\"elementor-widget-wrap elementor-element-populated\">\n\t\t\t\t\t\t<div class=\"elementor-element elementor-element-475dfe9 elementor-widget__width-initial elementor-widget elementor-widget-heading\" data-id=\"475dfe9\" data-element_type=\"widget\" data-e-type=\"widget\" data-widget_type=\"heading.default\">\n\t\t\t\t<div class=\"elementor-widget-container\">\n\t\t\t\t\t<h1 class=\"elementor-heading-title elementor-size-default\">Einkaufswagen<\/h1>\t\t\t\t<\/div>\n\t\t\t\t<\/div>\n\t\t\t\t\t<\/div>\n\t\t<\/div>\n\t\t\t\t\t<\/div>\n\t\t<\/section>\n\t\t\t\t<section class=\"elementor-section elementor-top-section elementor-element elementor-element-3083139d elementor-section-boxed elementor-section-height-default elementor-section-height-default\" data-id=\"3083139d\" data-element_type=\"section\" data-e-type=\"section\">\n\t\t\t\t\t\t<div class=\"elementor-container elementor-column-gap-default\">\n\t\t\t\t\t<div class=\"elementor-column elementor-col-100 elementor-top-column elementor-element elementor-element-3e3ed82e\" data-id=\"3e3ed82e\" data-element_type=\"column\" data-e-type=\"column\">\n\t\t\t<div class=\"elementor-widget-wrap elementor-element-populated\">\n\t\t\t\t\t\t\t<\/div>\n\t\t<\/div>\n\t\t\t\t\t<\/div>\n\t\t<\/section>\n\t\t\t\t<\/div>","protected":false},"excerpt":{"rendered":"<p>Artikel verwijderen Miniatuurafbeelding Product Prijs Aantal Subtotaal &times; Jumpy Aapje Maat: 104 &#8211; 110 Uitvoering: Opening in de linkerzijde &euro;29.95 Jumpy Aapje &#8211; 104 &#8211; 110 aantal &euro;29.95 Waardebon toepassen Totalen winkelwagen Subtotaal &euro;29.95 Verzending Vast tarief: &euro;14.52 Verzenden naar Kalishoekstraat 197A, 9120 Beveren. Adres wijzigen Land\/regio: Selecteer een land\/regio&hellip;Australi\u00ebBelgi\u00ebDenemarkenDuitslandFrankrijkItali\u00ebLuxemburgMonacoNederlandNoorwegenOostenrijkVerenigd Koninkrijk (UK)Verenigde Staten (US)Zwitserland Plaats: [&hellip;]<\/p>\n","protected":false},"author":16,"featured_media":0,"parent":0,"menu_order":0,"comment_status":"closed","ping_status":"closed","template":"","meta":{"footnotes":""},"class_list":["post-1314","page","type-page","status-publish","hentry"],"yoast_head":"<!-- This site is optimized with the Yoast SEO plugin v27.2 - https:\/\/yoast.com\/product\/yoast-seo-wordpress\/ -->\n<title>Winkelwagen | Gozz4All<\/title>\n<meta name=\"robots\" content=\"index, follow, max-snippet:-1, max-image-preview:large, max-video-preview:-1\" \/>\n<link rel=\"canonical\" href=\"https:\/\/gozz4all.com\/de\/winkelwagen\/\" \/>\n<meta property=\"og:locale\" content=\"de_DE\" \/>\n<meta property=\"og:type\" content=\"article\" \/>\n<meta property=\"og:title\" content=\"Winkelwagen | Gozz4All\" \/>\n<meta property=\"og:description\" content=\"Artikel verwijderen Miniatuurafbeelding Product Prijs Aantal Subtotaal &times; Jumpy Aapje Maat: 104 &#8211; 110 Uitvoering: Opening in de linkerzijde &euro;29.95 Jumpy Aapje &#8211; 104 &#8211; 110 aantal &euro;29.95 Waardebon toepassen Totalen winkelwagen Subtotaal &euro;29.95 Verzending Vast tarief: &euro;14.52 Verzenden naar Kalishoekstraat 197A, 9120 Beveren. Adres wijzigen Land\/regio: Selecteer een land\/regio&hellip;Australi\u00ebBelgi\u00ebDenemarkenDuitslandFrankrijkItali\u00ebLuxemburgMonacoNederlandNoorwegenOostenrijkVerenigd Koninkrijk (UK)Verenigde Staten (US)Zwitserland Plaats: [&hellip;]\" \/>\n<meta property=\"og:url\" content=\"https:\/\/gozz4all.com\/de\/winkelwagen\/\" \/>\n<meta property=\"og:site_name\" content=\"Gozz4All\" \/>\n<meta property=\"article:publisher\" content=\"https:\/\/www.facebook.com\/gozz4all\/\" \/>\n<meta property=\"article:modified_time\" content=\"2024-12-03T12:57:37+00:00\" \/>\n<meta property=\"og:image\" content=\"https:\/\/gozz4all.com\/wp-content\/uploads\/2022\/04\/Jumpy_Aap-removebg-preview-419x450.jpg\" \/>\n<meta name=\"twitter:card\" content=\"summary_large_image\" \/>\n<meta name=\"twitter:label1\" content=\"Gesch\u00e4tzte Lesezeit\" \/>\n\t<meta name=\"twitter:data1\" content=\"1\u00a0Minute\" \/>\n<script type=\"application\/ld+json\" class=\"yoast-schema-graph\">{\"@context\":\"https:\/\/schema.org\",\"@graph\":[{\"@type\":\"WebPage\",\"@id\":\"https:\/\/gozz4all.com\/winkelwagen\/\",\"url\":\"https:\/\/gozz4all.com\/winkelwagen\/\",\"name\":\"Winkelwagen | Gozz4All\",\"isPartOf\":{\"@id\":\"https:\/\/gozz4all.com\/fr\/#website\"},\"primaryImageOfPage\":{\"@id\":\"https:\/\/gozz4all.com\/winkelwagen\/#primaryimage\"},\"image\":{\"@id\":\"https:\/\/gozz4all.com\/winkelwagen\/#primaryimage\"},\"thumbnailUrl\":\"https:\/\/gozz4all.com\/wp-content\/uploads\/2022\/04\/Jumpy_Aap-removebg-preview-419x450.jpg\",\"datePublished\":\"2017-09-20T12:36:34+00:00\",\"dateModified\":\"2024-12-03T12:57:37+00:00\",\"breadcrumb\":{\"@id\":\"https:\/\/gozz4all.com\/winkelwagen\/#breadcrumb\"},\"inLanguage\":\"de\",\"potentialAction\":[{\"@type\":\"ReadAction\",\"target\":[\"https:\/\/gozz4all.com\/winkelwagen\/\"]}]},{\"@type\":\"ImageObject\",\"inLanguage\":\"de\",\"@id\":\"https:\/\/gozz4all.com\/winkelwagen\/#primaryimage\",\"url\":\"https:\/\/gozz4all.com\/wp-content\/uploads\/2022\/04\/Jumpy_Aap-removebg-preview-419x450.jpg\",\"contentUrl\":\"https:\/\/gozz4all.com\/wp-content\/uploads\/2022\/04\/Jumpy_Aap-removebg-preview-419x450.jpg\"},{\"@type\":\"BreadcrumbList\",\"@id\":\"https:\/\/gozz4all.com\/winkelwagen\/#breadcrumb\",\"itemListElement\":[{\"@type\":\"ListItem\",\"position\":1,\"name\":\"Home\",\"item\":\"https:\/\/gozz4all.com\/\"},{\"@type\":\"ListItem\",\"position\":2,\"name\":\"Winkelwagen\"}]},{\"@type\":\"WebSite\",\"@id\":\"https:\/\/gozz4all.com\/fr\/#website\",\"url\":\"https:\/\/gozz4all.com\/fr\/\",\"name\":\"Gozz4All\",\"description\":\"Gozz4All\",\"publisher\":{\"@id\":\"https:\/\/gozz4all.com\/fr\/#organization\"},\"potentialAction\":[{\"@type\":\"SearchAction\",\"target\":{\"@type\":\"EntryPoint\",\"urlTemplate\":\"https:\/\/gozz4all.com\/fr\/?s={search_term_string}\"},\"query-input\":{\"@type\":\"PropertyValueSpecification\",\"valueRequired\":true,\"valueName\":\"search_term_string\"}}],\"inLanguage\":\"de\"},{\"@type\":\"Organization\",\"@id\":\"https:\/\/gozz4all.com\/fr\/#organization\",\"name\":\"Gozz4all\",\"url\":\"https:\/\/gozz4all.com\/fr\/\",\"logo\":{\"@type\":\"ImageObject\",\"inLanguage\":\"de\",\"@id\":\"https:\/\/gozz4all.com\/fr\/#\/schema\/logo\/image\/\",\"url\":\"https:\/\/gozz4all.com\/wp-content\/uploads\/2020\/04\/Logo-ask-for-better-one.png\",\"contentUrl\":\"https:\/\/gozz4all.com\/wp-content\/uploads\/2020\/04\/Logo-ask-for-better-one.png\",\"width\":146,\"height\":60,\"caption\":\"Gozz4all\"},\"image\":{\"@id\":\"https:\/\/gozz4all.com\/fr\/#\/schema\/logo\/image\/\"},\"sameAs\":[\"https:\/\/www.facebook.com\/gozz4all\/\",\"https:\/\/www.instagram.com\/gozz4allfashion\/?hl=nl\"]}]}<\/script>\n<!-- \/ Yoast SEO plugin. -->","yoast_head_json":{"title":"Winkelwagen | Gozz4All","robots":{"index":"index","follow":"follow","max-snippet":"max-snippet:-1","max-image-preview":"max-image-preview:large","max-video-preview":"max-video-preview:-1"},"canonical":"https:\/\/gozz4all.com\/de\/winkelwagen\/","og_locale":"de_DE","og_type":"article","og_title":"Winkelwagen | Gozz4All","og_description":"Artikel verwijderen Miniatuurafbeelding Product Prijs Aantal Subtotaal &times; Jumpy Aapje Maat: 104 &#8211; 110 Uitvoering: Opening in de linkerzijde &euro;29.95 Jumpy Aapje &#8211; 104 &#8211; 110 aantal &euro;29.95 Waardebon toepassen Totalen winkelwagen Subtotaal &euro;29.95 Verzending Vast tarief: &euro;14.52 Verzenden naar Kalishoekstraat 197A, 9120 Beveren. Adres wijzigen Land\/regio: Selecteer een land\/regio&hellip;Australi\u00ebBelgi\u00ebDenemarkenDuitslandFrankrijkItali\u00ebLuxemburgMonacoNederlandNoorwegenOostenrijkVerenigd Koninkrijk (UK)Verenigde Staten (US)Zwitserland Plaats: [&hellip;]","og_url":"https:\/\/gozz4all.com\/de\/winkelwagen\/","og_site_name":"Gozz4All","article_publisher":"https:\/\/www.facebook.com\/gozz4all\/","article_modified_time":"2024-12-03T12:57:37+00:00","og_image":[{"url":"https:\/\/gozz4all.com\/wp-content\/uploads\/2022\/04\/Jumpy_Aap-removebg-preview-419x450.jpg","type":"","width":"","height":""}],"twitter_card":"summary_large_image","twitter_misc":{"Gesch\u00e4tzte Lesezeit":"1\u00a0Minute"},"schema":{"@context":"https:\/\/schema.org","@graph":[{"@type":"WebPage","@id":"https:\/\/gozz4all.com\/winkelwagen\/","url":"https:\/\/gozz4all.com\/winkelwagen\/","name":"Winkelwagen | Gozz4All","isPartOf":{"@id":"https:\/\/gozz4all.com\/fr\/#website"},"primaryImageOfPage":{"@id":"https:\/\/gozz4all.com\/winkelwagen\/#primaryimage"},"image":{"@id":"https:\/\/gozz4all.com\/winkelwagen\/#primaryimage"},"thumbnailUrl":"https:\/\/gozz4all.com\/wp-content\/uploads\/2022\/04\/Jumpy_Aap-removebg-preview-419x450.jpg","datePublished":"2017-09-20T12:36:34+00:00","dateModified":"2024-12-03T12:57:37+00:00","breadcrumb":{"@id":"https:\/\/gozz4all.com\/winkelwagen\/#breadcrumb"},"inLanguage":"de","potentialAction":[{"@type":"ReadAction","target":["https:\/\/gozz4all.com\/winkelwagen\/"]}]},{"@type":"ImageObject","inLanguage":"de","@id":"https:\/\/gozz4all.com\/winkelwagen\/#primaryimage","url":"https:\/\/gozz4all.com\/wp-content\/uploads\/2022\/04\/Jumpy_Aap-removebg-preview-419x450.jpg","contentUrl":"https:\/\/gozz4all.com\/wp-content\/uploads\/2022\/04\/Jumpy_Aap-removebg-preview-419x450.jpg"},{"@type":"BreadcrumbList","@id":"https:\/\/gozz4all.com\/winkelwagen\/#breadcrumb","itemListElement":[{"@type":"ListItem","position":1,"name":"Home","item":"https:\/\/gozz4all.com\/"},{"@type":"ListItem","position":2,"name":"Winkelwagen"}]},{"@type":"WebSite","@id":"https:\/\/gozz4all.com\/fr\/#website","url":"https:\/\/gozz4all.com\/fr\/","name":"Gozz4All","description":"Gozz4All","publisher":{"@id":"https:\/\/gozz4all.com\/fr\/#organization"},"potentialAction":[{"@type":"SearchAction","target":{"@type":"EntryPoint","urlTemplate":"https:\/\/gozz4all.com\/fr\/?s={search_term_string}"},"query-input":{"@type":"PropertyValueSpecification","valueRequired":true,"valueName":"search_term_string"}}],"inLanguage":"de"},{"@type":"Organization","@id":"https:\/\/gozz4all.com\/fr\/#organization","name":"Gozz4all","url":"https:\/\/gozz4all.com\/fr\/","logo":{"@type":"ImageObject","inLanguage":"de","@id":"https:\/\/gozz4all.com\/fr\/#\/schema\/logo\/image\/","url":"https:\/\/gozz4all.com\/wp-content\/uploads\/2020\/04\/Logo-ask-for-better-one.png","contentUrl":"https:\/\/gozz4all.com\/wp-content\/uploads\/2020\/04\/Logo-ask-for-better-one.png","width":146,"height":60,"caption":"Gozz4all"},"image":{"@id":"https:\/\/gozz4all.com\/fr\/#\/schema\/logo\/image\/"},"sameAs":["https:\/\/www.facebook.com\/gozz4all\/","https:\/\/www.instagram.com\/gozz4allfashion\/?hl=nl"]}]}},"_links":{"self":[{"href":"https:\/\/gozz4all.com\/de\/wp-json\/wp\/v2\/pages\/1314","targetHints":{"allow":["GET"]}}],"collection":[{"href":"https:\/\/gozz4all.com\/de\/wp-json\/wp\/v2\/pages"}],"about":[{"href":"https:\/\/gozz4all.com\/de\/wp-json\/wp\/v2\/types\/page"}],"author":[{"embeddable":true,"href":"https:\/\/gozz4all.com\/de\/wp-json\/wp\/v2\/users\/16"}],"replies":[{"embeddable":true,"href":"https:\/\/gozz4all.com\/de\/wp-json\/wp\/v2\/comments?post=1314"}],"version-history":[{"count":10,"href":"https:\/\/gozz4all.com\/de\/wp-json\/wp\/v2\/pages\/1314\/revisions"}],"predecessor-version":[{"id":26285,"href":"https:\/\/gozz4all.com\/de\/wp-json\/wp\/v2\/pages\/1314\/revisions\/26285"}],"wp:attachment":[{"href":"https:\/\/gozz4all.com\/de\/wp-json\/wp\/v2\/media?parent=1314"}],"curies":[{"name":"wp","href":"https:\/\/api.w.org\/{rel}","templated":true}]}}